{"id":23499,"date":"2023-01-30T09:43:49","date_gmt":"2023-01-30T08:43:49","guid":{"rendered":"https:\/\/tw-group.com\/trabaja-con-nosotros\/"},"modified":"2025-12-17T09:29:36","modified_gmt":"2025-12-17T08:29:36","slug":"jobba-med-oss","status":"publish","type":"page","link":"https:\/\/tw-group.com\/sv\/jobba-med-oss\/","title":{"rendered":"Jobba med oss"},"content":{"rendered":"\t\t<div data-elementor-type=\"wp-page\" data-elementor-id=\"23499\" class=\"elementor elementor-23499 elementor-17374\" data-elementor-post-type=\"page\">\n\t\t\t\t\t\t<section class=\"elementor-section elementor-top-section elementor-element elementor-element-72ebf92 elementor-section-full_width qodef-elementor-content-grid elementor-section-height-default elementor-section-height-default\" data-id=\"72ebf92\" data-element_type=\"section\" data-e-type=\"section\" data-settings=\"{&quot;background_background&quot;:&quot;classic&quot;}\">\n\t\t\t\t\t\t<div class=\"elementor-container elementor-column-gap-no\">\n\t\t\t\t\t<div class=\"elementor-column elementor-col-100 elementor-top-column elementor-element elementor-element-6cb645d\" data-id=\"6cb645d\" data-element_type=\"column\" data-e-type=\"column\">\n\t\t\t<div class=\"elementor-widget-wrap elementor-element-populated\">\n\t\t\t\t\t\t<div class=\"elementor-element elementor-element-33895e5 elementor-widget elementor-widget-globefarer_core_divided_image_info\" data-id=\"33895e5\" data-element_type=\"widget\" data-e-type=\"widget\" data-widget_type=\"globefarer_core_divided_image_info.default\">\n\t\t\t\t<div class=\"elementor-widget-container\">\n\t\t\t\t\t<div class=\"qodef-shortcode qodef-m  qodef-divided-image-info qodef-layout--image-left qodef-separator--on qodef-vertically-centered--on qodef-breakpoint--1024 qodef-appear-animation--no \">\n\t\t<div class=\"qodef-m-image\" style=\"width: 51.5%;padding-right: 3%\">\n\t\t<img fetchpriority=\"high\" decoding=\"async\" width=\"800\" height=\"425\" src=\"https:\/\/tw-group.com\/wp-content\/uploads\/2023\/02\/TW-Logistics-Trabaja-S.jpg\" class=\"attachment-full size-full\" alt=\"\" srcset=\"https:\/\/tw-group.com\/wp-content\/uploads\/2023\/02\/TW-Logistics-Trabaja-S.jpg 800w, https:\/\/tw-group.com\/wp-content\/uploads\/2023\/02\/TW-Logistics-Trabaja-S-300x159.jpg 300w, https:\/\/tw-group.com\/wp-content\/uploads\/2023\/02\/TW-Logistics-Trabaja-S-768x408.jpg 768w\" sizes=\"(max-width: 800px) 100vw, 800px\" \/>\t<\/div>\n<div class=\"qodef-m-content\" style=\"margin-top: 0px;padding-left: 4%\">\n\t\t\t<h2 itemprop=\"name\" class=\"qodef-m-title\" style=\"margin-bottom: 29px\">\n\tBli en del av ett team med framtid\t<\/h2>\n\t<p class=\"qodef-m-text\" >\n\t\tEn organisation som ser fram emot morgondagens utmaningar, som fr\u00e4mjar en internationell f\u00f6retagskultur med respekt och samarbete. Vi erbjuder konkurrenskraftiga l\u00f6ner och f\u00f6rm\u00e5ner, professionell utveckling och m\u00f6jligheter till att f\u00f6r\u00e4ndras och v\u00e4xa inom sj\u00e4lva organisationen.\t<\/p>\n\t<a class=\"qodef-shortcode qodef-m qodef-m-button qodef-button qodef-layout--textual  qodef-html--link\" href=\"\/utveckling-och-varderingar\/?lang=sv\" target=\"_self\"  >\t\t\t<span class=\"qodef-m-button-icon\"><svg class=\"qodef-svg--plus\" xmlns=\"http:\/\/www.w3.org\/2000\/svg\" xmlns:xlink=\"http:\/\/www.w3.org\/1999\/xlink\" width=\"14\" height=\"14\" viewBox=\"0 0 14 14\"><path class=\"qodef-m-horizontal\" d=\"M0,0H14V2H0Z\" transform=\"translate(0 6)\" \/><path class=\"qodef-m-vertical\" d=\"M0,0H2V14H0Z\" transform=\"translate(6)\" \/><\/svg><\/span>\t\t\t\t<span class=\"qodef-m-button-text\">Se TW<br \/> Group<\/span>\t<\/a><\/div>\n<\/div>\n\t\t\t\t<\/div>\n\t\t\t\t<\/div>\n\t\t\t\t\t<\/div>\n\t\t<\/div>\n\t\t\t\t\t<\/div>\n\t\t<\/section>\n\t\t\t\t<section class=\"elementor-section elementor-top-section elementor-element elementor-element-9635680 elementor-section-full_width qodef-elementor-content-grid elementor-section-height-default elementor-section-height-default\" data-id=\"9635680\" data-element_type=\"section\" data-e-type=\"section\">\n\t\t\t\t\t\t<div class=\"elementor-container elementor-column-gap-no\">\n\t\t\t\t\t<div class=\"elementor-column elementor-col-50 elementor-top-column elementor-element elementor-element-df758dd\" data-id=\"df758dd\" data-element_type=\"column\" data-e-type=\"column\">\n\t\t\t<div class=\"elementor-widget-wrap elementor-element-populated\">\n\t\t\t\t\t\t<div class=\"elementor-element elementor-element-5490623 elementor-widget elementor-widget-globefarer_core_section_title\" data-id=\"5490623\" data-element_type=\"widget\" data-e-type=\"widget\" data-widget_type=\"globefarer_core_section_title.default\">\n\t\t\t\t<div class=\"elementor-widget-container\">\n\t\t\t\t\t<div class=\"qodef-shortcode qodef-m  qodef-section-title qodef-alignment--left   qodef-appear-animation--no\">\n\t\t\t<h2 class=\"qodef-m-title\" >\n\t\t\t\t\tVILL DU KOMMA I KONTAKT MED OSS?\t\t\t<\/h2>\n\t\t<p class=\"qodef-m-text\" style=\"margin-top: 27px\">Vi lyssnar p\u00e5 dig f\u00f6r att ge dig all den information du beh\u00f6ver. Fyll i fr\u00e5geformul\u00e4ret s\u00e5 kontaktar vi dig s\u00e5 snart som m\u00f6jligt.\n\n<\/p>\n\t<\/div>\n\t\t\t\t<\/div>\n\t\t\t\t<\/div>\n\t\t\t\t<div class=\"elementor-element elementor-element-43a8939 elementor-widget__width-initial elementor-widget-mobile__width-inherit elementor-widget elementor-widget-globefarer_core_contact_info\" data-id=\"43a8939\" data-element_type=\"widget\" data-e-type=\"widget\" data-widget_type=\"globefarer_core_contact_info.default\">\n\t\t\t\t<div class=\"elementor-widget-container\">\n\t\t\t\t\t<div class=\"qodef-shortcode qodef-m  qodef-contact-info qodef-layout--type-1 \">\n\t<\/div>\n\t\t\t\t<\/div>\n\t\t\t\t<\/div>\n\t\t\t\t\t<\/div>\n\t\t<\/div>\n\t\t\t\t<div class=\"elementor-column elementor-col-50 elementor-top-column elementor-element elementor-element-bfb9bb5\" data-id=\"bfb9bb5\" data-element_type=\"column\" data-e-type=\"column\">\n\t\t\t<div class=\"elementor-widget-wrap elementor-element-populated\">\n\t\t\t\t\t\t<div class=\"elementor-element elementor-element-97a920d elementor-widget elementor-widget-wp-widget-globefarer_core_contact_form_7\" data-id=\"97a920d\" data-element_type=\"widget\" data-e-type=\"widget\" data-widget_type=\"wp-widget-globefarer_core_contact_form_7.default\">\n\t\t\t\t<div class=\"elementor-widget-container\">\n\t\t\t\t\t\t\t\t<div class=\"qodef-contact-form-7\">\n\t\t\t\t\n<div class=\"wpcf7 no-js\" id=\"wpcf7-f20271-o1\" lang=\"en-US\" dir=\"ltr\" data-wpcf7-id=\"20271\">\n<div class=\"screen-reader-response\"><p role=\"status\" aria-live=\"polite\" aria-atomic=\"true\"><\/p> <ul><\/ul><\/div>\n<form action=\"\/sv\/wp-json\/wp\/v2\/pages\/23499#wpcf7-f20271-o1\" method=\"post\" class=\"wpcf7-form init\" aria-label=\"Contact form\" enctype=\"multipart\/form-data\" novalidate=\"novalidate\" data-status=\"init\">\n<fieldset class=\"hidden-fields-container\"><input type=\"hidden\" name=\"_wpcf7\" value=\"20271\" \/><input type=\"hidden\" name=\"_wpcf7_version\" value=\"6.1.5\" \/><input type=\"hidden\" name=\"_wpcf7_locale\" value=\"en_US\" \/><input type=\"hidden\" name=\"_wpcf7_unit_tag\" value=\"wpcf7-f20271-o1\" \/><input type=\"hidden\" name=\"_wpcf7_container_post\" value=\"0\" \/><input type=\"hidden\" name=\"_wpcf7_posted_data_hash\" value=\"\" \/>\n<\/fieldset>\n<div class=\"qodef-m-input\">\n<div class=\"qodef-m-input-holder\"><label><span class=\"qodef-m-input-label\">Name: *<\/span><span class=\"wpcf7-form-control-wrap\" data-name=\"nombres\"><input size=\"40\" maxlength=\"400\" class=\"wpcf7-form-control wpcf7-text wpcf7-validates-as-required\" aria-required=\"true\" aria-invalid=\"false\" value=\"\" type=\"text\" name=\"nombres\" \/><\/span><\/label><\/div>\n<div class=\"qodef-m-input-holder\"><label><span class=\"qodef-m-input-label\">Surname: *<\/span><span class=\"wpcf7-form-control-wrap\" data-name=\"apellidos\"><input size=\"40\" maxlength=\"400\" class=\"wpcf7-form-control wpcf7-text wpcf7-validates-as-required\" aria-required=\"true\" aria-invalid=\"false\" value=\"\" type=\"text\" name=\"apellidos\" \/><\/span><\/label><\/div>\n<div class=\"qodef-m-input-holder\"><label><span class=\"qodef-m-input-label\">C.V. in PDF format: *<\/span><span class=\"wpcf7-form-control-wrap\" data-name=\"cv\"><input size=\"40\" class=\"wpcf7-form-control wpcf7-file wpcf7-validates-as-required\" accept=\".pdf\" aria-required=\"true\" aria-invalid=\"false\" type=\"file\" name=\"cv\" \/><\/span><\/label><\/div>\n<div class=\"qodef-m-input-holder\"><label><span class=\"qodef-m-input-label\">E-mail: *<\/span><span class=\"wpcf7-form-control-wrap\" data-name=\"email\"><input size=\"40\" maxlength=\"400\" class=\"wpcf7-form-control wpcf7-email wpcf7-validates-as-required wpcf7-text wpcf7-validates-as-email\" aria-required=\"true\" aria-invalid=\"false\" value=\"\" type=\"email\" name=\"email\" \/><\/span><\/label><\/div>\n<div class=\"qodef-m-input-holder\"><label><span class=\"qodef-m-input-label\">Phone Number: *<\/span><span class=\"wpcf7-form-control-wrap\" data-name=\"telefono\"><input size=\"40\" maxlength=\"400\" class=\"wpcf7-form-control wpcf7-text wpcf7-validates-as-required\" aria-required=\"true\" aria-invalid=\"false\" value=\"\" type=\"text\" name=\"telefono\" \/><\/span><\/label><\/div>\n<div class=\"qodef-m-input-holder\"><label><span class=\"qodef-m-input-label\">Country: *<\/span><span class=\"wpcf7-form-control-wrap\" data-name=\"pais\"><input size=\"40\" maxlength=\"400\" class=\"wpcf7-form-control wpcf7-text wpcf7-validates-as-required\" aria-required=\"true\" aria-invalid=\"false\" value=\"\" type=\"text\" name=\"pais\" \/><\/span><\/label><\/div>\n<div class=\"qodef-m-input-holder\"><label>Area of interest:<span class=\"wpcf7-form-control-wrap\" data-name=\"areaprofesional\"><select class=\"wpcf7-form-control wpcf7-select\" aria-invalid=\"false\" name=\"areaprofesional\"><option value=\"Quality, Environment and Risk Prevention\">Quality, Environment and Risk Prevention<\/option><option value=\"Commercial and Marketing\">Commercial and Marketing<\/option><option value=\"Purchasing, logistics and warehousing\">Purchasing, logistics and warehousing<\/option><option value=\"Management, Finance, Administration and Accounting\">Management, Finance, Administration and Accounting<\/option><option value=\"Engineering, R&amp;D\">Engineering, R&amp;D<\/option><option value=\"Legal\">Legal<\/option><option value=\"Production and Maintenance\">Production and Maintenance<\/option><option value=\"HR.\">HR.<\/option><option value=\"Information technology\">Information technology<\/option><option value=\"Others\">Others<\/option><\/select><\/span><\/label><\/div>\n<div class=\"qodef-m-input-holder\"><label>Type of training:<span class=\"wpcf7-form-control-wrap\" data-name=\"tipodeformacion\"><select class=\"wpcf7-form-control wpcf7-select\" aria-invalid=\"false\" name=\"tipodeformacion\"><option value=\"Business Administration and Management ADE\">Business Administration and Management ADE<\/option><option value=\"Biology\">Biology<\/option><option value=\"Biotechnology\">Biotechnology<\/option><option value=\"Environmental Science\">Environmental Science<\/option><option value=\"Right\">Right<\/option><option value=\"Economy\">Economy<\/option><option value=\"VET Administrative and similar\">VET Administrative and similar<\/option><option value=\"FP Electronics and Electricity\">FP Electronics and Electricity<\/option><option value=\"FP Computer science and similar\">FP Computer science and similar<\/option><option value=\"FP Mechanics and similar\">FP Mechanics and similar<\/option><option value=\"FP Other\">FP Other<\/option><option value=\"Physics\">Physics<\/option><option value=\"School Graduate and similar\">School Graduate and similar<\/option><option value=\"Industrial Engineering\">Industrial Engineering<\/option><option value=\"Mechanical Engineering\">Mechanical Engineering<\/option><option value=\"Chemical Engineering\">Chemical Engineering<\/option><option value=\"Telecommunication Engineering\">Telecommunication Engineering<\/option><option value=\"Computer Engineering\">Computer Engineering<\/option><option value=\"Marketing and Sales Management\">Marketing and Sales Management<\/option><option value=\"Mathematics\">Mathematics<\/option><option value=\"Other sciences\">Other sciences<\/option><option value=\"Other higher engineering degrees\">Other higher engineering degrees<\/option><option value=\"Other technical engineering\">Other technical engineering<\/option><option value=\"Other social and legal\">Other social and legal<\/option><option value=\"Other studies\">Other studies<\/option><option value=\"Advertising and Public Relations\">Advertising and Public Relations<\/option><option value=\"Chemistry\">Chemistry<\/option><option value=\"Labor Relations and Employment\">Labor Relations and Employment<\/option><\/select><\/span><\/label><\/div>\n<div class=\"qodef-m-input-holder\"><label>Selection process reference (if applicable):<span class=\"wpcf7-form-control-wrap\" data-name=\"proceso_de_seleccin\"><input size=\"40\" maxlength=\"400\" class=\"wpcf7-form-control wpcf7-text\" aria-invalid=\"false\" value=\"\" type=\"text\" name=\"proceso_de_seleccin\" \/><\/span><\/label><\/div>\n<div class=\"qodef-m-input-holder\"><label><span class=\"qodef-m-input-label\">Comments:<\/span><span class=\"wpcf7-form-control-wrap\" data-name=\"comentarios\"><textarea cols=\"40\" rows=\"5\" maxlength=\"2000\" class=\"wpcf7-form-control wpcf7-textarea comentario\" aria-invalid=\"false\" name=\"comentarios\"><\/textarea><\/span><\/label><\/div>\n<div class=\"qodef-m-input-holder\"><br>Input the following code: <input type=\"hidden\" name=\"_wpcf7_captcha_challenge_captcha-778\" value=\"4212892197\" \/><img decoding=\"async\" class=\"wpcf7-form-control wpcf7-captchac wpcf7-captcha-captcha-778\" width=\"84\" height=\"28\" alt=\"captcha\" src=\"https:\/\/tw-group.com\/wp-content\/uploads\/wpcf7_captcha\/4212892197.png\" \/>\n<span class=\"wpcf7-form-control-wrap\" data-name=\"captcha-778\"><input size=\"4\" maxlength=\"4\" class=\"wpcf7-form-control wpcf7-captchar\" autocomplete=\"off\" aria-invalid=\"false\" value=\"\" type=\"text\" name=\"captcha-778\" \/><\/span><\/div>\n<div class=\"qodef-m-input-holder\"><div class=\"class=\"qodef-m-input-label\"><span class=\"wpcf7-form-control-wrap\" data-name=\"acceptance\"><span class=\"wpcf7-form-control wpcf7-acceptance\"><span class=\"wpcf7-list-item\"><input type=\"checkbox\" name=\"acceptance\" value=\"1\" class=\"aceptar\" aria-invalid=\"false\" \/><\/span><\/span><\/span> I accept the <a href=\"https:\/\/tw-group.com\/en\/privacy-policy-for-cv-forms\/\">Terms and Conditions<\/a><\/div><\/div>\n<div class=\"qodef-m-input-buttons\"><button class=\"wpcf7-form-control wpcf7-submit qodef-button qodef-size--normal qodef-layout--filled qodef-m\" type=\"submit\"><span class=\"qodef-m-button-icon\"><svg class=\"qodef-svg--plus\" xmlns=\"http:\/\/www.w3.org\/2000\/svg\" xmlns:xlink=\"http:\/\/www.w3.org\/1999\/xlink\" width=\"14\" height=\"14\" viewBox=\"0 0 14 14\"><path class=\"qodef-m-horizontal\" d=\"M0,0H14V2H0Z\" transform=\"translate(0 6)\" \/><path class=\"qodef-m-vertical\" d=\"M0,0H2V14H0Z\" transform=\"translate(6)\" \/><\/svg><\/span><span class=\"qodef-m-button-text\">SEND<\/span><\/button><\/div>\n<\/div><input type='hidden' class='wpcf7-pum' value='{\"closepopup\":false,\"closedelay\":0,\"openpopup\":false,\"openpopup_id\":0}' \/><div class=\"wpcf7-response-output\" aria-hidden=\"true\"><\/div>\n<\/form>\n<\/div>\n\t\t\t<\/div>\n\t\t\t\t\t\t\t<\/div>\n\t\t\t\t<\/div>\n\t\t\t\t\t<\/div>\n\t\t<\/div>\n\t\t\t\t\t<\/div>\n\t\t<\/section>\n\t\t\t\t<section class=\"elementor-section elementor-top-section elementor-element elementor-element-d394a4d elementor-section-full_width elementor-section-height-default elementor-section-height-default qodef-elementor-content-no\" data-id=\"d394a4d\" data-element_type=\"section\" data-e-type=\"section\">\n\t\t\t\t\t\t<div class=\"elementor-container elementor-column-gap-no\">\n\t\t\t\t\t<div class=\"elementor-column elementor-col-100 elementor-top-column elementor-element elementor-element-bd4ab88\" data-id=\"bd4ab88\" data-element_type=\"column\" data-e-type=\"column\">\n\t\t\t<div class=\"elementor-widget-wrap elementor-element-populated\">\n\t\t\t\t\t\t<div class=\"elementor-element elementor-element-e145031 elementor-widget elementor-widget-image\" data-id=\"e145031\" data-element_type=\"widget\" data-e-type=\"widget\" data-widget_type=\"image.default\">\n\t\t\t\t<div class=\"elementor-widget-container\">\n\t\t\t\t\t\t\t\t\t\t\t\t\t\t\t<img decoding=\"async\" width=\"2560\" height=\"1000\" src=\"https:\/\/tw-group.com\/wp-content\/uploads\/2023\/02\/TW-Logistics-Join-us.jpg\" class=\"attachment-full size-full wp-image-23392\" alt=\"\" srcset=\"https:\/\/tw-group.com\/wp-content\/uploads\/2023\/02\/TW-Logistics-Join-us.jpg 2560w, https:\/\/tw-group.com\/wp-content\/uploads\/2023\/02\/TW-Logistics-Join-us-300x117.jpg 300w, https:\/\/tw-group.com\/wp-content\/uploads\/2023\/02\/TW-Logistics-Join-us-1024x400.jpg 1024w, https:\/\/tw-group.com\/wp-content\/uploads\/2023\/02\/TW-Logistics-Join-us-768x300.jpg 768w, https:\/\/tw-group.com\/wp-content\/uploads\/2023\/02\/TW-Logistics-Join-us-1536x600.jpg 1536w, https:\/\/tw-group.com\/wp-content\/uploads\/2023\/02\/TW-Logistics-Join-us-2048x800.jpg 2048w\" sizes=\"(max-width: 2560px) 100vw, 2560px\" \/>\t\t\t\t\t\t\t\t\t\t\t\t\t\t\t<\/div>\n\t\t\t\t<\/div>\n\t\t\t\t\t<\/div>\n\t\t<\/div>\n\t\t\t\t\t<\/div>\n\t\t<\/section>\n\t\t\t\t<\/div>\n\t\t","protected":false},"excerpt":{"rendered":"<p>Bli en del av ett team med framtid En organisation som ser fram emot morgondagens utmaningar, som fr\u00e4mjar en internationell f\u00f6retagskultur med respekt och samarbete. Vi erbjuder konkurrenskraftiga l\u00f6ner och f\u00f6rm\u00e5ner, professionell utveckling och m\u00f6jligheter till att f\u00f6r\u00e4ndras och v\u00e4xa inom sj\u00e4lva organisationen. Se TW Group VILL DU KOMMA I KONTAKT MED OSS? Vi lyssnar [&hellip;]<\/p>\n","protected":false},"author":1,"featured_media":23432,"parent":0,"menu_order":0,"comment_status":"closed","ping_status":"closed","template":"page-full-width.php","meta":{"footnotes":""},"class_list":["post-23499","page","type-page","status-publish","has-post-thumbnail","hentry"],"yoast_head":"<!-- This site is optimized with the Yoast SEO plugin v27.3 - https:\/\/yoast.com\/product\/yoast-seo-wordpress\/ -->\n<title>Jobba med oss - TW Group<\/title>\n<meta name=\"description\" content=\"\u00danete a un equipo de futuro, a una organizaci\u00f3n que mira con ilusi\u00f3n hacia los desaf\u00edos del ma\u00f1ana, que promueve una cultura internacional de respeto y colaboraci\u00f3n. Ofrecemos salarios y beneficios competitivos, desarrollo profesional y oportunidades de cambio y evoluci\u00f3n, dentro del propio grupo.\" \/>\n<meta name=\"robots\" content=\"index, follow, max-snippet:-1, max-image-preview:large, max-video-preview:-1\" \/>\n<link rel=\"canonical\" href=\"https:\/\/tw-group.com\/sv\/jobba-med-oss\/\" \/>\n<meta property=\"og:locale\" content=\"sv_SE\" \/>\n<meta property=\"og:type\" content=\"article\" \/>\n<meta property=\"og:title\" content=\"Jobba med oss - TW Group\" \/>\n<meta property=\"og:description\" content=\"\u00danete a un equipo de futuro, a una organizaci\u00f3n que mira con ilusi\u00f3n hacia los desaf\u00edos del ma\u00f1ana, que promueve una cultura internacional de respeto y colaboraci\u00f3n. Ofrecemos salarios y beneficios competitivos, desarrollo profesional y oportunidades de cambio y evoluci\u00f3n, dentro del propio grupo.\" \/>\n<meta property=\"og:url\" content=\"https:\/\/tw-group.com\/sv\/jobba-med-oss\/\" \/>\n<meta property=\"og:site_name\" content=\"TW Group\" \/>\n<meta property=\"article:modified_time\" content=\"2025-12-17T08:29:36+00:00\" \/>\n<meta property=\"og:image\" content=\"https:\/\/tw-group.com\/wp-content\/uploads\/2023\/03\/Trabaja_con_nosotros.png\" \/>\n\t<meta property=\"og:image:width\" content=\"900\" \/>\n\t<meta property=\"og:image:height\" content=\"640\" \/>\n\t<meta property=\"og:image:type\" content=\"image\/png\" \/>\n<meta name=\"twitter:card\" content=\"summary_large_image\" \/>\n<script type=\"application\/ld+json\" class=\"yoast-schema-graph\">{\"@context\":\"https:\\\/\\\/schema.org\",\"@graph\":[{\"@type\":\"WebPage\",\"@id\":\"https:\\\/\\\/tw-group.com\\\/sv\\\/jobba-med-oss\\\/\",\"url\":\"https:\\\/\\\/tw-group.com\\\/sv\\\/jobba-med-oss\\\/\",\"name\":\"Jobba med oss - TW Group\",\"isPartOf\":{\"@id\":\"https:\\\/\\\/tw-group.com\\\/sv\\\/#website\"},\"primaryImageOfPage\":{\"@id\":\"https:\\\/\\\/tw-group.com\\\/sv\\\/jobba-med-oss\\\/#primaryimage\"},\"image\":{\"@id\":\"https:\\\/\\\/tw-group.com\\\/sv\\\/jobba-med-oss\\\/#primaryimage\"},\"thumbnailUrl\":\"https:\\\/\\\/tw-group.com\\\/wp-content\\\/uploads\\\/2023\\\/03\\\/Trabaja_con_nosotros.png\",\"datePublished\":\"2023-01-30T08:43:49+00:00\",\"dateModified\":\"2025-12-17T08:29:36+00:00\",\"description\":\"\u00danete a un equipo de futuro, a una organizaci\u00f3n que mira con ilusi\u00f3n hacia los desaf\u00edos del ma\u00f1ana, que promueve una cultura internacional de respeto y colaboraci\u00f3n. Ofrecemos salarios y beneficios competitivos, desarrollo profesional y oportunidades de cambio y evoluci\u00f3n, dentro del propio grupo.\",\"breadcrumb\":{\"@id\":\"https:\\\/\\\/tw-group.com\\\/sv\\\/jobba-med-oss\\\/#breadcrumb\"},\"inLanguage\":\"sv-SE\",\"potentialAction\":[{\"@type\":\"ReadAction\",\"target\":[\"https:\\\/\\\/tw-group.com\\\/sv\\\/jobba-med-oss\\\/\"]}]},{\"@type\":\"ImageObject\",\"inLanguage\":\"sv-SE\",\"@id\":\"https:\\\/\\\/tw-group.com\\\/sv\\\/jobba-med-oss\\\/#primaryimage\",\"url\":\"https:\\\/\\\/tw-group.com\\\/wp-content\\\/uploads\\\/2023\\\/03\\\/Trabaja_con_nosotros.png\",\"contentUrl\":\"https:\\\/\\\/tw-group.com\\\/wp-content\\\/uploads\\\/2023\\\/03\\\/Trabaja_con_nosotros.png\",\"width\":900,\"height\":640},{\"@type\":\"BreadcrumbList\",\"@id\":\"https:\\\/\\\/tw-group.com\\\/sv\\\/jobba-med-oss\\\/#breadcrumb\",\"itemListElement\":[{\"@type\":\"ListItem\",\"position\":1,\"name\":\"Portada\",\"item\":\"https:\\\/\\\/tw-group.com\\\/sv\\\/?lang=sv\"},{\"@type\":\"ListItem\",\"position\":2,\"name\":\"Jobba med oss\"}]},{\"@type\":\"WebSite\",\"@id\":\"https:\\\/\\\/tw-group.com\\\/sv\\\/#website\",\"url\":\"https:\\\/\\\/tw-group.com\\\/sv\\\/\",\"name\":\"TW Group\",\"description\":\"\",\"potentialAction\":[{\"@type\":\"SearchAction\",\"target\":{\"@type\":\"EntryPoint\",\"urlTemplate\":\"https:\\\/\\\/tw-group.com\\\/sv\\\/?s={search_term_string}\"},\"query-input\":{\"@type\":\"PropertyValueSpecification\",\"valueRequired\":true,\"valueName\":\"search_term_string\"}}],\"inLanguage\":\"sv-SE\"}]}<\/script>\n<!-- \/ Yoast SEO plugin. -->","yoast_head_json":{"title":"Jobba med oss - TW Group","description":"\u00danete a un equipo de futuro, a una organizaci\u00f3n que mira con ilusi\u00f3n hacia los desaf\u00edos del ma\u00f1ana, que promueve una cultura internacional de respeto y colaboraci\u00f3n. Ofrecemos salarios y beneficios competitivos, desarrollo profesional y oportunidades de cambio y evoluci\u00f3n, dentro del propio grupo.","robots":{"index":"index","follow":"follow","max-snippet":"max-snippet:-1","max-image-preview":"max-image-preview:large","max-video-preview":"max-video-preview:-1"},"canonical":"https:\/\/tw-group.com\/sv\/jobba-med-oss\/","og_locale":"sv_SE","og_type":"article","og_title":"Jobba med oss - TW Group","og_description":"\u00danete a un equipo de futuro, a una organizaci\u00f3n que mira con ilusi\u00f3n hacia los desaf\u00edos del ma\u00f1ana, que promueve una cultura internacional de respeto y colaboraci\u00f3n. Ofrecemos salarios y beneficios competitivos, desarrollo profesional y oportunidades de cambio y evoluci\u00f3n, dentro del propio grupo.","og_url":"https:\/\/tw-group.com\/sv\/jobba-med-oss\/","og_site_name":"TW Group","article_modified_time":"2025-12-17T08:29:36+00:00","og_image":[{"width":900,"height":640,"url":"https:\/\/tw-group.com\/wp-content\/uploads\/2023\/03\/Trabaja_con_nosotros.png","type":"image\/png"}],"twitter_card":"summary_large_image","schema":{"@context":"https:\/\/schema.org","@graph":[{"@type":"WebPage","@id":"https:\/\/tw-group.com\/sv\/jobba-med-oss\/","url":"https:\/\/tw-group.com\/sv\/jobba-med-oss\/","name":"Jobba med oss - TW Group","isPartOf":{"@id":"https:\/\/tw-group.com\/sv\/#website"},"primaryImageOfPage":{"@id":"https:\/\/tw-group.com\/sv\/jobba-med-oss\/#primaryimage"},"image":{"@id":"https:\/\/tw-group.com\/sv\/jobba-med-oss\/#primaryimage"},"thumbnailUrl":"https:\/\/tw-group.com\/wp-content\/uploads\/2023\/03\/Trabaja_con_nosotros.png","datePublished":"2023-01-30T08:43:49+00:00","dateModified":"2025-12-17T08:29:36+00:00","description":"\u00danete a un equipo de futuro, a una organizaci\u00f3n que mira con ilusi\u00f3n hacia los desaf\u00edos del ma\u00f1ana, que promueve una cultura internacional de respeto y colaboraci\u00f3n. Ofrecemos salarios y beneficios competitivos, desarrollo profesional y oportunidades de cambio y evoluci\u00f3n, dentro del propio grupo.","breadcrumb":{"@id":"https:\/\/tw-group.com\/sv\/jobba-med-oss\/#breadcrumb"},"inLanguage":"sv-SE","potentialAction":[{"@type":"ReadAction","target":["https:\/\/tw-group.com\/sv\/jobba-med-oss\/"]}]},{"@type":"ImageObject","inLanguage":"sv-SE","@id":"https:\/\/tw-group.com\/sv\/jobba-med-oss\/#primaryimage","url":"https:\/\/tw-group.com\/wp-content\/uploads\/2023\/03\/Trabaja_con_nosotros.png","contentUrl":"https:\/\/tw-group.com\/wp-content\/uploads\/2023\/03\/Trabaja_con_nosotros.png","width":900,"height":640},{"@type":"BreadcrumbList","@id":"https:\/\/tw-group.com\/sv\/jobba-med-oss\/#breadcrumb","itemListElement":[{"@type":"ListItem","position":1,"name":"Portada","item":"https:\/\/tw-group.com\/sv\/?lang=sv"},{"@type":"ListItem","position":2,"name":"Jobba med oss"}]},{"@type":"WebSite","@id":"https:\/\/tw-group.com\/sv\/#website","url":"https:\/\/tw-group.com\/sv\/","name":"TW Group","description":"","potentialAction":[{"@type":"SearchAction","target":{"@type":"EntryPoint","urlTemplate":"https:\/\/tw-group.com\/sv\/?s={search_term_string}"},"query-input":{"@type":"PropertyValueSpecification","valueRequired":true,"valueName":"search_term_string"}}],"inLanguage":"sv-SE"}]}},"_links":{"self":[{"href":"https:\/\/tw-group.com\/sv\/wp-json\/wp\/v2\/pages\/23499","targetHints":{"allow":["GET"]}}],"collection":[{"href":"https:\/\/tw-group.com\/sv\/wp-json\/wp\/v2\/pages"}],"about":[{"href":"https:\/\/tw-group.com\/sv\/wp-json\/wp\/v2\/types\/page"}],"author":[{"embeddable":true,"href":"https:\/\/tw-group.com\/sv\/wp-json\/wp\/v2\/users\/1"}],"replies":[{"embeddable":true,"href":"https:\/\/tw-group.com\/sv\/wp-json\/wp\/v2\/comments?post=23499"}],"version-history":[{"count":3,"href":"https:\/\/tw-group.com\/sv\/wp-json\/wp\/v2\/pages\/23499\/revisions"}],"predecessor-version":[{"id":53326,"href":"https:\/\/tw-group.com\/sv\/wp-json\/wp\/v2\/pages\/23499\/revisions\/53326"}],"wp:featuredmedia":[{"embeddable":true,"href":"https:\/\/tw-group.com\/sv\/wp-json\/wp\/v2\/media\/23432"}],"wp:attachment":[{"href":"https:\/\/tw-group.com\/sv\/wp-json\/wp\/v2\/media?parent=23499"}],"curies":[{"name":"wp","href":"https:\/\/api.w.org\/{rel}","templated":true}]}}