{"id":23492,"date":"2023-01-09T16:05:17","date_gmt":"2023-01-09T15:05:17","guid":{"rendered":"https:\/\/tw-group.com\/por-que-elegirnos\/"},"modified":"2023-05-25T09:49:00","modified_gmt":"2023-05-25T07:49:00","slug":"varfor-valja-oss","status":"publish","type":"page","link":"https:\/\/tw-group.com\/sv\/varfor-valja-oss\/","title":{"rendered":"Varf\u00f6r v\u00e4lja oss"},"content":{"rendered":"\t\t<div data-elementor-type=\"wp-page\" data-elementor-id=\"23492\" class=\"elementor elementor-23492 elementor-16280\" data-elementor-post-type=\"page\">\n\t\t\t\t\t\t<section class=\"elementor-section elementor-top-section elementor-element elementor-element-7adebf78 elementor-section-boxed elementor-section-height-default elementor-section-height-default qodef-elementor-content-no\" data-id=\"7adebf78\" data-element_type=\"section\" data-e-type=\"section\">\n\t\t\t\t\t\t<div class=\"elementor-container elementor-column-gap-default\">\n\t\t\t\t\t<div class=\"elementor-column elementor-col-50 elementor-top-column elementor-element elementor-element-744f869a\" data-id=\"744f869a\" data-element_type=\"column\" data-e-type=\"column\">\n\t\t\t<div class=\"elementor-widget-wrap elementor-element-populated\">\n\t\t\t\t\t\t<div class=\"elementor-element elementor-element-c5d9bee elementor-widget elementor-widget-video\" data-id=\"c5d9bee\" data-element_type=\"widget\" data-e-type=\"widget\" data-settings=\"{&quot;video_type&quot;:&quot;hosted&quot;,&quot;start&quot;:1,&quot;controls&quot;:&quot;yes&quot;}\" data-widget_type=\"video.default\">\n\t\t\t\t<div class=\"elementor-widget-container\">\n\t\t\t\t\t\t\t<div class=\"e-hosted-video elementor-wrapper elementor-open-inline\">\n\t\t\t\t\t<video class=\"elementor-video\" src=\"https:\/\/tw-group.com\/video\/TWL_Values.mp4#t=1\" controls=\"\" preload=\"metadata\" controlsList=\"nodownload\"><\/video>\n\t\t\t\t<\/div>\n\t\t\t\t\t\t<\/div>\n\t\t\t\t<\/div>\n\t\t\t\t\t<\/div>\n\t\t<\/div>\n\t\t\t\t<div class=\"elementor-column elementor-col-50 elementor-top-column elementor-element elementor-element-5e904087\" data-id=\"5e904087\" data-element_type=\"column\" data-e-type=\"column\">\n\t\t\t<div class=\"elementor-widget-wrap elementor-element-populated\">\n\t\t\t\t\t\t<div class=\"elementor-element elementor-element-33b63cd3 elementor-widget elementor-widget-globefarer_core_divided_image_info\" data-id=\"33b63cd3\" data-element_type=\"widget\" data-e-type=\"widget\" data-widget_type=\"globefarer_core_divided_image_info.default\">\n\t\t\t\t<div class=\"elementor-widget-container\">\n\t\t\t\t\t<div class=\"qodef-shortcode qodef-m  qodef-divided-image-info qodef-layout--image-left qodef-separator--on qodef-vertically-centered--on qodef-breakpoint--1024 qodef-appear-animation--no \">\n\t<div class=\"qodef-m-content\" style=\"margin-top: 0px;padding-left: 4%\">\n\t\t\t<h2 itemprop=\"name\" class=\"qodef-m-title\" style=\"margin-bottom: 29px\">\n\tEtt multinationellt f\u00f6retag  som s\u00f6ker n\u00e4rhet\t<\/h2>\n\t<p class=\"qodef-m-text\" >\n\t\tVi g\u00f6r v\u00e5rt yttersta f\u00f6r att s\u00e4kerst\u00e4lla att v\u00e5ra kunder litar p\u00e5 oss som sin tillf\u00f6rlitliga logistikpartner.\t<\/p>\n\t<a class=\"qodef-shortcode qodef-m qodef-m-button qodef-button qodef-layout--textual  qodef-html--link\" href=\"\/multimodal\/?lang=sv\" target=\"_self\"  >\t\t\t<span class=\"qodef-m-button-icon\"><svg class=\"qodef-svg--plus\" xmlns=\"http:\/\/www.w3.org\/2000\/svg\" xmlns:xlink=\"http:\/\/www.w3.org\/1999\/xlink\" width=\"14\" height=\"14\" viewBox=\"0 0 14 14\"><path class=\"qodef-m-horizontal\" d=\"M0,0H14V2H0Z\" transform=\"translate(0 6)\" \/><path class=\"qodef-m-vertical\" d=\"M0,0H2V14H0Z\" transform=\"translate(6)\" \/><\/svg><\/span>\t\t\t\t<span class=\"qodef-m-button-text\">Mer om<br \/> v\u00e5ra tj\u00e4nster<\/span>\t<\/a><\/div>\n<\/div>\n\t\t\t\t<\/div>\n\t\t\t\t<\/div>\n\t\t\t\t\t<\/div>\n\t\t<\/div>\n\t\t\t\t\t<\/div>\n\t\t<\/section>\n\t\t\t\t<section class=\"elementor-section elementor-top-section elementor-element elementor-element-94ae9d9 qodef-elementor-content-grid elementor-section-full_width elementor-section-height-default elementor-section-height-default\" data-id=\"94ae9d9\" data-element_type=\"section\" data-e-type=\"section\">\n\t\t\t\t\t\t<div class=\"elementor-container elementor-column-gap-no\">\n\t\t\t\t\t<div class=\"elementor-column elementor-col-100 elementor-top-column elementor-element elementor-element-4de569e\" data-id=\"4de569e\" data-element_type=\"column\" data-e-type=\"column\">\n\t\t\t<div class=\"elementor-widget-wrap elementor-element-populated\">\n\t\t\t\t\t\t<div class=\"elementor-element elementor-element-283d77e elementor-widget elementor-widget-globefarer_core_accordion_info\" data-id=\"283d77e\" data-element_type=\"widget\" data-e-type=\"widget\" data-widget_type=\"globefarer_core_accordion_info.default\">\n\t\t\t\t<div class=\"elementor-widget-container\">\n\t\t\t\t\t<div class=\"qodef-shortcode qodef-m  qodef-accordion-info qodef-behavior--accordion qodef-layout--extended-compact \">\n\t<div class=\"qodef-m-heading\">\n\t\t<h6 class=\"qodef-m-heading-title\">\n\t\tNycklar till framg\u00e5ng\t<\/h6>\n<\/div>\n\t<div class=\"qodef-accordion-info-inner\">\n\t\t\t\t\t\t\t\t\t\t\t\t\t<div class=\"qodef-m-navigation\">\n\t\t<h4 class=\"qodef-m-title\">\n\t\tInternationell kultur\t<\/h4>\n\t<p class=\"qodef-m-tagline\">\n\t\tVi f\u00f6ljer med v\u00e5ra klienter n\u00e4rhelst de beh\u00f6ver oss.\t<\/p>\n<div class=\"qodef-m-mark\">\n\t<svg class=\"qodef-svg--plus\" xmlns=\"http:\/\/www.w3.org\/2000\/svg\" xmlns:xlink=\"http:\/\/www.w3.org\/1999\/xlink\" width=\"14\" height=\"14\" viewBox=\"0 0 14 14\"><path class=\"qodef-m-horizontal\" d=\"M0,0H14V2H0Z\" transform=\"translate(0 6)\" \/><path class=\"qodef-m-vertical\" d=\"M0,0H2V14H0Z\" transform=\"translate(6)\" \/><\/svg><\/div>\n<\/div>\n<div class=\"qodef-m-content\">\n\t\t<p class=\"qodef-m-text\">\n\t\tVi utvecklar v\u00e5ra projekt i olika l\u00e4nder runt om i v\u00e4rlden och anpassar oss alltid efter kundens behov.\t<\/p>\n<\/div>\n\t\t\t\t\t\t\t\t\t\t\t<div class=\"qodef-m-navigation\">\n\t\t<h4 class=\"qodef-m-title\">\n\t\tObegr\u00e4nsade m\u00f6jligheter\t<\/h4>\n\t<p class=\"qodef-m-tagline\">\n\t\tTransport p\u00e5 v\u00e4g, till sj\u00f6ss och med flyg.\t<\/p>\n<div class=\"qodef-m-mark\">\n\t<svg class=\"qodef-svg--plus\" xmlns=\"http:\/\/www.w3.org\/2000\/svg\" xmlns:xlink=\"http:\/\/www.w3.org\/1999\/xlink\" width=\"14\" height=\"14\" viewBox=\"0 0 14 14\"><path class=\"qodef-m-horizontal\" d=\"M0,0H14V2H0Z\" transform=\"translate(0 6)\" \/><path class=\"qodef-m-vertical\" d=\"M0,0H2V14H0Z\" transform=\"translate(6)\" \/><\/svg><\/div>\n<\/div>\n<div class=\"qodef-m-content\">\n\t\t<p class=\"qodef-m-text\">\n\t\tDistributionsn\u00e4tverk, e-handel, lead logistics, after sales-tj\u00e4nster, smarta lager, omv\u00e4nd logistik, optimering av leveranskedjan och andra merv\u00e4rdestj\u00e4nster. Flexibla och skr\u00e4ddarsydda l\u00f6sningar f\u00f6r alla typer av laster och kundkrav.\t<\/p>\n<\/div>\n\t\t\t\t\t\t\t\t\t\t\t<div class=\"qodef-m-navigation\">\n\t\t<h4 class=\"qodef-m-title\">\n\t\tHur vi arbetar\t<\/h4>\n\t<p class=\"qodef-m-tagline\">\n\t\tOperativ excellens i alla processer och f\u00f6rslag till kontinuerlig f\u00f6rb\u00e4ttring. \t<\/p>\n<div class=\"qodef-m-mark\">\n\t<svg class=\"qodef-svg--plus\" xmlns=\"http:\/\/www.w3.org\/2000\/svg\" xmlns:xlink=\"http:\/\/www.w3.org\/1999\/xlink\" width=\"14\" height=\"14\" viewBox=\"0 0 14 14\"><path class=\"qodef-m-horizontal\" d=\"M0,0H14V2H0Z\" transform=\"translate(0 6)\" \/><path class=\"qodef-m-vertical\" d=\"M0,0H2V14H0Z\" transform=\"translate(6)\" \/><\/svg><\/div>\n<\/div>\n<div class=\"qodef-m-content\">\n\t\t<p class=\"qodef-m-text\">\n\t\tTillf\u00f6rlitlighet och produktivitet f\u00f6r att \u00f6ka v\u00e5ra kunders konkurrenskraft och f\u00f6r att snabbt anpassa oss till st\u00e4ndiga f\u00f6r\u00e4ndringar p\u00e5 dagens marknad.\t<\/p>\n<\/div>\n\t\t\t\t\t\t\t\t\t\t\t<div class=\"qodef-m-navigation\">\n\t\t<h4 class=\"qodef-m-title\">\n\t\tSpecialiserad intern teknik\t<\/h4>\n\t<p class=\"qodef-m-tagline\">\n\t\tV\u00e5rt IT-team har specialiserat sig p\u00e5 att utnyttja tekniken p\u00e5 b\u00e4sta s\u00e4tt inom logistiksektorn i mer \u00e4n 25 \u00e5r.\t<\/p>\n<div class=\"qodef-m-mark\">\n\t<svg class=\"qodef-svg--plus\" xmlns=\"http:\/\/www.w3.org\/2000\/svg\" xmlns:xlink=\"http:\/\/www.w3.org\/1999\/xlink\" width=\"14\" height=\"14\" viewBox=\"0 0 14 14\"><path class=\"qodef-m-horizontal\" d=\"M0,0H14V2H0Z\" transform=\"translate(0 6)\" \/><path class=\"qodef-m-vertical\" d=\"M0,0H2V14H0Z\" transform=\"translate(6)\" \/><\/svg><\/div>\n<\/div>\n<div class=\"qodef-m-content\">\n\t\t<p class=\"qodef-m-text\">\n\t\tVi anv\u00e4nder teknik och investerar i innovation f\u00f6r att f\u00f6rb\u00e4ttra produktiviteten, minska kostnaderna och minimera risken f\u00f6r fel.\t<\/p>\n<\/div>\n\t\t\t\t\t\t\t\t\t\t\t<div class=\"qodef-m-navigation\">\n\t\t<h4 class=\"qodef-m-title\">\n\t\t\u00c5tagandet\t<\/h4>\n\t<p class=\"qodef-m-tagline\">\n\t\tTillf\u00f6rlitlig och \u00f6ppen.\t<\/p>\n<div class=\"qodef-m-mark\">\n\t<svg class=\"qodef-svg--plus\" xmlns=\"http:\/\/www.w3.org\/2000\/svg\" xmlns:xlink=\"http:\/\/www.w3.org\/1999\/xlink\" width=\"14\" height=\"14\" viewBox=\"0 0 14 14\"><path class=\"qodef-m-horizontal\" d=\"M0,0H14V2H0Z\" transform=\"translate(0 6)\" \/><path class=\"qodef-m-vertical\" d=\"M0,0H2V14H0Z\" transform=\"translate(6)\" \/><\/svg><\/div>\n<\/div>\n<div class=\"qodef-m-content\">\n\t\t<p class=\"qodef-m-text\">\n\t\tVi garanterar tillf\u00f6rlitlig kvalitet, \u00f6ppenhet och maximal sp\u00e5rbarhet i v\u00e5ra leveranser.\t<\/p>\n<\/div>\n\t\t\t\t\t\t\t\t\t\t\t<div class=\"qodef-m-navigation\">\n\t\t<h4 class=\"qodef-m-title\">\n\t\tSoliditeten\t<\/h4>\n\t<p class=\"qodef-m-tagline\">\n\t\tTW Group\t<\/p>\n<div class=\"qodef-m-mark\">\n\t<svg class=\"qodef-svg--plus\" xmlns=\"http:\/\/www.w3.org\/2000\/svg\" xmlns:xlink=\"http:\/\/www.w3.org\/1999\/xlink\" width=\"14\" height=\"14\" viewBox=\"0 0 14 14\"><path class=\"qodef-m-horizontal\" d=\"M0,0H14V2H0Z\" transform=\"translate(0 6)\" \/><path class=\"qodef-m-vertical\" d=\"M0,0H2V14H0Z\" transform=\"translate(6)\" \/><\/svg><\/div>\n<\/div>\n<div class=\"qodef-m-content\">\n\t\t<p class=\"qodef-m-text\">\n\t\t\u00c4r en stark organisation med bevisad finansiell solvens och en stabil strategisk utveckling som g\u00f6r att vi kan bygga l\u00e5ngsiktiga relationer med v\u00e5ra kunder. \t<\/p>\n<\/div>\n\t\t\t\t\t\t<\/div>\n<\/div>\n\t\t\t\t<\/div>\n\t\t\t\t<\/div>\n\t\t\t\t\t<\/div>\n\t\t<\/div>\n\t\t\t\t\t<\/div>\n\t\t<\/section>\n\t\t\t\t<section class=\"elementor-section elementor-top-section elementor-element elementor-element-45c1549 elementor-section-full_width elementor-section-height-default elementor-section-height-default qodef-elementor-content-no\" data-id=\"45c1549\" data-element_type=\"section\" data-e-type=\"section\">\n\t\t\t\t\t\t<div class=\"elementor-container elementor-column-gap-no\">\n\t\t\t\t\t<div class=\"elementor-column elementor-col-100 elementor-top-column elementor-element elementor-element-aa7ce85\" data-id=\"aa7ce85\" data-element_type=\"column\" data-e-type=\"column\">\n\t\t\t<div class=\"elementor-widget-wrap elementor-element-populated\">\n\t\t\t\t\t\t<div class=\"elementor-element elementor-element-bcfbeda elementor-widget elementor-widget-image\" data-id=\"bcfbeda\" data-element_type=\"widget\" data-e-type=\"widget\" data-widget_type=\"image.default\">\n\t\t\t\t<div class=\"elementor-widget-container\">\n\t\t\t\t\t\t\t\t\t\t\t\t\t\t\t<img fetchpriority=\"high\" decoding=\"async\" width=\"2560\" height=\"1000\" src=\"https:\/\/tw-group.com\/wp-content\/uploads\/2023\/02\/TW-Loistics-por-que-2.jpg\" class=\"attachment-full size-full wp-image-23395\" alt=\"\" srcset=\"https:\/\/tw-group.com\/wp-content\/uploads\/2023\/02\/TW-Loistics-por-que-2.jpg 2560w, https:\/\/tw-group.com\/wp-content\/uploads\/2023\/02\/TW-Loistics-por-que-2-300x117.jpg 300w, https:\/\/tw-group.com\/wp-content\/uploads\/2023\/02\/TW-Loistics-por-que-2-1024x400.jpg 1024w, https:\/\/tw-group.com\/wp-content\/uploads\/2023\/02\/TW-Loistics-por-que-2-768x300.jpg 768w, https:\/\/tw-group.com\/wp-content\/uploads\/2023\/02\/TW-Loistics-por-que-2-1536x600.jpg 1536w, https:\/\/tw-group.com\/wp-content\/uploads\/2023\/02\/TW-Loistics-por-que-2-2048x800.jpg 2048w\" sizes=\"(max-width: 2560px) 100vw, 2560px\" \/>\t\t\t\t\t\t\t\t\t\t\t\t\t\t\t<\/div>\n\t\t\t\t<\/div>\n\t\t\t\t\t<\/div>\n\t\t<\/div>\n\t\t\t\t\t<\/div>\n\t\t<\/section>\n\t\t\t\t<\/div>\n\t\t","protected":false},"excerpt":{"rendered":"<p>https:\/\/tw-group.com\/video\/TWL_Values.mp4#t=1 Ett multinationellt f\u00f6retag som s\u00f6ker n\u00e4rhet Vi g\u00f6r v\u00e5rt yttersta f\u00f6r att s\u00e4kerst\u00e4lla att v\u00e5ra kunder litar p\u00e5 oss som sin tillf\u00f6rlitliga logistikpartner. Mer om v\u00e5ra tj\u00e4nster Nycklar till framg\u00e5ng Internationell kultur Vi f\u00f6ljer med v\u00e5ra klienter n\u00e4rhelst de beh\u00f6ver oss. Vi utvecklar v\u00e5ra projekt i olika l\u00e4nder runt om i v\u00e4rlden och anpassar [&hellip;]<\/p>\n","protected":false},"author":1,"featured_media":23437,"parent":0,"menu_order":0,"comment_status":"closed","ping_status":"closed","template":"page-full-width.php","meta":{"footnotes":""},"class_list":["post-23492","page","type-page","status-publish","has-post-thumbnail","hentry"],"yoast_head":"<!-- This site is optimized with the Yoast SEO plugin v27.3 - https:\/\/yoast.com\/product\/yoast-seo-wordpress\/ -->\n<title>Varf\u00f6r v\u00e4lja oss - TW Group<\/title>\n<meta name=\"description\" content=\"Lo damos todo para que nuestros clientes conf\u00eden en nosotros como su partner fiable en log\u00edstica. Entendemos nuestra labor como un servicio a la sociedad y a las empresas, con la MISI\u00d3N de optimizar y mantener el flujo de la cadena de suministro. Con la VISI\u00d3N de llegar a cada nuevo pa\u00eds y rinc\u00f3n que demande un cliente. Con el PROP\u00d3SITO de seguir conectando el mundo apoyados en nuestros recursos y tecnolog\u00eda.\" \/>\n<meta name=\"robots\" content=\"index, follow, max-snippet:-1, max-image-preview:large, max-video-preview:-1\" \/>\n<link rel=\"canonical\" href=\"https:\/\/tw-group.com\/sv\/varfor-valja-oss\/\" \/>\n<meta property=\"og:locale\" content=\"sv_SE\" \/>\n<meta property=\"og:type\" content=\"article\" \/>\n<meta property=\"og:title\" content=\"Varf\u00f6r v\u00e4lja oss - TW Group\" \/>\n<meta property=\"og:description\" content=\"Lo damos todo para que nuestros clientes conf\u00eden en nosotros como su partner fiable en log\u00edstica. Entendemos nuestra labor como un servicio a la sociedad y a las empresas, con la MISI\u00d3N de optimizar y mantener el flujo de la cadena de suministro. Con la VISI\u00d3N de llegar a cada nuevo pa\u00eds y rinc\u00f3n que demande un cliente. Con el PROP\u00d3SITO de seguir conectando el mundo apoyados en nuestros recursos y tecnolog\u00eda.\" \/>\n<meta property=\"og:url\" content=\"https:\/\/tw-group.com\/sv\/varfor-valja-oss\/\" \/>\n<meta property=\"og:site_name\" content=\"TW Group\" \/>\n<meta property=\"article:modified_time\" content=\"2023-05-25T07:49:00+00:00\" \/>\n<meta property=\"og:image\" content=\"https:\/\/tw-group.com\/wp-content\/uploads\/2023\/03\/TW_Logistics.png\" \/>\n\t<meta property=\"og:image:width\" content=\"900\" \/>\n\t<meta property=\"og:image:height\" content=\"640\" \/>\n\t<meta property=\"og:image:type\" content=\"image\/png\" \/>\n<meta name=\"twitter:card\" content=\"summary_large_image\" \/>\n<script type=\"application\/ld+json\" class=\"yoast-schema-graph\">{\"@context\":\"https:\\\/\\\/schema.org\",\"@graph\":[{\"@type\":\"WebPage\",\"@id\":\"https:\\\/\\\/tw-group.com\\\/sv\\\/varfor-valja-oss\\\/\",\"url\":\"https:\\\/\\\/tw-group.com\\\/sv\\\/varfor-valja-oss\\\/\",\"name\":\"Varf\u00f6r v\u00e4lja oss - TW Group\",\"isPartOf\":{\"@id\":\"https:\\\/\\\/tw-group.com\\\/sv\\\/#website\"},\"primaryImageOfPage\":{\"@id\":\"https:\\\/\\\/tw-group.com\\\/sv\\\/varfor-valja-oss\\\/#primaryimage\"},\"image\":{\"@id\":\"https:\\\/\\\/tw-group.com\\\/sv\\\/varfor-valja-oss\\\/#primaryimage\"},\"thumbnailUrl\":\"https:\\\/\\\/tw-group.com\\\/wp-content\\\/uploads\\\/2023\\\/03\\\/TW_Logistics.png\",\"datePublished\":\"2023-01-09T15:05:17+00:00\",\"dateModified\":\"2023-05-25T07:49:00+00:00\",\"description\":\"Lo damos todo para que nuestros clientes conf\u00eden en nosotros como su partner fiable en log\u00edstica. Entendemos nuestra labor como un servicio a la sociedad y a las empresas, con la MISI\u00d3N de optimizar y mantener el flujo de la cadena de suministro. Con la VISI\u00d3N de llegar a cada nuevo pa\u00eds y rinc\u00f3n que demande un cliente. Con el PROP\u00d3SITO de seguir conectando el mundo apoyados en nuestros recursos y tecnolog\u00eda.\",\"breadcrumb\":{\"@id\":\"https:\\\/\\\/tw-group.com\\\/sv\\\/varfor-valja-oss\\\/#breadcrumb\"},\"inLanguage\":\"sv-SE\",\"potentialAction\":[{\"@type\":\"ReadAction\",\"target\":[\"https:\\\/\\\/tw-group.com\\\/sv\\\/varfor-valja-oss\\\/\"]}]},{\"@type\":\"ImageObject\",\"inLanguage\":\"sv-SE\",\"@id\":\"https:\\\/\\\/tw-group.com\\\/sv\\\/varfor-valja-oss\\\/#primaryimage\",\"url\":\"https:\\\/\\\/tw-group.com\\\/wp-content\\\/uploads\\\/2023\\\/03\\\/TW_Logistics.png\",\"contentUrl\":\"https:\\\/\\\/tw-group.com\\\/wp-content\\\/uploads\\\/2023\\\/03\\\/TW_Logistics.png\",\"width\":900,\"height\":640},{\"@type\":\"BreadcrumbList\",\"@id\":\"https:\\\/\\\/tw-group.com\\\/sv\\\/varfor-valja-oss\\\/#breadcrumb\",\"itemListElement\":[{\"@type\":\"ListItem\",\"position\":1,\"name\":\"Portada\",\"item\":\"https:\\\/\\\/tw-group.com\\\/sv\\\/?lang=sv\"},{\"@type\":\"ListItem\",\"position\":2,\"name\":\"Varf\u00f6r v\u00e4lja oss\"}]},{\"@type\":\"WebSite\",\"@id\":\"https:\\\/\\\/tw-group.com\\\/sv\\\/#website\",\"url\":\"https:\\\/\\\/tw-group.com\\\/sv\\\/\",\"name\":\"TW Group\",\"description\":\"\",\"potentialAction\":[{\"@type\":\"SearchAction\",\"target\":{\"@type\":\"EntryPoint\",\"urlTemplate\":\"https:\\\/\\\/tw-group.com\\\/sv\\\/?s={search_term_string}\"},\"query-input\":{\"@type\":\"PropertyValueSpecification\",\"valueRequired\":true,\"valueName\":\"search_term_string\"}}],\"inLanguage\":\"sv-SE\"}]}<\/script>\n<!-- \/ Yoast SEO plugin. -->","yoast_head_json":{"title":"Varf\u00f6r v\u00e4lja oss - TW Group","description":"Lo damos todo para que nuestros clientes conf\u00eden en nosotros como su partner fiable en log\u00edstica. Entendemos nuestra labor como un servicio a la sociedad y a las empresas, con la MISI\u00d3N de optimizar y mantener el flujo de la cadena de suministro. Con la VISI\u00d3N de llegar a cada nuevo pa\u00eds y rinc\u00f3n que demande un cliente. Con el PROP\u00d3SITO de seguir conectando el mundo apoyados en nuestros recursos y tecnolog\u00eda.","robots":{"index":"index","follow":"follow","max-snippet":"max-snippet:-1","max-image-preview":"max-image-preview:large","max-video-preview":"max-video-preview:-1"},"canonical":"https:\/\/tw-group.com\/sv\/varfor-valja-oss\/","og_locale":"sv_SE","og_type":"article","og_title":"Varf\u00f6r v\u00e4lja oss - TW Group","og_description":"Lo damos todo para que nuestros clientes conf\u00eden en nosotros como su partner fiable en log\u00edstica. Entendemos nuestra labor como un servicio a la sociedad y a las empresas, con la MISI\u00d3N de optimizar y mantener el flujo de la cadena de suministro. Con la VISI\u00d3N de llegar a cada nuevo pa\u00eds y rinc\u00f3n que demande un cliente. Con el PROP\u00d3SITO de seguir conectando el mundo apoyados en nuestros recursos y tecnolog\u00eda.","og_url":"https:\/\/tw-group.com\/sv\/varfor-valja-oss\/","og_site_name":"TW Group","article_modified_time":"2023-05-25T07:49:00+00:00","og_image":[{"width":900,"height":640,"url":"https:\/\/tw-group.com\/wp-content\/uploads\/2023\/03\/TW_Logistics.png","type":"image\/png"}],"twitter_card":"summary_large_image","schema":{"@context":"https:\/\/schema.org","@graph":[{"@type":"WebPage","@id":"https:\/\/tw-group.com\/sv\/varfor-valja-oss\/","url":"https:\/\/tw-group.com\/sv\/varfor-valja-oss\/","name":"Varf\u00f6r v\u00e4lja oss - TW Group","isPartOf":{"@id":"https:\/\/tw-group.com\/sv\/#website"},"primaryImageOfPage":{"@id":"https:\/\/tw-group.com\/sv\/varfor-valja-oss\/#primaryimage"},"image":{"@id":"https:\/\/tw-group.com\/sv\/varfor-valja-oss\/#primaryimage"},"thumbnailUrl":"https:\/\/tw-group.com\/wp-content\/uploads\/2023\/03\/TW_Logistics.png","datePublished":"2023-01-09T15:05:17+00:00","dateModified":"2023-05-25T07:49:00+00:00","description":"Lo damos todo para que nuestros clientes conf\u00eden en nosotros como su partner fiable en log\u00edstica. Entendemos nuestra labor como un servicio a la sociedad y a las empresas, con la MISI\u00d3N de optimizar y mantener el flujo de la cadena de suministro. Con la VISI\u00d3N de llegar a cada nuevo pa\u00eds y rinc\u00f3n que demande un cliente. Con el PROP\u00d3SITO de seguir conectando el mundo apoyados en nuestros recursos y tecnolog\u00eda.","breadcrumb":{"@id":"https:\/\/tw-group.com\/sv\/varfor-valja-oss\/#breadcrumb"},"inLanguage":"sv-SE","potentialAction":[{"@type":"ReadAction","target":["https:\/\/tw-group.com\/sv\/varfor-valja-oss\/"]}]},{"@type":"ImageObject","inLanguage":"sv-SE","@id":"https:\/\/tw-group.com\/sv\/varfor-valja-oss\/#primaryimage","url":"https:\/\/tw-group.com\/wp-content\/uploads\/2023\/03\/TW_Logistics.png","contentUrl":"https:\/\/tw-group.com\/wp-content\/uploads\/2023\/03\/TW_Logistics.png","width":900,"height":640},{"@type":"BreadcrumbList","@id":"https:\/\/tw-group.com\/sv\/varfor-valja-oss\/#breadcrumb","itemListElement":[{"@type":"ListItem","position":1,"name":"Portada","item":"https:\/\/tw-group.com\/sv\/?lang=sv"},{"@type":"ListItem","position":2,"name":"Varf\u00f6r v\u00e4lja oss"}]},{"@type":"WebSite","@id":"https:\/\/tw-group.com\/sv\/#website","url":"https:\/\/tw-group.com\/sv\/","name":"TW Group","description":"","potentialAction":[{"@type":"SearchAction","target":{"@type":"EntryPoint","urlTemplate":"https:\/\/tw-group.com\/sv\/?s={search_term_string}"},"query-input":{"@type":"PropertyValueSpecification","valueRequired":true,"valueName":"search_term_string"}}],"inLanguage":"sv-SE"}]}},"_links":{"self":[{"href":"https:\/\/tw-group.com\/sv\/wp-json\/wp\/v2\/pages\/23492","targetHints":{"allow":["GET"]}}],"collection":[{"href":"https:\/\/tw-group.com\/sv\/wp-json\/wp\/v2\/pages"}],"about":[{"href":"https:\/\/tw-group.com\/sv\/wp-json\/wp\/v2\/types\/page"}],"author":[{"embeddable":true,"href":"https:\/\/tw-group.com\/sv\/wp-json\/wp\/v2\/users\/1"}],"replies":[{"embeddable":true,"href":"https:\/\/tw-group.com\/sv\/wp-json\/wp\/v2\/comments?post=23492"}],"version-history":[{"count":0,"href":"https:\/\/tw-group.com\/sv\/wp-json\/wp\/v2\/pages\/23492\/revisions"}],"wp:featuredmedia":[{"embeddable":true,"href":"https:\/\/tw-group.com\/sv\/wp-json\/wp\/v2\/media\/23437"}],"wp:attachment":[{"href":"https:\/\/tw-group.com\/sv\/wp-json\/wp\/v2\/media?parent=23492"}],"curies":[{"name":"wp","href":"https:\/\/api.w.org\/{rel}","templated":true}]}}