{"id":23484,"date":"2023-01-09T16:43:24","date_gmt":"2023-01-09T15:43:24","guid":{"rendered":"https:\/\/tw-group.com\/multimodal\/"},"modified":"2023-03-28T10:08:06","modified_gmt":"2023-03-28T08:08:06","slug":"multimodal","status":"publish","type":"page","link":"https:\/\/tw-group.com\/sv\/multimodal\/","title":{"rendered":"Multimodal"},"content":{"rendered":"\t\t<div data-elementor-type=\"wp-page\" data-elementor-id=\"23484\" class=\"elementor elementor-23484 elementor-16330\" data-elementor-post-type=\"page\">\n\t\t\t\t\t\t<section class=\"elementor-section elementor-top-section elementor-element elementor-element-f857aba elementor-section-full_width qodef-elementor-content-grid elementor-section-height-default elementor-section-height-default\" data-id=\"f857aba\" data-element_type=\"section\" data-e-type=\"section\" data-settings=\"{&quot;background_background&quot;:&quot;classic&quot;}\">\n\t\t\t\t\t\t<div class=\"elementor-container elementor-column-gap-no\">\n\t\t\t\t\t<div class=\"elementor-column elementor-col-100 elementor-top-column elementor-element elementor-element-bc07873\" data-id=\"bc07873\" data-element_type=\"column\" data-e-type=\"column\">\n\t\t\t<div class=\"elementor-widget-wrap elementor-element-populated\">\n\t\t\t\t\t\t<div class=\"elementor-element elementor-element-d8937b3 elementor-widget elementor-widget-globefarer_core_divided_image_info\" data-id=\"d8937b3\" data-element_type=\"widget\" data-e-type=\"widget\" data-widget_type=\"globefarer_core_divided_image_info.default\">\n\t\t\t\t<div class=\"elementor-widget-container\">\n\t\t\t\t\t<div class=\"qodef-shortcode qodef-m  qodef-divided-image-info qodef-layout--image-left qodef-separator--on qodef-vertically-centered--on qodef-breakpoint--1024 qodef-appear-animation--no \">\n\t\t<div class=\"qodef-m-image\" style=\"width: 51.5%;padding-right: 3%\">\n\t\t<img fetchpriority=\"high\" decoding=\"async\" width=\"800\" height=\"425\" src=\"https:\/\/tw-group.com\/wp-content\/uploads\/2023\/02\/TW-Logistics-conectividad2.jpg\" class=\"attachment-full size-full\" alt=\"TW Logistics digital\" srcset=\"https:\/\/tw-group.com\/wp-content\/uploads\/2023\/02\/TW-Logistics-conectividad2.jpg 800w, https:\/\/tw-group.com\/wp-content\/uploads\/2023\/02\/TW-Logistics-conectividad2-300x159.jpg 300w, https:\/\/tw-group.com\/wp-content\/uploads\/2023\/02\/TW-Logistics-conectividad2-768x408.jpg 768w\" sizes=\"(max-width: 800px) 100vw, 800px\" \/>\t<\/div>\n<div class=\"qodef-m-content\" style=\"margin-top: 0px;padding-left: 4%\">\n\t\t\t<h2 itemprop=\"name\" class=\"qodef-m-title\" style=\"margin-bottom: 29px\">\n\tV\u00e4rlden i dina h\u00e4nder\t<\/h2>\n\t<p class=\"qodef-m-text\" >\n\t\tVi erbjuder strategiska multimodala l\u00f6sningar som kombinerar land-, flyg- och\/eller sj\u00f6transport, kompletterad med express- eller sista milen-distribution, f\u00f6r att ge svar p\u00e5 hela logistikprocessen: fr\u00e5n det att varorna l\u00e4mnas tills de levereras var som helst i v\u00e4rlden.\t<\/p>\n\t<a class=\"qodef-shortcode qodef-m qodef-m-button qodef-button qodef-layout--textual  qodef-html--link\" href=\"\/konnektivitet\/?lang=sv\" target=\"_self\"  >\t\t\t<span class=\"qodef-m-button-icon\"><svg class=\"qodef-svg--plus\" xmlns=\"http:\/\/www.w3.org\/2000\/svg\" xmlns:xlink=\"http:\/\/www.w3.org\/1999\/xlink\" width=\"14\" height=\"14\" viewBox=\"0 0 14 14\"><path class=\"qodef-m-horizontal\" d=\"M0,0H14V2H0Z\" transform=\"translate(0 6)\" \/><path class=\"qodef-m-vertical\" d=\"M0,0H2V14H0Z\" transform=\"translate(6)\" \/><\/svg><\/span>\t\t\t\t<span class=\"qodef-m-button-text\">Se anslutningsl\u00f6sningar<br \/><\/span>\t<\/a><\/div>\n<\/div>\n\t\t\t\t<\/div>\n\t\t\t\t<\/div>\n\t\t\t\t\t<\/div>\n\t\t<\/div>\n\t\t\t\t\t<\/div>\n\t\t<\/section>\n\t\t\t\t<section class=\"elementor-section elementor-top-section elementor-element elementor-element-a4d24fe qodef-elementor-content-grid elementor-section-full_width elementor-section-height-default elementor-section-height-default\" data-id=\"a4d24fe\" data-element_type=\"section\" data-e-type=\"section\">\n\t\t\t\t\t\t<div class=\"elementor-container elementor-column-gap-no\">\n\t\t\t\t\t<div class=\"elementor-column elementor-col-100 elementor-top-column elementor-element elementor-element-59ed0b3\" data-id=\"59ed0b3\" data-element_type=\"column\" data-e-type=\"column\">\n\t\t\t<div class=\"elementor-widget-wrap elementor-element-populated\">\n\t\t\t\t\t\t<div class=\"elementor-element elementor-element-30ad199 elementor-widget elementor-widget-globefarer_core_accordion_info\" data-id=\"30ad199\" data-element_type=\"widget\" data-e-type=\"widget\" data-widget_type=\"globefarer_core_accordion_info.default\">\n\t\t\t\t<div class=\"elementor-widget-container\">\n\t\t\t\t\t<div class=\"qodef-shortcode qodef-m  qodef-accordion-info qodef-behavior--accordion qodef-layout--extended-compact \">\n\t<div class=\"qodef-m-heading\">\n\t<\/div>\n\t<div class=\"qodef-accordion-info-inner\">\n\t\t\t\t\t\t\t\t\t\t\t\t\t<div class=\"qodef-m-navigation\">\n\t\t<h4 class=\"qodef-m-title\">\n\t\tF\u00f6rdelar\t<\/h4>\n\t<p class=\"qodef-m-tagline\">\n\t\tV\u00e5ra styrkor:\t<\/p>\n<div class=\"qodef-m-mark\">\n\t<svg class=\"qodef-svg--plus\" xmlns=\"http:\/\/www.w3.org\/2000\/svg\" xmlns:xlink=\"http:\/\/www.w3.org\/1999\/xlink\" width=\"14\" height=\"14\" viewBox=\"0 0 14 14\"><path class=\"qodef-m-horizontal\" d=\"M0,0H14V2H0Z\" transform=\"translate(0 6)\" \/><path class=\"qodef-m-vertical\" d=\"M0,0H2V14H0Z\" transform=\"translate(6)\" \/><\/svg><\/div>\n<\/div>\n<div class=\"qodef-m-content\">\n\t\t<p class=\"qodef-m-text\">\n\t\tFlexibilitet: Genom att anv\u00e4nda olika transportmedel kan de anpassas b\u00e4ttre efter kundens behov och lastens egenskaper. \/\/\nMinskade kostnader: Vi optimerar f\u00f6rdelarna med varje transportmedel f\u00f6r att minska de totala kostnaderna. \/\/\n\u00d6kad effektivitet i leveranskedjan: M\u00f6jligg\u00f6r b\u00e4ttre samordning mellan olika transportmedel och \u00f6kad effektivitet i leveranskedjan \u00f6ver l\u00e5nga avst\u00e5nd. Detta leder till snabbare och s\u00e4krare leverans av varor. \/\/\nMindre milj\u00f6p\u00e5verkan: Att anv\u00e4nda flera transportmedel p\u00e5verkar milj\u00f6n mindre \u00e4n transport med ett enda medel, eftersom mer energieffektiva transportmedel kan anv\u00e4ndas beroende p\u00e5 lastens egenskaper och str\u00e4ckan som ska tillryggal\u00e4ggas. \/\/\nVi erbjuder dessutom kompletterande tj\u00e4nster som 3PL.\n\t<\/p>\n<\/div>\n\t\t\t\t\t\t\t\t\t\t\t<div class=\"qodef-m-navigation\">\n\t\t<h4 class=\"qodef-m-title\">\n\t\tExtratj\u00e4nster\t<\/h4>\n\t<p class=\"qodef-m-tagline\">\n\t\tVi lyfter fram fyra av de viktigaste:\t<\/p>\n<div class=\"qodef-m-mark\">\n\t<svg class=\"qodef-svg--plus\" xmlns=\"http:\/\/www.w3.org\/2000\/svg\" xmlns:xlink=\"http:\/\/www.w3.org\/1999\/xlink\" width=\"14\" height=\"14\" viewBox=\"0 0 14 14\"><path class=\"qodef-m-horizontal\" d=\"M0,0H14V2H0Z\" transform=\"translate(0 6)\" \/><path class=\"qodef-m-vertical\" d=\"M0,0H2V14H0Z\" transform=\"translate(6)\" \/><\/svg><\/div>\n<\/div>\n<div class=\"qodef-m-content\">\n\t\t<p class=\"qodef-m-text\">\n\t\tTull \/\/ Transport av varor i kontrollerad milj\u00f6 och temperatur \/\/ Lagerh\u00e5llning och logistik \/\/ LTL.\t<\/p>\n<\/div>\n\t\t\t\t\t\t\t\t\t\t\t<div class=\"qodef-m-navigation\">\n\t\t<h4 class=\"qodef-m-title\">\n\t\tKonnektivitet\t<\/h4>\n\t<p class=\"qodef-m-tagline\">\n\t\tIntern teknik\t<\/p>\n<div class=\"qodef-m-mark\">\n\t<svg class=\"qodef-svg--plus\" xmlns=\"http:\/\/www.w3.org\/2000\/svg\" xmlns:xlink=\"http:\/\/www.w3.org\/1999\/xlink\" width=\"14\" height=\"14\" viewBox=\"0 0 14 14\"><path class=\"qodef-m-horizontal\" d=\"M0,0H14V2H0Z\" transform=\"translate(0 6)\" \/><path class=\"qodef-m-vertical\" d=\"M0,0H2V14H0Z\" transform=\"translate(6)\" \/><\/svg><\/div>\n<\/div>\n<div class=\"qodef-m-content\">\n\t\t<p class=\"qodef-m-text\">\n\t\tMultimodala l\u00f6sningar hanteras genom v\u00e5r teknikplattform, som f\u00f6ljer laster i realtid fr\u00e5n ursprungsplatsen till slutdestinationen.\t<\/p>\n<\/div>\n\t\t\t\t\t\t<\/div>\n<\/div>\n\t\t\t\t<\/div>\n\t\t\t\t<\/div>\n\t\t\t\t\t<\/div>\n\t\t<\/div>\n\t\t\t\t\t<\/div>\n\t\t<\/section>\n\t\t\t\t<section class=\"elementor-section elementor-top-section elementor-element elementor-element-68ad685 qodef-elementor-content-grid elementor-hidden-desktop elementor-hidden-tablet elementor-hidden-mobile elementor-section-boxed elementor-section-height-default elementor-section-height-default\" data-id=\"68ad685\" data-element_type=\"section\" data-e-type=\"section\">\n\t\t\t\t\t\t<div class=\"elementor-container elementor-column-gap-custom\">\n\t\t\t\t\t<div class=\"elementor-column elementor-col-100 elementor-top-column elementor-element elementor-element-b8930be\" data-id=\"b8930be\" data-element_type=\"column\" data-e-type=\"column\">\n\t\t\t<div class=\"elementor-widget-wrap elementor-element-populated\">\n\t\t\t\t\t\t<div class=\"elementor-element elementor-element-52f2d90 elementor-tabs-alignment-center elementor-tabs-view-horizontal elementor-widget elementor-widget-tabs\" data-id=\"52f2d90\" data-element_type=\"widget\" data-e-type=\"widget\" data-widget_type=\"tabs.default\">\n\t\t\t\t<div class=\"elementor-widget-container\">\n\t\t\t\t\t\t\t<div class=\"elementor-tabs\">\n\t\t\t<div class=\"elementor-tabs-wrapper\" role=\"tablist\" >\n\t\t\t\t\t\t\t\t\t<div id=\"elementor-tab-title-8691\" class=\"elementor-tab-title elementor-tab-desktop-title\" aria-selected=\"true\" data-tab=\"1\" role=\"tab\" tabindex=\"0\" aria-controls=\"elementor-tab-content-8691\" aria-expanded=\"false\">Ventajas<\/div>\n\t\t\t\t\t\t\t\t\t<div id=\"elementor-tab-title-8692\" class=\"elementor-tab-title elementor-tab-desktop-title\" aria-selected=\"false\" data-tab=\"2\" role=\"tab\" tabindex=\"-1\" aria-controls=\"elementor-tab-content-8692\" aria-expanded=\"false\">Servicios complementarios<\/div>\n\t\t\t\t\t\t\t\t\t<div id=\"elementor-tab-title-8693\" class=\"elementor-tab-title elementor-tab-desktop-title\" aria-selected=\"false\" data-tab=\"3\" role=\"tab\" tabindex=\"-1\" aria-controls=\"elementor-tab-content-8693\" aria-expanded=\"false\">Conectividad<\/div>\n\t\t\t\t\t\t\t<\/div>\n\t\t\t<div class=\"elementor-tabs-content-wrapper\" role=\"tablist\" aria-orientation=\"vertical\">\n\t\t\t\t\t\t\t\t\t<div class=\"elementor-tab-title elementor-tab-mobile-title\" aria-selected=\"true\" data-tab=\"1\" role=\"tab\" tabindex=\"0\" aria-controls=\"elementor-tab-content-8691\" aria-expanded=\"false\">Ventajas<\/div>\n\t\t\t\t\t<div id=\"elementor-tab-content-8691\" class=\"elementor-tab-content elementor-clearfix\" data-tab=\"1\" role=\"tabpanel\" aria-labelledby=\"elementor-tab-title-8691\" tabindex=\"0\" hidden=\"false\"><ul><li>Flexibilidad: al utilizar varios medios de transporte, se pueden adaptar mejor a las necesidades del cliente y a las caracter\u00edsticas de la carga.<\/li><li>Reducci\u00f3n de costes: optimizamos las ventajas de cada medio de transporte para reducir los costes generales.<\/li><li>Mayor eficiencia en la cadena de suministro: permite una mejor coordinaci\u00f3n entre los diferentes medios de transporte y una mayor eficiencia en la cadena de suministro en largas distancias. Esto se traduce en una entrega m\u00e1s r\u00e1pida y segura de la mercanc\u00eda.<\/li><li>Menor impacto ambiental: tiene menos impacto ambiental que el transporte por un solo medio, ya que se pueden utilizar medios de transporte m\u00e1s eficientes desde el punto de vista energ\u00e9tico en funci\u00f3n de las caracter\u00edsticas de la carga y la distancia a recorrer.<\/li><li>Adem\u00e1s ofrecemos los servicios complementarias de 3PL.<\/li><\/ul><\/div>\n\t\t\t\t\t\t\t\t\t<div class=\"elementor-tab-title elementor-tab-mobile-title\" aria-selected=\"false\" data-tab=\"2\" role=\"tab\" tabindex=\"-1\" aria-controls=\"elementor-tab-content-8692\" aria-expanded=\"false\">Servicios complementarios<\/div>\n\t\t\t\t\t<div id=\"elementor-tab-content-8692\" class=\"elementor-tab-content elementor-clearfix\" data-tab=\"2\" role=\"tabpanel\" aria-labelledby=\"elementor-tab-title-8692\" tabindex=\"0\" hidden=\"hidden\"><ul><li><a href=\"https:\/\/tw-group.com\/forwarding\/\">Aduanas<\/a>.<\/li><li><a href=\"https:\/\/tw-group.com\/ftl\/\">Transporte de mercanc\u00edas en ambiente y temperatura controlada<\/a>.<\/li><li><a href=\"https:\/\/tw-group.com\/3pl\/\">Almacenaje y log\u00edstica<\/a>.<\/li><li><a href=\"https:\/\/tw-group.com\/ltl\/\">LTL<\/a>.<\/li><\/ul><\/div>\n\t\t\t\t\t\t\t\t\t<div class=\"elementor-tab-title elementor-tab-mobile-title\" aria-selected=\"false\" data-tab=\"3\" role=\"tab\" tabindex=\"-1\" aria-controls=\"elementor-tab-content-8693\" aria-expanded=\"false\">Conectividad<\/div>\n\t\t\t\t\t<div id=\"elementor-tab-content-8693\" class=\"elementor-tab-content elementor-clearfix\" data-tab=\"3\" role=\"tabpanel\" aria-labelledby=\"elementor-tab-title-8693\" tabindex=\"0\" hidden=\"hidden\"><p>Las soluciones multimodales se gestionan a trav\u00e9s de nuestra plataforma tecnol\u00f3gica, que realiza un seguimiento de la carga en tiempo real desde el origen hasta el destino final.<\/p><\/div>\n\t\t\t\t\t\t\t<\/div>\n\t\t<\/div>\n\t\t\t\t\t\t<\/div>\n\t\t\t\t<\/div>\n\t\t\t\t\t<\/div>\n\t\t<\/div>\n\t\t\t\t\t<\/div>\n\t\t<\/section>\n\t\t\t\t<section class=\"elementor-section elementor-top-section elementor-element elementor-element-1124aa4 elementor-section-full_width elementor-section-height-default elementor-section-height-default qodef-elementor-content-no\" data-id=\"1124aa4\" data-element_type=\"section\" data-e-type=\"section\">\n\t\t\t\t\t\t<div class=\"elementor-container elementor-column-gap-no\">\n\t\t\t\t\t<div class=\"elementor-column elementor-col-100 elementor-top-column elementor-element elementor-element-5c31083\" data-id=\"5c31083\" data-element_type=\"column\" data-e-type=\"column\">\n\t\t\t<div class=\"elementor-widget-wrap elementor-element-populated\">\n\t\t\t\t\t\t<div class=\"elementor-element elementor-element-63b99c5 elementor-widget elementor-widget-image\" data-id=\"63b99c5\" data-element_type=\"widget\" data-e-type=\"widget\" data-widget_type=\"image.default\">\n\t\t\t\t<div class=\"elementor-widget-container\">\n\t\t\t\t\t\t\t\t\t\t\t\t\t\t\t<img decoding=\"async\" width=\"2560\" height=\"1000\" src=\"https:\/\/tw-group.com\/wp-content\/uploads\/2023\/02\/SERVICIOS-MULTIMODAL-FOOTER.jpg\" class=\"attachment-full size-full wp-image-23370\" alt=\"\" srcset=\"https:\/\/tw-group.com\/wp-content\/uploads\/2023\/02\/SERVICIOS-MULTIMODAL-FOOTER.jpg 2560w, https:\/\/tw-group.com\/wp-content\/uploads\/2023\/02\/SERVICIOS-MULTIMODAL-FOOTER-300x117.jpg 300w, https:\/\/tw-group.com\/wp-content\/uploads\/2023\/02\/SERVICIOS-MULTIMODAL-FOOTER-1024x400.jpg 1024w, https:\/\/tw-group.com\/wp-content\/uploads\/2023\/02\/SERVICIOS-MULTIMODAL-FOOTER-768x300.jpg 768w, https:\/\/tw-group.com\/wp-content\/uploads\/2023\/02\/SERVICIOS-MULTIMODAL-FOOTER-1536x600.jpg 1536w, https:\/\/tw-group.com\/wp-content\/uploads\/2023\/02\/SERVICIOS-MULTIMODAL-FOOTER-2048x800.jpg 2048w\" sizes=\"(max-width: 2560px) 100vw, 2560px\" \/>\t\t\t\t\t\t\t\t\t\t\t\t\t\t\t<\/div>\n\t\t\t\t<\/div>\n\t\t\t\t\t<\/div>\n\t\t<\/div>\n\t\t\t\t\t<\/div>\n\t\t<\/section>\n\t\t\t\t<\/div>\n\t\t","protected":false},"excerpt":{"rendered":"<p>V\u00e4rlden i dina h\u00e4nder Vi erbjuder strategiska multimodala l\u00f6sningar som kombinerar land-, flyg- och\/eller sj\u00f6transport, kompletterad med express- eller sista milen-distribution, f\u00f6r att ge svar p\u00e5 hela logistikprocessen: fr\u00e5n det att varorna l\u00e4mnas tills de levereras var som helst i v\u00e4rlden. Se anslutningsl\u00f6sningar F\u00f6rdelar V\u00e5ra styrkor: Flexibilitet: Genom att anv\u00e4nda olika transportmedel kan de anpassas [&hellip;]<\/p>\n","protected":false},"author":1,"featured_media":23440,"parent":0,"menu_order":0,"comment_status":"closed","ping_status":"closed","template":"page-full-width.php","meta":{"footnotes":""},"class_list":["post-23484","page","type-page","status-publish","has-post-thumbnail","hentry"],"yoast_head":"<!-- This site is optimized with the Yoast SEO plugin v27.3 - https:\/\/yoast.com\/product\/yoast-seo-wordpress\/ -->\n<title>Soluci\u00f3n estrat\u00e9gica multimodal - TW Group<\/title>\n<meta name=\"description\" content=\"Ofrecemos soluciones estrat\u00e9gicas multimodales que combinan el transporte terrestre, a\u00e9reo y\/o mar\u00edtimo, complementado con distribuci\u00f3n expr\u00e9s o \u00faltima milla, para dar respuestas a todo el proceso log\u00edstico: desde que sale la mercanc\u00eda hasta que se entrega en cualquier parte del mundo.\" \/>\n<meta name=\"robots\" content=\"index, follow, max-snippet:-1, max-image-preview:large, max-video-preview:-1\" \/>\n<link rel=\"canonical\" href=\"https:\/\/tw-group.com\/sv\/multimodal\/\" \/>\n<meta property=\"og:locale\" content=\"sv_SE\" \/>\n<meta property=\"og:type\" content=\"article\" \/>\n<meta property=\"og:title\" content=\"Soluci\u00f3n estrat\u00e9gica multimodal - TW Group\" \/>\n<meta property=\"og:description\" content=\"Ofrecemos soluciones estrat\u00e9gicas multimodales que combinan el transporte terrestre, a\u00e9reo y\/o mar\u00edtimo, complementado con distribuci\u00f3n expr\u00e9s o \u00faltima milla, para dar respuestas a todo el proceso log\u00edstico: desde que sale la mercanc\u00eda hasta que se entrega en cualquier parte del mundo.\" \/>\n<meta property=\"og:url\" content=\"https:\/\/tw-group.com\/sv\/multimodal\/\" \/>\n<meta property=\"og:site_name\" content=\"TW Group\" \/>\n<meta property=\"article:modified_time\" content=\"2023-03-28T08:08:06+00:00\" \/>\n<meta property=\"og:image\" content=\"https:\/\/tw-group.com\/wp-content\/uploads\/2023\/03\/Servicios_multimodal.png\" \/>\n\t<meta property=\"og:image:width\" content=\"900\" \/>\n\t<meta property=\"og:image:height\" content=\"640\" \/>\n\t<meta property=\"og:image:type\" content=\"image\/png\" \/>\n<meta name=\"twitter:card\" content=\"summary_large_image\" \/>\n<script type=\"application\/ld+json\" class=\"yoast-schema-graph\">{\"@context\":\"https:\\\/\\\/schema.org\",\"@graph\":[{\"@type\":\"WebPage\",\"@id\":\"https:\\\/\\\/tw-group.com\\\/sv\\\/multimodal\\\/\",\"url\":\"https:\\\/\\\/tw-group.com\\\/sv\\\/multimodal\\\/\",\"name\":\"Soluci\u00f3n estrat\u00e9gica multimodal - TW Group\",\"isPartOf\":{\"@id\":\"https:\\\/\\\/tw-group.com\\\/sv\\\/#website\"},\"primaryImageOfPage\":{\"@id\":\"https:\\\/\\\/tw-group.com\\\/sv\\\/multimodal\\\/#primaryimage\"},\"image\":{\"@id\":\"https:\\\/\\\/tw-group.com\\\/sv\\\/multimodal\\\/#primaryimage\"},\"thumbnailUrl\":\"https:\\\/\\\/tw-group.com\\\/wp-content\\\/uploads\\\/2023\\\/03\\\/Servicios_multimodal.png\",\"datePublished\":\"2023-01-09T15:43:24+00:00\",\"dateModified\":\"2023-03-28T08:08:06+00:00\",\"description\":\"Ofrecemos soluciones estrat\u00e9gicas multimodales que combinan el transporte terrestre, a\u00e9reo y\\\/o mar\u00edtimo, complementado con distribuci\u00f3n expr\u00e9s o \u00faltima milla, para dar respuestas a todo el proceso log\u00edstico: desde que sale la mercanc\u00eda hasta que se entrega en cualquier parte del mundo.\",\"breadcrumb\":{\"@id\":\"https:\\\/\\\/tw-group.com\\\/sv\\\/multimodal\\\/#breadcrumb\"},\"inLanguage\":\"sv-SE\",\"potentialAction\":[{\"@type\":\"ReadAction\",\"target\":[\"https:\\\/\\\/tw-group.com\\\/sv\\\/multimodal\\\/\"]}]},{\"@type\":\"ImageObject\",\"inLanguage\":\"sv-SE\",\"@id\":\"https:\\\/\\\/tw-group.com\\\/sv\\\/multimodal\\\/#primaryimage\",\"url\":\"https:\\\/\\\/tw-group.com\\\/wp-content\\\/uploads\\\/2023\\\/03\\\/Servicios_multimodal.png\",\"contentUrl\":\"https:\\\/\\\/tw-group.com\\\/wp-content\\\/uploads\\\/2023\\\/03\\\/Servicios_multimodal.png\",\"width\":900,\"height\":640},{\"@type\":\"BreadcrumbList\",\"@id\":\"https:\\\/\\\/tw-group.com\\\/sv\\\/multimodal\\\/#breadcrumb\",\"itemListElement\":[{\"@type\":\"ListItem\",\"position\":1,\"name\":\"Portada\",\"item\":\"https:\\\/\\\/tw-group.com\\\/sv\\\/?lang=sv\"},{\"@type\":\"ListItem\",\"position\":2,\"name\":\"Multimodal\"}]},{\"@type\":\"WebSite\",\"@id\":\"https:\\\/\\\/tw-group.com\\\/sv\\\/#website\",\"url\":\"https:\\\/\\\/tw-group.com\\\/sv\\\/\",\"name\":\"TW Group\",\"description\":\"\",\"potentialAction\":[{\"@type\":\"SearchAction\",\"target\":{\"@type\":\"EntryPoint\",\"urlTemplate\":\"https:\\\/\\\/tw-group.com\\\/sv\\\/?s={search_term_string}\"},\"query-input\":{\"@type\":\"PropertyValueSpecification\",\"valueRequired\":true,\"valueName\":\"search_term_string\"}}],\"inLanguage\":\"sv-SE\"}]}<\/script>\n<!-- \/ Yoast SEO plugin. -->","yoast_head_json":{"title":"Soluci\u00f3n estrat\u00e9gica multimodal - TW Group","description":"Ofrecemos soluciones estrat\u00e9gicas multimodales que combinan el transporte terrestre, a\u00e9reo y\/o mar\u00edtimo, complementado con distribuci\u00f3n expr\u00e9s o \u00faltima milla, para dar respuestas a todo el proceso log\u00edstico: desde que sale la mercanc\u00eda hasta que se entrega en cualquier parte del mundo.","robots":{"index":"index","follow":"follow","max-snippet":"max-snippet:-1","max-image-preview":"max-image-preview:large","max-video-preview":"max-video-preview:-1"},"canonical":"https:\/\/tw-group.com\/sv\/multimodal\/","og_locale":"sv_SE","og_type":"article","og_title":"Soluci\u00f3n estrat\u00e9gica multimodal - TW Group","og_description":"Ofrecemos soluciones estrat\u00e9gicas multimodales que combinan el transporte terrestre, a\u00e9reo y\/o mar\u00edtimo, complementado con distribuci\u00f3n expr\u00e9s o \u00faltima milla, para dar respuestas a todo el proceso log\u00edstico: desde que sale la mercanc\u00eda hasta que se entrega en cualquier parte del mundo.","og_url":"https:\/\/tw-group.com\/sv\/multimodal\/","og_site_name":"TW Group","article_modified_time":"2023-03-28T08:08:06+00:00","og_image":[{"width":900,"height":640,"url":"https:\/\/tw-group.com\/wp-content\/uploads\/2023\/03\/Servicios_multimodal.png","type":"image\/png"}],"twitter_card":"summary_large_image","schema":{"@context":"https:\/\/schema.org","@graph":[{"@type":"WebPage","@id":"https:\/\/tw-group.com\/sv\/multimodal\/","url":"https:\/\/tw-group.com\/sv\/multimodal\/","name":"Soluci\u00f3n estrat\u00e9gica multimodal - TW Group","isPartOf":{"@id":"https:\/\/tw-group.com\/sv\/#website"},"primaryImageOfPage":{"@id":"https:\/\/tw-group.com\/sv\/multimodal\/#primaryimage"},"image":{"@id":"https:\/\/tw-group.com\/sv\/multimodal\/#primaryimage"},"thumbnailUrl":"https:\/\/tw-group.com\/wp-content\/uploads\/2023\/03\/Servicios_multimodal.png","datePublished":"2023-01-09T15:43:24+00:00","dateModified":"2023-03-28T08:08:06+00:00","description":"Ofrecemos soluciones estrat\u00e9gicas multimodales que combinan el transporte terrestre, a\u00e9reo y\/o mar\u00edtimo, complementado con distribuci\u00f3n expr\u00e9s o \u00faltima milla, para dar respuestas a todo el proceso log\u00edstico: desde que sale la mercanc\u00eda hasta que se entrega en cualquier parte del mundo.","breadcrumb":{"@id":"https:\/\/tw-group.com\/sv\/multimodal\/#breadcrumb"},"inLanguage":"sv-SE","potentialAction":[{"@type":"ReadAction","target":["https:\/\/tw-group.com\/sv\/multimodal\/"]}]},{"@type":"ImageObject","inLanguage":"sv-SE","@id":"https:\/\/tw-group.com\/sv\/multimodal\/#primaryimage","url":"https:\/\/tw-group.com\/wp-content\/uploads\/2023\/03\/Servicios_multimodal.png","contentUrl":"https:\/\/tw-group.com\/wp-content\/uploads\/2023\/03\/Servicios_multimodal.png","width":900,"height":640},{"@type":"BreadcrumbList","@id":"https:\/\/tw-group.com\/sv\/multimodal\/#breadcrumb","itemListElement":[{"@type":"ListItem","position":1,"name":"Portada","item":"https:\/\/tw-group.com\/sv\/?lang=sv"},{"@type":"ListItem","position":2,"name":"Multimodal"}]},{"@type":"WebSite","@id":"https:\/\/tw-group.com\/sv\/#website","url":"https:\/\/tw-group.com\/sv\/","name":"TW Group","description":"","potentialAction":[{"@type":"SearchAction","target":{"@type":"EntryPoint","urlTemplate":"https:\/\/tw-group.com\/sv\/?s={search_term_string}"},"query-input":{"@type":"PropertyValueSpecification","valueRequired":true,"valueName":"search_term_string"}}],"inLanguage":"sv-SE"}]}},"_links":{"self":[{"href":"https:\/\/tw-group.com\/sv\/wp-json\/wp\/v2\/pages\/23484","targetHints":{"allow":["GET"]}}],"collection":[{"href":"https:\/\/tw-group.com\/sv\/wp-json\/wp\/v2\/pages"}],"about":[{"href":"https:\/\/tw-group.com\/sv\/wp-json\/wp\/v2\/types\/page"}],"author":[{"embeddable":true,"href":"https:\/\/tw-group.com\/sv\/wp-json\/wp\/v2\/users\/1"}],"replies":[{"embeddable":true,"href":"https:\/\/tw-group.com\/sv\/wp-json\/wp\/v2\/comments?post=23484"}],"version-history":[{"count":0,"href":"https:\/\/tw-group.com\/sv\/wp-json\/wp\/v2\/pages\/23484\/revisions"}],"wp:featuredmedia":[{"embeddable":true,"href":"https:\/\/tw-group.com\/sv\/wp-json\/wp\/v2\/media\/23440"}],"wp:attachment":[{"href":"https:\/\/tw-group.com\/sv\/wp-json\/wp\/v2\/media?parent=23484"}],"curies":[{"name":"wp","href":"https:\/\/api.w.org\/{rel}","templated":true}]}}