{"id":23482,"date":"2023-01-09T16:37:22","date_gmt":"2023-01-09T15:37:22","guid":{"rendered":"https:\/\/tw-group.com\/ltl\/"},"modified":"2023-03-28T09:50:02","modified_gmt":"2023-03-28T07:50:02","slug":"ltl","status":"publish","type":"page","link":"https:\/\/tw-group.com\/sv\/ltl\/","title":{"rendered":"LTL"},"content":{"rendered":"\t\t<div data-elementor-type=\"wp-page\" data-elementor-id=\"23482\" class=\"elementor elementor-23482 elementor-16322\" data-elementor-post-type=\"page\">\n\t\t\t\t\t\t<section class=\"elementor-section elementor-top-section elementor-element elementor-element-9141dce elementor-section-full_width qodef-elementor-content-grid elementor-section-height-default elementor-section-height-default\" data-id=\"9141dce\" data-element_type=\"section\" data-e-type=\"section\" data-settings=\"{&quot;background_background&quot;:&quot;classic&quot;}\">\n\t\t\t\t\t\t<div class=\"elementor-container elementor-column-gap-no\">\n\t\t\t\t\t<div class=\"elementor-column elementor-col-100 elementor-top-column elementor-element elementor-element-9e82d4a\" data-id=\"9e82d4a\" data-element_type=\"column\" data-e-type=\"column\">\n\t\t\t<div class=\"elementor-widget-wrap elementor-element-populated\">\n\t\t\t\t\t\t<div class=\"elementor-element elementor-element-9eb1cf2 elementor-widget elementor-widget-globefarer_core_divided_image_info\" data-id=\"9eb1cf2\" data-element_type=\"widget\" data-e-type=\"widget\" data-widget_type=\"globefarer_core_divided_image_info.default\">\n\t\t\t\t<div class=\"elementor-widget-container\">\n\t\t\t\t\t<div class=\"qodef-shortcode qodef-m  qodef-divided-image-info qodef-layout--image-left qodef-separator--on qodef-vertically-centered--on qodef-breakpoint--1024 qodef-appear-animation--no \">\n\t\t<div class=\"qodef-m-image\" style=\"width: 51.5%;padding-right: 3%\">\n\t\t<img fetchpriority=\"high\" decoding=\"async\" width=\"800\" height=\"425\" src=\"https:\/\/tw-group.com\/wp-content\/uploads\/2023\/02\/TWL_LTL.jpg\" class=\"attachment-full size-full\" alt=\"\" srcset=\"https:\/\/tw-group.com\/wp-content\/uploads\/2023\/02\/TWL_LTL.jpg 800w, https:\/\/tw-group.com\/wp-content\/uploads\/2023\/02\/TWL_LTL-300x159.jpg 300w, https:\/\/tw-group.com\/wp-content\/uploads\/2023\/02\/TWL_LTL-768x408.jpg 768w\" sizes=\"(max-width: 800px) 100vw, 800px\" \/>\t<\/div>\n<div class=\"qodef-m-content\" style=\"margin-top: 0px;padding-left: 4%\">\n\t\t\t<h2 itemprop=\"name\" class=\"qodef-m-title\" style=\"margin-bottom: 29px\">\n\tLTL-dellaster och partier\t<\/h2>\n\t<p class=\"qodef-m-text\" >\n\t\tVi har ett omfattande n\u00e4tverk i Europa och specifik teknik f\u00f6r att vara en tillf\u00f6rlitlig leverant\u00f6r av styckegods.\t<\/p>\n\t<a class=\"qodef-shortcode qodef-m qodef-m-button qodef-button qodef-layout--textual  qodef-html--link\" href=\"\/ftl\/?lang=sv\" target=\"_self\"  >\t\t\t<span class=\"qodef-m-button-icon\"><svg class=\"qodef-svg--plus\" xmlns=\"http:\/\/www.w3.org\/2000\/svg\" xmlns:xlink=\"http:\/\/www.w3.org\/1999\/xlink\" width=\"14\" height=\"14\" viewBox=\"0 0 14 14\"><path class=\"qodef-m-horizontal\" d=\"M0,0H14V2H0Z\" transform=\"translate(0 6)\" \/><path class=\"qodef-m-vertical\" d=\"M0,0H2V14H0Z\" transform=\"translate(6)\" \/><\/svg><\/span>\t\t\t\t<span class=\"qodef-m-button-text\">Se FTL<br \/><\/span>\t<\/a><\/div>\n<\/div>\n\t\t\t\t<\/div>\n\t\t\t\t<\/div>\n\t\t\t\t\t<\/div>\n\t\t<\/div>\n\t\t\t\t\t<\/div>\n\t\t<\/section>\n\t\t\t\t<section class=\"elementor-section elementor-top-section elementor-element elementor-element-35764eb qodef-elementor-content-grid elementor-section-full_width elementor-section-height-default elementor-section-height-default\" data-id=\"35764eb\" data-element_type=\"section\" data-e-type=\"section\">\n\t\t\t\t\t\t<div class=\"elementor-container elementor-column-gap-no\">\n\t\t\t\t\t<div class=\"elementor-column elementor-col-100 elementor-top-column elementor-element elementor-element-0febdf9\" data-id=\"0febdf9\" data-element_type=\"column\" data-e-type=\"column\">\n\t\t\t<div class=\"elementor-widget-wrap elementor-element-populated\">\n\t\t\t\t\t\t<div class=\"elementor-element elementor-element-b7f3e91 elementor-widget elementor-widget-globefarer_core_accordion_info\" data-id=\"b7f3e91\" data-element_type=\"widget\" data-e-type=\"widget\" data-widget_type=\"globefarer_core_accordion_info.default\">\n\t\t\t\t<div class=\"elementor-widget-container\">\n\t\t\t\t\t<div class=\"qodef-shortcode qodef-m  qodef-accordion-info qodef-behavior--accordion qodef-layout--extended-compact \">\n\t<div class=\"qodef-m-heading\">\n\t<\/div>\n\t<div class=\"qodef-accordion-info-inner\">\n\t\t\t\t\t\t\t\t\t\t\t\t\t<div class=\"qodef-m-navigation\">\n\t\t<h4 class=\"qodef-m-title\">\n\t\tAvdelning specialiserad p\u00e5 dellaster\t<\/h4>\n\t<p class=\"qodef-m-tagline\">\n\t\tVi optimerar rutterna. Vi har kapacitet att kombinera f\u00f6rs\u00e4ndelser fr\u00e5n olika f\u00f6retag och kan hitta last f\u00f6r att fylla returfordonet efter leverans.\t<\/p>\n<div class=\"qodef-m-mark\">\n\t<svg class=\"qodef-svg--plus\" xmlns=\"http:\/\/www.w3.org\/2000\/svg\" xmlns:xlink=\"http:\/\/www.w3.org\/1999\/xlink\" width=\"14\" height=\"14\" viewBox=\"0 0 14 14\"><path class=\"qodef-m-horizontal\" d=\"M0,0H14V2H0Z\" transform=\"translate(0 6)\" \/><path class=\"qodef-m-vertical\" d=\"M0,0H2V14H0Z\" transform=\"translate(6)\" \/><\/svg><\/div>\n<\/div>\n<div class=\"qodef-m-content\">\n\t\t<p class=\"qodef-m-text\">\n\t\tDe flesta f\u00f6rs\u00e4ndelser h\u00e4mtas och l\u00e4mnas direkt i fordonet, utan att beh\u00f6va g\u00e5 genom v\u00e5ra distributionscenter. Detta f\u00f6rkortar leveranstiden. Dessutom hanteras inte lasten vid n\u00e5gon punkt under transporten, fr\u00e5n h\u00e4mtning till leverans.\t<\/p>\n<\/div>\n\t\t\t\t\t\t\t\t\t\t\t<div class=\"qodef-m-navigation\">\n\t\t<h4 class=\"qodef-m-title\">\n\t\tMinskade kostnader och milj\u00f6p\u00e5verkan\t<\/h4>\n\t<p class=\"qodef-m-tagline\">\n\t\tVi erbjuder transportl\u00f6sningar samtidigt som vi minskar fraktkostnaderna och milj\u00f6p\u00e5verkan genom att inte k\u00f6ra l\u00e5nga str\u00e4ckor med tomma lastbilar.\t<\/p>\n<div class=\"qodef-m-mark\">\n\t<svg class=\"qodef-svg--plus\" xmlns=\"http:\/\/www.w3.org\/2000\/svg\" xmlns:xlink=\"http:\/\/www.w3.org\/1999\/xlink\" width=\"14\" height=\"14\" viewBox=\"0 0 14 14\"><path class=\"qodef-m-horizontal\" d=\"M0,0H14V2H0Z\" transform=\"translate(0 6)\" \/><path class=\"qodef-m-vertical\" d=\"M0,0H2V14H0Z\" transform=\"translate(6)\" \/><\/svg><\/div>\n<\/div>\n<div class=\"qodef-m-content\">\n\t<\/div>\n\t\t\t\t\t\t\t\t\t\t\t<div class=\"qodef-m-navigation\">\n\t\t<h4 class=\"qodef-m-title\">\n\t\tEuropeisk t\u00e4ckning\t<\/h4>\n\t<p class=\"qodef-m-tagline\">\n\t\tVi erbjuder stor flexibilitet och snabbhet inom Europa.\t<\/p>\n<div class=\"qodef-m-mark\">\n\t<svg class=\"qodef-svg--plus\" xmlns=\"http:\/\/www.w3.org\/2000\/svg\" xmlns:xlink=\"http:\/\/www.w3.org\/1999\/xlink\" width=\"14\" height=\"14\" viewBox=\"0 0 14 14\"><path class=\"qodef-m-horizontal\" d=\"M0,0H14V2H0Z\" transform=\"translate(0 6)\" \/><path class=\"qodef-m-vertical\" d=\"M0,0H2V14H0Z\" transform=\"translate(6)\" \/><\/svg><\/div>\n<\/div>\n<div class=\"qodef-m-content\">\n\t\t<p class=\"qodef-m-text\">\n\t\tEftersom vi f\u00f6rlitar oss p\u00e5 ett logistikn\u00e4tverk som har funnits i mer \u00e4n 25 \u00e5r.\t<\/p>\n<\/div>\n\t\t\t\t\t\t\t\t\t\t\t<div class=\"qodef-m-navigation\">\n\t\t<h4 class=\"qodef-m-title\">\n\t\tSp\u00e5rbarhet och konnektivitet\t<\/h4>\n\t<p class=\"qodef-m-tagline\">\n\t\tGPS-sp\u00e5rning under hela transporten.\t<\/p>\n<div class=\"qodef-m-mark\">\n\t<svg class=\"qodef-svg--plus\" xmlns=\"http:\/\/www.w3.org\/2000\/svg\" xmlns:xlink=\"http:\/\/www.w3.org\/1999\/xlink\" width=\"14\" height=\"14\" viewBox=\"0 0 14 14\"><path class=\"qodef-m-horizontal\" d=\"M0,0H14V2H0Z\" transform=\"translate(0 6)\" \/><path class=\"qodef-m-vertical\" d=\"M0,0H2V14H0Z\" transform=\"translate(6)\" \/><\/svg><\/div>\n<\/div>\n<div class=\"qodef-m-content\">\n\t\t<p class=\"qodef-m-text\">\n\t\tL\u00e4ttanv\u00e4nda verktyg f\u00f6r hantering och sp\u00e5rning av last, f\u00f6rfr\u00e5gningar om offerter och h\u00e4mtning, korrekta fakturor.\t<\/p>\n<\/div>\n\t\t\t\t\t\t<\/div>\n<\/div>\n\t\t\t\t<\/div>\n\t\t\t\t<\/div>\n\t\t\t\t\t<\/div>\n\t\t<\/div>\n\t\t\t\t\t<\/div>\n\t\t<\/section>\n\t\t\t\t<section class=\"elementor-section elementor-top-section elementor-element elementor-element-3c19e96 elementor-section-full_width elementor-section-height-default elementor-section-height-default qodef-elementor-content-no\" data-id=\"3c19e96\" data-element_type=\"section\" data-e-type=\"section\">\n\t\t\t\t\t\t<div class=\"elementor-container elementor-column-gap-no\">\n\t\t\t\t\t<div class=\"elementor-column elementor-col-100 elementor-top-column elementor-element elementor-element-f06d5de\" data-id=\"f06d5de\" data-element_type=\"column\" data-e-type=\"column\">\n\t\t\t<div class=\"elementor-widget-wrap elementor-element-populated\">\n\t\t\t\t\t\t<div class=\"elementor-element elementor-element-ff3f2a6 elementor-widget elementor-widget-image\" data-id=\"ff3f2a6\" data-element_type=\"widget\" data-e-type=\"widget\" data-widget_type=\"image.default\">\n\t\t\t\t<div class=\"elementor-widget-container\">\n\t\t\t\t\t\t\t\t\t\t\t\t\t\t\t<img decoding=\"async\" width=\"2560\" height=\"1000\" src=\"https:\/\/tw-group.com\/wp-content\/uploads\/2023\/02\/SERVICIOS-FTL.jpg\" class=\"attachment-full size-full wp-image-23369\" alt=\"\" srcset=\"https:\/\/tw-group.com\/wp-content\/uploads\/2023\/02\/SERVICIOS-FTL.jpg 2560w, https:\/\/tw-group.com\/wp-content\/uploads\/2023\/02\/SERVICIOS-FTL-300x117.jpg 300w, https:\/\/tw-group.com\/wp-content\/uploads\/2023\/02\/SERVICIOS-FTL-1024x400.jpg 1024w, https:\/\/tw-group.com\/wp-content\/uploads\/2023\/02\/SERVICIOS-FTL-768x300.jpg 768w, https:\/\/tw-group.com\/wp-content\/uploads\/2023\/02\/SERVICIOS-FTL-1536x600.jpg 1536w, https:\/\/tw-group.com\/wp-content\/uploads\/2023\/02\/SERVICIOS-FTL-2048x800.jpg 2048w\" sizes=\"(max-width: 2560px) 100vw, 2560px\" \/>\t\t\t\t\t\t\t\t\t\t\t\t\t\t\t<\/div>\n\t\t\t\t<\/div>\n\t\t\t\t\t<\/div>\n\t\t<\/div>\n\t\t\t\t\t<\/div>\n\t\t<\/section>\n\t\t\t\t<\/div>\n\t\t","protected":false},"excerpt":{"rendered":"<p>LTL-dellaster och partier Vi har ett omfattande n\u00e4tverk i Europa och specifik teknik f\u00f6r att vara en tillf\u00f6rlitlig leverant\u00f6r av styckegods. Se FTL Avdelning specialiserad p\u00e5 dellaster Vi optimerar rutterna. Vi har kapacitet att kombinera f\u00f6rs\u00e4ndelser fr\u00e5n olika f\u00f6retag och kan hitta last f\u00f6r att fylla returfordonet efter leverans. De flesta f\u00f6rs\u00e4ndelser h\u00e4mtas och l\u00e4mnas [&hellip;]<\/p>\n","protected":false},"author":1,"featured_media":23438,"parent":0,"menu_order":0,"comment_status":"closed","ping_status":"closed","template":"page-full-width.php","meta":{"footnotes":""},"class_list":["post-23482","page","type-page","status-publish","has-post-thumbnail","hentry"],"yoast_head":"<!-- This site is optimized with the Yoast SEO plugin v27.3 - https:\/\/yoast.com\/product\/yoast-seo-wordpress\/ -->\n<title>Cargas parciales LTL y lotes - TW Group<\/title>\n<meta name=\"description\" content=\"Soluciones de transporte de cargas parciales y LTL con reducci\u00f3n de coste en los env\u00edos y el impacto medioambiental al no realizar kil\u00f3metros con los camiones vac\u00edos. Fiabilidad de entregas en 24\/72h.\" \/>\n<meta name=\"robots\" content=\"index, follow, max-snippet:-1, max-image-preview:large, max-video-preview:-1\" \/>\n<link rel=\"canonical\" href=\"https:\/\/tw-group.com\/sv\/ltl\/\" \/>\n<meta property=\"og:locale\" content=\"sv_SE\" \/>\n<meta property=\"og:type\" content=\"article\" \/>\n<meta property=\"og:title\" content=\"Cargas parciales LTL y lotes - TW Group\" \/>\n<meta property=\"og:description\" content=\"Soluciones de transporte de cargas parciales y LTL con reducci\u00f3n de coste en los env\u00edos y el impacto medioambiental al no realizar kil\u00f3metros con los camiones vac\u00edos. Fiabilidad de entregas en 24\/72h.\" \/>\n<meta property=\"og:url\" content=\"https:\/\/tw-group.com\/sv\/ltl\/\" \/>\n<meta property=\"og:site_name\" content=\"TW Group\" \/>\n<meta property=\"article:modified_time\" content=\"2023-03-28T07:50:02+00:00\" \/>\n<meta property=\"og:image\" content=\"https:\/\/tw-group.com\/wp-content\/uploads\/2023\/03\/LTL_Sostenibilidad.png\" \/>\n\t<meta property=\"og:image:width\" content=\"900\" \/>\n\t<meta property=\"og:image:height\" content=\"640\" \/>\n\t<meta property=\"og:image:type\" content=\"image\/png\" \/>\n<meta name=\"twitter:card\" content=\"summary_large_image\" \/>\n<script type=\"application\/ld+json\" class=\"yoast-schema-graph\">{\"@context\":\"https:\\\/\\\/schema.org\",\"@graph\":[{\"@type\":\"WebPage\",\"@id\":\"https:\\\/\\\/tw-group.com\\\/sv\\\/ltl\\\/\",\"url\":\"https:\\\/\\\/tw-group.com\\\/sv\\\/ltl\\\/\",\"name\":\"Cargas parciales LTL y lotes - TW Group\",\"isPartOf\":{\"@id\":\"https:\\\/\\\/tw-group.com\\\/sv\\\/#website\"},\"primaryImageOfPage\":{\"@id\":\"https:\\\/\\\/tw-group.com\\\/sv\\\/ltl\\\/#primaryimage\"},\"image\":{\"@id\":\"https:\\\/\\\/tw-group.com\\\/sv\\\/ltl\\\/#primaryimage\"},\"thumbnailUrl\":\"https:\\\/\\\/tw-group.com\\\/wp-content\\\/uploads\\\/2023\\\/03\\\/LTL_Sostenibilidad.png\",\"datePublished\":\"2023-01-09T15:37:22+00:00\",\"dateModified\":\"2023-03-28T07:50:02+00:00\",\"description\":\"Soluciones de transporte de cargas parciales y LTL con reducci\u00f3n de coste en los env\u00edos y el impacto medioambiental al no realizar kil\u00f3metros con los camiones vac\u00edos. Fiabilidad de entregas en 24\\\/72h.\",\"breadcrumb\":{\"@id\":\"https:\\\/\\\/tw-group.com\\\/sv\\\/ltl\\\/#breadcrumb\"},\"inLanguage\":\"sv-SE\",\"potentialAction\":[{\"@type\":\"ReadAction\",\"target\":[\"https:\\\/\\\/tw-group.com\\\/sv\\\/ltl\\\/\"]}]},{\"@type\":\"ImageObject\",\"inLanguage\":\"sv-SE\",\"@id\":\"https:\\\/\\\/tw-group.com\\\/sv\\\/ltl\\\/#primaryimage\",\"url\":\"https:\\\/\\\/tw-group.com\\\/wp-content\\\/uploads\\\/2023\\\/03\\\/LTL_Sostenibilidad.png\",\"contentUrl\":\"https:\\\/\\\/tw-group.com\\\/wp-content\\\/uploads\\\/2023\\\/03\\\/LTL_Sostenibilidad.png\",\"width\":900,\"height\":640},{\"@type\":\"BreadcrumbList\",\"@id\":\"https:\\\/\\\/tw-group.com\\\/sv\\\/ltl\\\/#breadcrumb\",\"itemListElement\":[{\"@type\":\"ListItem\",\"position\":1,\"name\":\"Portada\",\"item\":\"https:\\\/\\\/tw-group.com\\\/sv\\\/?lang=sv\"},{\"@type\":\"ListItem\",\"position\":2,\"name\":\"LTL\"}]},{\"@type\":\"WebSite\",\"@id\":\"https:\\\/\\\/tw-group.com\\\/sv\\\/#website\",\"url\":\"https:\\\/\\\/tw-group.com\\\/sv\\\/\",\"name\":\"TW Group\",\"description\":\"\",\"potentialAction\":[{\"@type\":\"SearchAction\",\"target\":{\"@type\":\"EntryPoint\",\"urlTemplate\":\"https:\\\/\\\/tw-group.com\\\/sv\\\/?s={search_term_string}\"},\"query-input\":{\"@type\":\"PropertyValueSpecification\",\"valueRequired\":true,\"valueName\":\"search_term_string\"}}],\"inLanguage\":\"sv-SE\"}]}<\/script>\n<!-- \/ Yoast SEO plugin. -->","yoast_head_json":{"title":"Cargas parciales LTL y lotes - TW Group","description":"Soluciones de transporte de cargas parciales y LTL con reducci\u00f3n de coste en los env\u00edos y el impacto medioambiental al no realizar kil\u00f3metros con los camiones vac\u00edos. Fiabilidad de entregas en 24\/72h.","robots":{"index":"index","follow":"follow","max-snippet":"max-snippet:-1","max-image-preview":"max-image-preview:large","max-video-preview":"max-video-preview:-1"},"canonical":"https:\/\/tw-group.com\/sv\/ltl\/","og_locale":"sv_SE","og_type":"article","og_title":"Cargas parciales LTL y lotes - TW Group","og_description":"Soluciones de transporte de cargas parciales y LTL con reducci\u00f3n de coste en los env\u00edos y el impacto medioambiental al no realizar kil\u00f3metros con los camiones vac\u00edos. Fiabilidad de entregas en 24\/72h.","og_url":"https:\/\/tw-group.com\/sv\/ltl\/","og_site_name":"TW Group","article_modified_time":"2023-03-28T07:50:02+00:00","og_image":[{"width":900,"height":640,"url":"https:\/\/tw-group.com\/wp-content\/uploads\/2023\/03\/LTL_Sostenibilidad.png","type":"image\/png"}],"twitter_card":"summary_large_image","schema":{"@context":"https:\/\/schema.org","@graph":[{"@type":"WebPage","@id":"https:\/\/tw-group.com\/sv\/ltl\/","url":"https:\/\/tw-group.com\/sv\/ltl\/","name":"Cargas parciales LTL y lotes - TW Group","isPartOf":{"@id":"https:\/\/tw-group.com\/sv\/#website"},"primaryImageOfPage":{"@id":"https:\/\/tw-group.com\/sv\/ltl\/#primaryimage"},"image":{"@id":"https:\/\/tw-group.com\/sv\/ltl\/#primaryimage"},"thumbnailUrl":"https:\/\/tw-group.com\/wp-content\/uploads\/2023\/03\/LTL_Sostenibilidad.png","datePublished":"2023-01-09T15:37:22+00:00","dateModified":"2023-03-28T07:50:02+00:00","description":"Soluciones de transporte de cargas parciales y LTL con reducci\u00f3n de coste en los env\u00edos y el impacto medioambiental al no realizar kil\u00f3metros con los camiones vac\u00edos. Fiabilidad de entregas en 24\/72h.","breadcrumb":{"@id":"https:\/\/tw-group.com\/sv\/ltl\/#breadcrumb"},"inLanguage":"sv-SE","potentialAction":[{"@type":"ReadAction","target":["https:\/\/tw-group.com\/sv\/ltl\/"]}]},{"@type":"ImageObject","inLanguage":"sv-SE","@id":"https:\/\/tw-group.com\/sv\/ltl\/#primaryimage","url":"https:\/\/tw-group.com\/wp-content\/uploads\/2023\/03\/LTL_Sostenibilidad.png","contentUrl":"https:\/\/tw-group.com\/wp-content\/uploads\/2023\/03\/LTL_Sostenibilidad.png","width":900,"height":640},{"@type":"BreadcrumbList","@id":"https:\/\/tw-group.com\/sv\/ltl\/#breadcrumb","itemListElement":[{"@type":"ListItem","position":1,"name":"Portada","item":"https:\/\/tw-group.com\/sv\/?lang=sv"},{"@type":"ListItem","position":2,"name":"LTL"}]},{"@type":"WebSite","@id":"https:\/\/tw-group.com\/sv\/#website","url":"https:\/\/tw-group.com\/sv\/","name":"TW Group","description":"","potentialAction":[{"@type":"SearchAction","target":{"@type":"EntryPoint","urlTemplate":"https:\/\/tw-group.com\/sv\/?s={search_term_string}"},"query-input":{"@type":"PropertyValueSpecification","valueRequired":true,"valueName":"search_term_string"}}],"inLanguage":"sv-SE"}]}},"_links":{"self":[{"href":"https:\/\/tw-group.com\/sv\/wp-json\/wp\/v2\/pages\/23482","targetHints":{"allow":["GET"]}}],"collection":[{"href":"https:\/\/tw-group.com\/sv\/wp-json\/wp\/v2\/pages"}],"about":[{"href":"https:\/\/tw-group.com\/sv\/wp-json\/wp\/v2\/types\/page"}],"author":[{"embeddable":true,"href":"https:\/\/tw-group.com\/sv\/wp-json\/wp\/v2\/users\/1"}],"replies":[{"embeddable":true,"href":"https:\/\/tw-group.com\/sv\/wp-json\/wp\/v2\/comments?post=23482"}],"version-history":[{"count":0,"href":"https:\/\/tw-group.com\/sv\/wp-json\/wp\/v2\/pages\/23482\/revisions"}],"wp:featuredmedia":[{"embeddable":true,"href":"https:\/\/tw-group.com\/sv\/wp-json\/wp\/v2\/media\/23438"}],"wp:attachment":[{"href":"https:\/\/tw-group.com\/sv\/wp-json\/wp\/v2\/media?parent=23482"}],"curies":[{"name":"wp","href":"https:\/\/api.w.org\/{rel}","templated":true}]}}