{"id":23476,"date":"2023-01-09T16:41:39","date_gmt":"2023-01-09T15:41:39","guid":{"rendered":"https:\/\/tw-group.com\/forwarding\/"},"modified":"2023-03-28T09:59:53","modified_gmt":"2023-03-28T07:59:53","slug":"forwarding","status":"publish","type":"page","link":"https:\/\/tw-group.com\/sv\/forwarding\/","title":{"rendered":"Forwarding"},"content":{"rendered":"\t\t<div data-elementor-type=\"wp-page\" data-elementor-id=\"23476\" class=\"elementor elementor-23476 elementor-16326\" data-elementor-post-type=\"page\">\n\t\t\t\t\t\t<section class=\"elementor-section elementor-top-section elementor-element elementor-element-6be75ae elementor-section-full_width qodef-elementor-content-grid elementor-section-height-default elementor-section-height-default\" data-id=\"6be75ae\" data-element_type=\"section\" data-e-type=\"section\" data-settings=\"{&quot;background_background&quot;:&quot;classic&quot;}\">\n\t\t\t\t\t\t<div class=\"elementor-container elementor-column-gap-no\">\n\t\t\t\t\t<div class=\"elementor-column elementor-col-100 elementor-top-column elementor-element elementor-element-711f343\" data-id=\"711f343\" data-element_type=\"column\" data-e-type=\"column\">\n\t\t\t<div class=\"elementor-widget-wrap elementor-element-populated\">\n\t\t\t\t\t\t<div class=\"elementor-element elementor-element-d103dd9 elementor-widget elementor-widget-globefarer_core_divided_image_info\" data-id=\"d103dd9\" data-element_type=\"widget\" data-e-type=\"widget\" data-widget_type=\"globefarer_core_divided_image_info.default\">\n\t\t\t\t<div class=\"elementor-widget-container\">\n\t\t\t\t\t<div class=\"qodef-shortcode qodef-m  qodef-divided-image-info qodef-layout--image-left qodef-separator--on qodef-vertically-centered--on qodef-breakpoint--1024 qodef-appear-animation--no \">\n\t\t<div class=\"qodef-m-image\" style=\"width: 51.5%;padding-right: 3%\">\n\t\t<img fetchpriority=\"high\" decoding=\"async\" width=\"975\" height=\"518\" src=\"https:\/\/tw-group.com\/wp-content\/uploads\/2023\/02\/TW-Logistics-Forwarding.jpg\" class=\"attachment-full size-full\" alt=\"TW Logistics Global forwarding\" srcset=\"https:\/\/tw-group.com\/wp-content\/uploads\/2023\/02\/TW-Logistics-Forwarding.jpg 975w, https:\/\/tw-group.com\/wp-content\/uploads\/2023\/02\/TW-Logistics-Forwarding-300x159.jpg 300w, https:\/\/tw-group.com\/wp-content\/uploads\/2023\/02\/TW-Logistics-Forwarding-768x408.jpg 768w\" sizes=\"(max-width: 975px) 100vw, 975px\" \/>\t<\/div>\n<div class=\"qodef-m-content\" style=\"margin-top: 0px;padding-left: 4%\">\n\t\t\t<h2 itemprop=\"name\" class=\"qodef-m-title\" style=\"margin-bottom: 29px\">\n\tVi \u00e4r en spedit\u00f6r\t<\/h2>\n\t<p class=\"qodef-m-text\" >\n\t\tVi organiserar sj\u00f6- och flygtransporter, samt planerar och samordnar leveranser \u00f6ver gr\u00e4nserna. Det g\u00f6r vi p\u00e5 ett personligt s\u00e4tt med h\u00e4nsyn till v\u00e5ra kunders intressen.\t<\/p>\n\t<a class=\"qodef-shortcode qodef-m qodef-m-button qodef-button qodef-layout--textual  qodef-html--link\" href=\"\/multimodal\/?lang=sv-sv\" target=\"_self\"  >\t\t\t<span class=\"qodef-m-button-icon\"><svg class=\"qodef-svg--plus\" xmlns=\"http:\/\/www.w3.org\/2000\/svg\" xmlns:xlink=\"http:\/\/www.w3.org\/1999\/xlink\" width=\"14\" height=\"14\" viewBox=\"0 0 14 14\"><path class=\"qodef-m-horizontal\" d=\"M0,0H14V2H0Z\" transform=\"translate(0 6)\" \/><path class=\"qodef-m-vertical\" d=\"M0,0H2V14H0Z\" transform=\"translate(6)\" \/><\/svg><\/span>\t\t\t\t<span class=\"qodef-m-button-text\">Se multimodal<br \/><\/span>\t<\/a><\/div>\n<\/div>\n\t\t\t\t<\/div>\n\t\t\t\t<\/div>\n\t\t\t\t\t<\/div>\n\t\t<\/div>\n\t\t\t\t\t<\/div>\n\t\t<\/section>\n\t\t\t\t<section class=\"elementor-section elementor-top-section elementor-element elementor-element-c7bb1a5 qodef-elementor-content-grid elementor-section-full_width elementor-section-height-default elementor-section-height-default\" data-id=\"c7bb1a5\" data-element_type=\"section\" data-e-type=\"section\">\n\t\t\t\t\t\t<div class=\"elementor-container elementor-column-gap-no\">\n\t\t\t\t\t<div class=\"elementor-column elementor-col-100 elementor-top-column elementor-element elementor-element-77bf071\" data-id=\"77bf071\" data-element_type=\"column\" data-e-type=\"column\">\n\t\t\t<div class=\"elementor-widget-wrap elementor-element-populated\">\n\t\t\t\t\t\t<div class=\"elementor-element elementor-element-c91e60f elementor-widget elementor-widget-globefarer_core_accordion_info\" data-id=\"c91e60f\" data-element_type=\"widget\" data-e-type=\"widget\" data-widget_type=\"globefarer_core_accordion_info.default\">\n\t\t\t\t<div class=\"elementor-widget-container\">\n\t\t\t\t\t<div class=\"qodef-shortcode qodef-m  qodef-accordion-info qodef-behavior--accordion qodef-layout--extended-compact \">\n\t<div class=\"qodef-m-heading\">\n\t\t<h6 class=\"qodef-m-heading-title\">\n\t\tTj\u00e4nster\t<\/h6>\n\t<h6 class=\"qodef-m-heading-tagline\">\n\t\tL\u00f6sningar\t<\/h6>\n<\/div>\n\t<div class=\"qodef-accordion-info-inner\">\n\t\t\t\t\t\t\t\t\t\t\t\t\t<div class=\"qodef-m-navigation\">\n\t\t<h4 class=\"qodef-m-title\">\n\t\tInternationell samlastning\t<\/h4>\n\t<p class=\"qodef-m-tagline\">\n\t\tVi har ett internationellt distributionsn\u00e4tverk.\t<\/p>\n<div class=\"qodef-m-mark\">\n\t<svg class=\"qodef-svg--plus\" xmlns=\"http:\/\/www.w3.org\/2000\/svg\" xmlns:xlink=\"http:\/\/www.w3.org\/1999\/xlink\" width=\"14\" height=\"14\" viewBox=\"0 0 14 14\"><path class=\"qodef-m-horizontal\" d=\"M0,0H14V2H0Z\" transform=\"translate(0 6)\" \/><path class=\"qodef-m-vertical\" d=\"M0,0H2V14H0Z\" transform=\"translate(6)\" \/><\/svg><\/div>\n<\/div>\n<div class=\"qodef-m-content\">\n\t\t<p class=\"qodef-m-text\">\n\t\tVi transporterar varor fr\u00e5n alla st\u00f6rre europeiska st\u00e4der.\t<\/p>\n<\/div>\n\t\t\t\t\t\t\t\t\t\t\t<div class=\"qodef-m-navigation\">\n\t\t<h4 class=\"qodef-m-title\">\n\t\tTullklarering och r\u00e5dgivning\t<\/h4>\n\t<p class=\"qodef-m-tagline\">\n\t\tVi har ett team med expertis inom spedition f\u00f6r att v\u00e4gleda och \u00f6vervaka de administrativa processerna.\t<\/p>\n<div class=\"qodef-m-mark\">\n\t<svg class=\"qodef-svg--plus\" xmlns=\"http:\/\/www.w3.org\/2000\/svg\" xmlns:xlink=\"http:\/\/www.w3.org\/1999\/xlink\" width=\"14\" height=\"14\" viewBox=\"0 0 14 14\"><path class=\"qodef-m-horizontal\" d=\"M0,0H14V2H0Z\" transform=\"translate(0 6)\" \/><path class=\"qodef-m-vertical\" d=\"M0,0H2V14H0Z\" transform=\"translate(6)\" \/><\/svg><\/div>\n<\/div>\n<div class=\"qodef-m-content\">\n\t\t<p class=\"qodef-m-text\">\n\t\tVi k\u00e4nner till varje lands lagar och best\u00e4mmelser och vi ger r\u00e5d om transportplanen. Att ta med sig varor in i ett land som inte \u00e4r godk\u00e4nda av myndigheterna sl\u00f6sar b\u00e5de tid och pengar.\t<\/p>\n<\/div>\n\t\t\t\t\t\t\t\t\t\t\t<div class=\"qodef-m-navigation\">\n\t\t<h4 class=\"qodef-m-title\">\n\t\tExpresstj\u00e4nst\t<\/h4>\n\t<p class=\"qodef-m-tagline\">\n\t\tLeveranser fr\u00e5n d\u00f6rr till d\u00f6rr med ett urval av snabba rutter och dagliga avg\u00e5ngar.\t<\/p>\n<div class=\"qodef-m-mark\">\n\t<svg class=\"qodef-svg--plus\" xmlns=\"http:\/\/www.w3.org\/2000\/svg\" xmlns:xlink=\"http:\/\/www.w3.org\/1999\/xlink\" width=\"14\" height=\"14\" viewBox=\"0 0 14 14\"><path class=\"qodef-m-horizontal\" d=\"M0,0H14V2H0Z\" transform=\"translate(0 6)\" \/><path class=\"qodef-m-vertical\" d=\"M0,0H2V14H0Z\" transform=\"translate(6)\" \/><\/svg><\/div>\n<\/div>\n<div class=\"qodef-m-content\">\n\t<\/div>\n\t\t\t\t\t\t\t\t\t\t\t<div class=\"qodef-m-navigation\">\n\t\t<h4 class=\"qodef-m-title\">\n\t\tTransport och logistik av varor i kontrollerad milj\u00f6 och temperatur.\t<\/h4>\n\t<p class=\"qodef-m-tagline\">\n\t\tV\u00e5ra tj\u00e4nster omfattar alla temperaturer: fryst, kylt och torrt.\t<\/p>\n<div class=\"qodef-m-mark\">\n\t<svg class=\"qodef-svg--plus\" xmlns=\"http:\/\/www.w3.org\/2000\/svg\" xmlns:xlink=\"http:\/\/www.w3.org\/1999\/xlink\" width=\"14\" height=\"14\" viewBox=\"0 0 14 14\"><path class=\"qodef-m-horizontal\" d=\"M0,0H14V2H0Z\" transform=\"translate(0 6)\" \/><path class=\"qodef-m-vertical\" d=\"M0,0H2V14H0Z\" transform=\"translate(6)\" \/><\/svg><\/div>\n<\/div>\n<div class=\"qodef-m-content\">\n\t\t<p class=\"qodef-m-text\">\n\t\tVi transporterar, lagrar, hantera och distribuerar temperaturkontrollerade varor, tack vare v\u00e5rt n\u00e4tverk som specialiserat sig p\u00e5 att h\u00e5lla kylkedjan.\t<\/p>\n<\/div>\n\t\t\t\t\t\t<\/div>\n<\/div>\n\t\t\t\t<\/div>\n\t\t\t\t<\/div>\n\t\t\t\t\t<\/div>\n\t\t<\/div>\n\t\t\t\t\t<\/div>\n\t\t<\/section>\n\t\t\t\t<section class=\"elementor-section elementor-top-section elementor-element elementor-element-3f831c0 elementor-section-full_width elementor-section-height-default elementor-section-height-default qodef-elementor-content-no\" data-id=\"3f831c0\" data-element_type=\"section\" data-e-type=\"section\">\n\t\t\t\t\t\t<div class=\"elementor-container elementor-column-gap-no\">\n\t\t\t\t\t<div class=\"elementor-column elementor-col-100 elementor-top-column elementor-element elementor-element-5f1ee92\" data-id=\"5f1ee92\" data-element_type=\"column\" data-e-type=\"column\">\n\t\t\t<div class=\"elementor-widget-wrap elementor-element-populated\">\n\t\t\t\t\t\t<div class=\"elementor-element elementor-element-be6337b elementor-widget elementor-widget-image\" data-id=\"be6337b\" data-element_type=\"widget\" data-e-type=\"widget\" data-widget_type=\"image.default\">\n\t\t\t\t<div class=\"elementor-widget-container\">\n\t\t\t\t\t\t\t\t\t\t\t\t\t\t\t<img decoding=\"async\" width=\"2560\" height=\"1000\" src=\"https:\/\/tw-group.com\/wp-content\/uploads\/2023\/02\/TW-Logistics-Forwarding-2.jpg\" class=\"attachment-full size-full wp-image-23390\" alt=\"\" srcset=\"https:\/\/tw-group.com\/wp-content\/uploads\/2023\/02\/TW-Logistics-Forwarding-2.jpg 2560w, https:\/\/tw-group.com\/wp-content\/uploads\/2023\/02\/TW-Logistics-Forwarding-2-300x117.jpg 300w, https:\/\/tw-group.com\/wp-content\/uploads\/2023\/02\/TW-Logistics-Forwarding-2-1024x400.jpg 1024w, https:\/\/tw-group.com\/wp-content\/uploads\/2023\/02\/TW-Logistics-Forwarding-2-768x300.jpg 768w, https:\/\/tw-group.com\/wp-content\/uploads\/2023\/02\/TW-Logistics-Forwarding-2-1536x600.jpg 1536w, https:\/\/tw-group.com\/wp-content\/uploads\/2023\/02\/TW-Logistics-Forwarding-2-2048x800.jpg 2048w\" sizes=\"(max-width: 2560px) 100vw, 2560px\" \/>\t\t\t\t\t\t\t\t\t\t\t\t\t\t\t<\/div>\n\t\t\t\t<\/div>\n\t\t\t\t\t<\/div>\n\t\t<\/div>\n\t\t\t\t\t<\/div>\n\t\t<\/section>\n\t\t\t\t<\/div>\n\t\t","protected":false},"excerpt":{"rendered":"<p>Vi \u00e4r en spedit\u00f6r Vi organiserar sj\u00f6- och flygtransporter, samt planerar och samordnar leveranser \u00f6ver gr\u00e4nserna. Det g\u00f6r vi p\u00e5 ett personligt s\u00e4tt med h\u00e4nsyn till v\u00e5ra kunders intressen. Se multimodal Tj\u00e4nster L\u00f6sningar Internationell samlastning Vi har ett internationellt distributionsn\u00e4tverk. Vi transporterar varor fr\u00e5n alla st\u00f6rre europeiska st\u00e4der. Tullklarering och r\u00e5dgivning Vi har ett team [&hellip;]<\/p>\n","protected":false},"author":1,"featured_media":23439,"parent":0,"menu_order":0,"comment_status":"closed","ping_status":"closed","template":"page-full-width.php","meta":{"footnotes":""},"class_list":["post-23476","page","type-page","status-publish","has-post-thumbnail","hentry"],"yoast_head":"<!-- This site is optimized with the Yoast SEO plugin v27.3 - https:\/\/yoast.com\/product\/yoast-seo-wordpress\/ -->\n<title>Freight forwarding - TW Group<\/title>\n<meta name=\"description\" content=\"Gestionamos el transporte mar\u00edtimo y a\u00e9reo, la planificaci\u00f3n y la coordinaci\u00f3n de las mercanc\u00edas, a trav\u00e9s de las fronteras. De manera personalizada y atendiendo los intereses de los clientes.\" \/>\n<meta name=\"robots\" content=\"index, follow, max-snippet:-1, max-image-preview:large, max-video-preview:-1\" \/>\n<link rel=\"canonical\" href=\"https:\/\/tw-group.com\/sv\/forwarding\/\" \/>\n<meta property=\"og:locale\" content=\"sv_SE\" \/>\n<meta property=\"og:type\" content=\"article\" \/>\n<meta property=\"og:title\" content=\"Freight forwarding - TW Group\" \/>\n<meta property=\"og:description\" content=\"Gestionamos el transporte mar\u00edtimo y a\u00e9reo, la planificaci\u00f3n y la coordinaci\u00f3n de las mercanc\u00edas, a trav\u00e9s de las fronteras. De manera personalizada y atendiendo los intereses de los clientes.\" \/>\n<meta property=\"og:url\" content=\"https:\/\/tw-group.com\/sv\/forwarding\/\" \/>\n<meta property=\"og:site_name\" content=\"TW Group\" \/>\n<meta property=\"article:modified_time\" content=\"2023-03-28T07:59:53+00:00\" \/>\n<meta property=\"og:image\" content=\"https:\/\/tw-group.com\/wp-content\/uploads\/2023\/03\/Forwarding.png\" \/>\n\t<meta property=\"og:image:width\" content=\"900\" \/>\n\t<meta property=\"og:image:height\" content=\"640\" \/>\n\t<meta property=\"og:image:type\" content=\"image\/png\" \/>\n<meta name=\"twitter:card\" content=\"summary_large_image\" \/>\n<script type=\"application\/ld+json\" class=\"yoast-schema-graph\">{\"@context\":\"https:\\\/\\\/schema.org\",\"@graph\":[{\"@type\":\"WebPage\",\"@id\":\"https:\\\/\\\/tw-group.com\\\/sv\\\/forwarding\\\/\",\"url\":\"https:\\\/\\\/tw-group.com\\\/sv\\\/forwarding\\\/\",\"name\":\"Freight forwarding - TW Group\",\"isPartOf\":{\"@id\":\"https:\\\/\\\/tw-group.com\\\/sv\\\/#website\"},\"primaryImageOfPage\":{\"@id\":\"https:\\\/\\\/tw-group.com\\\/sv\\\/forwarding\\\/#primaryimage\"},\"image\":{\"@id\":\"https:\\\/\\\/tw-group.com\\\/sv\\\/forwarding\\\/#primaryimage\"},\"thumbnailUrl\":\"https:\\\/\\\/tw-group.com\\\/wp-content\\\/uploads\\\/2023\\\/03\\\/Forwarding.png\",\"datePublished\":\"2023-01-09T15:41:39+00:00\",\"dateModified\":\"2023-03-28T07:59:53+00:00\",\"description\":\"Gestionamos el transporte mar\u00edtimo y a\u00e9reo, la planificaci\u00f3n y la coordinaci\u00f3n de las mercanc\u00edas, a trav\u00e9s de las fronteras. De manera personalizada y atendiendo los intereses de los clientes.\",\"breadcrumb\":{\"@id\":\"https:\\\/\\\/tw-group.com\\\/sv\\\/forwarding\\\/#breadcrumb\"},\"inLanguage\":\"sv-SE\",\"potentialAction\":[{\"@type\":\"ReadAction\",\"target\":[\"https:\\\/\\\/tw-group.com\\\/sv\\\/forwarding\\\/\"]}]},{\"@type\":\"ImageObject\",\"inLanguage\":\"sv-SE\",\"@id\":\"https:\\\/\\\/tw-group.com\\\/sv\\\/forwarding\\\/#primaryimage\",\"url\":\"https:\\\/\\\/tw-group.com\\\/wp-content\\\/uploads\\\/2023\\\/03\\\/Forwarding.png\",\"contentUrl\":\"https:\\\/\\\/tw-group.com\\\/wp-content\\\/uploads\\\/2023\\\/03\\\/Forwarding.png\",\"width\":900,\"height\":640},{\"@type\":\"BreadcrumbList\",\"@id\":\"https:\\\/\\\/tw-group.com\\\/sv\\\/forwarding\\\/#breadcrumb\",\"itemListElement\":[{\"@type\":\"ListItem\",\"position\":1,\"name\":\"Portada\",\"item\":\"https:\\\/\\\/tw-group.com\\\/sv\\\/?lang=sv\"},{\"@type\":\"ListItem\",\"position\":2,\"name\":\"Forwarding\"}]},{\"@type\":\"WebSite\",\"@id\":\"https:\\\/\\\/tw-group.com\\\/sv\\\/#website\",\"url\":\"https:\\\/\\\/tw-group.com\\\/sv\\\/\",\"name\":\"TW Group\",\"description\":\"\",\"potentialAction\":[{\"@type\":\"SearchAction\",\"target\":{\"@type\":\"EntryPoint\",\"urlTemplate\":\"https:\\\/\\\/tw-group.com\\\/sv\\\/?s={search_term_string}\"},\"query-input\":{\"@type\":\"PropertyValueSpecification\",\"valueRequired\":true,\"valueName\":\"search_term_string\"}}],\"inLanguage\":\"sv-SE\"}]}<\/script>\n<!-- \/ Yoast SEO plugin. -->","yoast_head_json":{"title":"Freight forwarding - TW Group","description":"Gestionamos el transporte mar\u00edtimo y a\u00e9reo, la planificaci\u00f3n y la coordinaci\u00f3n de las mercanc\u00edas, a trav\u00e9s de las fronteras. De manera personalizada y atendiendo los intereses de los clientes.","robots":{"index":"index","follow":"follow","max-snippet":"max-snippet:-1","max-image-preview":"max-image-preview:large","max-video-preview":"max-video-preview:-1"},"canonical":"https:\/\/tw-group.com\/sv\/forwarding\/","og_locale":"sv_SE","og_type":"article","og_title":"Freight forwarding - TW Group","og_description":"Gestionamos el transporte mar\u00edtimo y a\u00e9reo, la planificaci\u00f3n y la coordinaci\u00f3n de las mercanc\u00edas, a trav\u00e9s de las fronteras. De manera personalizada y atendiendo los intereses de los clientes.","og_url":"https:\/\/tw-group.com\/sv\/forwarding\/","og_site_name":"TW Group","article_modified_time":"2023-03-28T07:59:53+00:00","og_image":[{"width":900,"height":640,"url":"https:\/\/tw-group.com\/wp-content\/uploads\/2023\/03\/Forwarding.png","type":"image\/png"}],"twitter_card":"summary_large_image","schema":{"@context":"https:\/\/schema.org","@graph":[{"@type":"WebPage","@id":"https:\/\/tw-group.com\/sv\/forwarding\/","url":"https:\/\/tw-group.com\/sv\/forwarding\/","name":"Freight forwarding - TW Group","isPartOf":{"@id":"https:\/\/tw-group.com\/sv\/#website"},"primaryImageOfPage":{"@id":"https:\/\/tw-group.com\/sv\/forwarding\/#primaryimage"},"image":{"@id":"https:\/\/tw-group.com\/sv\/forwarding\/#primaryimage"},"thumbnailUrl":"https:\/\/tw-group.com\/wp-content\/uploads\/2023\/03\/Forwarding.png","datePublished":"2023-01-09T15:41:39+00:00","dateModified":"2023-03-28T07:59:53+00:00","description":"Gestionamos el transporte mar\u00edtimo y a\u00e9reo, la planificaci\u00f3n y la coordinaci\u00f3n de las mercanc\u00edas, a trav\u00e9s de las fronteras. De manera personalizada y atendiendo los intereses de los clientes.","breadcrumb":{"@id":"https:\/\/tw-group.com\/sv\/forwarding\/#breadcrumb"},"inLanguage":"sv-SE","potentialAction":[{"@type":"ReadAction","target":["https:\/\/tw-group.com\/sv\/forwarding\/"]}]},{"@type":"ImageObject","inLanguage":"sv-SE","@id":"https:\/\/tw-group.com\/sv\/forwarding\/#primaryimage","url":"https:\/\/tw-group.com\/wp-content\/uploads\/2023\/03\/Forwarding.png","contentUrl":"https:\/\/tw-group.com\/wp-content\/uploads\/2023\/03\/Forwarding.png","width":900,"height":640},{"@type":"BreadcrumbList","@id":"https:\/\/tw-group.com\/sv\/forwarding\/#breadcrumb","itemListElement":[{"@type":"ListItem","position":1,"name":"Portada","item":"https:\/\/tw-group.com\/sv\/?lang=sv"},{"@type":"ListItem","position":2,"name":"Forwarding"}]},{"@type":"WebSite","@id":"https:\/\/tw-group.com\/sv\/#website","url":"https:\/\/tw-group.com\/sv\/","name":"TW Group","description":"","potentialAction":[{"@type":"SearchAction","target":{"@type":"EntryPoint","urlTemplate":"https:\/\/tw-group.com\/sv\/?s={search_term_string}"},"query-input":{"@type":"PropertyValueSpecification","valueRequired":true,"valueName":"search_term_string"}}],"inLanguage":"sv-SE"}]}},"_links":{"self":[{"href":"https:\/\/tw-group.com\/sv\/wp-json\/wp\/v2\/pages\/23476","targetHints":{"allow":["GET"]}}],"collection":[{"href":"https:\/\/tw-group.com\/sv\/wp-json\/wp\/v2\/pages"}],"about":[{"href":"https:\/\/tw-group.com\/sv\/wp-json\/wp\/v2\/types\/page"}],"author":[{"embeddable":true,"href":"https:\/\/tw-group.com\/sv\/wp-json\/wp\/v2\/users\/1"}],"replies":[{"embeddable":true,"href":"https:\/\/tw-group.com\/sv\/wp-json\/wp\/v2\/comments?post=23476"}],"version-history":[{"count":0,"href":"https:\/\/tw-group.com\/sv\/wp-json\/wp\/v2\/pages\/23476\/revisions"}],"wp:featuredmedia":[{"embeddable":true,"href":"https:\/\/tw-group.com\/sv\/wp-json\/wp\/v2\/media\/23439"}],"wp:attachment":[{"href":"https:\/\/tw-group.com\/sv\/wp-json\/wp\/v2\/media?parent=23476"}],"curies":[{"name":"wp","href":"https:\/\/api.w.org\/{rel}","templated":true}]}}