{"id":23474,"date":"2023-01-09T17:05:41","date_gmt":"2023-01-09T16:05:41","guid":{"rendered":"https:\/\/tw-group.com\/evolucion-y-valores\/"},"modified":"2023-05-25T10:02:20","modified_gmt":"2023-05-25T08:02:20","slug":"utveckling-och-varderingar","status":"publish","type":"page","link":"https:\/\/tw-group.com\/sv\/utveckling-och-varderingar\/","title":{"rendered":"Utveckling och v\u00e4rderingar"},"content":{"rendered":"\t\t<div data-elementor-type=\"wp-page\" data-elementor-id=\"23474\" class=\"elementor elementor-23474 elementor-16361\" data-elementor-post-type=\"page\">\n\t\t\t\t\t\t<section class=\"elementor-section elementor-top-section elementor-element elementor-element-43e09f45 elementor-section-boxed elementor-section-height-default elementor-section-height-default qodef-elementor-content-no\" data-id=\"43e09f45\" data-element_type=\"section\" data-e-type=\"section\">\n\t\t\t\t\t\t<div class=\"elementor-container elementor-column-gap-default\">\n\t\t\t\t\t<div class=\"elementor-column elementor-col-50 elementor-top-column elementor-element elementor-element-58e84684\" data-id=\"58e84684\" data-element_type=\"column\" data-e-type=\"column\">\n\t\t\t<div class=\"elementor-widget-wrap elementor-element-populated\">\n\t\t\t\t\t\t<div class=\"elementor-element elementor-element-3ab12ad elementor-widget elementor-widget-video\" data-id=\"3ab12ad\" data-element_type=\"widget\" data-e-type=\"widget\" data-settings=\"{&quot;video_type&quot;:&quot;hosted&quot;,&quot;controls&quot;:&quot;yes&quot;}\" data-widget_type=\"video.default\">\n\t\t\t\t<div class=\"elementor-widget-container\">\n\t\t\t\t\t\t\t<div class=\"e-hosted-video elementor-wrapper elementor-open-inline\">\n\t\t\t\t\t<video class=\"elementor-video\" src=\"https:\/\/tw-group.com\/video\/TWG_values_EN.mp4\" controls=\"\" preload=\"metadata\" controlsList=\"nodownload\"><\/video>\n\t\t\t\t<\/div>\n\t\t\t\t\t\t<\/div>\n\t\t\t\t<\/div>\n\t\t\t\t\t<\/div>\n\t\t<\/div>\n\t\t\t\t<div class=\"elementor-column elementor-col-50 elementor-top-column elementor-element elementor-element-29398686\" data-id=\"29398686\" data-element_type=\"column\" data-e-type=\"column\">\n\t\t\t<div class=\"elementor-widget-wrap elementor-element-populated\">\n\t\t\t\t\t\t<div class=\"elementor-element elementor-element-57bfd777 elementor-widget elementor-widget-globefarer_core_divided_image_info\" data-id=\"57bfd777\" data-element_type=\"widget\" data-e-type=\"widget\" data-widget_type=\"globefarer_core_divided_image_info.default\">\n\t\t\t\t<div class=\"elementor-widget-container\">\n\t\t\t\t\t<div class=\"qodef-shortcode qodef-m  qodef-divided-image-info qodef-layout--image-left qodef-separator--on qodef-vertically-centered--on qodef-breakpoint--1024 qodef-appear-animation--no \">\n\t<div class=\"qodef-m-content\" style=\"margin-top: 0px;padding-left: 4%\">\n\t\t\t<h2 itemprop=\"name\" class=\"qodef-m-title\" style=\"margin-bottom: 29px\">\n\tVi utvecklas tillsammans med dig\t<\/h2>\n\t<p class=\"qodef-m-text\" >\n\t\tTruck&amp;Wheel - TW Group \u00e4r en etablerad internationell organisation inom logistik- och transportsektorn (TW Logistics) och tillverkning av fordonskomponenter (TW Automotive).\t<\/p>\n\t<a class=\"qodef-shortcode qodef-m qodef-m-button qodef-button qodef-layout--textual  qodef-html--link\" href=\"#\u00a1\" target=\"_blank\"  >\t\t\t<span class=\"qodef-m-button-icon\"><svg class=\"qodef-svg--plus\" xmlns=\"http:\/\/www.w3.org\/2000\/svg\" xmlns:xlink=\"http:\/\/www.w3.org\/1999\/xlink\" width=\"14\" height=\"14\" viewBox=\"0 0 14 14\"><path class=\"qodef-m-horizontal\" d=\"M0,0H14V2H0Z\" transform=\"translate(0 6)\" \/><path class=\"qodef-m-vertical\" d=\"M0,0H2V14H0Z\" transform=\"translate(6)\" \/><\/svg><\/span>\t\t\t\t<span class=\"qodef-m-button-text\">L\u00e4s mer<br \/> om TW Logistics<\/span>\t<\/a><\/div>\n<\/div>\n\t\t\t\t<\/div>\n\t\t\t\t<\/div>\n\t\t\t\t\t<\/div>\n\t\t<\/div>\n\t\t\t\t\t<\/div>\n\t\t<\/section>\n\t\t\t\t<section class=\"elementor-section elementor-top-section elementor-element elementor-element-5faa3d23 qodef-elementor-content-grid elementor-section-full_width elementor-section-height-default elementor-section-height-default\" data-id=\"5faa3d23\" data-element_type=\"section\" data-e-type=\"section\">\n\t\t\t\t\t\t<div class=\"elementor-container elementor-column-gap-no\">\n\t\t\t\t\t<div class=\"elementor-column elementor-col-100 elementor-top-column elementor-element elementor-element-1e731441\" data-id=\"1e731441\" data-element_type=\"column\" data-e-type=\"column\">\n\t\t\t<div class=\"elementor-widget-wrap elementor-element-populated\">\n\t\t\t\t\t\t<div class=\"elementor-element elementor-element-7953ae11 elementor-widget elementor-widget-globefarer_core_accordion_info\" data-id=\"7953ae11\" data-element_type=\"widget\" data-e-type=\"widget\" data-widget_type=\"globefarer_core_accordion_info.default\">\n\t\t\t\t<div class=\"elementor-widget-container\">\n\t\t\t\t\t<div class=\"qodef-shortcode qodef-m  qodef-accordion-info qodef-behavior--accordion qodef-layout--extended-compact \">\n\t<div class=\"qodef-m-heading\">\n\t\t<h6 class=\"qodef-m-heading-title\">\n\t\tKonstitutionen 1998\t<\/h6>\n<\/div>\n\t<div class=\"qodef-accordion-info-inner\">\n\t\t\t\t\t\t\t\t\t\t\t\t\t<div class=\"qodef-m-navigation\">\n\t\t<h4 class=\"qodef-m-title\">\n\t\tTruck&amp;Wheel-TW Group\t<\/h4>\n\t<p class=\"qodef-m-tagline\">\n\t\tF\u00f6retaget grundades 1998 av en grupp yrkesverksamma personer med l\u00e5ng erfarenhet inom logistiksektorn.\t<\/p>\n<div class=\"qodef-m-mark\">\n\t<svg class=\"qodef-svg--plus\" xmlns=\"http:\/\/www.w3.org\/2000\/svg\" xmlns:xlink=\"http:\/\/www.w3.org\/1999\/xlink\" width=\"14\" height=\"14\" viewBox=\"0 0 14 14\"><path class=\"qodef-m-horizontal\" d=\"M0,0H14V2H0Z\" transform=\"translate(0 6)\" \/><path class=\"qodef-m-vertical\" d=\"M0,0H2V14H0Z\" transform=\"translate(6)\" \/><\/svg><\/div>\n<\/div>\n<div class=\"qodef-m-content\">\n\t\t<p class=\"qodef-m-text\">\n\t\tF\u00f6retaget grundades f\u00f6r att erbjuda en personlig och h\u00f6gkvalitativ tj\u00e4nst f\u00f6r transport, lagring och distribution av varor.\t<\/p>\n<\/div>\n\t\t\t\t\t\t\t\t\t\t\t<div class=\"qodef-m-navigation\">\n\t\t<h4 class=\"qodef-m-title\">\n\t\tPionj\u00e4r inom nattdistribution\t<\/h4>\n\t<p class=\"qodef-m-tagline\">\n\t\t\u00c5r 2000 blev f\u00f6retaget ledande inom nattdistribution av reservdelar f\u00f6r bilar i Spanien. \t<\/p>\n<div class=\"qodef-m-mark\">\n\t<svg class=\"qodef-svg--plus\" xmlns=\"http:\/\/www.w3.org\/2000\/svg\" xmlns:xlink=\"http:\/\/www.w3.org\/1999\/xlink\" width=\"14\" height=\"14\" viewBox=\"0 0 14 14\"><path class=\"qodef-m-horizontal\" d=\"M0,0H14V2H0Z\" transform=\"translate(0 6)\" \/><path class=\"qodef-m-vertical\" d=\"M0,0H2V14H0Z\" transform=\"translate(6)\" \/><\/svg><\/div>\n<\/div>\n<div class=\"qodef-m-content\">\n\t\t<p class=\"qodef-m-text\">\n\t\tUtvecklar ett eget system f\u00f6r leverans av varor till kundens lokaler n\u00e4r de \u00e4r st\u00e4ngda.\t<\/p>\n<\/div>\n\t\t\t\t\t\t\t\t\t\t\t<div class=\"qodef-m-navigation\">\n\t\t<h4 class=\"qodef-m-title\">\n\t\tTillv\u00e4xt som en global logistikoperat\u00f6r\t<\/h4>\n\t<p class=\"qodef-m-tagline\">\n\t\tUnder de f\u00f6rsta tio \u00e5ren konsoliderades f\u00f6retaget genom produkter, sektorer och ett omfattande logistik- och distributionsn\u00e4tverk i Spanien, Portugal, Frankrike och Tyskland. \t<\/p>\n<div class=\"qodef-m-mark\">\n\t<svg class=\"qodef-svg--plus\" xmlns=\"http:\/\/www.w3.org\/2000\/svg\" xmlns:xlink=\"http:\/\/www.w3.org\/1999\/xlink\" width=\"14\" height=\"14\" viewBox=\"0 0 14 14\"><path class=\"qodef-m-horizontal\" d=\"M0,0H14V2H0Z\" transform=\"translate(0 6)\" \/><path class=\"qodef-m-vertical\" d=\"M0,0H2V14H0Z\" transform=\"translate(6)\" \/><\/svg><\/div>\n<\/div>\n<div class=\"qodef-m-content\">\n\t\t<p class=\"qodef-m-text\">\n\t\tDet omfattande n\u00e4tverket, den st\u00e4ndiga tekniska innovationen och resultaten g\u00f6r koncernen till ett riktm\u00e4rke inom logistik- och transportsektorn i Europa.\t<\/p>\n<\/div>\n\t\t\t\t\t\t\t\t\t\t\t<div class=\"qodef-m-navigation\">\n\t\t<h4 class=\"qodef-m-title\">\n\t\tNy verksamhet och internationell n\u00e4rvaro\t<\/h4>\n\t<p class=\"qodef-m-tagline\">\n\t\tUnder 2015 diversifierade koncernen sin verksamhet genom att bilda tv\u00e5 divisioner:\t<\/p>\n<div class=\"qodef-m-mark\">\n\t<svg class=\"qodef-svg--plus\" xmlns=\"http:\/\/www.w3.org\/2000\/svg\" xmlns:xlink=\"http:\/\/www.w3.org\/1999\/xlink\" width=\"14\" height=\"14\" viewBox=\"0 0 14 14\"><path class=\"qodef-m-horizontal\" d=\"M0,0H14V2H0Z\" transform=\"translate(0 6)\" \/><path class=\"qodef-m-vertical\" d=\"M0,0H2V14H0Z\" transform=\"translate(6)\" \/><\/svg><\/div>\n<\/div>\n<div class=\"qodef-m-content\">\n\t\t<p class=\"qodef-m-text\">\n\t\tTW Logistics: bygger vidare p\u00e5 koncernens ursprungliga arv som global logistikoperat\u00f6r.\nTW Automotive: Tier 1-leverant\u00f6r som tillverkar och levererar sekventiella komponenter till bilm\u00e4rken i Mexiko.\n\t<\/p>\n<\/div>\n\t\t\t\t\t\t\t\t\t\t\t<div class=\"qodef-m-navigation\">\n\t\t<h4 class=\"qodef-m-title\">\n\t\tNutid och framtid\t<\/h4>\n\t<p class=\"qodef-m-tagline\">\n\t\tF\u00f6r n\u00e4rvarande har detta multinationella logistik- och fordonsf\u00f6retag fem h\u00f6gt robotiserade produktionsanl\u00e4ggningar i Mexiko, USA och Tyskland samt 42 logistikhubbar i Spanien, Frankrike, Portugal, Storbritannien och Sverige.\t<\/p>\n<div class=\"qodef-m-mark\">\n\t<svg class=\"qodef-svg--plus\" xmlns=\"http:\/\/www.w3.org\/2000\/svg\" xmlns:xlink=\"http:\/\/www.w3.org\/1999\/xlink\" width=\"14\" height=\"14\" viewBox=\"0 0 14 14\"><path class=\"qodef-m-horizontal\" d=\"M0,0H14V2H0Z\" transform=\"translate(0 6)\" \/><path class=\"qodef-m-vertical\" d=\"M0,0H2V14H0Z\" transform=\"translate(6)\" \/><\/svg><\/div>\n<\/div>\n<div class=\"qodef-m-content\">\n\t\t<p class=\"qodef-m-text\">\n\t\tFramf\u00f6r allt best\u00e5r den av mer \u00e4n 3 000 yrkesverksamma personer som ger liv \u00e5t denna historia och blickar fram\u00e5t.\t<\/p>\n<\/div>\n\t\t\t\t\t\t<\/div>\n<\/div>\n\t\t\t\t<\/div>\n\t\t\t\t<\/div>\n\t\t\t\t\t<\/div>\n\t\t<\/div>\n\t\t\t\t\t<\/div>\n\t\t<\/section>\n\t\t\t\t<\/div>\n\t\t","protected":false},"excerpt":{"rendered":"<p>https:\/\/tw-group.com\/video\/TWG_values_EN.mp4 Vi utvecklas tillsammans med dig Truck&amp;Wheel &#8211; TW Group \u00e4r en etablerad internationell organisation inom logistik- och transportsektorn (TW Logistics) och tillverkning av fordonskomponenter (TW Automotive). L\u00e4s mer om TW Logistics Konstitutionen 1998 Truck&amp;Wheel-TW Group F\u00f6retaget grundades 1998 av en grupp yrkesverksamma personer med l\u00e5ng erfarenhet inom logistiksektorn. F\u00f6retaget grundades f\u00f6r att erbjuda en [&hellip;]<\/p>\n","protected":false},"author":1,"featured_media":23664,"parent":0,"menu_order":0,"comment_status":"closed","ping_status":"closed","template":"page-full-width.php","meta":{"footnotes":""},"class_list":["post-23474","page","type-page","status-publish","has-post-thumbnail","hentry"],"yoast_head":"<!-- This site is optimized with the Yoast SEO plugin v27.3 - https:\/\/yoast.com\/product\/yoast-seo-wordpress\/ -->\n<title>Evoluci\u00f3n TW Group - TW Group -TW Automotive<\/title>\n<meta name=\"description\" content=\"Truck and Wheel fue fundada en 1998 por un grupo de profesionales con amplia experiencia en el sector de la log\u00edstica. Actualmente, esta multinacional de log\u00edstica y automoci\u00f3n, cuenta con 5 plantas de producci\u00f3n altamente robotizadas en M\u00e9xico, USA y Alemania; adem\u00e1s de 42 hubs log\u00edsticos en Espa\u00f1a, Francia, Portugal, UK y Suecia. M\u00e1s de 3000 profesionales que dan vida a esta historia, mirando hacia el futuro.\" \/>\n<meta name=\"robots\" content=\"index, follow, max-snippet:-1, max-image-preview:large, max-video-preview:-1\" \/>\n<link rel=\"canonical\" href=\"https:\/\/tw-group.com\/sv\/utveckling-och-varderingar\/\" \/>\n<meta property=\"og:locale\" content=\"sv_SE\" \/>\n<meta property=\"og:type\" content=\"article\" \/>\n<meta property=\"og:title\" content=\"Evoluci\u00f3n TW Group - TW Group -TW Automotive\" \/>\n<meta property=\"og:description\" content=\"Truck and Wheel fue fundada en 1998 por un grupo de profesionales con amplia experiencia en el sector de la log\u00edstica. Actualmente, esta multinacional de log\u00edstica y automoci\u00f3n, cuenta con 5 plantas de producci\u00f3n altamente robotizadas en M\u00e9xico, USA y Alemania; adem\u00e1s de 42 hubs log\u00edsticos en Espa\u00f1a, Francia, Portugal, UK y Suecia. M\u00e1s de 3000 profesionales que dan vida a esta historia, mirando hacia el futuro.\" \/>\n<meta property=\"og:url\" content=\"https:\/\/tw-group.com\/sv\/utveckling-och-varderingar\/\" \/>\n<meta property=\"og:site_name\" content=\"TW Group\" \/>\n<meta property=\"article:modified_time\" content=\"2023-05-25T08:02:20+00:00\" \/>\n<meta property=\"og:image\" content=\"https:\/\/tw-group.com\/wp-content\/uploads\/2023\/03\/TW_Group.jpg\" \/>\n\t<meta property=\"og:image:width\" content=\"2560\" \/>\n\t<meta property=\"og:image:height\" content=\"1065\" \/>\n\t<meta property=\"og:image:type\" content=\"image\/jpeg\" \/>\n<meta name=\"twitter:card\" content=\"summary_large_image\" \/>\n<script type=\"application\/ld+json\" class=\"yoast-schema-graph\">{\"@context\":\"https:\\\/\\\/schema.org\",\"@graph\":[{\"@type\":\"WebPage\",\"@id\":\"https:\\\/\\\/tw-group.com\\\/sv\\\/utveckling-och-varderingar\\\/\",\"url\":\"https:\\\/\\\/tw-group.com\\\/sv\\\/utveckling-och-varderingar\\\/\",\"name\":\"Evoluci\u00f3n TW Group - TW Group -TW Automotive\",\"isPartOf\":{\"@id\":\"https:\\\/\\\/tw-group.com\\\/sv\\\/#website\"},\"primaryImageOfPage\":{\"@id\":\"https:\\\/\\\/tw-group.com\\\/sv\\\/utveckling-och-varderingar\\\/#primaryimage\"},\"image\":{\"@id\":\"https:\\\/\\\/tw-group.com\\\/sv\\\/utveckling-och-varderingar\\\/#primaryimage\"},\"thumbnailUrl\":\"https:\\\/\\\/tw-group.com\\\/wp-content\\\/uploads\\\/2023\\\/03\\\/TW_Group.jpg\",\"datePublished\":\"2023-01-09T16:05:41+00:00\",\"dateModified\":\"2023-05-25T08:02:20+00:00\",\"description\":\"Truck and Wheel fue fundada en 1998 por un grupo de profesionales con amplia experiencia en el sector de la log\u00edstica. Actualmente, esta multinacional de log\u00edstica y automoci\u00f3n, cuenta con 5 plantas de producci\u00f3n altamente robotizadas en M\u00e9xico, USA y Alemania; adem\u00e1s de 42 hubs log\u00edsticos en Espa\u00f1a, Francia, Portugal, UK y Suecia. M\u00e1s de 3000 profesionales que dan vida a esta historia, mirando hacia el futuro.\",\"breadcrumb\":{\"@id\":\"https:\\\/\\\/tw-group.com\\\/sv\\\/utveckling-och-varderingar\\\/#breadcrumb\"},\"inLanguage\":\"sv-SE\",\"potentialAction\":[{\"@type\":\"ReadAction\",\"target\":[\"https:\\\/\\\/tw-group.com\\\/sv\\\/utveckling-och-varderingar\\\/\"]}]},{\"@type\":\"ImageObject\",\"inLanguage\":\"sv-SE\",\"@id\":\"https:\\\/\\\/tw-group.com\\\/sv\\\/utveckling-och-varderingar\\\/#primaryimage\",\"url\":\"https:\\\/\\\/tw-group.com\\\/wp-content\\\/uploads\\\/2023\\\/03\\\/TW_Group.jpg\",\"contentUrl\":\"https:\\\/\\\/tw-group.com\\\/wp-content\\\/uploads\\\/2023\\\/03\\\/TW_Group.jpg\",\"width\":2560,\"height\":1065,\"caption\":\"abstract world map digital texture pattern technology innovation concept background eps 10 vector\"},{\"@type\":\"BreadcrumbList\",\"@id\":\"https:\\\/\\\/tw-group.com\\\/sv\\\/utveckling-och-varderingar\\\/#breadcrumb\",\"itemListElement\":[{\"@type\":\"ListItem\",\"position\":1,\"name\":\"Portada\",\"item\":\"https:\\\/\\\/tw-group.com\\\/sv\\\/?lang=sv\"},{\"@type\":\"ListItem\",\"position\":2,\"name\":\"Utveckling och v\u00e4rderingar\"}]},{\"@type\":\"WebSite\",\"@id\":\"https:\\\/\\\/tw-group.com\\\/sv\\\/#website\",\"url\":\"https:\\\/\\\/tw-group.com\\\/sv\\\/\",\"name\":\"TW Group\",\"description\":\"\",\"potentialAction\":[{\"@type\":\"SearchAction\",\"target\":{\"@type\":\"EntryPoint\",\"urlTemplate\":\"https:\\\/\\\/tw-group.com\\\/sv\\\/?s={search_term_string}\"},\"query-input\":{\"@type\":\"PropertyValueSpecification\",\"valueRequired\":true,\"valueName\":\"search_term_string\"}}],\"inLanguage\":\"sv-SE\"}]}<\/script>\n<!-- \/ Yoast SEO plugin. -->","yoast_head_json":{"title":"Evoluci\u00f3n TW Group - TW Group -TW Automotive","description":"Truck and Wheel fue fundada en 1998 por un grupo de profesionales con amplia experiencia en el sector de la log\u00edstica. Actualmente, esta multinacional de log\u00edstica y automoci\u00f3n, cuenta con 5 plantas de producci\u00f3n altamente robotizadas en M\u00e9xico, USA y Alemania; adem\u00e1s de 42 hubs log\u00edsticos en Espa\u00f1a, Francia, Portugal, UK y Suecia. M\u00e1s de 3000 profesionales que dan vida a esta historia, mirando hacia el futuro.","robots":{"index":"index","follow":"follow","max-snippet":"max-snippet:-1","max-image-preview":"max-image-preview:large","max-video-preview":"max-video-preview:-1"},"canonical":"https:\/\/tw-group.com\/sv\/utveckling-och-varderingar\/","og_locale":"sv_SE","og_type":"article","og_title":"Evoluci\u00f3n TW Group - TW Group -TW Automotive","og_description":"Truck and Wheel fue fundada en 1998 por un grupo de profesionales con amplia experiencia en el sector de la log\u00edstica. Actualmente, esta multinacional de log\u00edstica y automoci\u00f3n, cuenta con 5 plantas de producci\u00f3n altamente robotizadas en M\u00e9xico, USA y Alemania; adem\u00e1s de 42 hubs log\u00edsticos en Espa\u00f1a, Francia, Portugal, UK y Suecia. M\u00e1s de 3000 profesionales que dan vida a esta historia, mirando hacia el futuro.","og_url":"https:\/\/tw-group.com\/sv\/utveckling-och-varderingar\/","og_site_name":"TW Group","article_modified_time":"2023-05-25T08:02:20+00:00","og_image":[{"width":2560,"height":1065,"url":"https:\/\/tw-group.com\/wp-content\/uploads\/2023\/03\/TW_Group.jpg","type":"image\/jpeg"}],"twitter_card":"summary_large_image","schema":{"@context":"https:\/\/schema.org","@graph":[{"@type":"WebPage","@id":"https:\/\/tw-group.com\/sv\/utveckling-och-varderingar\/","url":"https:\/\/tw-group.com\/sv\/utveckling-och-varderingar\/","name":"Evoluci\u00f3n TW Group - TW Group -TW Automotive","isPartOf":{"@id":"https:\/\/tw-group.com\/sv\/#website"},"primaryImageOfPage":{"@id":"https:\/\/tw-group.com\/sv\/utveckling-och-varderingar\/#primaryimage"},"image":{"@id":"https:\/\/tw-group.com\/sv\/utveckling-och-varderingar\/#primaryimage"},"thumbnailUrl":"https:\/\/tw-group.com\/wp-content\/uploads\/2023\/03\/TW_Group.jpg","datePublished":"2023-01-09T16:05:41+00:00","dateModified":"2023-05-25T08:02:20+00:00","description":"Truck and Wheel fue fundada en 1998 por un grupo de profesionales con amplia experiencia en el sector de la log\u00edstica. Actualmente, esta multinacional de log\u00edstica y automoci\u00f3n, cuenta con 5 plantas de producci\u00f3n altamente robotizadas en M\u00e9xico, USA y Alemania; adem\u00e1s de 42 hubs log\u00edsticos en Espa\u00f1a, Francia, Portugal, UK y Suecia. M\u00e1s de 3000 profesionales que dan vida a esta historia, mirando hacia el futuro.","breadcrumb":{"@id":"https:\/\/tw-group.com\/sv\/utveckling-och-varderingar\/#breadcrumb"},"inLanguage":"sv-SE","potentialAction":[{"@type":"ReadAction","target":["https:\/\/tw-group.com\/sv\/utveckling-och-varderingar\/"]}]},{"@type":"ImageObject","inLanguage":"sv-SE","@id":"https:\/\/tw-group.com\/sv\/utveckling-och-varderingar\/#primaryimage","url":"https:\/\/tw-group.com\/wp-content\/uploads\/2023\/03\/TW_Group.jpg","contentUrl":"https:\/\/tw-group.com\/wp-content\/uploads\/2023\/03\/TW_Group.jpg","width":2560,"height":1065,"caption":"abstract world map digital texture pattern technology innovation concept background eps 10 vector"},{"@type":"BreadcrumbList","@id":"https:\/\/tw-group.com\/sv\/utveckling-och-varderingar\/#breadcrumb","itemListElement":[{"@type":"ListItem","position":1,"name":"Portada","item":"https:\/\/tw-group.com\/sv\/?lang=sv"},{"@type":"ListItem","position":2,"name":"Utveckling och v\u00e4rderingar"}]},{"@type":"WebSite","@id":"https:\/\/tw-group.com\/sv\/#website","url":"https:\/\/tw-group.com\/sv\/","name":"TW Group","description":"","potentialAction":[{"@type":"SearchAction","target":{"@type":"EntryPoint","urlTemplate":"https:\/\/tw-group.com\/sv\/?s={search_term_string}"},"query-input":{"@type":"PropertyValueSpecification","valueRequired":true,"valueName":"search_term_string"}}],"inLanguage":"sv-SE"}]}},"_links":{"self":[{"href":"https:\/\/tw-group.com\/sv\/wp-json\/wp\/v2\/pages\/23474","targetHints":{"allow":["GET"]}}],"collection":[{"href":"https:\/\/tw-group.com\/sv\/wp-json\/wp\/v2\/pages"}],"about":[{"href":"https:\/\/tw-group.com\/sv\/wp-json\/wp\/v2\/types\/page"}],"author":[{"embeddable":true,"href":"https:\/\/tw-group.com\/sv\/wp-json\/wp\/v2\/users\/1"}],"replies":[{"embeddable":true,"href":"https:\/\/tw-group.com\/sv\/wp-json\/wp\/v2\/comments?post=23474"}],"version-history":[{"count":0,"href":"https:\/\/tw-group.com\/sv\/wp-json\/wp\/v2\/pages\/23474\/revisions"}],"wp:featuredmedia":[{"embeddable":true,"href":"https:\/\/tw-group.com\/sv\/wp-json\/wp\/v2\/media\/23664"}],"wp:attachment":[{"href":"https:\/\/tw-group.com\/sv\/wp-json\/wp\/v2\/media?parent=23474"}],"curies":[{"name":"wp","href":"https:\/\/api.w.org\/{rel}","templated":true}]}}