{"id":23464,"date":"2023-02-10T08:53:28","date_gmt":"2023-02-10T07:53:28","guid":{"rendered":"https:\/\/tw-group.com\/consulta-tu-pedido\/"},"modified":"2025-03-27T10:36:09","modified_gmt":"2025-03-27T09:36:09","slug":"kontrollera-din-bestallning","status":"publish","type":"page","link":"https:\/\/tw-group.com\/sv\/kontrollera-din-bestallning\/","title":{"rendered":"Kontrollera din best\u00e4llning"},"content":{"rendered":"\t\t<div data-elementor-type=\"wp-page\" data-elementor-id=\"23464\" class=\"elementor elementor-23464 elementor-18451\" data-elementor-post-type=\"page\">\n\t\t\t\t\t\t<section class=\"elementor-section elementor-top-section elementor-element elementor-element-d3db1c5 elementor-section-full_width qodef-elementor-content-grid elementor-section-height-default elementor-section-height-default\" data-id=\"d3db1c5\" data-element_type=\"section\" data-e-type=\"section\">\n\t\t\t\t\t\t<div class=\"elementor-container elementor-column-gap-no\">\n\t\t\t\t\t<div class=\"elementor-column elementor-col-50 elementor-top-column elementor-element elementor-element-425ca96\" data-id=\"425ca96\" data-element_type=\"column\" data-e-type=\"column\">\n\t\t\t<div class=\"elementor-widget-wrap elementor-element-populated\">\n\t\t\t\t\t\t<div class=\"elementor-element elementor-element-5b573d8 elementor-widget elementor-widget-globefarer_core_section_title\" data-id=\"5b573d8\" data-element_type=\"widget\" data-e-type=\"widget\" data-widget_type=\"globefarer_core_section_title.default\">\n\t\t\t\t<div class=\"elementor-widget-container\">\n\t\t\t\t\t<div class=\"qodef-shortcode qodef-m  qodef-section-title qodef-alignment--left   qodef-appear-animation--no\">\n\t\t\t<h2 class=\"qodef-m-title\" >\n\t\t\t\t\tKontrollera din best\u00e4llning\t\t\t<\/h2>\n\t\t<p class=\"qodef-m-text\" style=\"margin-top: 27px\"> Det finns f\u00f6r n\u00e4rvarande ingen e-handelstj\u00e4nst i detta land.<\/p>\n\t<\/div>\n\t\t\t\t<\/div>\n\t\t\t\t<\/div>\n\t\t\t\t<div class=\"elementor-element elementor-element-8daa6b2 elementor-hidden-desktop elementor-hidden-tablet elementor-hidden-mobile elementor-widget elementor-widget-text-editor\" data-id=\"8daa6b2\" data-element_type=\"widget\" data-e-type=\"widget\" data-widget_type=\"text-editor.default\">\n\t\t\t\t<div class=\"elementor-widget-container\">\n\t\t\t\t\t\t\t\t\t<p>Ge oss ett av dessa tv\u00e5 nummer (best\u00e4llningsnummer eller sp\u00e5rningsnummer) f\u00f6r att sp\u00e5ra din best\u00e4llning.<\/p>\t\t\t\t\t\t\t\t<\/div>\n\t\t\t\t<\/div>\n\t\t\t\t\t<\/div>\n\t\t<\/div>\n\t\t\t\t<div class=\"elementor-column elementor-col-50 elementor-top-column elementor-element elementor-element-ca1997c\" data-id=\"ca1997c\" data-element_type=\"column\" data-e-type=\"column\">\n\t\t\t<div class=\"elementor-widget-wrap\">\n\t\t\t\t\t\t\t<\/div>\n\t\t<\/div>\n\t\t\t\t\t<\/div>\n\t\t<\/section>\n\t\t\t\t<\/div>\n\t\t","protected":false},"excerpt":{"rendered":"<p>Kontrollera din best\u00e4llning Det finns f\u00f6r n\u00e4rvarande ingen e-handelstj\u00e4nst i detta land. Ge oss ett av dessa tv\u00e5 nummer (best\u00e4llningsnummer eller sp\u00e5rningsnummer) f\u00f6r att sp\u00e5ra din best\u00e4llning.<\/p>\n","protected":false},"author":1,"featured_media":0,"parent":0,"menu_order":0,"comment_status":"closed","ping_status":"closed","template":"page-full-width.php","meta":{"footnotes":""},"class_list":["post-23464","page","type-page","status-publish","hentry"],"yoast_head":"<!-- This site is optimized with the Yoast SEO plugin v27.3 - https:\/\/yoast.com\/product\/yoast-seo-wordpress\/ -->\n<title>Kontrollera din best\u00e4llning - TW Group<\/title>\n<meta name=\"robots\" content=\"index, follow, max-snippet:-1, max-image-preview:large, max-video-preview:-1\" \/>\n<link rel=\"canonical\" href=\"https:\/\/tw-group.com\/sv\/kontrollera-din-bestallning\/\" \/>\n<meta property=\"og:locale\" content=\"sv_SE\" \/>\n<meta property=\"og:type\" content=\"article\" \/>\n<meta property=\"og:title\" content=\"Kontrollera din best\u00e4llning - TW Group\" \/>\n<meta property=\"og:description\" content=\"Kontrollera din best\u00e4llning Det finns f\u00f6r n\u00e4rvarande ingen e-handelstj\u00e4nst i detta land. Ge oss ett av dessa tv\u00e5 nummer (best\u00e4llningsnummer eller sp\u00e5rningsnummer) f\u00f6r att sp\u00e5ra din best\u00e4llning.\" \/>\n<meta property=\"og:url\" content=\"https:\/\/tw-group.com\/sv\/kontrollera-din-bestallning\/\" \/>\n<meta property=\"og:site_name\" content=\"TW Group\" \/>\n<meta property=\"article:modified_time\" content=\"2025-03-27T09:36:09+00:00\" \/>\n<meta name=\"twitter:card\" content=\"summary_large_image\" \/>\n<script type=\"application\/ld+json\" class=\"yoast-schema-graph\">{\"@context\":\"https:\\\/\\\/schema.org\",\"@graph\":[{\"@type\":\"WebPage\",\"@id\":\"https:\\\/\\\/tw-group.com\\\/sv\\\/kontrollera-din-bestallning\\\/\",\"url\":\"https:\\\/\\\/tw-group.com\\\/sv\\\/kontrollera-din-bestallning\\\/\",\"name\":\"Kontrollera din best\u00e4llning - TW Group\",\"isPartOf\":{\"@id\":\"https:\\\/\\\/tw-group.com\\\/sv\\\/#website\"},\"datePublished\":\"2023-02-10T07:53:28+00:00\",\"dateModified\":\"2025-03-27T09:36:09+00:00\",\"breadcrumb\":{\"@id\":\"https:\\\/\\\/tw-group.com\\\/sv\\\/kontrollera-din-bestallning\\\/#breadcrumb\"},\"inLanguage\":\"sv-SE\",\"potentialAction\":[{\"@type\":\"ReadAction\",\"target\":[\"https:\\\/\\\/tw-group.com\\\/sv\\\/kontrollera-din-bestallning\\\/\"]}]},{\"@type\":\"BreadcrumbList\",\"@id\":\"https:\\\/\\\/tw-group.com\\\/sv\\\/kontrollera-din-bestallning\\\/#breadcrumb\",\"itemListElement\":[{\"@type\":\"ListItem\",\"position\":1,\"name\":\"Portada\",\"item\":\"https:\\\/\\\/tw-group.com\\\/sv\\\/?lang=sv\"},{\"@type\":\"ListItem\",\"position\":2,\"name\":\"Kontrollera din best\u00e4llning\"}]},{\"@type\":\"WebSite\",\"@id\":\"https:\\\/\\\/tw-group.com\\\/sv\\\/#website\",\"url\":\"https:\\\/\\\/tw-group.com\\\/sv\\\/\",\"name\":\"TW Group\",\"description\":\"\",\"potentialAction\":[{\"@type\":\"SearchAction\",\"target\":{\"@type\":\"EntryPoint\",\"urlTemplate\":\"https:\\\/\\\/tw-group.com\\\/sv\\\/?s={search_term_string}\"},\"query-input\":{\"@type\":\"PropertyValueSpecification\",\"valueRequired\":true,\"valueName\":\"search_term_string\"}}],\"inLanguage\":\"sv-SE\"}]}<\/script>\n<!-- \/ Yoast SEO plugin. -->","yoast_head_json":{"title":"Kontrollera din best\u00e4llning - TW Group","robots":{"index":"index","follow":"follow","max-snippet":"max-snippet:-1","max-image-preview":"max-image-preview:large","max-video-preview":"max-video-preview:-1"},"canonical":"https:\/\/tw-group.com\/sv\/kontrollera-din-bestallning\/","og_locale":"sv_SE","og_type":"article","og_title":"Kontrollera din best\u00e4llning - TW Group","og_description":"Kontrollera din best\u00e4llning Det finns f\u00f6r n\u00e4rvarande ingen e-handelstj\u00e4nst i detta land. Ge oss ett av dessa tv\u00e5 nummer (best\u00e4llningsnummer eller sp\u00e5rningsnummer) f\u00f6r att sp\u00e5ra din best\u00e4llning.","og_url":"https:\/\/tw-group.com\/sv\/kontrollera-din-bestallning\/","og_site_name":"TW Group","article_modified_time":"2025-03-27T09:36:09+00:00","twitter_card":"summary_large_image","schema":{"@context":"https:\/\/schema.org","@graph":[{"@type":"WebPage","@id":"https:\/\/tw-group.com\/sv\/kontrollera-din-bestallning\/","url":"https:\/\/tw-group.com\/sv\/kontrollera-din-bestallning\/","name":"Kontrollera din best\u00e4llning - TW Group","isPartOf":{"@id":"https:\/\/tw-group.com\/sv\/#website"},"datePublished":"2023-02-10T07:53:28+00:00","dateModified":"2025-03-27T09:36:09+00:00","breadcrumb":{"@id":"https:\/\/tw-group.com\/sv\/kontrollera-din-bestallning\/#breadcrumb"},"inLanguage":"sv-SE","potentialAction":[{"@type":"ReadAction","target":["https:\/\/tw-group.com\/sv\/kontrollera-din-bestallning\/"]}]},{"@type":"BreadcrumbList","@id":"https:\/\/tw-group.com\/sv\/kontrollera-din-bestallning\/#breadcrumb","itemListElement":[{"@type":"ListItem","position":1,"name":"Portada","item":"https:\/\/tw-group.com\/sv\/?lang=sv"},{"@type":"ListItem","position":2,"name":"Kontrollera din best\u00e4llning"}]},{"@type":"WebSite","@id":"https:\/\/tw-group.com\/sv\/#website","url":"https:\/\/tw-group.com\/sv\/","name":"TW Group","description":"","potentialAction":[{"@type":"SearchAction","target":{"@type":"EntryPoint","urlTemplate":"https:\/\/tw-group.com\/sv\/?s={search_term_string}"},"query-input":{"@type":"PropertyValueSpecification","valueRequired":true,"valueName":"search_term_string"}}],"inLanguage":"sv-SE"}]}},"_links":{"self":[{"href":"https:\/\/tw-group.com\/sv\/wp-json\/wp\/v2\/pages\/23464","targetHints":{"allow":["GET"]}}],"collection":[{"href":"https:\/\/tw-group.com\/sv\/wp-json\/wp\/v2\/pages"}],"about":[{"href":"https:\/\/tw-group.com\/sv\/wp-json\/wp\/v2\/types\/page"}],"author":[{"embeddable":true,"href":"https:\/\/tw-group.com\/sv\/wp-json\/wp\/v2\/users\/1"}],"replies":[{"embeddable":true,"href":"https:\/\/tw-group.com\/sv\/wp-json\/wp\/v2\/comments?post=23464"}],"version-history":[{"count":0,"href":"https:\/\/tw-group.com\/sv\/wp-json\/wp\/v2\/pages\/23464\/revisions"}],"wp:attachment":[{"href":"https:\/\/tw-group.com\/sv\/wp-json\/wp\/v2\/media?parent=23464"}],"curies":[{"name":"wp","href":"https:\/\/api.w.org\/{rel}","templated":true}]}}