{"id":23458,"date":"2023-01-30T09:14:03","date_gmt":"2023-01-30T08:14:03","guid":{"rendered":"https:\/\/tw-group.com\/calidad\/"},"modified":"2023-03-27T16:44:32","modified_gmt":"2023-03-27T14:44:32","slug":"kvalitet","status":"publish","type":"page","link":"https:\/\/tw-group.com\/sv\/kvalitet\/","title":{"rendered":"Kvalitet"},"content":{"rendered":"\t\t<div data-elementor-type=\"wp-page\" data-elementor-id=\"23458\" class=\"elementor elementor-23458 elementor-17351\" data-elementor-post-type=\"page\">\n\t\t\t\t\t\t<section class=\"elementor-section elementor-top-section elementor-element elementor-element-6a0a871 elementor-section-full_width qodef-elementor-content-grid elementor-section-height-default elementor-section-height-default\" data-id=\"6a0a871\" data-element_type=\"section\" data-e-type=\"section\" data-settings=\"{&quot;background_background&quot;:&quot;classic&quot;}\">\n\t\t\t\t\t\t<div class=\"elementor-container elementor-column-gap-no\">\n\t\t\t\t\t<div class=\"elementor-column elementor-col-100 elementor-top-column elementor-element elementor-element-5081c2b\" data-id=\"5081c2b\" data-element_type=\"column\" data-e-type=\"column\">\n\t\t\t<div class=\"elementor-widget-wrap elementor-element-populated\">\n\t\t\t\t\t\t<div class=\"elementor-element elementor-element-ad0f0d2 elementor-widget elementor-widget-globefarer_core_divided_image_info\" data-id=\"ad0f0d2\" data-element_type=\"widget\" data-e-type=\"widget\" data-widget_type=\"globefarer_core_divided_image_info.default\">\n\t\t\t\t<div class=\"elementor-widget-container\">\n\t\t\t\t\t<div class=\"qodef-shortcode qodef-m  qodef-divided-image-info qodef-layout--image-left qodef-separator--on qodef-vertically-centered--on qodef-breakpoint--1024 qodef-appear-animation--no \">\n\t\t<div class=\"qodef-m-image\" style=\"width: 51.5%;padding-right: 3%\">\n\t\t<img fetchpriority=\"high\" decoding=\"async\" width=\"800\" height=\"425\" src=\"https:\/\/tw-group.com\/wp-content\/uploads\/2023\/02\/TW-Logistics-Calidad-S.jpg\" class=\"attachment-full size-full\" alt=\"\" srcset=\"https:\/\/tw-group.com\/wp-content\/uploads\/2023\/02\/TW-Logistics-Calidad-S.jpg 800w, https:\/\/tw-group.com\/wp-content\/uploads\/2023\/02\/TW-Logistics-Calidad-S-300x159.jpg 300w, https:\/\/tw-group.com\/wp-content\/uploads\/2023\/02\/TW-Logistics-Calidad-S-768x408.jpg 768w\" sizes=\"(max-width: 800px) 100vw, 800px\" \/>\t<\/div>\n<div class=\"qodef-m-content\" style=\"margin-top: 0px;padding-left: 4%\">\n\t\t\t<h2 itemprop=\"name\" class=\"qodef-m-title\" style=\"margin-bottom: 29px\">\n\tStolta \u00f6ver v\u00e5rt QSHE-team\t<\/h2>\n\t<p class=\"qodef-m-text\" >\n\t\tAtt anst\u00e4llda, kunder, samarbetspartners och leverant\u00f6rer \u00e4r n\u00f6jda \u00e4r en av grundpelarna i ett f\u00f6retag. V\u00e5rt QSHE-team (Kvalitet, S\u00e4kerhet, H\u00e4lsa och Milj\u00f6) arbetar f\u00f6r att v\u00e5ra standarder f\u00f6r kvalitet, s\u00e4kerhet, h\u00e4lsa och milj\u00f6 \u00f6vertr\u00e4ffar vad som \u00e4r fastst\u00e4llt i lag och vad kunderna kr\u00e4ver. \t<\/p>\n\t<a class=\"qodef-shortcode qodef-m qodef-m-button qodef-button qodef-layout--textual  qodef-html--link\" href=\"\/hallbarhet\/?lang=sv\" target=\"_self\"  >\t\t\t<span class=\"qodef-m-button-icon\"><svg class=\"qodef-svg--plus\" xmlns=\"http:\/\/www.w3.org\/2000\/svg\" xmlns:xlink=\"http:\/\/www.w3.org\/1999\/xlink\" width=\"14\" height=\"14\" viewBox=\"0 0 14 14\"><path class=\"qodef-m-horizontal\" d=\"M0,0H14V2H0Z\" transform=\"translate(0 6)\" \/><path class=\"qodef-m-vertical\" d=\"M0,0H2V14H0Z\" transform=\"translate(6)\" \/><\/svg><\/span>\t\t\t\t<span class=\"qodef-m-button-text\">Se H\u00e5llbarhet<br \/><\/span>\t<\/a><\/div>\n<\/div>\n\t\t\t\t<\/div>\n\t\t\t\t<\/div>\n\t\t\t\t\t<\/div>\n\t\t<\/div>\n\t\t\t\t\t<\/div>\n\t\t<\/section>\n\t\t\t\t<section class=\"elementor-section elementor-top-section elementor-element elementor-element-c36fdbb qodef-elementor-content-grid elementor-section-full_width elementor-section-height-default elementor-section-height-default\" data-id=\"c36fdbb\" data-element_type=\"section\" data-e-type=\"section\">\n\t\t\t\t\t\t<div class=\"elementor-container elementor-column-gap-no\">\n\t\t\t\t\t<div class=\"elementor-column elementor-col-100 elementor-top-column elementor-element elementor-element-8cb58c2\" data-id=\"8cb58c2\" data-element_type=\"column\" data-e-type=\"column\">\n\t\t\t<div class=\"elementor-widget-wrap elementor-element-populated\">\n\t\t\t\t\t\t<div class=\"elementor-element elementor-element-b89ec5e elementor-widget elementor-widget-globefarer_core_accordion_info\" data-id=\"b89ec5e\" data-element_type=\"widget\" data-e-type=\"widget\" data-widget_type=\"globefarer_core_accordion_info.default\">\n\t\t\t\t<div class=\"elementor-widget-container\">\n\t\t\t\t\t<div class=\"qodef-shortcode qodef-m  qodef-accordion-info qodef-behavior--accordion qodef-layout--extended-compact \">\n\t<div class=\"qodef-m-heading\">\n\t<\/div>\n\t<div class=\"qodef-accordion-info-inner\">\n\t\t\t\t\t\t\t\t\t\t\t\t\t<div class=\"qodef-m-navigation\">\n\t\t<h4 class=\"qodef-m-title\">\n\t\tAlltid uppdaterade\t<\/h4>\n\t<p class=\"qodef-m-tagline\">\n\t\tInformation om f\u00f6retagets kvalitetscertifieringar inom transport- och logistiksektorn.\t<\/p>\n<div class=\"qodef-m-mark\">\n\t<svg class=\"qodef-svg--plus\" xmlns=\"http:\/\/www.w3.org\/2000\/svg\" xmlns:xlink=\"http:\/\/www.w3.org\/1999\/xlink\" width=\"14\" height=\"14\" viewBox=\"0 0 14 14\"><path class=\"qodef-m-horizontal\" d=\"M0,0H14V2H0Z\" transform=\"translate(0 6)\" \/><path class=\"qodef-m-vertical\" d=\"M0,0H2V14H0Z\" transform=\"translate(6)\" \/><\/svg><\/div>\n<\/div>\n<div class=\"qodef-m-content\">\n\t\t<p class=\"qodef-m-text\">\n\t\tR\u00e5dgivning om dina transporter av styckegods, farligt gods, kemikalier och tullar.\nVi granskar och validerar transport- och logistikleverant\u00f6rer.\nVi bed\u00f6mer potentiella risker p\u00e5 transportv\u00e4gar.\nVi utarbetar rapporter om KPI:er (Key Performance Indicator), SOP:er (Standard Operating Procedures) och SLA:er (Service Level Agreement).\nVi ger v\u00e5ra kunder r\u00e5d om f\u00f6rpackning, m\u00e4rkning av varor och avfallshantering.\t<\/p>\n<\/div>\n\t\t\t\t\t\t\t\t\t\t\t<div class=\"qodef-m-navigation\">\n\t\t<h4 class=\"qodef-m-title\">\n\t\tAlltid uppdaterade\t<\/h4>\n\t<p class=\"qodef-m-tagline\">\n\t\tP\u00e5 TW Logistics har vi effektiva ledningssystem som st\u00e4ndigt uppdateras.\t<\/p>\n<div class=\"qodef-m-mark\">\n\t<svg class=\"qodef-svg--plus\" xmlns=\"http:\/\/www.w3.org\/2000\/svg\" xmlns:xlink=\"http:\/\/www.w3.org\/1999\/xlink\" width=\"14\" height=\"14\" viewBox=\"0 0 14 14\"><path class=\"qodef-m-horizontal\" d=\"M0,0H14V2H0Z\" transform=\"translate(0 6)\" \/><path class=\"qodef-m-vertical\" d=\"M0,0H2V14H0Z\" transform=\"translate(6)\" \/><\/svg><\/div>\n<\/div>\n<div class=\"qodef-m-content\">\n\t\t<p class=\"qodef-m-text\">\n\t\tDetta g\u00f6r att vi kan s\u00e4kerst\u00e4lla ett korrekt tillhandah\u00e5llande av v\u00e5ra tj\u00e4nster.\t<\/p>\n<\/div>\n\t\t\t\t\t\t\t\t\t\t\t<div class=\"qodef-m-navigation\">\n\t\t<h4 class=\"qodef-m-title\">\n\t\tIntegrerat ledningssystem\t<\/h4>\n\t<p class=\"qodef-m-tagline\">\n\t\tVi har inf\u00f6rt ett integrerat ledningssystem som f\u00f6renar omr\u00e5den som kvalitet, milj\u00f6ledning samt h\u00e4lsa och s\u00e4kerhet p\u00e5 arbetsplatsen.\t<\/p>\n<div class=\"qodef-m-mark\">\n\t<svg class=\"qodef-svg--plus\" xmlns=\"http:\/\/www.w3.org\/2000\/svg\" xmlns:xlink=\"http:\/\/www.w3.org\/1999\/xlink\" width=\"14\" height=\"14\" viewBox=\"0 0 14 14\"><path class=\"qodef-m-horizontal\" d=\"M0,0H14V2H0Z\" transform=\"translate(0 6)\" \/><path class=\"qodef-m-vertical\" d=\"M0,0H2V14H0Z\" transform=\"translate(6)\" \/><\/svg><\/div>\n<\/div>\n<div class=\"qodef-m-content\">\n\t\t<p class=\"qodef-m-text\">\n\t\tAlla dessa har granskats av T\u00dcV RHEINLAND, med mycket tillfredsst\u00e4llande resultat.\t<\/p>\n<\/div>\n\t\t\t\t\t\t<\/div>\n<\/div>\n\t\t\t\t<\/div>\n\t\t\t\t<\/div>\n\t\t\t\t\t<\/div>\n\t\t<\/div>\n\t\t\t\t\t<\/div>\n\t\t<\/section>\n\t\t\t\t<section class=\"elementor-section elementor-top-section elementor-element elementor-element-fdeec7f qodef-elementor-content-grid elementor-hidden-desktop elementor-hidden-tablet elementor-hidden-mobile elementor-section-boxed elementor-section-height-default elementor-section-height-default\" data-id=\"fdeec7f\" data-element_type=\"section\" data-e-type=\"section\">\n\t\t\t\t\t\t<div class=\"elementor-container elementor-column-gap-custom\">\n\t\t\t\t\t<div class=\"elementor-column elementor-col-100 elementor-top-column elementor-element elementor-element-ea62358\" data-id=\"ea62358\" data-element_type=\"column\" data-e-type=\"column\">\n\t\t\t<div class=\"elementor-widget-wrap elementor-element-populated\">\n\t\t\t\t\t\t<div class=\"elementor-element elementor-element-e7dff1e elementor-tabs-alignment-center elementor-tabs-view-horizontal elementor-widget elementor-widget-tabs\" data-id=\"e7dff1e\" data-element_type=\"widget\" data-e-type=\"widget\" data-widget_type=\"tabs.default\">\n\t\t\t\t<div class=\"elementor-widget-container\">\n\t\t\t\t\t\t\t<div class=\"elementor-tabs\">\n\t\t\t<div class=\"elementor-tabs-wrapper\" role=\"tablist\" >\n\t\t\t\t\t\t\t\t\t<div id=\"elementor-tab-title-2431\" class=\"elementor-tab-title elementor-tab-desktop-title\" aria-selected=\"true\" data-tab=\"1\" role=\"tab\" tabindex=\"0\" aria-controls=\"elementor-tab-content-2431\" aria-expanded=\"false\">\u00bfQu\u00e9 aporta nuestro Departamento de QSHE?<\/div>\n\t\t\t\t\t\t\t\t\t<div id=\"elementor-tab-title-2432\" class=\"elementor-tab-title elementor-tab-desktop-title\" aria-selected=\"false\" data-tab=\"2\" role=\"tab\" tabindex=\"-1\" aria-controls=\"elementor-tab-content-2432\" aria-expanded=\"false\">Actualizaci\u00f3n permanente<\/div>\n\t\t\t\t\t\t\t\t\t<div id=\"elementor-tab-title-2433\" class=\"elementor-tab-title elementor-tab-desktop-title\" aria-selected=\"false\" data-tab=\"3\" role=\"tab\" tabindex=\"-1\" aria-controls=\"elementor-tab-content-2433\" aria-expanded=\"false\">Sistema de Gesti\u00f3n Integral<\/div>\n\t\t\t\t\t\t\t<\/div>\n\t\t\t<div class=\"elementor-tabs-content-wrapper\" role=\"tablist\" aria-orientation=\"vertical\">\n\t\t\t\t\t\t\t\t\t<div class=\"elementor-tab-title elementor-tab-mobile-title\" aria-selected=\"true\" data-tab=\"1\" role=\"tab\" tabindex=\"0\" aria-controls=\"elementor-tab-content-2431\" aria-expanded=\"false\">\u00bfQu\u00e9 aporta nuestro Departamento de QSHE?<\/div>\n\t\t\t\t\t<div id=\"elementor-tab-content-2431\" class=\"elementor-tab-content elementor-clearfix\" data-tab=\"1\" role=\"tabpanel\" aria-labelledby=\"elementor-tab-title-2431\" tabindex=\"0\" hidden=\"false\"><ul><li>Informaci\u00f3n sobre las certificaciones de calidad de la compa\u00f1\u00eda en el sector del transporte y la log\u00edstica.<\/li><li>Asesoramiento sobre sus env\u00edos de mercanc\u00edas generales, mercanc\u00edas peligrosas, productos qu\u00edmicos y aduanas<\/li><li>Auditamos y validamos a proveedores de transporte y log\u00edstica<\/li><li>Evaluamos los posibles riesgos en rutas de transporte<\/li><li>Elaboramos informes KPI&#8217;s (Key Performance Indicator), SOP&#8217;s (Standard Operating Procedures) y SLA&#8217;s (Service Level Agreement)<\/li><li>Asesoramos a nuestros clientes en embalaje, etiquetado de mercanc\u00edas y gesti\u00f3n de residuos.<\/li><\/ul><\/div>\n\t\t\t\t\t\t\t\t\t<div class=\"elementor-tab-title elementor-tab-mobile-title\" aria-selected=\"false\" data-tab=\"2\" role=\"tab\" tabindex=\"-1\" aria-controls=\"elementor-tab-content-2432\" aria-expanded=\"false\">Actualizaci\u00f3n permanente<\/div>\n\t\t\t\t\t<div id=\"elementor-tab-content-2432\" class=\"elementor-tab-content elementor-clearfix\" data-tab=\"2\" role=\"tabpanel\" aria-labelledby=\"elementor-tab-title-2432\" tabindex=\"0\" hidden=\"hidden\"><p>En <strong>TW Logistics<\/strong> contamos con eficientes Sistemas de Gesti\u00f3n, actualizados permanentemente, lo que nos permite asegurar la correcta prestaci\u00f3n de nuestros servicios.\u00a0<\/p><\/div>\n\t\t\t\t\t\t\t\t\t<div class=\"elementor-tab-title elementor-tab-mobile-title\" aria-selected=\"false\" data-tab=\"3\" role=\"tab\" tabindex=\"-1\" aria-controls=\"elementor-tab-content-2433\" aria-expanded=\"false\">Sistema de Gesti\u00f3n Integral<\/div>\n\t\t\t\t\t<div id=\"elementor-tab-content-2433\" class=\"elementor-tab-content elementor-clearfix\" data-tab=\"3\" role=\"tabpanel\" aria-labelledby=\"elementor-tab-title-2433\" tabindex=\"0\" hidden=\"hidden\"><p>Hemos implementado un <strong>Sistema de Gesti\u00f3n Integral<\/strong> que une \u00e1reas como la <strong>Calidad, la Gesti\u00f3n Ambiental y la Seguridad en el Trabajo y Salud Laboral<\/strong>. Todas ellas han sido sometidas a auditor\u00eda por parte de T\u00dcV RHEINLAND<\/p><\/div>\n\t\t\t\t\t\t\t<\/div>\n\t\t<\/div>\n\t\t\t\t\t\t<\/div>\n\t\t\t\t<\/div>\n\t\t\t\t\t<\/div>\n\t\t<\/div>\n\t\t\t\t\t<\/div>\n\t\t<\/section>\n\t\t\t\t<section class=\"elementor-section elementor-top-section elementor-element elementor-element-feb8e0a elementor-section-boxed elementor-section-height-default elementor-section-height-default qodef-elementor-content-no\" data-id=\"feb8e0a\" data-element_type=\"section\" data-e-type=\"section\">\n\t\t\t\t\t\t<div class=\"elementor-container elementor-column-gap-default\">\n\t\t\t\t\t<div class=\"elementor-column elementor-col-100 elementor-top-column elementor-element elementor-element-faf5bc9\" data-id=\"faf5bc9\" data-element_type=\"column\" data-e-type=\"column\">\n\t\t\t<div class=\"elementor-widget-wrap elementor-element-populated\">\n\t\t\t\t\t\t<div class=\"elementor-element elementor-element-657d60c elementor-widget__width-auto elementor-widget elementor-widget-globefarer_core_button\" data-id=\"657d60c\" data-element_type=\"widget\" data-e-type=\"widget\" data-widget_type=\"globefarer_core_button.default\">\n\t\t\t\t<div class=\"elementor-widget-container\">\n\t\t\t\t\t<a class=\"qodef-shortcode qodef-m  qodef-button qodef-layout--textual  qodef-html--link\" href=\"mailto:calidad.logistics@tw-group.com\" target=\"_self\"  >\n\t\t\t<span class=\"qodef-m-button-icon\"><svg class=\"qodef-svg--plus\" xmlns=\"http:\/\/www.w3.org\/2000\/svg\" xmlns:xlink=\"http:\/\/www.w3.org\/1999\/xlink\" width=\"14\" height=\"14\" viewBox=\"0 0 14 14\"><path class=\"qodef-m-horizontal\" d=\"M0,0H14V2H0Z\" transform=\"translate(0 6)\" \/><path class=\"qodef-m-vertical\" d=\"M0,0H2V14H0Z\" transform=\"translate(6)\" \/><\/svg><\/span>\n\t\t\t\t<span class=\"qodef-m-button-text\">Du kan beg\u00e4ra v\u00e5ra policyer genom att klicka h\u00e4r.<\/span>\n\t<\/a>\n\t\t\t\t<\/div>\n\t\t\t\t<\/div>\n\t\t\t\t\t<\/div>\n\t\t<\/div>\n\t\t\t\t\t<\/div>\n\t\t<\/section>\n\t\t\t\t<\/div>\n\t\t","protected":false},"excerpt":{"rendered":"<p>Stolta \u00f6ver v\u00e5rt QSHE-team Att anst\u00e4llda, kunder, samarbetspartners och leverant\u00f6rer \u00e4r n\u00f6jda \u00e4r en av grundpelarna i ett f\u00f6retag. V\u00e5rt QSHE-team (Kvalitet, S\u00e4kerhet, H\u00e4lsa och Milj\u00f6) arbetar f\u00f6r att v\u00e5ra standarder f\u00f6r kvalitet, s\u00e4kerhet, h\u00e4lsa och milj\u00f6 \u00f6vertr\u00e4ffar vad som \u00e4r fastst\u00e4llt i lag och vad kunderna kr\u00e4ver. Se H\u00e5llbarhet Alltid uppdaterade Information om f\u00f6retagets [&hellip;]<\/p>\n","protected":false},"author":1,"featured_media":23429,"parent":0,"menu_order":0,"comment_status":"closed","ping_status":"closed","template":"page-full-width.php","meta":{"footnotes":""},"class_list":["post-23458","page","type-page","status-publish","has-post-thumbnail","hentry"],"yoast_head":"<!-- This site is optimized with the Yoast SEO plugin v27.3 - https:\/\/yoast.com\/product\/yoast-seo-wordpress\/ -->\n<title>Sistema de Gesti\u00f3n Integral de Calidad, Gesti\u00f3n Ambiental, Seguridad y Salud Laboral. - TW Group<\/title>\n<meta name=\"description\" content=\"La satisfacci\u00f3n de nuestros empleados, clientes, colaboradores y proveedores es uno de los pilares fundamentales de una compa\u00f1\u00eda. Nuestro equipo de QSHE (Quality, Safety, Health and Environment) trabaja para que nuestros est\u00e1ndares de Calidad, Seguridad, Salud y Medioambiente vayan m\u00e1s all\u00e1 de lo marcado por la legislaci\u00f3n y lo exigido por los clientes.\" \/>\n<meta name=\"robots\" content=\"index, follow, max-snippet:-1, max-image-preview:large, max-video-preview:-1\" \/>\n<link rel=\"canonical\" href=\"https:\/\/tw-group.com\/sv\/kvalitet\/\" \/>\n<meta property=\"og:locale\" content=\"sv_SE\" \/>\n<meta property=\"og:type\" content=\"article\" \/>\n<meta property=\"og:title\" content=\"Sistema de Gesti\u00f3n Integral de Calidad, Gesti\u00f3n Ambiental, Seguridad y Salud Laboral. - TW Group\" \/>\n<meta property=\"og:description\" content=\"La satisfacci\u00f3n de nuestros empleados, clientes, colaboradores y proveedores es uno de los pilares fundamentales de una compa\u00f1\u00eda. Nuestro equipo de QSHE (Quality, Safety, Health and Environment) trabaja para que nuestros est\u00e1ndares de Calidad, Seguridad, Salud y Medioambiente vayan m\u00e1s all\u00e1 de lo marcado por la legislaci\u00f3n y lo exigido por los clientes.\" \/>\n<meta property=\"og:url\" content=\"https:\/\/tw-group.com\/sv\/kvalitet\/\" \/>\n<meta property=\"og:site_name\" content=\"TW Group\" \/>\n<meta property=\"article:modified_time\" content=\"2023-03-27T14:44:32+00:00\" \/>\n<meta property=\"og:image\" content=\"https:\/\/tw-group.com\/wp-content\/uploads\/2023\/03\/seguridad_y_salud.jpg\" \/>\n\t<meta property=\"og:image:width\" content=\"900\" \/>\n\t<meta property=\"og:image:height\" content=\"640\" \/>\n\t<meta property=\"og:image:type\" content=\"image\/jpeg\" \/>\n<meta name=\"twitter:card\" content=\"summary_large_image\" \/>\n<script type=\"application\/ld+json\" class=\"yoast-schema-graph\">{\"@context\":\"https:\\\/\\\/schema.org\",\"@graph\":[{\"@type\":\"WebPage\",\"@id\":\"https:\\\/\\\/tw-group.com\\\/sv\\\/kvalitet\\\/\",\"url\":\"https:\\\/\\\/tw-group.com\\\/sv\\\/kvalitet\\\/\",\"name\":\"Sistema de Gesti\u00f3n Integral de Calidad, Gesti\u00f3n Ambiental, Seguridad y Salud Laboral. - TW Group\",\"isPartOf\":{\"@id\":\"https:\\\/\\\/tw-group.com\\\/sv\\\/#website\"},\"primaryImageOfPage\":{\"@id\":\"https:\\\/\\\/tw-group.com\\\/sv\\\/kvalitet\\\/#primaryimage\"},\"image\":{\"@id\":\"https:\\\/\\\/tw-group.com\\\/sv\\\/kvalitet\\\/#primaryimage\"},\"thumbnailUrl\":\"https:\\\/\\\/tw-group.com\\\/wp-content\\\/uploads\\\/2023\\\/03\\\/seguridad_y_salud.jpg\",\"datePublished\":\"2023-01-30T08:14:03+00:00\",\"dateModified\":\"2023-03-27T14:44:32+00:00\",\"description\":\"La satisfacci\u00f3n de nuestros empleados, clientes, colaboradores y proveedores es uno de los pilares fundamentales de una compa\u00f1\u00eda. Nuestro equipo de QSHE (Quality, Safety, Health and Environment) trabaja para que nuestros est\u00e1ndares de Calidad, Seguridad, Salud y Medioambiente vayan m\u00e1s all\u00e1 de lo marcado por la legislaci\u00f3n y lo exigido por los clientes.\",\"breadcrumb\":{\"@id\":\"https:\\\/\\\/tw-group.com\\\/sv\\\/kvalitet\\\/#breadcrumb\"},\"inLanguage\":\"sv-SE\",\"potentialAction\":[{\"@type\":\"ReadAction\",\"target\":[\"https:\\\/\\\/tw-group.com\\\/sv\\\/kvalitet\\\/\"]}]},{\"@type\":\"ImageObject\",\"inLanguage\":\"sv-SE\",\"@id\":\"https:\\\/\\\/tw-group.com\\\/sv\\\/kvalitet\\\/#primaryimage\",\"url\":\"https:\\\/\\\/tw-group.com\\\/wp-content\\\/uploads\\\/2023\\\/03\\\/seguridad_y_salud.jpg\",\"contentUrl\":\"https:\\\/\\\/tw-group.com\\\/wp-content\\\/uploads\\\/2023\\\/03\\\/seguridad_y_salud.jpg\",\"width\":900,\"height\":640},{\"@type\":\"BreadcrumbList\",\"@id\":\"https:\\\/\\\/tw-group.com\\\/sv\\\/kvalitet\\\/#breadcrumb\",\"itemListElement\":[{\"@type\":\"ListItem\",\"position\":1,\"name\":\"Portada\",\"item\":\"https:\\\/\\\/tw-group.com\\\/sv\\\/?lang=sv\"},{\"@type\":\"ListItem\",\"position\":2,\"name\":\"Kvalitet\"}]},{\"@type\":\"WebSite\",\"@id\":\"https:\\\/\\\/tw-group.com\\\/sv\\\/#website\",\"url\":\"https:\\\/\\\/tw-group.com\\\/sv\\\/\",\"name\":\"TW Group\",\"description\":\"\",\"potentialAction\":[{\"@type\":\"SearchAction\",\"target\":{\"@type\":\"EntryPoint\",\"urlTemplate\":\"https:\\\/\\\/tw-group.com\\\/sv\\\/?s={search_term_string}\"},\"query-input\":{\"@type\":\"PropertyValueSpecification\",\"valueRequired\":true,\"valueName\":\"search_term_string\"}}],\"inLanguage\":\"sv-SE\"}]}<\/script>\n<!-- \/ Yoast SEO plugin. -->","yoast_head_json":{"title":"Sistema de Gesti\u00f3n Integral de Calidad, Gesti\u00f3n Ambiental, Seguridad y Salud Laboral. - TW Group","description":"La satisfacci\u00f3n de nuestros empleados, clientes, colaboradores y proveedores es uno de los pilares fundamentales de una compa\u00f1\u00eda. Nuestro equipo de QSHE (Quality, Safety, Health and Environment) trabaja para que nuestros est\u00e1ndares de Calidad, Seguridad, Salud y Medioambiente vayan m\u00e1s all\u00e1 de lo marcado por la legislaci\u00f3n y lo exigido por los clientes.","robots":{"index":"index","follow":"follow","max-snippet":"max-snippet:-1","max-image-preview":"max-image-preview:large","max-video-preview":"max-video-preview:-1"},"canonical":"https:\/\/tw-group.com\/sv\/kvalitet\/","og_locale":"sv_SE","og_type":"article","og_title":"Sistema de Gesti\u00f3n Integral de Calidad, Gesti\u00f3n Ambiental, Seguridad y Salud Laboral. - TW Group","og_description":"La satisfacci\u00f3n de nuestros empleados, clientes, colaboradores y proveedores es uno de los pilares fundamentales de una compa\u00f1\u00eda. Nuestro equipo de QSHE (Quality, Safety, Health and Environment) trabaja para que nuestros est\u00e1ndares de Calidad, Seguridad, Salud y Medioambiente vayan m\u00e1s all\u00e1 de lo marcado por la legislaci\u00f3n y lo exigido por los clientes.","og_url":"https:\/\/tw-group.com\/sv\/kvalitet\/","og_site_name":"TW Group","article_modified_time":"2023-03-27T14:44:32+00:00","og_image":[{"width":900,"height":640,"url":"https:\/\/tw-group.com\/wp-content\/uploads\/2023\/03\/seguridad_y_salud.jpg","type":"image\/jpeg"}],"twitter_card":"summary_large_image","schema":{"@context":"https:\/\/schema.org","@graph":[{"@type":"WebPage","@id":"https:\/\/tw-group.com\/sv\/kvalitet\/","url":"https:\/\/tw-group.com\/sv\/kvalitet\/","name":"Sistema de Gesti\u00f3n Integral de Calidad, Gesti\u00f3n Ambiental, Seguridad y Salud Laboral. - TW Group","isPartOf":{"@id":"https:\/\/tw-group.com\/sv\/#website"},"primaryImageOfPage":{"@id":"https:\/\/tw-group.com\/sv\/kvalitet\/#primaryimage"},"image":{"@id":"https:\/\/tw-group.com\/sv\/kvalitet\/#primaryimage"},"thumbnailUrl":"https:\/\/tw-group.com\/wp-content\/uploads\/2023\/03\/seguridad_y_salud.jpg","datePublished":"2023-01-30T08:14:03+00:00","dateModified":"2023-03-27T14:44:32+00:00","description":"La satisfacci\u00f3n de nuestros empleados, clientes, colaboradores y proveedores es uno de los pilares fundamentales de una compa\u00f1\u00eda. Nuestro equipo de QSHE (Quality, Safety, Health and Environment) trabaja para que nuestros est\u00e1ndares de Calidad, Seguridad, Salud y Medioambiente vayan m\u00e1s all\u00e1 de lo marcado por la legislaci\u00f3n y lo exigido por los clientes.","breadcrumb":{"@id":"https:\/\/tw-group.com\/sv\/kvalitet\/#breadcrumb"},"inLanguage":"sv-SE","potentialAction":[{"@type":"ReadAction","target":["https:\/\/tw-group.com\/sv\/kvalitet\/"]}]},{"@type":"ImageObject","inLanguage":"sv-SE","@id":"https:\/\/tw-group.com\/sv\/kvalitet\/#primaryimage","url":"https:\/\/tw-group.com\/wp-content\/uploads\/2023\/03\/seguridad_y_salud.jpg","contentUrl":"https:\/\/tw-group.com\/wp-content\/uploads\/2023\/03\/seguridad_y_salud.jpg","width":900,"height":640},{"@type":"BreadcrumbList","@id":"https:\/\/tw-group.com\/sv\/kvalitet\/#breadcrumb","itemListElement":[{"@type":"ListItem","position":1,"name":"Portada","item":"https:\/\/tw-group.com\/sv\/?lang=sv"},{"@type":"ListItem","position":2,"name":"Kvalitet"}]},{"@type":"WebSite","@id":"https:\/\/tw-group.com\/sv\/#website","url":"https:\/\/tw-group.com\/sv\/","name":"TW Group","description":"","potentialAction":[{"@type":"SearchAction","target":{"@type":"EntryPoint","urlTemplate":"https:\/\/tw-group.com\/sv\/?s={search_term_string}"},"query-input":{"@type":"PropertyValueSpecification","valueRequired":true,"valueName":"search_term_string"}}],"inLanguage":"sv-SE"}]}},"_links":{"self":[{"href":"https:\/\/tw-group.com\/sv\/wp-json\/wp\/v2\/pages\/23458","targetHints":{"allow":["GET"]}}],"collection":[{"href":"https:\/\/tw-group.com\/sv\/wp-json\/wp\/v2\/pages"}],"about":[{"href":"https:\/\/tw-group.com\/sv\/wp-json\/wp\/v2\/types\/page"}],"author":[{"embeddable":true,"href":"https:\/\/tw-group.com\/sv\/wp-json\/wp\/v2\/users\/1"}],"replies":[{"embeddable":true,"href":"https:\/\/tw-group.com\/sv\/wp-json\/wp\/v2\/comments?post=23458"}],"version-history":[{"count":0,"href":"https:\/\/tw-group.com\/sv\/wp-json\/wp\/v2\/pages\/23458\/revisions"}],"wp:featuredmedia":[{"embeddable":true,"href":"https:\/\/tw-group.com\/sv\/wp-json\/wp\/v2\/media\/23429"}],"wp:attachment":[{"href":"https:\/\/tw-group.com\/sv\/wp-json\/wp\/v2\/media?parent=23458"}],"curies":[{"name":"wp","href":"https:\/\/api.w.org\/{rel}","templated":true}]}}