{"id":23446,"date":"2023-01-09T16:02:40","date_gmt":"2023-01-09T15:02:40","guid":{"rendered":"https:\/\/tw-group.com\/inicio\/"},"modified":"2023-05-24T18:26:58","modified_gmt":"2023-05-24T16:26:58","slug":"inicio","status":"publish","type":"page","link":"https:\/\/tw-group.com\/sv\/","title":{"rendered":"Hem"},"content":{"rendered":"\t\t<div data-elementor-type=\"wp-page\" data-elementor-id=\"23446\" class=\"elementor elementor-23446 elementor-16277\" data-elementor-post-type=\"page\">\n\t\t\t\t\t\t<section class=\"elementor-section elementor-top-section elementor-element elementor-element-308763f elementor-section-full_width elementor-section-height-default elementor-section-height-default qodef-elementor-content-no\" data-id=\"308763f\" data-element_type=\"section\" data-e-type=\"section\" data-settings=\"{&quot;background_background&quot;:&quot;classic&quot;}\">\n\t\t\t\t\t\t<div class=\"elementor-container elementor-column-gap-no\">\n\t\t\t\t\t<div class=\"elementor-column elementor-col-100 elementor-top-column elementor-element elementor-element-dd8860a\" data-id=\"dd8860a\" data-element_type=\"column\" data-e-type=\"column\">\n\t\t\t<div class=\"elementor-widget-wrap elementor-element-populated\">\n\t\t\t\t\t\t<div class=\"elementor-element elementor-element-94b398f elementor-widget elementor-widget-slider_revolution\" data-id=\"94b398f\" data-element_type=\"widget\" data-e-type=\"widget\" data-widget_type=\"slider_revolution.default\">\n\t\t\t\t<div class=\"elementor-widget-container\">\n\t\t\t\t\t\n\t\t<div class=\"wp-block-themepunch-revslider\">\n\t\t\t\t<p class=\"rs-p-wp-fix\"><\/p>\n\t\t\t\t<sr7-module data-alias=\"main-home-1\" data-id=\"8\" id=\"SR7_8_1\" class=\"rs-ov-hidden\" data-version=\"6.7.51\">\n\t\t\t\t\t<sr7-adjuster><\/sr7-adjuster>\n\t\t\t\t\t<sr7-content>\n\t\t\t\t\t\t<sr7-slide id=\"SR7_8_1-20\" data-key=\"20\">\n\t\t\t\t\t\t\t<sr7-txt id=\"SR7_8_1-20-1\" class=\"sr7-layer\"> No<br \/>\nLimits<\/sr7-txt>\n\t\t\t\t\t\t<\/sr7-slide>\n\t\t\t\t\t\t<sr7-slide id=\"SR7_8_1-33\" data-key=\"33\">\n\t\t\t\t\t\t<\/sr7-slide>\n\t\t\t\t\t<\/sr7-content>\n\t\t\t\t<\/sr7-module>\n\t\t\t\t<script>\n\t\t\t\t\twindow.SR7 ??={};SR7.PMH ??={}; SR7.PMH[\"SR7_8_1\"] = {cn:100,state:false,fn: function() { if (window._tpt!==undefined && window._tpt.prepareModuleHeight !== undefined) {  _tpt.prepareModuleHeight({id:\"SR7_8_1\",el:[900,900,768,960,720],type:'standard',shdw:'0',gh:[900,900,768,960,720],gw:[1400,1400,1100,600,300],vpt:['-200px&#039;,&#039;-200px&#039;,&#039;-200px&#039;,&#039;-200px&#039;,&#039;-200px'],size:{fullWidth:true, fullHeight:true},fho:',',mh:'0',onh:97,onw:0,bg:{color:'{\"orig\":\"transparent\",\"type\":\"solid\",\"string\":\"transparent\"}'}});   SR7.PMH[\"SR7_8_1\"].state=true;} else if(SR7.PMH[\"SR7_8_1\"].cn-->0)\tsetTimeout( SR7.PMH[\"SR7_8_1\"].fn,19);}};SR7.PMH[\"SR7_8_1\" ].fn();\n\t\t\t\t<\/script>\n<\/div>\n\n\t\t\t\t\t\t<\/div>\n\t\t\t\t<\/div>\n\t\t\t\t\t<\/div>\n\t\t<\/div>\n\t\t\t\t\t<\/div>\n\t\t<\/section>\n\t\t\t\t<section class=\"elementor-section elementor-top-section elementor-element elementor-element-339e1e22 elementor-section-boxed elementor-section-height-default elementor-section-height-default qodef-elementor-content-no\" data-id=\"339e1e22\" data-element_type=\"section\" data-e-type=\"section\" data-settings=\"{&quot;background_background&quot;:&quot;classic&quot;}\">\n\t\t\t\t\t\t<div class=\"elementor-container elementor-column-gap-default\">\n\t\t\t\t\t<div class=\"elementor-column elementor-col-50 elementor-top-column elementor-element elementor-element-7c8c9995\" data-id=\"7c8c9995\" data-element_type=\"column\" data-e-type=\"column\">\n\t\t\t<div class=\"elementor-widget-wrap elementor-element-populated\">\n\t\t\t\t\t\t<div class=\"elementor-element elementor-element-1576b59d elementor-widget elementor-widget-video\" data-id=\"1576b59d\" data-element_type=\"widget\" data-e-type=\"widget\" data-settings=\"{&quot;video_type&quot;:&quot;hosted&quot;,&quot;start&quot;:2,&quot;controls&quot;:&quot;yes&quot;}\" data-widget_type=\"video.default\">\n\t\t\t\t<div class=\"elementor-widget-container\">\n\t\t\t\t\t\t\t<div class=\"e-hosted-video elementor-wrapper elementor-open-inline\">\n\t\t\t\t\t<video class=\"elementor-video\" src=\"https:\/\/tw-group.com\/video\/TWL_Services_EN.mp4#t=2\" controls=\"\" preload=\"metadata\" controlsList=\"nodownload\"><\/video>\n\t\t\t\t<\/div>\n\t\t\t\t\t\t<\/div>\n\t\t\t\t<\/div>\n\t\t\t\t\t<\/div>\n\t\t<\/div>\n\t\t\t\t<div class=\"elementor-column elementor-col-50 elementor-top-column elementor-element elementor-element-3ac6e1b4\" data-id=\"3ac6e1b4\" data-element_type=\"column\" data-e-type=\"column\">\n\t\t\t<div class=\"elementor-widget-wrap elementor-element-populated\">\n\t\t\t\t\t\t<div class=\"elementor-element elementor-element-35333d58 elementor-widget elementor-widget-globefarer_core_divided_image_info\" data-id=\"35333d58\" data-element_type=\"widget\" data-e-type=\"widget\" data-widget_type=\"globefarer_core_divided_image_info.default\">\n\t\t\t\t<div class=\"elementor-widget-container\">\n\t\t\t\t\t<div class=\"qodef-shortcode qodef-m  qodef-divided-image-info qodef-layout--image-left qodef-separator--on qodef-vertically-centered--on qodef-breakpoint--1024 qodef-appear-animation--no \">\n\t<div class=\"qodef-m-content\" style=\"margin-top: 0px;padding-left: 4%\">\n\t\t\t<h2 itemprop=\"name\" class=\"qodef-m-title\" style=\"margin-bottom: 29px\">\n\tVarje kund, en v\u00e4rld\t<\/h2>\n\t<p class=\"qodef-m-text\" >\n\t\tVi anpassar oss efter varje kund genom att designa skr\u00e4ddarsydda avancerade logistikprojekt med hj\u00e4lp av v\u00e5r egen teknik. Vi implementerar dem efter land, p\u00e5 internationell niv\u00e5. Tala om f\u00f6r oss var du vill finnas n\u00e4rvarande s\u00e5 f\u00f6ljer vi med dig. \n\t<\/p>\n\t<a class=\"qodef-shortcode qodef-m qodef-m-button qodef-button qodef-layout--textual  qodef-html--link\" href=\"https:\/\/tw-group.com\/por-que-elegirnos\/\" target=\"_self\"  >\t\t\t<span class=\"qodef-m-button-icon\"><svg class=\"qodef-svg--plus\" xmlns=\"http:\/\/www.w3.org\/2000\/svg\" xmlns:xlink=\"http:\/\/www.w3.org\/1999\/xlink\" width=\"14\" height=\"14\" viewBox=\"0 0 14 14\"><path class=\"qodef-m-horizontal\" d=\"M0,0H14V2H0Z\" transform=\"translate(0 6)\" \/><path class=\"qodef-m-vertical\" d=\"M0,0H2V14H0Z\" transform=\"translate(6)\" \/><\/svg><\/span>\t\t\t\t<span class=\"qodef-m-button-text\">Varf\u00f6r v\u00e4lja<br \/> oss<\/span>\t<\/a><\/div>\n<\/div>\n\t\t\t\t<\/div>\n\t\t\t\t<\/div>\n\t\t\t\t\t<\/div>\n\t\t<\/div>\n\t\t\t\t\t<\/div>\n\t\t<\/section>\n\t\t\t\t<section class=\"elementor-section elementor-top-section elementor-element elementor-element-b4bccbe elementor-section-full_width qodef-elementor-content-grid elementor-section-height-default elementor-section-height-default\" data-id=\"b4bccbe\" data-element_type=\"section\" data-e-type=\"section\">\n\t\t\t\t\t\t<div class=\"elementor-container elementor-column-gap-no\">\n\t\t\t\t\t<div class=\"elementor-column elementor-col-100 elementor-top-column elementor-element elementor-element-bd4adc0\" data-id=\"bd4adc0\" data-element_type=\"column\" data-e-type=\"column\">\n\t\t\t<div class=\"elementor-widget-wrap elementor-element-populated\">\n\t\t\t\t\t\t<div class=\"elementor-element elementor-element-db3b23a elementor-widget elementor-widget-globefarer_core_tabbed_info\" data-id=\"db3b23a\" data-element_type=\"widget\" data-e-type=\"widget\" data-widget_type=\"globefarer_core_tabbed_info.default\">\n\t\t\t\t<div class=\"elementor-widget-container\">\n\t\t\t\t\t<div class=\"qodef-shortcode qodef-m  qodef-tabbed-info qodef-layout--standard\">\n\t\t\t<ul class=\"qodef-m-navigation\">\n\t\t\t\t\t\t\t\t\t\t\t<li>\n\t<a href=\"qodef-tab--93b2e5e\">\n\t\t\tFordonsindustrin\t<\/a>\n<\/li>\n\t\t\t\t\t\t\t\t\t\t\t<li>\n\t<a href=\"qodef-tab--88e6bad\">\n\t\t\tDetaljhandel\t<\/a>\n<\/li>\n\t\t\t\t\t\t\t\t\t\t\t<li>\n\t<a href=\"qodef-tab--08887a2\">\n\t\t\tLivsmedel\t<\/a>\n<\/li>\n\t\t\t\t\t\t\t\t\t\t\t<li>\n\t<a href=\"qodef-tab--89ebe54\">\n\t\t\tKolv\u00e4ten och kemikalier\t<\/a>\n<\/li>\n\t\t\t\t\t\t\t\t\t\t\t<li>\n\t<a href=\"qodef-tab--ecdb426\">\n\t\t\tIndustri\t<\/a>\n<\/li>\n\t\t\t\t\t\t\t\t\t\t\t<li>\n\t<a href=\"qodef-tab--0567851\">\n\t\t\t\u00d6vrigt\t<\/a>\n<\/li>\n\t\t\t\t\t<\/ul>\n\t\t\t\t\t\t\t\t<div class=\"qodef-m-content\" id=\"qodef-tab--93b2e5e\">\n\t<div class=\"qodef-m-content-left\">\n\t\t\t<div class=\"qodef-m-image\">\n\t\t<img fetchpriority=\"high\" decoding=\"async\" width=\"800\" height=\"425\" src=\"https:\/\/tw-group.com\/wp-content\/uploads\/2023\/02\/INICIO-AUTOMOCION.jpg\" class=\"attachment-full size-full\" alt=\"TW Logistics sector automoci\u00f3n\" srcset=\"https:\/\/tw-group.com\/wp-content\/uploads\/2023\/02\/INICIO-AUTOMOCION.jpg 800w, https:\/\/tw-group.com\/wp-content\/uploads\/2023\/02\/INICIO-AUTOMOCION-300x159.jpg 300w, https:\/\/tw-group.com\/wp-content\/uploads\/2023\/02\/INICIO-AUTOMOCION-768x408.jpg 768w\" sizes=\"(max-width: 800px) 100vw, 800px\" \/>\t<\/div>\n\t<\/div>\n\t<div class=\"qodef-m-content-right\">\n\t\t\t<h2 class=\"qodef-m-title\">\n\t\tLedande inom nattdistribution\t<\/h2>\n\t<p class=\"qodef-m-text\">\n\t\tMed en kvalitet som bekr\u00e4ftas av v\u00e5ra kunder, v\u00e4lk\u00e4nda fordonstillverkare, som offentligt har erk\u00e4nt v\u00e5rt arbete med internationella priser.\t<\/p>\n\t<a class=\"qodef-shortcode qodef-m qodef-m-button qodef-button qodef-layout--textual  qodef-html--link\" href=\"https:\/\/tw-group.com\/sektorer\/?lang=sv\" target=\"_self\"  >\t\t\t<span class=\"qodef-m-button-icon\"><svg class=\"qodef-svg--plus\" xmlns=\"http:\/\/www.w3.org\/2000\/svg\" xmlns:xlink=\"http:\/\/www.w3.org\/1999\/xlink\" width=\"14\" height=\"14\" viewBox=\"0 0 14 14\"><path class=\"qodef-m-horizontal\" d=\"M0,0H14V2H0Z\" transform=\"translate(0 6)\" \/><path class=\"qodef-m-vertical\" d=\"M0,0H2V14H0Z\" transform=\"translate(6)\" \/><\/svg><\/span>\t\t\t\t<span class=\"qodef-m-button-text\">Visa alla<br \/> sektorer<\/span>\t<\/a>\t<\/div>\n<\/div>\n\t\t\t\t\t\t\t\t<div class=\"qodef-m-content\" id=\"qodef-tab--88e6bad\">\n\t<div class=\"qodef-m-content-left\">\n\t\t\t<div class=\"qodef-m-image\">\n\t\t<img decoding=\"async\" width=\"800\" height=\"425\" src=\"https:\/\/tw-group.com\/wp-content\/uploads\/2023\/02\/INICIO-RETAILMODA.jpg\" class=\"attachment-full size-full\" alt=\"TW Logistics Retail-moda\" srcset=\"https:\/\/tw-group.com\/wp-content\/uploads\/2023\/02\/INICIO-RETAILMODA.jpg 800w, https:\/\/tw-group.com\/wp-content\/uploads\/2023\/02\/INICIO-RETAILMODA-300x159.jpg 300w, https:\/\/tw-group.com\/wp-content\/uploads\/2023\/02\/INICIO-RETAILMODA-768x408.jpg 768w\" sizes=\"(max-width: 800px) 100vw, 800px\" \/>\t<\/div>\n\t<\/div>\n\t<div class=\"qodef-m-content-right\">\n\t\t\t<h2 class=\"qodef-m-title\">\n\t\tEn v\u00e4rld av m\u00f6jligheter\t<\/h2>\n\t<p class=\"qodef-m-text\">\n\t\tFTL, lagerh\u00e5llning, obevakad leverans, omv\u00e4nd logistik, flexibla dagliga rutter... specialanpassade tj\u00e4nster f\u00f6r varje projekt, snabba samt tillf\u00f6rlitliga tidtabeller och leveransst\u00e4llen.\t<\/p>\n\t<a class=\"qodef-shortcode qodef-m qodef-m-button qodef-button qodef-layout--textual  qodef-html--link\" href=\"https:\/\/tw-group.com\/sektorer\/?lang=sv\" target=\"_self\"  >\t\t\t<span class=\"qodef-m-button-icon\"><svg class=\"qodef-svg--plus\" xmlns=\"http:\/\/www.w3.org\/2000\/svg\" xmlns:xlink=\"http:\/\/www.w3.org\/1999\/xlink\" width=\"14\" height=\"14\" viewBox=\"0 0 14 14\"><path class=\"qodef-m-horizontal\" d=\"M0,0H14V2H0Z\" transform=\"translate(0 6)\" \/><path class=\"qodef-m-vertical\" d=\"M0,0H2V14H0Z\" transform=\"translate(6)\" \/><\/svg><\/span>\t\t\t\t<span class=\"qodef-m-button-text\">Ver todos<br \/> los sectores<\/span>\t<\/a>\t<\/div>\n<\/div>\n\t\t\t\t\t\t\t\t<div class=\"qodef-m-content\" id=\"qodef-tab--08887a2\">\n\t<div class=\"qodef-m-content-left\">\n\t\t\t<div class=\"qodef-m-image\">\n\t\t<img decoding=\"async\" width=\"800\" height=\"425\" src=\"https:\/\/tw-group.com\/wp-content\/uploads\/2023\/02\/INICIO-ALIMENTACION.jpg\" class=\"attachment-full size-full\" alt=\"TW Logistics sector alimentaci\u00f3n\" srcset=\"https:\/\/tw-group.com\/wp-content\/uploads\/2023\/02\/INICIO-ALIMENTACION.jpg 800w, https:\/\/tw-group.com\/wp-content\/uploads\/2023\/02\/INICIO-ALIMENTACION-300x159.jpg 300w, https:\/\/tw-group.com\/wp-content\/uploads\/2023\/02\/INICIO-ALIMENTACION-768x408.jpg 768w\" sizes=\"(max-width: 800px) 100vw, 800px\" \/>\t<\/div>\n\t<\/div>\n\t<div class=\"qodef-m-content-right\">\n\t\t\t<h2 class=\"qodef-m-title\">\n\t\tVi arbetar f\u00f6r de st\u00f6rsta europeiska kedjorna\t<\/h2>\n\t<p class=\"qodef-m-text\">\n\t\tF\u00f6rutom transport och distribution, \u00e4r vi experter p\u00e5 lagerh\u00e5llning och hantering anpassad efter alla typer av produkter och varor\t<\/p>\n\t<a class=\"qodef-shortcode qodef-m qodef-m-button qodef-button qodef-layout--textual  qodef-html--link\" href=\"https:\/\/tw-group.com\/sektorer\/?lang=sv\" target=\"_self\"  >\t\t\t<span class=\"qodef-m-button-icon\"><svg class=\"qodef-svg--plus\" xmlns=\"http:\/\/www.w3.org\/2000\/svg\" xmlns:xlink=\"http:\/\/www.w3.org\/1999\/xlink\" width=\"14\" height=\"14\" viewBox=\"0 0 14 14\"><path class=\"qodef-m-horizontal\" d=\"M0,0H14V2H0Z\" transform=\"translate(0 6)\" \/><path class=\"qodef-m-vertical\" d=\"M0,0H2V14H0Z\" transform=\"translate(6)\" \/><\/svg><\/span>\t\t\t\t<span class=\"qodef-m-button-text\">Ver todos<br \/> los sectores<\/span>\t<\/a>\t<\/div>\n<\/div>\n\t\t\t\t\t\t\t\t<div class=\"qodef-m-content\" id=\"qodef-tab--89ebe54\">\n\t<div class=\"qodef-m-content-left\">\n\t\t\t<div class=\"qodef-m-image\">\n\t\t<img loading=\"lazy\" decoding=\"async\" width=\"800\" height=\"425\" src=\"https:\/\/tw-group.com\/wp-content\/uploads\/2023\/02\/INICIO-QUIMICOS-ENERGIA.jpg\" class=\"attachment-full size-full\" alt=\"TW Logistics sector Qu\u00edmicos\" srcset=\"https:\/\/tw-group.com\/wp-content\/uploads\/2023\/02\/INICIO-QUIMICOS-ENERGIA.jpg 800w, https:\/\/tw-group.com\/wp-content\/uploads\/2023\/02\/INICIO-QUIMICOS-ENERGIA-300x159.jpg 300w, https:\/\/tw-group.com\/wp-content\/uploads\/2023\/02\/INICIO-QUIMICOS-ENERGIA-768x408.jpg 768w\" sizes=\"(max-width: 800px) 100vw, 800px\" \/>\t<\/div>\n\t<\/div>\n\t<div class=\"qodef-m-content-right\">\n\t\t\t<h2 class=\"qodef-m-title\">\n\t\t100% skr\u00e4ddarsydd process och verksamhet\t<\/h2>\n\t<p class=\"qodef-m-text\">\n\t\tDistribution, lagerkontroll, anpassade specifika processer, strikt sp\u00e5rbarhet och verktygsintegration.\t<\/p>\n\t<a class=\"qodef-shortcode qodef-m qodef-m-button qodef-button qodef-layout--textual  qodef-html--link\" href=\"https:\/\/tw-group.com\/sektorer\/?lang=sv\" target=\"_self\"  >\t\t\t<span class=\"qodef-m-button-icon\"><svg class=\"qodef-svg--plus\" xmlns=\"http:\/\/www.w3.org\/2000\/svg\" xmlns:xlink=\"http:\/\/www.w3.org\/1999\/xlink\" width=\"14\" height=\"14\" viewBox=\"0 0 14 14\"><path class=\"qodef-m-horizontal\" d=\"M0,0H14V2H0Z\" transform=\"translate(0 6)\" \/><path class=\"qodef-m-vertical\" d=\"M0,0H2V14H0Z\" transform=\"translate(6)\" \/><\/svg><\/span>\t\t\t\t<span class=\"qodef-m-button-text\">Ver todos<br \/> los sectores<\/span>\t<\/a>\t<\/div>\n<\/div>\n\t\t\t\t\t\t\t\t<div class=\"qodef-m-content\" id=\"qodef-tab--ecdb426\">\n\t<div class=\"qodef-m-content-left\">\n\t\t\t<div class=\"qodef-m-image\">\n\t\t<img loading=\"lazy\" decoding=\"async\" width=\"800\" height=\"425\" src=\"https:\/\/tw-group.com\/wp-content\/uploads\/2023\/02\/INICIO-INDUSTRIA.jpg\" class=\"attachment-full size-full\" alt=\"TW Logistics sector industrial\" srcset=\"https:\/\/tw-group.com\/wp-content\/uploads\/2023\/02\/INICIO-INDUSTRIA.jpg 800w, https:\/\/tw-group.com\/wp-content\/uploads\/2023\/02\/INICIO-INDUSTRIA-300x159.jpg 300w, https:\/\/tw-group.com\/wp-content\/uploads\/2023\/02\/INICIO-INDUSTRIA-768x408.jpg 768w\" sizes=\"(max-width: 800px) 100vw, 800px\" \/>\t<\/div>\n\t<\/div>\n\t<div class=\"qodef-m-content-right\">\n\t\t\t<h2 class=\"qodef-m-title\">\n\t\tVi f\u00f6renklar och p\u00e5skyndar leveranskedjan\t<\/h2>\n\t<p class=\"qodef-m-text\">\n\t\tVi erbjuder innovativa l\u00f6sningar med balans mellan kvalitet, kostnad, flexibilitet och standardisering f\u00f6r att m\u00f6ta utmaningarna p\u00e5 en dynamisk marknad.\t<\/p>\n\t<a class=\"qodef-shortcode qodef-m qodef-m-button qodef-button qodef-layout--textual  qodef-html--link\" href=\"https:\/\/tw-group.com\/sektorer\/?lang=sv\" target=\"_self\"  >\t\t\t<span class=\"qodef-m-button-icon\"><svg class=\"qodef-svg--plus\" xmlns=\"http:\/\/www.w3.org\/2000\/svg\" xmlns:xlink=\"http:\/\/www.w3.org\/1999\/xlink\" width=\"14\" height=\"14\" viewBox=\"0 0 14 14\"><path class=\"qodef-m-horizontal\" d=\"M0,0H14V2H0Z\" transform=\"translate(0 6)\" \/><path class=\"qodef-m-vertical\" d=\"M0,0H2V14H0Z\" transform=\"translate(6)\" \/><\/svg><\/span>\t\t\t\t<span class=\"qodef-m-button-text\">Ver todos<br \/> los sectores<\/span>\t<\/a>\t<\/div>\n<\/div>\n\t\t\t\t\t\t\t\t<div class=\"qodef-m-content\" id=\"qodef-tab--0567851\">\n\t<div class=\"qodef-m-content-left\">\n\t\t\t<div class=\"qodef-m-image\">\n\t\t<img loading=\"lazy\" decoding=\"async\" width=\"800\" height=\"425\" src=\"https:\/\/tw-group.com\/wp-content\/uploads\/2023\/01\/otros.jpg\" class=\"attachment-full size-full\" alt=\"\" srcset=\"https:\/\/tw-group.com\/wp-content\/uploads\/2023\/01\/otros.jpg 800w, https:\/\/tw-group.com\/wp-content\/uploads\/2023\/01\/otros-300x159.jpg 300w, https:\/\/tw-group.com\/wp-content\/uploads\/2023\/01\/otros-768x408.jpg 768w\" sizes=\"(max-width: 800px) 100vw, 800px\" \/>\t<\/div>\n\t<\/div>\n\t<div class=\"qodef-m-content-right\">\n\t\t\t<h2 class=\"qodef-m-title\">\n\t\tV\u00e5rt svar \u00e4r: ja, det g\u00e5r\t<\/h2>\n\t<p class=\"qodef-m-text\">\n\t\tVi \u00e4r k\u00e4nda f\u00f6r v\u00e5ra l\u00f6sningar f\u00f6r att optimera leveranskedjan, anpassa lager och\/eller transportera vilken typ av produkt som helst.\t<\/p>\n\t<a class=\"qodef-shortcode qodef-m qodef-m-button qodef-button qodef-layout--textual  qodef-html--link\" href=\"https:\/\/tw-group.com\/sektorer\/?lang=sv\" target=\"_self\"  >\t\t\t<span class=\"qodef-m-button-icon\"><svg class=\"qodef-svg--plus\" xmlns=\"http:\/\/www.w3.org\/2000\/svg\" xmlns:xlink=\"http:\/\/www.w3.org\/1999\/xlink\" width=\"14\" height=\"14\" viewBox=\"0 0 14 14\"><path class=\"qodef-m-horizontal\" d=\"M0,0H14V2H0Z\" transform=\"translate(0 6)\" \/><path class=\"qodef-m-vertical\" d=\"M0,0H2V14H0Z\" transform=\"translate(6)\" \/><\/svg><\/span>\t\t\t\t<span class=\"qodef-m-button-text\">Ver todos<br \/> los sectores<\/span>\t<\/a>\t<\/div>\n<\/div>\n\t\t\t<\/div>\n\t\t\t\t<\/div>\n\t\t\t\t<\/div>\n\t\t\t\t\t<\/div>\n\t\t<\/div>\n\t\t\t\t\t<\/div>\n\t\t<\/section>\n\t\t\t\t<\/div>\n\t\t","protected":false},"excerpt":{"rendered":"<p>https:\/\/tw-group.com\/video\/TWL_Services_EN.mp4#t=2 Varje kund, en v\u00e4rld Vi anpassar oss efter varje kund genom att designa skr\u00e4ddarsydda avancerade logistikprojekt med hj\u00e4lp av v\u00e5r egen teknik. Vi implementerar dem efter land, p\u00e5 internationell niv\u00e5. Tala om f\u00f6r oss var du vill finnas n\u00e4rvarande s\u00e5 f\u00f6ljer vi med dig. Varf\u00f6r v\u00e4lja oss Fordonsindustrin Detaljhandel Livsmedel Kolv\u00e4ten och kemikalier Industri [&hellip;]<\/p>\n","protected":false},"author":1,"featured_media":23425,"parent":0,"menu_order":0,"comment_status":"closed","ping_status":"closed","template":"page-full-width.php","meta":{"footnotes":""},"class_list":["post-23446","page","type-page","status-publish","has-post-thumbnail","hentry"],"yoast_head":"<!-- This site is optimized with the Yoast SEO plugin v27.3 - https:\/\/yoast.com\/product\/yoast-seo-wordpress\/ -->\n<title>Cada cliente, un mundo - TW Group<\/title>\n<meta name=\"description\" content=\"Nos adaptamos a cada cliente para dise\u00f1ar proyectos personalizados de log\u00edstica avanzada con desarrollos tecnol\u00f3gicos propios. los implementamos por pa\u00eds, a nivel internacional -&gt; Dinos d\u00f3nde quieres estar presente y nosotros vamos contigo.\" \/>\n<meta name=\"robots\" content=\"index, follow, max-snippet:-1, max-image-preview:large, max-video-preview:-1\" \/>\n<link rel=\"canonical\" href=\"https:\/\/tw-group.com\/sv\/\" \/>\n<meta property=\"og:locale\" content=\"sv_SE\" \/>\n<meta property=\"og:type\" content=\"article\" \/>\n<meta property=\"og:title\" content=\"Cada cliente, un mundo - TW Group\" \/>\n<meta property=\"og:description\" content=\"Nos adaptamos a cada cliente para dise\u00f1ar proyectos personalizados de log\u00edstica avanzada con desarrollos tecnol\u00f3gicos propios. los implementamos por pa\u00eds, a nivel internacional -&gt; Dinos d\u00f3nde quieres estar presente y nosotros vamos contigo.\" \/>\n<meta property=\"og:url\" content=\"https:\/\/tw-group.com\/sv\/\" \/>\n<meta property=\"og:site_name\" content=\"TW Group\" \/>\n<meta property=\"article:modified_time\" content=\"2023-05-24T16:26:58+00:00\" \/>\n<meta property=\"og:image\" content=\"https:\/\/tw-group.com\/wp-content\/uploads\/2023\/03\/TW_Cada_cliente_un_mundo.png\" \/>\n\t<meta property=\"og:image:width\" content=\"1281\" \/>\n\t<meta property=\"og:image:height\" content=\"640\" \/>\n\t<meta property=\"og:image:type\" content=\"image\/png\" \/>\n<meta name=\"twitter:card\" content=\"summary_large_image\" \/>\n<script type=\"application\/ld+json\" class=\"yoast-schema-graph\">{\"@context\":\"https:\\\/\\\/schema.org\",\"@graph\":[{\"@type\":\"WebPage\",\"@id\":\"https:\\\/\\\/tw-group.com\\\/sv\\\/\",\"url\":\"https:\\\/\\\/tw-group.com\\\/sv\\\/\",\"name\":\"Cada cliente, un mundo - TW Group\",\"isPartOf\":{\"@id\":\"https:\\\/\\\/tw-group.com\\\/sv\\\/#website\"},\"primaryImageOfPage\":{\"@id\":\"https:\\\/\\\/tw-group.com\\\/sv\\\/#primaryimage\"},\"image\":{\"@id\":\"https:\\\/\\\/tw-group.com\\\/sv\\\/#primaryimage\"},\"thumbnailUrl\":\"https:\\\/\\\/tw-group.com\\\/wp-content\\\/uploads\\\/2023\\\/03\\\/TW_Cada_cliente_un_mundo.png\",\"datePublished\":\"2023-01-09T15:02:40+00:00\",\"dateModified\":\"2023-05-24T16:26:58+00:00\",\"description\":\"Nos adaptamos a cada cliente para dise\u00f1ar proyectos personalizados de log\u00edstica avanzada con desarrollos tecnol\u00f3gicos propios. los implementamos por pa\u00eds, a nivel internacional -> Dinos d\u00f3nde quieres estar presente y nosotros vamos contigo.\",\"breadcrumb\":{\"@id\":\"https:\\\/\\\/tw-group.com\\\/sv\\\/#breadcrumb\"},\"inLanguage\":\"sv-SE\",\"potentialAction\":[{\"@type\":\"ReadAction\",\"target\":[\"https:\\\/\\\/tw-group.com\\\/sv\\\/\"]}]},{\"@type\":\"ImageObject\",\"inLanguage\":\"sv-SE\",\"@id\":\"https:\\\/\\\/tw-group.com\\\/sv\\\/#primaryimage\",\"url\":\"https:\\\/\\\/tw-group.com\\\/wp-content\\\/uploads\\\/2023\\\/03\\\/TW_Cada_cliente_un_mundo.png\",\"contentUrl\":\"https:\\\/\\\/tw-group.com\\\/wp-content\\\/uploads\\\/2023\\\/03\\\/TW_Cada_cliente_un_mundo.png\",\"width\":1281,\"height\":640},{\"@type\":\"BreadcrumbList\",\"@id\":\"https:\\\/\\\/tw-group.com\\\/sv\\\/#breadcrumb\",\"itemListElement\":[{\"@type\":\"ListItem\",\"position\":1,\"name\":\"Portada\",\"item\":\"https:\\\/\\\/tw-group.com\\\/sv\\\/?lang=sv\"},{\"@type\":\"ListItem\",\"position\":2,\"name\":\"Hem\"}]},{\"@type\":\"WebSite\",\"@id\":\"https:\\\/\\\/tw-group.com\\\/sv\\\/#website\",\"url\":\"https:\\\/\\\/tw-group.com\\\/sv\\\/\",\"name\":\"TW Group\",\"description\":\"\",\"potentialAction\":[{\"@type\":\"SearchAction\",\"target\":{\"@type\":\"EntryPoint\",\"urlTemplate\":\"https:\\\/\\\/tw-group.com\\\/sv\\\/?s={search_term_string}\"},\"query-input\":{\"@type\":\"PropertyValueSpecification\",\"valueRequired\":true,\"valueName\":\"search_term_string\"}}],\"inLanguage\":\"sv-SE\"}]}<\/script>\n<!-- \/ Yoast SEO plugin. -->","yoast_head_json":{"title":"Cada cliente, un mundo - TW Group","description":"Nos adaptamos a cada cliente para dise\u00f1ar proyectos personalizados de log\u00edstica avanzada con desarrollos tecnol\u00f3gicos propios. los implementamos por pa\u00eds, a nivel internacional -> Dinos d\u00f3nde quieres estar presente y nosotros vamos contigo.","robots":{"index":"index","follow":"follow","max-snippet":"max-snippet:-1","max-image-preview":"max-image-preview:large","max-video-preview":"max-video-preview:-1"},"canonical":"https:\/\/tw-group.com\/sv\/","og_locale":"sv_SE","og_type":"article","og_title":"Cada cliente, un mundo - TW Group","og_description":"Nos adaptamos a cada cliente para dise\u00f1ar proyectos personalizados de log\u00edstica avanzada con desarrollos tecnol\u00f3gicos propios. los implementamos por pa\u00eds, a nivel internacional -> Dinos d\u00f3nde quieres estar presente y nosotros vamos contigo.","og_url":"https:\/\/tw-group.com\/sv\/","og_site_name":"TW Group","article_modified_time":"2023-05-24T16:26:58+00:00","og_image":[{"width":1281,"height":640,"url":"https:\/\/tw-group.com\/wp-content\/uploads\/2023\/03\/TW_Cada_cliente_un_mundo.png","type":"image\/png"}],"twitter_card":"summary_large_image","schema":{"@context":"https:\/\/schema.org","@graph":[{"@type":"WebPage","@id":"https:\/\/tw-group.com\/sv\/","url":"https:\/\/tw-group.com\/sv\/","name":"Cada cliente, un mundo - TW Group","isPartOf":{"@id":"https:\/\/tw-group.com\/sv\/#website"},"primaryImageOfPage":{"@id":"https:\/\/tw-group.com\/sv\/#primaryimage"},"image":{"@id":"https:\/\/tw-group.com\/sv\/#primaryimage"},"thumbnailUrl":"https:\/\/tw-group.com\/wp-content\/uploads\/2023\/03\/TW_Cada_cliente_un_mundo.png","datePublished":"2023-01-09T15:02:40+00:00","dateModified":"2023-05-24T16:26:58+00:00","description":"Nos adaptamos a cada cliente para dise\u00f1ar proyectos personalizados de log\u00edstica avanzada con desarrollos tecnol\u00f3gicos propios. los implementamos por pa\u00eds, a nivel internacional -> Dinos d\u00f3nde quieres estar presente y nosotros vamos contigo.","breadcrumb":{"@id":"https:\/\/tw-group.com\/sv\/#breadcrumb"},"inLanguage":"sv-SE","potentialAction":[{"@type":"ReadAction","target":["https:\/\/tw-group.com\/sv\/"]}]},{"@type":"ImageObject","inLanguage":"sv-SE","@id":"https:\/\/tw-group.com\/sv\/#primaryimage","url":"https:\/\/tw-group.com\/wp-content\/uploads\/2023\/03\/TW_Cada_cliente_un_mundo.png","contentUrl":"https:\/\/tw-group.com\/wp-content\/uploads\/2023\/03\/TW_Cada_cliente_un_mundo.png","width":1281,"height":640},{"@type":"BreadcrumbList","@id":"https:\/\/tw-group.com\/sv\/#breadcrumb","itemListElement":[{"@type":"ListItem","position":1,"name":"Portada","item":"https:\/\/tw-group.com\/sv\/?lang=sv"},{"@type":"ListItem","position":2,"name":"Hem"}]},{"@type":"WebSite","@id":"https:\/\/tw-group.com\/sv\/#website","url":"https:\/\/tw-group.com\/sv\/","name":"TW Group","description":"","potentialAction":[{"@type":"SearchAction","target":{"@type":"EntryPoint","urlTemplate":"https:\/\/tw-group.com\/sv\/?s={search_term_string}"},"query-input":{"@type":"PropertyValueSpecification","valueRequired":true,"valueName":"search_term_string"}}],"inLanguage":"sv-SE"}]}},"_links":{"self":[{"href":"https:\/\/tw-group.com\/sv\/wp-json\/wp\/v2\/pages\/23446","targetHints":{"allow":["GET"]}}],"collection":[{"href":"https:\/\/tw-group.com\/sv\/wp-json\/wp\/v2\/pages"}],"about":[{"href":"https:\/\/tw-group.com\/sv\/wp-json\/wp\/v2\/types\/page"}],"author":[{"embeddable":true,"href":"https:\/\/tw-group.com\/sv\/wp-json\/wp\/v2\/users\/1"}],"replies":[{"embeddable":true,"href":"https:\/\/tw-group.com\/sv\/wp-json\/wp\/v2\/comments?post=23446"}],"version-history":[{"count":0,"href":"https:\/\/tw-group.com\/sv\/wp-json\/wp\/v2\/pages\/23446\/revisions"}],"wp:featuredmedia":[{"embeddable":true,"href":"https:\/\/tw-group.com\/sv\/wp-json\/wp\/v2\/media\/23425"}],"wp:attachment":[{"href":"https:\/\/tw-group.com\/sv\/wp-json\/wp\/v2\/media?parent=23446"}],"curies":[{"name":"wp","href":"https:\/\/api.w.org\/{rel}","templated":true}]}}