{"id":22321,"date":"2023-01-09T16:05:17","date_gmt":"2023-01-09T15:05:17","guid":{"rendered":"https:\/\/tw-group.com\/por-que-elegirnos\/"},"modified":"2023-05-25T09:48:18","modified_gmt":"2023-05-25T07:48:18","slug":"porque-escolher-nos","status":"publish","type":"page","link":"https:\/\/tw-group.com\/pt-pt\/porque-escolher-nos\/","title":{"rendered":"Porqu\u00ea escolher-nos"},"content":{"rendered":"\t\t<div data-elementor-type=\"wp-page\" data-elementor-id=\"22321\" class=\"elementor elementor-22321 elementor-16280\" data-elementor-post-type=\"page\">\n\t\t\t\t\t\t<section class=\"elementor-section elementor-top-section elementor-element elementor-element-7adebf78 elementor-section-boxed elementor-section-height-default elementor-section-height-default qodef-elementor-content-no\" data-id=\"7adebf78\" data-element_type=\"section\" data-e-type=\"section\">\n\t\t\t\t\t\t<div class=\"elementor-container elementor-column-gap-default\">\n\t\t\t\t\t<div class=\"elementor-column elementor-col-50 elementor-top-column elementor-element elementor-element-744f869a\" data-id=\"744f869a\" data-element_type=\"column\" data-e-type=\"column\">\n\t\t\t<div class=\"elementor-widget-wrap elementor-element-populated\">\n\t\t\t\t\t\t<div class=\"elementor-element elementor-element-db0558b elementor-widget elementor-widget-video\" data-id=\"db0558b\" data-element_type=\"widget\" data-e-type=\"widget\" data-settings=\"{&quot;video_type&quot;:&quot;hosted&quot;,&quot;start&quot;:1,&quot;controls&quot;:&quot;yes&quot;}\" data-widget_type=\"video.default\">\n\t\t\t\t<div class=\"elementor-widget-container\">\n\t\t\t\t\t\t\t<div class=\"e-hosted-video elementor-wrapper elementor-open-inline\">\n\t\t\t\t\t<video class=\"elementor-video\" src=\"https:\/\/tw-group.com\/video\/TWL_Values.mp4#t=1\" controls=\"\" preload=\"metadata\" controlsList=\"nodownload\"><\/video>\n\t\t\t\t<\/div>\n\t\t\t\t\t\t<\/div>\n\t\t\t\t<\/div>\n\t\t\t\t\t<\/div>\n\t\t<\/div>\n\t\t\t\t<div class=\"elementor-column elementor-col-50 elementor-top-column elementor-element elementor-element-5e904087\" data-id=\"5e904087\" data-element_type=\"column\" data-e-type=\"column\">\n\t\t\t<div class=\"elementor-widget-wrap elementor-element-populated\">\n\t\t\t\t\t\t<div class=\"elementor-element elementor-element-33b63cd3 elementor-widget elementor-widget-globefarer_core_divided_image_info\" data-id=\"33b63cd3\" data-element_type=\"widget\" data-e-type=\"widget\" data-widget_type=\"globefarer_core_divided_image_info.default\">\n\t\t\t\t<div class=\"elementor-widget-container\">\n\t\t\t\t\t<div class=\"qodef-shortcode qodef-m  qodef-divided-image-info qodef-layout--image-left qodef-separator--on qodef-vertically-centered--on qodef-breakpoint--1024 qodef-appear-animation--no \">\n\t<div class=\"qodef-m-content\" style=\"margin-top: 0px;padding-left: 4%\">\n\t\t\t<h2 itemprop=\"name\" class=\"qodef-m-title\" style=\"margin-bottom: 29px\">\n\tUma multinacional  que procura a proximidade\t<\/h2>\n\t<p class=\"qodef-m-text\" >\n\t\tDamos tudo para os nossos clientes confiarem em n\u00f3s como o seu parceiro de confian\u00e7a em log\u00edstica. Entendemos o nosso trabalho como um servi\u00e7o \u00e0 sociedade e \u00e0s empresas, com a MISS\u00c3O de optimizar e manter o fluxo da cadeia de abastecimento. Com a VIS\u00c3O de alcan\u00e7ar cada novo pa\u00eds e canto que um cliente exige. Com o PROP\u00d3SITO de continuar a ligar o mundo apoiado pelos nossos recursos e tecnologia.\t<\/p>\n\t<a class=\"qodef-shortcode qodef-m qodef-m-button qodef-button qodef-layout--textual  qodef-html--link\" href=\"\/multimodal\/?lang=pt-pt\" target=\"_self\"  >\t\t\t<span class=\"qodef-m-button-icon\"><svg class=\"qodef-svg--plus\" xmlns=\"http:\/\/www.w3.org\/2000\/svg\" xmlns:xlink=\"http:\/\/www.w3.org\/1999\/xlink\" width=\"14\" height=\"14\" viewBox=\"0 0 14 14\"><path class=\"qodef-m-horizontal\" d=\"M0,0H14V2H0Z\" transform=\"translate(0 6)\" \/><path class=\"qodef-m-vertical\" d=\"M0,0H2V14H0Z\" transform=\"translate(6)\" \/><\/svg><\/span>\t\t\t\t<span class=\"qodef-m-button-text\">Ver mais<br \/> sobre servi\u00e7os<\/span>\t<\/a><\/div>\n<\/div>\n\t\t\t\t<\/div>\n\t\t\t\t<\/div>\n\t\t\t\t\t<\/div>\n\t\t<\/div>\n\t\t\t\t\t<\/div>\n\t\t<\/section>\n\t\t\t\t<section class=\"elementor-section elementor-top-section elementor-element elementor-element-94ae9d9 qodef-elementor-content-grid elementor-section-full_width elementor-section-height-default elementor-section-height-default\" data-id=\"94ae9d9\" data-element_type=\"section\" data-e-type=\"section\">\n\t\t\t\t\t\t<div class=\"elementor-container elementor-column-gap-no\">\n\t\t\t\t\t<div class=\"elementor-column elementor-col-100 elementor-top-column elementor-element elementor-element-4de569e\" data-id=\"4de569e\" data-element_type=\"column\" data-e-type=\"column\">\n\t\t\t<div class=\"elementor-widget-wrap elementor-element-populated\">\n\t\t\t\t\t\t<div class=\"elementor-element elementor-element-283d77e elementor-widget elementor-widget-globefarer_core_accordion_info\" data-id=\"283d77e\" data-element_type=\"widget\" data-e-type=\"widget\" data-widget_type=\"globefarer_core_accordion_info.default\">\n\t\t\t\t<div class=\"elementor-widget-container\">\n\t\t\t\t\t<div class=\"qodef-shortcode qodef-m  qodef-accordion-info qodef-behavior--accordion qodef-layout--extended-compact \">\n\t<div class=\"qodef-m-heading\">\n\t\t<h6 class=\"qodef-m-heading-title\">\n\t\tChaves para o sucesso\t<\/h6>\n<\/div>\n\t<div class=\"qodef-accordion-info-inner\">\n\t\t\t\t\t\t\t\t\t\t\t\t\t<div class=\"qodef-m-navigation\">\n\t\t<h4 class=\"qodef-m-title\">\n\t\tA cultura internacional\t<\/h4>\n\t<p class=\"qodef-m-tagline\">\n\t\tAcompanhamos os nossos clientes onde quer que eles precisem de n\u00f3s.\t<\/p>\n<div class=\"qodef-m-mark\">\n\t<svg class=\"qodef-svg--plus\" xmlns=\"http:\/\/www.w3.org\/2000\/svg\" xmlns:xlink=\"http:\/\/www.w3.org\/1999\/xlink\" width=\"14\" height=\"14\" viewBox=\"0 0 14 14\"><path class=\"qodef-m-horizontal\" d=\"M0,0H14V2H0Z\" transform=\"translate(0 6)\" \/><path class=\"qodef-m-vertical\" d=\"M0,0H2V14H0Z\" transform=\"translate(6)\" \/><\/svg><\/div>\n<\/div>\n<div class=\"qodef-m-content\">\n\t\t<p class=\"qodef-m-text\">\n\t\tDesenvolvemos os nossos projectos em diferentes pa\u00edses de todo o mundo, adaptando-nos sempre \u00e0s necessidades do cliente.\t<\/p>\n<\/div>\n\t\t\t\t\t\t\t\t\t\t\t<div class=\"qodef-m-navigation\">\n\t\t<h4 class=\"qodef-m-title\">\n\t\tAs possibilidades ilimitadas\t<\/h4>\n\t<p class=\"qodef-m-tagline\">\n\t\tTransporte por terra, mar e ar.\t<\/p>\n<div class=\"qodef-m-mark\">\n\t<svg class=\"qodef-svg--plus\" xmlns=\"http:\/\/www.w3.org\/2000\/svg\" xmlns:xlink=\"http:\/\/www.w3.org\/1999\/xlink\" width=\"14\" height=\"14\" viewBox=\"0 0 14 14\"><path class=\"qodef-m-horizontal\" d=\"M0,0H14V2H0Z\" transform=\"translate(0 6)\" \/><path class=\"qodef-m-vertical\" d=\"M0,0H2V14H0Z\" transform=\"translate(6)\" \/><\/svg><\/div>\n<\/div>\n<div class=\"qodef-m-content\">\n\t\t<p class=\"qodef-m-text\">\n\t\tRede de distribui\u00e7\u00e3o, eCommerce, lead logistics, servi\u00e7o p\u00f3s-venda, armazenamento inteligente, log\u00edstica inversa, otimiza\u00e7\u00e3o da cadeia de abastecimento e outros servi\u00e7os de valor adicional. Solu\u00e7\u00f5es flex\u00edveis e \u00e0 medida para todo o tipo de carga e requisitos do cliente.\t<\/p>\n<\/div>\n\t\t\t\t\t\t\t\t\t\t\t<div class=\"qodef-m-navigation\">\n\t\t<h4 class=\"qodef-m-title\">\n\t\tA forma de trabalhar\t<\/h4>\n\t<p class=\"qodef-m-tagline\">\n\t\tExcelente modo operacional nos processos e propostas de melhoria cont\u00ednua.\t<\/p>\n<div class=\"qodef-m-mark\">\n\t<svg class=\"qodef-svg--plus\" xmlns=\"http:\/\/www.w3.org\/2000\/svg\" xmlns:xlink=\"http:\/\/www.w3.org\/1999\/xlink\" width=\"14\" height=\"14\" viewBox=\"0 0 14 14\"><path class=\"qodef-m-horizontal\" d=\"M0,0H14V2H0Z\" transform=\"translate(0 6)\" \/><path class=\"qodef-m-vertical\" d=\"M0,0H2V14H0Z\" transform=\"translate(6)\" \/><\/svg><\/div>\n<\/div>\n<div class=\"qodef-m-content\">\n\t\t<p class=\"qodef-m-text\">\n\t\tFiabilidade e produtividade para aumentar a competitividade dos nossos clientes e sermos \u00e1geis para nos adaptarmos \u00e0s mudan\u00e7as constantes derivadas do mercado atual.\t<\/p>\n<\/div>\n\t\t\t\t\t\t\t\t\t\t\t<div class=\"qodef-m-navigation\">\n\t\t<h4 class=\"qodef-m-title\">\n\t\tA tecnologia especializada in-house\t<\/h4>\n\t<p class=\"qodef-m-tagline\">\n\t\tA nossa equipa de TI tem vindo a especializar-se em tirar o m\u00e1ximo partido da tecnologia para o sector da log\u00edstica h\u00e1 mais de 25 anos.\t<\/p>\n<div class=\"qodef-m-mark\">\n\t<svg class=\"qodef-svg--plus\" xmlns=\"http:\/\/www.w3.org\/2000\/svg\" xmlns:xlink=\"http:\/\/www.w3.org\/1999\/xlink\" width=\"14\" height=\"14\" viewBox=\"0 0 14 14\"><path class=\"qodef-m-horizontal\" d=\"M0,0H14V2H0Z\" transform=\"translate(0 6)\" \/><path class=\"qodef-m-vertical\" d=\"M0,0H2V14H0Z\" transform=\"translate(6)\" \/><\/svg><\/div>\n<\/div>\n<div class=\"qodef-m-content\">\n\t\t<p class=\"qodef-m-text\">\n\t\tExcelentes resultados no desenvolvimento \u00e0 medida de sistemas de gest\u00e3o de armaz\u00e9ns e automatiza\u00e7\u00e3o de instala\u00e7\u00f5es. Investimos na inova\u00e7\u00e3o para melhorar a produtividade, reduzir os custos e minimizar o risco de erros.\t<\/p>\n<\/div>\n\t\t\t\t\t\t\t\t\t\t\t<div class=\"qodef-m-navigation\">\n\t\t<h4 class=\"qodef-m-title\">\n\t\tO compromisso\t<\/h4>\n\t<p class=\"qodef-m-tagline\">\n\t\tFi\u00e1vel e transparente.\t<\/p>\n<div class=\"qodef-m-mark\">\n\t<svg class=\"qodef-svg--plus\" xmlns=\"http:\/\/www.w3.org\/2000\/svg\" xmlns:xlink=\"http:\/\/www.w3.org\/1999\/xlink\" width=\"14\" height=\"14\" viewBox=\"0 0 14 14\"><path class=\"qodef-m-horizontal\" d=\"M0,0H14V2H0Z\" transform=\"translate(0 6)\" \/><path class=\"qodef-m-vertical\" d=\"M0,0H2V14H0Z\" transform=\"translate(6)\" \/><\/svg><\/div>\n<\/div>\n<div class=\"qodef-m-content\">\n\t\t<p class=\"qodef-m-text\">\n\t\tGarantimos fiabilidade na qualidade, transpar\u00eancia e m\u00e1xima rastreabilidade nas nossas entregas.\t<\/p>\n<\/div>\n\t\t\t\t\t\t\t\t\t\t\t<div class=\"qodef-m-navigation\">\n\t\t<h4 class=\"qodef-m-title\">\n\t\tA solidez \t<\/h4>\n\t<p class=\"qodef-m-tagline\">\n\t\tTW Group\t<\/p>\n<div class=\"qodef-m-mark\">\n\t<svg class=\"qodef-svg--plus\" xmlns=\"http:\/\/www.w3.org\/2000\/svg\" xmlns:xlink=\"http:\/\/www.w3.org\/1999\/xlink\" width=\"14\" height=\"14\" viewBox=\"0 0 14 14\"><path class=\"qodef-m-horizontal\" d=\"M0,0H14V2H0Z\" transform=\"translate(0 6)\" \/><path class=\"qodef-m-vertical\" d=\"M0,0H2V14H0Z\" transform=\"translate(6)\" \/><\/svg><\/div>\n<\/div>\n<div class=\"qodef-m-content\">\n\t\t<p class=\"qodef-m-text\">\n\t\t\u00c9 uma organiza\u00e7\u00e3o consolidada com solidez financeira comprovada e uma evolu\u00e7\u00e3o estrat\u00e9gica est\u00e1vel que nos permite consolidar rela\u00e7\u00f5es a longo prazo com os nossos clientes.\t<\/p>\n<\/div>\n\t\t\t\t\t\t<\/div>\n<\/div>\n\t\t\t\t<\/div>\n\t\t\t\t<\/div>\n\t\t\t\t\t<\/div>\n\t\t<\/div>\n\t\t\t\t\t<\/div>\n\t\t<\/section>\n\t\t\t\t<section class=\"elementor-section elementor-top-section elementor-element elementor-element-45c1549 elementor-section-full_width elementor-section-height-default elementor-section-height-default qodef-elementor-content-no\" data-id=\"45c1549\" data-element_type=\"section\" data-e-type=\"section\">\n\t\t\t\t\t\t<div class=\"elementor-container elementor-column-gap-no\">\n\t\t\t\t\t<div class=\"elementor-column elementor-col-100 elementor-top-column elementor-element elementor-element-aa7ce85\" data-id=\"aa7ce85\" data-element_type=\"column\" data-e-type=\"column\">\n\t\t\t<div class=\"elementor-widget-wrap elementor-element-populated\">\n\t\t\t\t\t\t<div class=\"elementor-element elementor-element-bcfbeda elementor-widget elementor-widget-image\" data-id=\"bcfbeda\" data-element_type=\"widget\" data-e-type=\"widget\" data-widget_type=\"image.default\">\n\t\t\t\t<div class=\"elementor-widget-container\">\n\t\t\t\t\t\t\t\t\t\t\t\t\t\t\t<img fetchpriority=\"high\" decoding=\"async\" width=\"2560\" height=\"1000\" src=\"https:\/\/tw-group.com\/wp-content\/uploads\/2023\/02\/TW-Loistics-por-que-2.jpg\" class=\"attachment-full size-full wp-image-22202\" alt=\"\" srcset=\"https:\/\/tw-group.com\/wp-content\/uploads\/2023\/02\/TW-Loistics-por-que-2.jpg 2560w, https:\/\/tw-group.com\/wp-content\/uploads\/2023\/02\/TW-Loistics-por-que-2-300x117.jpg 300w, https:\/\/tw-group.com\/wp-content\/uploads\/2023\/02\/TW-Loistics-por-que-2-1024x400.jpg 1024w, https:\/\/tw-group.com\/wp-content\/uploads\/2023\/02\/TW-Loistics-por-que-2-768x300.jpg 768w, https:\/\/tw-group.com\/wp-content\/uploads\/2023\/02\/TW-Loistics-por-que-2-1536x600.jpg 1536w, https:\/\/tw-group.com\/wp-content\/uploads\/2023\/02\/TW-Loistics-por-que-2-2048x800.jpg 2048w\" sizes=\"(max-width: 2560px) 100vw, 2560px\" \/>\t\t\t\t\t\t\t\t\t\t\t\t\t\t\t<\/div>\n\t\t\t\t<\/div>\n\t\t\t\t\t<\/div>\n\t\t<\/div>\n\t\t\t\t\t<\/div>\n\t\t<\/section>\n\t\t\t\t<\/div>\n\t\t","protected":false},"excerpt":{"rendered":"<p>https:\/\/tw-group.com\/video\/TWL_Values.mp4#t=1 Uma multinacional que procura a proximidade Damos tudo para os nossos clientes confiarem em n\u00f3s como o seu parceiro de confian\u00e7a em log\u00edstica. Entendemos o nosso trabalho como um servi\u00e7o \u00e0 sociedade e \u00e0s empresas, com a MISS\u00c3O de optimizar e manter o fluxo da cadeia de abastecimento. Com a VIS\u00c3O de alcan\u00e7ar cada [&hellip;]<\/p>\n","protected":false},"author":1,"featured_media":22245,"parent":0,"menu_order":0,"comment_status":"closed","ping_status":"closed","template":"page-full-width.php","meta":{"footnotes":""},"class_list":["post-22321","page","type-page","status-publish","has-post-thumbnail","hentry"],"yoast_head":"<!-- This site is optimized with the Yoast SEO plugin v27.3 - https:\/\/yoast.com\/product\/yoast-seo-wordpress\/ -->\n<title>Porqu\u00ea escolher-nos - TW Group<\/title>\n<meta name=\"description\" content=\"Lo damos todo para que nuestros clientes conf\u00eden en nosotros como su partner fiable en log\u00edstica. Entendemos nuestra labor como un servicio a la sociedad y a las empresas, con la MISI\u00d3N de optimizar y mantener el flujo de la cadena de suministro. Con la VISI\u00d3N de llegar a cada nuevo pa\u00eds y rinc\u00f3n que demande un cliente. Con el PROP\u00d3SITO de seguir conectando el mundo apoyados en nuestros recursos y tecnolog\u00eda.\" \/>\n<meta name=\"robots\" content=\"index, follow, max-snippet:-1, max-image-preview:large, max-video-preview:-1\" \/>\n<link rel=\"canonical\" href=\"https:\/\/tw-group.com\/pt-pt\/porque-escolher-nos\/\" \/>\n<meta property=\"og:locale\" content=\"pt_PT\" \/>\n<meta property=\"og:type\" content=\"article\" \/>\n<meta property=\"og:title\" content=\"Porqu\u00ea escolher-nos - TW Group\" \/>\n<meta property=\"og:description\" content=\"Lo damos todo para que nuestros clientes conf\u00eden en nosotros como su partner fiable en log\u00edstica. Entendemos nuestra labor como un servicio a la sociedad y a las empresas, con la MISI\u00d3N de optimizar y mantener el flujo de la cadena de suministro. Con la VISI\u00d3N de llegar a cada nuevo pa\u00eds y rinc\u00f3n que demande un cliente. Con el PROP\u00d3SITO de seguir conectando el mundo apoyados en nuestros recursos y tecnolog\u00eda.\" \/>\n<meta property=\"og:url\" content=\"https:\/\/tw-group.com\/pt-pt\/porque-escolher-nos\/\" \/>\n<meta property=\"og:site_name\" content=\"TW Group\" \/>\n<meta property=\"article:modified_time\" content=\"2023-05-25T07:48:18+00:00\" \/>\n<meta property=\"og:image\" content=\"https:\/\/tw-group.com\/wp-content\/uploads\/2023\/03\/TW_Logistics.png\" \/>\n\t<meta property=\"og:image:width\" content=\"900\" \/>\n\t<meta property=\"og:image:height\" content=\"640\" \/>\n\t<meta property=\"og:image:type\" content=\"image\/png\" \/>\n<meta name=\"twitter:card\" content=\"summary_large_image\" \/>\n<script type=\"application\/ld+json\" class=\"yoast-schema-graph\">{\"@context\":\"https:\\\/\\\/schema.org\",\"@graph\":[{\"@type\":\"WebPage\",\"@id\":\"https:\\\/\\\/tw-group.com\\\/pt-pt\\\/porque-escolher-nos\\\/\",\"url\":\"https:\\\/\\\/tw-group.com\\\/pt-pt\\\/porque-escolher-nos\\\/\",\"name\":\"Porqu\u00ea escolher-nos - TW Group\",\"isPartOf\":{\"@id\":\"https:\\\/\\\/tw-group.com\\\/pt-pt\\\/#website\"},\"primaryImageOfPage\":{\"@id\":\"https:\\\/\\\/tw-group.com\\\/pt-pt\\\/porque-escolher-nos\\\/#primaryimage\"},\"image\":{\"@id\":\"https:\\\/\\\/tw-group.com\\\/pt-pt\\\/porque-escolher-nos\\\/#primaryimage\"},\"thumbnailUrl\":\"https:\\\/\\\/tw-group.com\\\/wp-content\\\/uploads\\\/2023\\\/03\\\/TW_Logistics.png\",\"datePublished\":\"2023-01-09T15:05:17+00:00\",\"dateModified\":\"2023-05-25T07:48:18+00:00\",\"description\":\"Lo damos todo para que nuestros clientes conf\u00eden en nosotros como su partner fiable en log\u00edstica. Entendemos nuestra labor como un servicio a la sociedad y a las empresas, con la MISI\u00d3N de optimizar y mantener el flujo de la cadena de suministro. Con la VISI\u00d3N de llegar a cada nuevo pa\u00eds y rinc\u00f3n que demande un cliente. Con el PROP\u00d3SITO de seguir conectando el mundo apoyados en nuestros recursos y tecnolog\u00eda.\",\"breadcrumb\":{\"@id\":\"https:\\\/\\\/tw-group.com\\\/pt-pt\\\/porque-escolher-nos\\\/#breadcrumb\"},\"inLanguage\":\"pt-PT\",\"potentialAction\":[{\"@type\":\"ReadAction\",\"target\":[\"https:\\\/\\\/tw-group.com\\\/pt-pt\\\/porque-escolher-nos\\\/\"]}]},{\"@type\":\"ImageObject\",\"inLanguage\":\"pt-PT\",\"@id\":\"https:\\\/\\\/tw-group.com\\\/pt-pt\\\/porque-escolher-nos\\\/#primaryimage\",\"url\":\"https:\\\/\\\/tw-group.com\\\/wp-content\\\/uploads\\\/2023\\\/03\\\/TW_Logistics.png\",\"contentUrl\":\"https:\\\/\\\/tw-group.com\\\/wp-content\\\/uploads\\\/2023\\\/03\\\/TW_Logistics.png\",\"width\":900,\"height\":640},{\"@type\":\"BreadcrumbList\",\"@id\":\"https:\\\/\\\/tw-group.com\\\/pt-pt\\\/porque-escolher-nos\\\/#breadcrumb\",\"itemListElement\":[{\"@type\":\"ListItem\",\"position\":1,\"name\":\"Portada\",\"item\":\"https:\\\/\\\/tw-group.com\\\/pt-pt\\\/?lang=pt-pt\"},{\"@type\":\"ListItem\",\"position\":2,\"name\":\"Porqu\u00ea escolher-nos\"}]},{\"@type\":\"WebSite\",\"@id\":\"https:\\\/\\\/tw-group.com\\\/pt-pt\\\/#website\",\"url\":\"https:\\\/\\\/tw-group.com\\\/pt-pt\\\/\",\"name\":\"TW Group\",\"description\":\"\",\"potentialAction\":[{\"@type\":\"SearchAction\",\"target\":{\"@type\":\"EntryPoint\",\"urlTemplate\":\"https:\\\/\\\/tw-group.com\\\/pt-pt\\\/?s={search_term_string}\"},\"query-input\":{\"@type\":\"PropertyValueSpecification\",\"valueRequired\":true,\"valueName\":\"search_term_string\"}}],\"inLanguage\":\"pt-PT\"}]}<\/script>\n<!-- \/ Yoast SEO plugin. -->","yoast_head_json":{"title":"Porqu\u00ea escolher-nos - TW Group","description":"Lo damos todo para que nuestros clientes conf\u00eden en nosotros como su partner fiable en log\u00edstica. Entendemos nuestra labor como un servicio a la sociedad y a las empresas, con la MISI\u00d3N de optimizar y mantener el flujo de la cadena de suministro. Con la VISI\u00d3N de llegar a cada nuevo pa\u00eds y rinc\u00f3n que demande un cliente. Con el PROP\u00d3SITO de seguir conectando el mundo apoyados en nuestros recursos y tecnolog\u00eda.","robots":{"index":"index","follow":"follow","max-snippet":"max-snippet:-1","max-image-preview":"max-image-preview:large","max-video-preview":"max-video-preview:-1"},"canonical":"https:\/\/tw-group.com\/pt-pt\/porque-escolher-nos\/","og_locale":"pt_PT","og_type":"article","og_title":"Porqu\u00ea escolher-nos - TW Group","og_description":"Lo damos todo para que nuestros clientes conf\u00eden en nosotros como su partner fiable en log\u00edstica. Entendemos nuestra labor como un servicio a la sociedad y a las empresas, con la MISI\u00d3N de optimizar y mantener el flujo de la cadena de suministro. Con la VISI\u00d3N de llegar a cada nuevo pa\u00eds y rinc\u00f3n que demande un cliente. Con el PROP\u00d3SITO de seguir conectando el mundo apoyados en nuestros recursos y tecnolog\u00eda.","og_url":"https:\/\/tw-group.com\/pt-pt\/porque-escolher-nos\/","og_site_name":"TW Group","article_modified_time":"2023-05-25T07:48:18+00:00","og_image":[{"width":900,"height":640,"url":"https:\/\/tw-group.com\/wp-content\/uploads\/2023\/03\/TW_Logistics.png","type":"image\/png"}],"twitter_card":"summary_large_image","schema":{"@context":"https:\/\/schema.org","@graph":[{"@type":"WebPage","@id":"https:\/\/tw-group.com\/pt-pt\/porque-escolher-nos\/","url":"https:\/\/tw-group.com\/pt-pt\/porque-escolher-nos\/","name":"Porqu\u00ea escolher-nos - TW Group","isPartOf":{"@id":"https:\/\/tw-group.com\/pt-pt\/#website"},"primaryImageOfPage":{"@id":"https:\/\/tw-group.com\/pt-pt\/porque-escolher-nos\/#primaryimage"},"image":{"@id":"https:\/\/tw-group.com\/pt-pt\/porque-escolher-nos\/#primaryimage"},"thumbnailUrl":"https:\/\/tw-group.com\/wp-content\/uploads\/2023\/03\/TW_Logistics.png","datePublished":"2023-01-09T15:05:17+00:00","dateModified":"2023-05-25T07:48:18+00:00","description":"Lo damos todo para que nuestros clientes conf\u00eden en nosotros como su partner fiable en log\u00edstica. Entendemos nuestra labor como un servicio a la sociedad y a las empresas, con la MISI\u00d3N de optimizar y mantener el flujo de la cadena de suministro. Con la VISI\u00d3N de llegar a cada nuevo pa\u00eds y rinc\u00f3n que demande un cliente. Con el PROP\u00d3SITO de seguir conectando el mundo apoyados en nuestros recursos y tecnolog\u00eda.","breadcrumb":{"@id":"https:\/\/tw-group.com\/pt-pt\/porque-escolher-nos\/#breadcrumb"},"inLanguage":"pt-PT","potentialAction":[{"@type":"ReadAction","target":["https:\/\/tw-group.com\/pt-pt\/porque-escolher-nos\/"]}]},{"@type":"ImageObject","inLanguage":"pt-PT","@id":"https:\/\/tw-group.com\/pt-pt\/porque-escolher-nos\/#primaryimage","url":"https:\/\/tw-group.com\/wp-content\/uploads\/2023\/03\/TW_Logistics.png","contentUrl":"https:\/\/tw-group.com\/wp-content\/uploads\/2023\/03\/TW_Logistics.png","width":900,"height":640},{"@type":"BreadcrumbList","@id":"https:\/\/tw-group.com\/pt-pt\/porque-escolher-nos\/#breadcrumb","itemListElement":[{"@type":"ListItem","position":1,"name":"Portada","item":"https:\/\/tw-group.com\/pt-pt\/?lang=pt-pt"},{"@type":"ListItem","position":2,"name":"Porqu\u00ea escolher-nos"}]},{"@type":"WebSite","@id":"https:\/\/tw-group.com\/pt-pt\/#website","url":"https:\/\/tw-group.com\/pt-pt\/","name":"TW Group","description":"","potentialAction":[{"@type":"SearchAction","target":{"@type":"EntryPoint","urlTemplate":"https:\/\/tw-group.com\/pt-pt\/?s={search_term_string}"},"query-input":{"@type":"PropertyValueSpecification","valueRequired":true,"valueName":"search_term_string"}}],"inLanguage":"pt-PT"}]}},"_links":{"self":[{"href":"https:\/\/tw-group.com\/pt-pt\/wp-json\/wp\/v2\/pages\/22321","targetHints":{"allow":["GET"]}}],"collection":[{"href":"https:\/\/tw-group.com\/pt-pt\/wp-json\/wp\/v2\/pages"}],"about":[{"href":"https:\/\/tw-group.com\/pt-pt\/wp-json\/wp\/v2\/types\/page"}],"author":[{"embeddable":true,"href":"https:\/\/tw-group.com\/pt-pt\/wp-json\/wp\/v2\/users\/1"}],"replies":[{"embeddable":true,"href":"https:\/\/tw-group.com\/pt-pt\/wp-json\/wp\/v2\/comments?post=22321"}],"version-history":[{"count":0,"href":"https:\/\/tw-group.com\/pt-pt\/wp-json\/wp\/v2\/pages\/22321\/revisions"}],"wp:featuredmedia":[{"embeddable":true,"href":"https:\/\/tw-group.com\/pt-pt\/wp-json\/wp\/v2\/media\/22245"}],"wp:attachment":[{"href":"https:\/\/tw-group.com\/pt-pt\/wp-json\/wp\/v2\/media?parent=22321"}],"curies":[{"name":"wp","href":"https:\/\/api.w.org\/{rel}","templated":true}]}}