{"id":22313,"date":"2023-01-09T16:43:24","date_gmt":"2023-01-09T15:43:24","guid":{"rendered":"https:\/\/tw-group.com\/multimodal\/"},"modified":"2023-03-13T20:47:29","modified_gmt":"2023-03-13T19:47:29","slug":"multimodal","status":"publish","type":"page","link":"https:\/\/tw-group.com\/pt-pt\/multimodal\/","title":{"rendered":"Multimodal"},"content":{"rendered":"\t\t<div data-elementor-type=\"wp-page\" data-elementor-id=\"22313\" class=\"elementor elementor-22313 elementor-16330\" data-elementor-post-type=\"page\">\n\t\t\t\t\t\t<section class=\"elementor-section elementor-top-section elementor-element elementor-element-f857aba elementor-section-full_width qodef-elementor-content-grid elementor-section-height-default elementor-section-height-default\" data-id=\"f857aba\" data-element_type=\"section\" data-e-type=\"section\" data-settings=\"{&quot;background_background&quot;:&quot;classic&quot;}\">\n\t\t\t\t\t\t<div class=\"elementor-container elementor-column-gap-no\">\n\t\t\t\t\t<div class=\"elementor-column elementor-col-100 elementor-top-column elementor-element elementor-element-bc07873\" data-id=\"bc07873\" data-element_type=\"column\" data-e-type=\"column\">\n\t\t\t<div class=\"elementor-widget-wrap elementor-element-populated\">\n\t\t\t\t\t\t<div class=\"elementor-element elementor-element-d8937b3 elementor-widget elementor-widget-globefarer_core_divided_image_info\" data-id=\"d8937b3\" data-element_type=\"widget\" data-e-type=\"widget\" data-widget_type=\"globefarer_core_divided_image_info.default\">\n\t\t\t\t<div class=\"elementor-widget-container\">\n\t\t\t\t\t<div class=\"qodef-shortcode qodef-m  qodef-divided-image-info qodef-layout--image-left qodef-separator--on qodef-vertically-centered--on qodef-breakpoint--1024 qodef-appear-animation--no \">\n\t\t<div class=\"qodef-m-image\" style=\"width: 51.5%;padding-right: 3%\">\n\t\t<img fetchpriority=\"high\" decoding=\"async\" width=\"800\" height=\"425\" src=\"https:\/\/tw-group.com\/wp-content\/uploads\/2023\/02\/TW-Logistics-conectividad2.jpg\" class=\"attachment-full size-full\" alt=\"TW Logistics digital\" srcset=\"https:\/\/tw-group.com\/wp-content\/uploads\/2023\/02\/TW-Logistics-conectividad2.jpg 800w, https:\/\/tw-group.com\/wp-content\/uploads\/2023\/02\/TW-Logistics-conectividad2-300x159.jpg 300w, https:\/\/tw-group.com\/wp-content\/uploads\/2023\/02\/TW-Logistics-conectividad2-768x408.jpg 768w\" sizes=\"(max-width: 800px) 100vw, 800px\" \/>\t<\/div>\n<div class=\"qodef-m-content\" style=\"margin-top: 0px;padding-left: 4%\">\n\t\t\t<h2 itemprop=\"name\" class=\"qodef-m-title\" style=\"margin-bottom: 29px\">\n\tO mundo nas suas m\u00e3os\t<\/h2>\n\t<p class=\"qodef-m-text\" >\n\t\tPropomos solu\u00e7\u00f5es estrat\u00e9gicas multimodais que combinam o transporte terrestre, a\u00e9reo e\/ou mar\u00edtimo, complementado com distribui\u00e7\u00e3o expresso ou \u00faltima milha, para dar resposta a todo o processo log\u00edstico: desde a sa\u00edda da mercadoria at\u00e9 que esta \u00e9 entregue em qualquer parte do mundo.\t<\/p>\n\t<a class=\"qodef-shortcode qodef-m qodef-m-button qodef-button qodef-layout--textual  qodef-html--link\" href=\"\/conectividade\/?lang=pt-pt\" target=\"_self\"  >\t\t\t<span class=\"qodef-m-button-icon\"><svg class=\"qodef-svg--plus\" xmlns=\"http:\/\/www.w3.org\/2000\/svg\" xmlns:xlink=\"http:\/\/www.w3.org\/1999\/xlink\" width=\"14\" height=\"14\" viewBox=\"0 0 14 14\"><path class=\"qodef-m-horizontal\" d=\"M0,0H14V2H0Z\" transform=\"translate(0 6)\" \/><path class=\"qodef-m-vertical\" d=\"M0,0H2V14H0Z\" transform=\"translate(6)\" \/><\/svg><\/span>\t\t\t\t<span class=\"qodef-m-button-text\">Ver solu\u00e7\u00f5es<br \/> de conectividade<\/span>\t<\/a><\/div>\n<\/div>\n\t\t\t\t<\/div>\n\t\t\t\t<\/div>\n\t\t\t\t\t<\/div>\n\t\t<\/div>\n\t\t\t\t\t<\/div>\n\t\t<\/section>\n\t\t\t\t<section class=\"elementor-section elementor-top-section elementor-element elementor-element-a4d24fe qodef-elementor-content-grid elementor-section-full_width elementor-section-height-default elementor-section-height-default\" data-id=\"a4d24fe\" data-element_type=\"section\" data-e-type=\"section\">\n\t\t\t\t\t\t<div class=\"elementor-container elementor-column-gap-no\">\n\t\t\t\t\t<div class=\"elementor-column elementor-col-100 elementor-top-column elementor-element elementor-element-59ed0b3\" data-id=\"59ed0b3\" data-element_type=\"column\" data-e-type=\"column\">\n\t\t\t<div class=\"elementor-widget-wrap elementor-element-populated\">\n\t\t\t\t\t\t<div class=\"elementor-element elementor-element-30ad199 elementor-widget elementor-widget-globefarer_core_accordion_info\" data-id=\"30ad199\" data-element_type=\"widget\" data-e-type=\"widget\" data-widget_type=\"globefarer_core_accordion_info.default\">\n\t\t\t\t<div class=\"elementor-widget-container\">\n\t\t\t\t\t<div class=\"qodef-shortcode qodef-m  qodef-accordion-info qodef-behavior--accordion qodef-layout--extended-compact \">\n\t<div class=\"qodef-m-heading\">\n\t<\/div>\n\t<div class=\"qodef-accordion-info-inner\">\n\t\t\t\t\t\t\t\t\t\t\t\t\t<div class=\"qodef-m-navigation\">\n\t\t<h4 class=\"qodef-m-title\">\n\t\tVantagens\t<\/h4>\n\t<p class=\"qodef-m-tagline\">\n\t\tOs nossos pontos fortes:\t<\/p>\n<div class=\"qodef-m-mark\">\n\t<svg class=\"qodef-svg--plus\" xmlns=\"http:\/\/www.w3.org\/2000\/svg\" xmlns:xlink=\"http:\/\/www.w3.org\/1999\/xlink\" width=\"14\" height=\"14\" viewBox=\"0 0 14 14\"><path class=\"qodef-m-horizontal\" d=\"M0,0H14V2H0Z\" transform=\"translate(0 6)\" \/><path class=\"qodef-m-vertical\" d=\"M0,0H2V14H0Z\" transform=\"translate(6)\" \/><\/svg><\/div>\n<\/div>\n<div class=\"qodef-m-content\">\n\t\t<p class=\"qodef-m-text\">\n\t\tFlexibilidade: ao usar v\u00e1rios meios de transporte, podem adaptar-se melhor \u00e0s necessidades do cliente e \u00e0s caracter\u00edsticas da carga. \/\/\nRedu\u00e7\u00e3o de custos: otimizamos as vantagens de cada meio de transporte para reduzir os custos gerais. \/\/\nMaior efici\u00eancia na cadeia de abastecimento: permite uma melhor coordena\u00e7\u00e3o entre os diferentes meios de transporte e uma maior efici\u00eancia na cadeia de abastecimento em longas dist\u00e2ncias. Isto traduz-se numa entrega mais r\u00e1pida e segura da mercadoria. \/\/\nMenor impacto ambiental: tem menos impacto ambiental do que o transporte por um \u00fanico meio, pois podem ser usados meios de transporte mais eficientes do ponto de vista energ\u00e9tico em fun\u00e7\u00e3o das caracter\u00edsticas da carga e da dist\u00e2ncia a percorrer. \/\/\nAl\u00e9m disso, propomos os servi\u00e7os complementares de 3PL.\n\t<\/p>\n<\/div>\n\t\t\t\t\t\t\t\t\t\t\t<div class=\"qodef-m-navigation\">\n\t\t<h4 class=\"qodef-m-title\">\n\t\tServi\u00e7os complementares\t<\/h4>\n\t<p class=\"qodef-m-tagline\">\n\t\tDestacamos quatro chaves:\t<\/p>\n<div class=\"qodef-m-mark\">\n\t<svg class=\"qodef-svg--plus\" xmlns=\"http:\/\/www.w3.org\/2000\/svg\" xmlns:xlink=\"http:\/\/www.w3.org\/1999\/xlink\" width=\"14\" height=\"14\" viewBox=\"0 0 14 14\"><path class=\"qodef-m-horizontal\" d=\"M0,0H14V2H0Z\" transform=\"translate(0 6)\" \/><path class=\"qodef-m-vertical\" d=\"M0,0H2V14H0Z\" transform=\"translate(6)\" \/><\/svg><\/div>\n<\/div>\n<div class=\"qodef-m-content\">\n\t\t<p class=\"qodef-m-text\">\n\t\tAlf\u00e2ndega \/\/ Transporte de mercadorias em ambiente e temperatura controlados \/\/ Armazenagem e log\u00edstica \/\/ LTL.\t<\/p>\n<\/div>\n\t\t\t\t\t\t\t\t\t\t\t<div class=\"qodef-m-navigation\">\n\t\t<h4 class=\"qodef-m-title\">\n\t\tConectividade\t<\/h4>\n\t<p class=\"qodef-m-tagline\">\n\t\tTecnologia in-house\t<\/p>\n<div class=\"qodef-m-mark\">\n\t<svg class=\"qodef-svg--plus\" xmlns=\"http:\/\/www.w3.org\/2000\/svg\" xmlns:xlink=\"http:\/\/www.w3.org\/1999\/xlink\" width=\"14\" height=\"14\" viewBox=\"0 0 14 14\"><path class=\"qodef-m-horizontal\" d=\"M0,0H14V2H0Z\" transform=\"translate(0 6)\" \/><path class=\"qodef-m-vertical\" d=\"M0,0H2V14H0Z\" transform=\"translate(6)\" \/><\/svg><\/div>\n<\/div>\n<div class=\"qodef-m-content\">\n\t\t<p class=\"qodef-m-text\">\n\t\tAs solu\u00e7\u00f5es multimodais s\u00e3o geridas atrav\u00e9s da nossa plataforma tecnol\u00f3gica, que faz um seguimento da carga em tempo real da origem ao destino final.\t<\/p>\n<\/div>\n\t\t\t\t\t\t<\/div>\n<\/div>\n\t\t\t\t<\/div>\n\t\t\t\t<\/div>\n\t\t\t\t\t<\/div>\n\t\t<\/div>\n\t\t\t\t\t<\/div>\n\t\t<\/section>\n\t\t\t\t<section class=\"elementor-section elementor-top-section elementor-element elementor-element-68ad685 qodef-elementor-content-grid elementor-hidden-desktop elementor-hidden-tablet elementor-hidden-mobile elementor-section-boxed elementor-section-height-default elementor-section-height-default\" data-id=\"68ad685\" data-element_type=\"section\" data-e-type=\"section\">\n\t\t\t\t\t\t<div class=\"elementor-container elementor-column-gap-custom\">\n\t\t\t\t\t<div class=\"elementor-column elementor-col-100 elementor-top-column elementor-element elementor-element-b8930be\" data-id=\"b8930be\" data-element_type=\"column\" data-e-type=\"column\">\n\t\t\t<div class=\"elementor-widget-wrap elementor-element-populated\">\n\t\t\t\t\t\t<div class=\"elementor-element elementor-element-52f2d90 elementor-tabs-alignment-center elementor-tabs-view-horizontal elementor-widget elementor-widget-tabs\" data-id=\"52f2d90\" data-element_type=\"widget\" data-e-type=\"widget\" data-widget_type=\"tabs.default\">\n\t\t\t\t<div class=\"elementor-widget-container\">\n\t\t\t\t\t\t\t<div class=\"elementor-tabs\">\n\t\t\t<div class=\"elementor-tabs-wrapper\" role=\"tablist\" >\n\t\t\t\t\t\t\t\t\t<div id=\"elementor-tab-title-8691\" class=\"elementor-tab-title elementor-tab-desktop-title\" aria-selected=\"true\" data-tab=\"1\" role=\"tab\" tabindex=\"0\" aria-controls=\"elementor-tab-content-8691\" aria-expanded=\"false\">Ventajas<\/div>\n\t\t\t\t\t\t\t\t\t<div id=\"elementor-tab-title-8692\" class=\"elementor-tab-title elementor-tab-desktop-title\" aria-selected=\"false\" data-tab=\"2\" role=\"tab\" tabindex=\"-1\" aria-controls=\"elementor-tab-content-8692\" aria-expanded=\"false\">Servicios complementarios<\/div>\n\t\t\t\t\t\t\t\t\t<div id=\"elementor-tab-title-8693\" class=\"elementor-tab-title elementor-tab-desktop-title\" aria-selected=\"false\" data-tab=\"3\" role=\"tab\" tabindex=\"-1\" aria-controls=\"elementor-tab-content-8693\" aria-expanded=\"false\">Conectividad<\/div>\n\t\t\t\t\t\t\t<\/div>\n\t\t\t<div class=\"elementor-tabs-content-wrapper\" role=\"tablist\" aria-orientation=\"vertical\">\n\t\t\t\t\t\t\t\t\t<div class=\"elementor-tab-title elementor-tab-mobile-title\" aria-selected=\"true\" data-tab=\"1\" role=\"tab\" tabindex=\"0\" aria-controls=\"elementor-tab-content-8691\" aria-expanded=\"false\">Ventajas<\/div>\n\t\t\t\t\t<div id=\"elementor-tab-content-8691\" class=\"elementor-tab-content elementor-clearfix\" data-tab=\"1\" role=\"tabpanel\" aria-labelledby=\"elementor-tab-title-8691\" tabindex=\"0\" hidden=\"false\"><ul><li>Flexibilidad: al utilizar varios medios de transporte, se pueden adaptar mejor a las necesidades del cliente y a las caracter\u00edsticas de la carga.<\/li><li>Reducci\u00f3n de costes: optimizamos las ventajas de cada medio de transporte para reducir los costes generales.<\/li><li>Mayor eficiencia en la cadena de suministro: permite una mejor coordinaci\u00f3n entre los diferentes medios de transporte y una mayor eficiencia en la cadena de suministro en largas distancias. Esto se traduce en una entrega m\u00e1s r\u00e1pida y segura de la mercanc\u00eda.<\/li><li>Menor impacto ambiental: tiene menos impacto ambiental que el transporte por un solo medio, ya que se pueden utilizar medios de transporte m\u00e1s eficientes desde el punto de vista energ\u00e9tico en funci\u00f3n de las caracter\u00edsticas de la carga y la distancia a recorrer.<\/li><li>Adem\u00e1s ofrecemos los servicios complementarias de 3PL.<\/li><\/ul><\/div>\n\t\t\t\t\t\t\t\t\t<div class=\"elementor-tab-title elementor-tab-mobile-title\" aria-selected=\"false\" data-tab=\"2\" role=\"tab\" tabindex=\"-1\" aria-controls=\"elementor-tab-content-8692\" aria-expanded=\"false\">Servicios complementarios<\/div>\n\t\t\t\t\t<div id=\"elementor-tab-content-8692\" class=\"elementor-tab-content elementor-clearfix\" data-tab=\"2\" role=\"tabpanel\" aria-labelledby=\"elementor-tab-title-8692\" tabindex=\"0\" hidden=\"hidden\"><ul><li><a href=\"https:\/\/tw-group.com\/forwarding\/\">Aduanas<\/a>.<\/li><li><a href=\"https:\/\/tw-group.com\/ftl\/\">Transporte de mercanc\u00edas en ambiente y temperatura controlada<\/a>.<\/li><li><a href=\"https:\/\/tw-group.com\/3pl\/\">Almacenaje y log\u00edstica<\/a>.<\/li><li><a href=\"https:\/\/tw-group.com\/ltl\/\">LTL<\/a>.<\/li><\/ul><\/div>\n\t\t\t\t\t\t\t\t\t<div class=\"elementor-tab-title elementor-tab-mobile-title\" aria-selected=\"false\" data-tab=\"3\" role=\"tab\" tabindex=\"-1\" aria-controls=\"elementor-tab-content-8693\" aria-expanded=\"false\">Conectividad<\/div>\n\t\t\t\t\t<div id=\"elementor-tab-content-8693\" class=\"elementor-tab-content elementor-clearfix\" data-tab=\"3\" role=\"tabpanel\" aria-labelledby=\"elementor-tab-title-8693\" tabindex=\"0\" hidden=\"hidden\"><p>Las soluciones multimodales se gestionan a trav\u00e9s de nuestra plataforma tecnol\u00f3gica, que realiza un seguimiento de la carga en tiempo real desde el origen hasta el destino final.<\/p><\/div>\n\t\t\t\t\t\t\t<\/div>\n\t\t<\/div>\n\t\t\t\t\t\t<\/div>\n\t\t\t\t<\/div>\n\t\t\t\t\t<\/div>\n\t\t<\/div>\n\t\t\t\t\t<\/div>\n\t\t<\/section>\n\t\t\t\t<section class=\"elementor-section elementor-top-section elementor-element elementor-element-1124aa4 elementor-section-full_width elementor-section-height-default elementor-section-height-default qodef-elementor-content-no\" data-id=\"1124aa4\" data-element_type=\"section\" data-e-type=\"section\">\n\t\t\t\t\t\t<div class=\"elementor-container elementor-column-gap-no\">\n\t\t\t\t\t<div class=\"elementor-column elementor-col-100 elementor-top-column elementor-element elementor-element-5c31083\" data-id=\"5c31083\" data-element_type=\"column\" data-e-type=\"column\">\n\t\t\t<div class=\"elementor-widget-wrap elementor-element-populated\">\n\t\t\t\t\t\t<div class=\"elementor-element elementor-element-63b99c5 elementor-widget elementor-widget-image\" data-id=\"63b99c5\" data-element_type=\"widget\" data-e-type=\"widget\" data-widget_type=\"image.default\">\n\t\t\t\t<div class=\"elementor-widget-container\">\n\t\t\t\t\t\t\t\t\t\t\t\t\t\t\t<img decoding=\"async\" width=\"2560\" height=\"1000\" src=\"https:\/\/tw-group.com\/wp-content\/uploads\/2023\/02\/SERVICIOS-MULTIMODAL-FOOTER.jpg\" class=\"attachment-full size-full wp-image-22177\" alt=\"\" srcset=\"https:\/\/tw-group.com\/wp-content\/uploads\/2023\/02\/SERVICIOS-MULTIMODAL-FOOTER.jpg 2560w, https:\/\/tw-group.com\/wp-content\/uploads\/2023\/02\/SERVICIOS-MULTIMODAL-FOOTER-300x117.jpg 300w, https:\/\/tw-group.com\/wp-content\/uploads\/2023\/02\/SERVICIOS-MULTIMODAL-FOOTER-1024x400.jpg 1024w, https:\/\/tw-group.com\/wp-content\/uploads\/2023\/02\/SERVICIOS-MULTIMODAL-FOOTER-768x300.jpg 768w, https:\/\/tw-group.com\/wp-content\/uploads\/2023\/02\/SERVICIOS-MULTIMODAL-FOOTER-1536x600.jpg 1536w, https:\/\/tw-group.com\/wp-content\/uploads\/2023\/02\/SERVICIOS-MULTIMODAL-FOOTER-2048x800.jpg 2048w\" sizes=\"(max-width: 2560px) 100vw, 2560px\" \/>\t\t\t\t\t\t\t\t\t\t\t\t\t\t\t<\/div>\n\t\t\t\t<\/div>\n\t\t\t\t\t<\/div>\n\t\t<\/div>\n\t\t\t\t\t<\/div>\n\t\t<\/section>\n\t\t\t\t<\/div>\n\t\t","protected":false},"excerpt":{"rendered":"<p>O mundo nas suas m\u00e3os Propomos solu\u00e7\u00f5es estrat\u00e9gicas multimodais que combinam o transporte terrestre, a\u00e9reo e\/ou mar\u00edtimo, complementado com distribui\u00e7\u00e3o expresso ou \u00faltima milha, para dar resposta a todo o processo log\u00edstico: desde a sa\u00edda da mercadoria at\u00e9 que esta \u00e9 entregue em qualquer parte do mundo. Ver solu\u00e7\u00f5es de conectividade Vantagens Os nossos pontos [&hellip;]<\/p>\n","protected":false},"author":1,"featured_media":22258,"parent":0,"menu_order":0,"comment_status":"closed","ping_status":"closed","template":"page-full-width.php","meta":{"footnotes":""},"class_list":["post-22313","page","type-page","status-publish","has-post-thumbnail","hentry"],"yoast_head":"<!-- This site is optimized with the Yoast SEO plugin v27.3 - https:\/\/yoast.com\/product\/yoast-seo-wordpress\/ -->\n<title>Soluci\u00f3n estrat\u00e9gica multimodal - TW Group<\/title>\n<meta name=\"description\" content=\"Ofrecemos soluciones estrat\u00e9gicas multimodales que combinan el transporte terrestre, a\u00e9reo y\/o mar\u00edtimo, complementado con distribuci\u00f3n expr\u00e9s o \u00faltima milla, para dar respuestas a todo el proceso log\u00edstico: desde que sale la mercanc\u00eda hasta que se entrega en cualquier parte del mundo.\" \/>\n<meta name=\"robots\" content=\"index, follow, max-snippet:-1, max-image-preview:large, max-video-preview:-1\" \/>\n<link rel=\"canonical\" href=\"https:\/\/tw-group.com\/pt-pt\/multimodal\/\" \/>\n<meta property=\"og:locale\" content=\"pt_PT\" \/>\n<meta property=\"og:type\" content=\"article\" \/>\n<meta property=\"og:title\" content=\"Soluci\u00f3n estrat\u00e9gica multimodal - TW Group\" \/>\n<meta property=\"og:description\" content=\"Ofrecemos soluciones estrat\u00e9gicas multimodales que combinan el transporte terrestre, a\u00e9reo y\/o mar\u00edtimo, complementado con distribuci\u00f3n expr\u00e9s o \u00faltima milla, para dar respuestas a todo el proceso log\u00edstico: desde que sale la mercanc\u00eda hasta que se entrega en cualquier parte del mundo.\" \/>\n<meta property=\"og:url\" content=\"https:\/\/tw-group.com\/pt-pt\/multimodal\/\" \/>\n<meta property=\"og:site_name\" content=\"TW Group\" \/>\n<meta property=\"article:modified_time\" content=\"2023-03-13T19:47:29+00:00\" \/>\n<meta property=\"og:image\" content=\"https:\/\/tw-group.com\/wp-content\/uploads\/2023\/03\/Servicios_multimodal.png\" \/>\n\t<meta property=\"og:image:width\" content=\"900\" \/>\n\t<meta property=\"og:image:height\" content=\"640\" \/>\n\t<meta property=\"og:image:type\" content=\"image\/png\" \/>\n<meta name=\"twitter:card\" content=\"summary_large_image\" \/>\n<script type=\"application\/ld+json\" class=\"yoast-schema-graph\">{\"@context\":\"https:\\\/\\\/schema.org\",\"@graph\":[{\"@type\":\"WebPage\",\"@id\":\"https:\\\/\\\/tw-group.com\\\/pt-pt\\\/multimodal\\\/\",\"url\":\"https:\\\/\\\/tw-group.com\\\/pt-pt\\\/multimodal\\\/\",\"name\":\"Soluci\u00f3n estrat\u00e9gica multimodal - TW Group\",\"isPartOf\":{\"@id\":\"https:\\\/\\\/tw-group.com\\\/pt-pt\\\/#website\"},\"primaryImageOfPage\":{\"@id\":\"https:\\\/\\\/tw-group.com\\\/pt-pt\\\/multimodal\\\/#primaryimage\"},\"image\":{\"@id\":\"https:\\\/\\\/tw-group.com\\\/pt-pt\\\/multimodal\\\/#primaryimage\"},\"thumbnailUrl\":\"https:\\\/\\\/tw-group.com\\\/wp-content\\\/uploads\\\/2023\\\/03\\\/Servicios_multimodal.png\",\"datePublished\":\"2023-01-09T15:43:24+00:00\",\"dateModified\":\"2023-03-13T19:47:29+00:00\",\"description\":\"Ofrecemos soluciones estrat\u00e9gicas multimodales que combinan el transporte terrestre, a\u00e9reo y\\\/o mar\u00edtimo, complementado con distribuci\u00f3n expr\u00e9s o \u00faltima milla, para dar respuestas a todo el proceso log\u00edstico: desde que sale la mercanc\u00eda hasta que se entrega en cualquier parte del mundo.\",\"breadcrumb\":{\"@id\":\"https:\\\/\\\/tw-group.com\\\/pt-pt\\\/multimodal\\\/#breadcrumb\"},\"inLanguage\":\"pt-PT\",\"potentialAction\":[{\"@type\":\"ReadAction\",\"target\":[\"https:\\\/\\\/tw-group.com\\\/pt-pt\\\/multimodal\\\/\"]}]},{\"@type\":\"ImageObject\",\"inLanguage\":\"pt-PT\",\"@id\":\"https:\\\/\\\/tw-group.com\\\/pt-pt\\\/multimodal\\\/#primaryimage\",\"url\":\"https:\\\/\\\/tw-group.com\\\/wp-content\\\/uploads\\\/2023\\\/03\\\/Servicios_multimodal.png\",\"contentUrl\":\"https:\\\/\\\/tw-group.com\\\/wp-content\\\/uploads\\\/2023\\\/03\\\/Servicios_multimodal.png\",\"width\":900,\"height\":640},{\"@type\":\"BreadcrumbList\",\"@id\":\"https:\\\/\\\/tw-group.com\\\/pt-pt\\\/multimodal\\\/#breadcrumb\",\"itemListElement\":[{\"@type\":\"ListItem\",\"position\":1,\"name\":\"Portada\",\"item\":\"https:\\\/\\\/tw-group.com\\\/pt-pt\\\/?lang=pt-pt\"},{\"@type\":\"ListItem\",\"position\":2,\"name\":\"Multimodal\"}]},{\"@type\":\"WebSite\",\"@id\":\"https:\\\/\\\/tw-group.com\\\/pt-pt\\\/#website\",\"url\":\"https:\\\/\\\/tw-group.com\\\/pt-pt\\\/\",\"name\":\"TW Group\",\"description\":\"\",\"potentialAction\":[{\"@type\":\"SearchAction\",\"target\":{\"@type\":\"EntryPoint\",\"urlTemplate\":\"https:\\\/\\\/tw-group.com\\\/pt-pt\\\/?s={search_term_string}\"},\"query-input\":{\"@type\":\"PropertyValueSpecification\",\"valueRequired\":true,\"valueName\":\"search_term_string\"}}],\"inLanguage\":\"pt-PT\"}]}<\/script>\n<!-- \/ Yoast SEO plugin. -->","yoast_head_json":{"title":"Soluci\u00f3n estrat\u00e9gica multimodal - TW Group","description":"Ofrecemos soluciones estrat\u00e9gicas multimodales que combinan el transporte terrestre, a\u00e9reo y\/o mar\u00edtimo, complementado con distribuci\u00f3n expr\u00e9s o \u00faltima milla, para dar respuestas a todo el proceso log\u00edstico: desde que sale la mercanc\u00eda hasta que se entrega en cualquier parte del mundo.","robots":{"index":"index","follow":"follow","max-snippet":"max-snippet:-1","max-image-preview":"max-image-preview:large","max-video-preview":"max-video-preview:-1"},"canonical":"https:\/\/tw-group.com\/pt-pt\/multimodal\/","og_locale":"pt_PT","og_type":"article","og_title":"Soluci\u00f3n estrat\u00e9gica multimodal - TW Group","og_description":"Ofrecemos soluciones estrat\u00e9gicas multimodales que combinan el transporte terrestre, a\u00e9reo y\/o mar\u00edtimo, complementado con distribuci\u00f3n expr\u00e9s o \u00faltima milla, para dar respuestas a todo el proceso log\u00edstico: desde que sale la mercanc\u00eda hasta que se entrega en cualquier parte del mundo.","og_url":"https:\/\/tw-group.com\/pt-pt\/multimodal\/","og_site_name":"TW Group","article_modified_time":"2023-03-13T19:47:29+00:00","og_image":[{"width":900,"height":640,"url":"https:\/\/tw-group.com\/wp-content\/uploads\/2023\/03\/Servicios_multimodal.png","type":"image\/png"}],"twitter_card":"summary_large_image","schema":{"@context":"https:\/\/schema.org","@graph":[{"@type":"WebPage","@id":"https:\/\/tw-group.com\/pt-pt\/multimodal\/","url":"https:\/\/tw-group.com\/pt-pt\/multimodal\/","name":"Soluci\u00f3n estrat\u00e9gica multimodal - TW Group","isPartOf":{"@id":"https:\/\/tw-group.com\/pt-pt\/#website"},"primaryImageOfPage":{"@id":"https:\/\/tw-group.com\/pt-pt\/multimodal\/#primaryimage"},"image":{"@id":"https:\/\/tw-group.com\/pt-pt\/multimodal\/#primaryimage"},"thumbnailUrl":"https:\/\/tw-group.com\/wp-content\/uploads\/2023\/03\/Servicios_multimodal.png","datePublished":"2023-01-09T15:43:24+00:00","dateModified":"2023-03-13T19:47:29+00:00","description":"Ofrecemos soluciones estrat\u00e9gicas multimodales que combinan el transporte terrestre, a\u00e9reo y\/o mar\u00edtimo, complementado con distribuci\u00f3n expr\u00e9s o \u00faltima milla, para dar respuestas a todo el proceso log\u00edstico: desde que sale la mercanc\u00eda hasta que se entrega en cualquier parte del mundo.","breadcrumb":{"@id":"https:\/\/tw-group.com\/pt-pt\/multimodal\/#breadcrumb"},"inLanguage":"pt-PT","potentialAction":[{"@type":"ReadAction","target":["https:\/\/tw-group.com\/pt-pt\/multimodal\/"]}]},{"@type":"ImageObject","inLanguage":"pt-PT","@id":"https:\/\/tw-group.com\/pt-pt\/multimodal\/#primaryimage","url":"https:\/\/tw-group.com\/wp-content\/uploads\/2023\/03\/Servicios_multimodal.png","contentUrl":"https:\/\/tw-group.com\/wp-content\/uploads\/2023\/03\/Servicios_multimodal.png","width":900,"height":640},{"@type":"BreadcrumbList","@id":"https:\/\/tw-group.com\/pt-pt\/multimodal\/#breadcrumb","itemListElement":[{"@type":"ListItem","position":1,"name":"Portada","item":"https:\/\/tw-group.com\/pt-pt\/?lang=pt-pt"},{"@type":"ListItem","position":2,"name":"Multimodal"}]},{"@type":"WebSite","@id":"https:\/\/tw-group.com\/pt-pt\/#website","url":"https:\/\/tw-group.com\/pt-pt\/","name":"TW Group","description":"","potentialAction":[{"@type":"SearchAction","target":{"@type":"EntryPoint","urlTemplate":"https:\/\/tw-group.com\/pt-pt\/?s={search_term_string}"},"query-input":{"@type":"PropertyValueSpecification","valueRequired":true,"valueName":"search_term_string"}}],"inLanguage":"pt-PT"}]}},"_links":{"self":[{"href":"https:\/\/tw-group.com\/pt-pt\/wp-json\/wp\/v2\/pages\/22313","targetHints":{"allow":["GET"]}}],"collection":[{"href":"https:\/\/tw-group.com\/pt-pt\/wp-json\/wp\/v2\/pages"}],"about":[{"href":"https:\/\/tw-group.com\/pt-pt\/wp-json\/wp\/v2\/types\/page"}],"author":[{"embeddable":true,"href":"https:\/\/tw-group.com\/pt-pt\/wp-json\/wp\/v2\/users\/1"}],"replies":[{"embeddable":true,"href":"https:\/\/tw-group.com\/pt-pt\/wp-json\/wp\/v2\/comments?post=22313"}],"version-history":[{"count":0,"href":"https:\/\/tw-group.com\/pt-pt\/wp-json\/wp\/v2\/pages\/22313\/revisions"}],"wp:featuredmedia":[{"embeddable":true,"href":"https:\/\/tw-group.com\/pt-pt\/wp-json\/wp\/v2\/media\/22258"}],"wp:attachment":[{"href":"https:\/\/tw-group.com\/pt-pt\/wp-json\/wp\/v2\/media?parent=22313"}],"curies":[{"name":"wp","href":"https:\/\/api.w.org\/{rel}","templated":true}]}}