{"id":22307,"date":"2023-01-09T16:36:42","date_gmt":"2023-01-09T15:36:42","guid":{"rendered":"https:\/\/tw-group.com\/in-night-delivery\/"},"modified":"2023-03-14T12:46:02","modified_gmt":"2023-03-14T11:46:02","slug":"in-night-delivery","status":"publish","type":"page","link":"https:\/\/tw-group.com\/pt-pt\/in-night-delivery\/","title":{"rendered":"In Night Delivery"},"content":{"rendered":"\t\t<div data-elementor-type=\"wp-page\" data-elementor-id=\"22307\" class=\"elementor elementor-22307 elementor-16320\" data-elementor-post-type=\"page\">\n\t\t\t\t\t\t<section class=\"elementor-section elementor-top-section elementor-element elementor-element-18655ec elementor-section-full_width qodef-elementor-content-grid elementor-section-height-default elementor-section-height-default\" data-id=\"18655ec\" data-element_type=\"section\" data-e-type=\"section\" data-settings=\"{&quot;background_background&quot;:&quot;classic&quot;}\">\n\t\t\t\t\t\t<div class=\"elementor-container elementor-column-gap-no\">\n\t\t\t\t\t<div class=\"elementor-column elementor-col-100 elementor-top-column elementor-element elementor-element-b6836a1\" data-id=\"b6836a1\" data-element_type=\"column\" data-e-type=\"column\">\n\t\t\t<div class=\"elementor-widget-wrap elementor-element-populated\">\n\t\t\t\t\t\t<div class=\"elementor-element elementor-element-7835ada elementor-widget elementor-widget-globefarer_core_divided_image_info\" data-id=\"7835ada\" data-element_type=\"widget\" data-e-type=\"widget\" data-widget_type=\"globefarer_core_divided_image_info.default\">\n\t\t\t\t<div class=\"elementor-widget-container\">\n\t\t\t\t\t<div class=\"qodef-shortcode qodef-m  qodef-divided-image-info qodef-layout--image-left qodef-separator--on qodef-vertically-centered--on qodef-breakpoint--1024 qodef-appear-animation--no \">\n\t\t<div class=\"qodef-m-image\" style=\"width: 51.5%;padding-right: 3%\">\n\t\t<img fetchpriority=\"high\" decoding=\"async\" width=\"800\" height=\"425\" src=\"https:\/\/tw-group.com\/wp-content\/uploads\/2023\/02\/Night_Delivery.jpg\" class=\"attachment-full size-full\" alt=\"\" srcset=\"https:\/\/tw-group.com\/wp-content\/uploads\/2023\/02\/Night_Delivery.jpg 800w, https:\/\/tw-group.com\/wp-content\/uploads\/2023\/02\/Night_Delivery-300x159.jpg 300w, https:\/\/tw-group.com\/wp-content\/uploads\/2023\/02\/Night_Delivery-768x408.jpg 768w\" sizes=\"(max-width: 800px) 100vw, 800px\" \/>\t<\/div>\n<div class=\"qodef-m-content\" style=\"margin-top: 0px;padding-left: 4%\">\n\t\t\t<h2 itemprop=\"name\" class=\"qodef-m-title\" style=\"margin-bottom: 29px\">\n\tSomos pioneiros na distribui\u00e7\u00e3o noturna na Europa\t<\/h2>\n\t<p class=\"qodef-m-text\" >\n\t\tDesde 2000 lideramos a distribui\u00e7\u00e3o noturna de pe\u00e7as sobresselentes de autom\u00f3vel, alargada posteriormente ao setor retail. Implement\u00e1mos um sistema pr\u00f3prio, em constante desenvolvimento, que nos posicionou como empresa de refer\u00eancia nesta atividade na Europa.\t<\/p>\n\t<a class=\"qodef-shortcode qodef-m qodef-m-button qodef-button qodef-layout--textual  qodef-html--link\" href=\"\/setores\/?lang=pt-pt\" target=\"_self\"  >\t\t\t<span class=\"qodef-m-button-icon\"><svg class=\"qodef-svg--plus\" xmlns=\"http:\/\/www.w3.org\/2000\/svg\" xmlns:xlink=\"http:\/\/www.w3.org\/1999\/xlink\" width=\"14\" height=\"14\" viewBox=\"0 0 14 14\"><path class=\"qodef-m-horizontal\" d=\"M0,0H14V2H0Z\" transform=\"translate(0 6)\" \/><path class=\"qodef-m-vertical\" d=\"M0,0H2V14H0Z\" transform=\"translate(6)\" \/><\/svg><\/span>\t\t\t\t<span class=\"qodef-m-button-text\">Sectores de<br \/> actividade<\/span>\t<\/a><\/div>\n<\/div>\n\t\t\t\t<\/div>\n\t\t\t\t<\/div>\n\t\t\t\t\t<\/div>\n\t\t<\/div>\n\t\t\t\t\t<\/div>\n\t\t<\/section>\n\t\t\t\t<section class=\"elementor-section elementor-top-section elementor-element elementor-element-03a5f74 qodef-elementor-content-grid elementor-section-boxed elementor-section-height-default elementor-section-height-default\" data-id=\"03a5f74\" data-element_type=\"section\" data-e-type=\"section\">\n\t\t\t\t\t\t<div class=\"elementor-container elementor-column-gap-no\">\n\t\t\t\t\t<div class=\"elementor-column elementor-col-100 elementor-top-column elementor-element elementor-element-ad4da6b\" data-id=\"ad4da6b\" data-element_type=\"column\" data-e-type=\"column\">\n\t\t\t<div class=\"elementor-widget-wrap elementor-element-populated\">\n\t\t\t\t\t\t<div class=\"elementor-element elementor-element-eafa908 elementor-widget elementor-widget-globefarer_core_accordion_info\" data-id=\"eafa908\" data-element_type=\"widget\" data-e-type=\"widget\" data-widget_type=\"globefarer_core_accordion_info.default\">\n\t\t\t\t<div class=\"elementor-widget-container\">\n\t\t\t\t\t<div class=\"qodef-shortcode qodef-m  qodef-accordion-info qodef-behavior--accordion qodef-layout--extended-compact \">\n\t<div class=\"qodef-m-heading\">\n\t<\/div>\n\t<div class=\"qodef-accordion-info-inner\">\n\t\t\t\t\t\t\t\t\t\t\t\t\t<div class=\"qodef-m-navigation\">\n\t\t<h4 class=\"qodef-m-title\">\n\t\tAdiantamos solu\u00e7\u00f5es\t<\/h4>\n\t<p class=\"qodef-m-tagline\">\n\t\tA log\u00edstica noturna permite obter entregas fi\u00e1veis e seguras, reduzir custos e dispor da mercadoria antes da abertura ao p\u00fablico\t<\/p>\n<div class=\"qodef-m-mark\">\n\t<svg class=\"qodef-svg--plus\" xmlns=\"http:\/\/www.w3.org\/2000\/svg\" xmlns:xlink=\"http:\/\/www.w3.org\/1999\/xlink\" width=\"14\" height=\"14\" viewBox=\"0 0 14 14\"><path class=\"qodef-m-horizontal\" d=\"M0,0H14V2H0Z\" transform=\"translate(0 6)\" \/><path class=\"qodef-m-vertical\" d=\"M0,0H2V14H0Z\" transform=\"translate(6)\" \/><\/svg><\/div>\n<\/div>\n<div class=\"qodef-m-content\">\n\t\t<p class=\"qodef-m-text\">\n\t\tEvita ru\u00eddos e n\u00f3s de tr\u00e1fego, ganhando em rapidez e consumos.\t<\/p>\n<\/div>\n\t\t\t\t\t\t\t\t\t\t\t<div class=\"qodef-m-navigation\">\n\t\t<h4 class=\"qodef-m-title\">\n\t\tTipos de entrega\t<\/h4>\n\t<p class=\"qodef-m-tagline\">\n\t\tA entrega pode ser totalmente desacompanhada ou na presen\u00e7a do pessoal noturno.\t<\/p>\n<div class=\"qodef-m-mark\">\n\t<svg class=\"qodef-svg--plus\" xmlns=\"http:\/\/www.w3.org\/2000\/svg\" xmlns:xlink=\"http:\/\/www.w3.org\/1999\/xlink\" width=\"14\" height=\"14\" viewBox=\"0 0 14 14\"><path class=\"qodef-m-horizontal\" d=\"M0,0H14V2H0Z\" transform=\"translate(0 6)\" \/><path class=\"qodef-m-vertical\" d=\"M0,0H2V14H0Z\" transform=\"translate(6)\" \/><\/svg><\/div>\n<\/div>\n<div class=\"qodef-m-content\">\n\t\t<p class=\"qodef-m-text\">\n\t\tPropomos servi\u00e7os adicionais a pedido do cliente.\t<\/p>\n<\/div>\n\t\t\t\t\t\t\t\t\t\t\t<div class=\"qodef-m-navigation\">\n\t\t<h4 class=\"qodef-m-title\">\n\t\tRastreabilidade e contacto\t<\/h4>\n\t<p class=\"qodef-m-tagline\">\n\t\tAs transportadoras comunicam em tempo real com o sistema de informa\u00e7\u00e3o atrav\u00e9s de equipamentos m\u00f3veis.\t<\/p>\n<div class=\"qodef-m-mark\">\n\t<svg class=\"qodef-svg--plus\" xmlns=\"http:\/\/www.w3.org\/2000\/svg\" xmlns:xlink=\"http:\/\/www.w3.org\/1999\/xlink\" width=\"14\" height=\"14\" viewBox=\"0 0 14 14\"><path class=\"qodef-m-horizontal\" d=\"M0,0H14V2H0Z\" transform=\"translate(0 6)\" \/><path class=\"qodef-m-vertical\" d=\"M0,0H2V14H0Z\" transform=\"translate(6)\" \/><\/svg><\/div>\n<\/div>\n<div class=\"qodef-m-content\">\n\t\t<p class=\"qodef-m-text\">\n\t\tO cliente a ter uma informa\u00e7\u00e3o pormenorizada das opera\u00e7\u00f5es.\t<\/p>\n<\/div>\n\t\t\t\t\t\t\t\t\t\t\t<div class=\"qodef-m-navigation\">\n\t\t<h4 class=\"qodef-m-title\">\n\t\tFrota 100% el\u00e9trica\t<\/h4>\n\t<p class=\"qodef-m-tagline\">\n\t\tPropomos uma variada frota de ve\u00edculos.\t<\/p>\n<div class=\"qodef-m-mark\">\n\t<svg class=\"qodef-svg--plus\" xmlns=\"http:\/\/www.w3.org\/2000\/svg\" xmlns:xlink=\"http:\/\/www.w3.org\/1999\/xlink\" width=\"14\" height=\"14\" viewBox=\"0 0 14 14\"><path class=\"qodef-m-horizontal\" d=\"M0,0H14V2H0Z\" transform=\"translate(0 6)\" \/><path class=\"qodef-m-vertical\" d=\"M0,0H2V14H0Z\" transform=\"translate(6)\" \/><\/svg><\/div>\n<\/div>\n<div class=\"qodef-m-content\">\n\t\t<p class=\"qodef-m-text\">\n\t\tDedicados ao transporte de \u00faltima milha: ligeiros, com carro\u00e7aria e r\u00edgidos, incluindo uma frota 100% el\u00e9trica.\t<\/p>\n<\/div>\n\t\t\t\t\t\t\t\t\t\t\t<div class=\"qodef-m-navigation\">\n\t\t<h4 class=\"qodef-m-title\">\n\t\tConfian\u00e7a e fiabilidade\t<\/h4>\n\t<p class=\"qodef-m-tagline\">\n\t\t\u00c9 fundamental contar com a confian\u00e7a do cliente para gerir estes projetos.\t<\/p>\n<div class=\"qodef-m-mark\">\n\t<svg class=\"qodef-svg--plus\" xmlns=\"http:\/\/www.w3.org\/2000\/svg\" xmlns:xlink=\"http:\/\/www.w3.org\/1999\/xlink\" width=\"14\" height=\"14\" viewBox=\"0 0 14 14\"><path class=\"qodef-m-horizontal\" d=\"M0,0H14V2H0Z\" transform=\"translate(0 6)\" \/><path class=\"qodef-m-vertical\" d=\"M0,0H2V14H0Z\" transform=\"translate(6)\" \/><\/svg><\/div>\n<\/div>\n<div class=\"qodef-m-content\">\n\t\t<p class=\"qodef-m-text\">\n\t\tNa TW Logistics mantemos clientes que come\u00e7aram connosco h\u00e1 mais de 20 anos, gra\u00e7as \u00e0 fiabilidade e melhoria cont\u00ednua do nosso trabalho.\t<\/p>\n<\/div>\n\t\t\t\t\t\t<\/div>\n<\/div>\n\t\t\t\t<\/div>\n\t\t\t\t<\/div>\n\t\t\t\t\t<\/div>\n\t\t<\/div>\n\t\t\t\t\t<\/div>\n\t\t<\/section>\n\t\t\t\t<section class=\"elementor-section elementor-top-section elementor-element elementor-element-80998c3 elementor-section-full_width elementor-section-height-default elementor-section-height-default qodef-elementor-content-no\" data-id=\"80998c3\" data-element_type=\"section\" data-e-type=\"section\">\n\t\t\t\t\t\t<div class=\"elementor-container elementor-column-gap-no\">\n\t\t\t\t\t<div class=\"elementor-column elementor-col-100 elementor-top-column elementor-element elementor-element-ca107af\" data-id=\"ca107af\" data-element_type=\"column\" data-e-type=\"column\">\n\t\t\t<div class=\"elementor-widget-wrap elementor-element-populated\">\n\t\t\t\t\t\t<div class=\"elementor-element elementor-element-4950bc0 elementor-widget elementor-widget-image\" data-id=\"4950bc0\" data-element_type=\"widget\" data-e-type=\"widget\" data-widget_type=\"image.default\">\n\t\t\t\t<div class=\"elementor-widget-container\">\n\t\t\t\t\t\t\t\t\t\t\t\t\t\t\t<img decoding=\"async\" width=\"2560\" height=\"1000\" src=\"https:\/\/tw-group.com\/wp-content\/uploads\/2023\/02\/SERVICIOS-NIGHTDELIVERY-FOOTER.jpg\" class=\"attachment-full size-full wp-image-22185\" alt=\"\" srcset=\"https:\/\/tw-group.com\/wp-content\/uploads\/2023\/02\/SERVICIOS-NIGHTDELIVERY-FOOTER.jpg 2560w, https:\/\/tw-group.com\/wp-content\/uploads\/2023\/02\/SERVICIOS-NIGHTDELIVERY-FOOTER-300x117.jpg 300w, https:\/\/tw-group.com\/wp-content\/uploads\/2023\/02\/SERVICIOS-NIGHTDELIVERY-FOOTER-1024x400.jpg 1024w, https:\/\/tw-group.com\/wp-content\/uploads\/2023\/02\/SERVICIOS-NIGHTDELIVERY-FOOTER-768x300.jpg 768w, https:\/\/tw-group.com\/wp-content\/uploads\/2023\/02\/SERVICIOS-NIGHTDELIVERY-FOOTER-1536x600.jpg 1536w, https:\/\/tw-group.com\/wp-content\/uploads\/2023\/02\/SERVICIOS-NIGHTDELIVERY-FOOTER-2048x800.jpg 2048w\" sizes=\"(max-width: 2560px) 100vw, 2560px\" \/>\t\t\t\t\t\t\t\t\t\t\t\t\t\t\t<\/div>\n\t\t\t\t<\/div>\n\t\t\t\t\t<\/div>\n\t\t<\/div>\n\t\t\t\t\t<\/div>\n\t\t<\/section>\n\t\t\t\t<\/div>\n\t\t","protected":false},"excerpt":{"rendered":"<p>Somos pioneiros na distribui\u00e7\u00e3o noturna na Europa Desde 2000 lideramos a distribui\u00e7\u00e3o noturna de pe\u00e7as sobresselentes de autom\u00f3vel, alargada posteriormente ao setor retail. Implement\u00e1mos um sistema pr\u00f3prio, em constante desenvolvimento, que nos posicionou como empresa de refer\u00eancia nesta atividade na Europa. Sectores de actividade Adiantamos solu\u00e7\u00f5es A log\u00edstica noturna permite obter entregas fi\u00e1veis e seguras, [&hellip;]<\/p>\n","protected":false},"author":1,"featured_media":0,"parent":0,"menu_order":0,"comment_status":"closed","ping_status":"closed","template":"page-full-width.php","meta":{"footnotes":""},"class_list":["post-22307","page","type-page","status-publish","hentry"],"yoast_head":"<!-- This site is optimized with the Yoast SEO plugin v27.3 - https:\/\/yoast.com\/product\/yoast-seo-wordpress\/ -->\n<title>Pioneros en la distribuci\u00f3n nocturna en Europa - TW Group<\/title>\n<meta name=\"description\" content=\"La log\u00edstica nocturna permite obtener entregas fiables y seguras, reducir costes y disponer de la mercanc\u00eda antes de la apertura al p\u00fablico. Implementamos un sistema propio, en constante desarrollo, que nos ha posicionado como empresa de referencia en esta actividad en Europa.\" \/>\n<meta name=\"robots\" content=\"index, follow, max-snippet:-1, max-image-preview:large, max-video-preview:-1\" \/>\n<link rel=\"canonical\" href=\"https:\/\/tw-group.com\/pt-pt\/in-night-delivery\/\" \/>\n<meta property=\"og:locale\" content=\"pt_PT\" \/>\n<meta property=\"og:type\" content=\"article\" \/>\n<meta property=\"og:title\" content=\"Pioneros en la distribuci\u00f3n nocturna en Europa - TW Group\" \/>\n<meta property=\"og:description\" content=\"La log\u00edstica nocturna permite obtener entregas fiables y seguras, reducir costes y disponer de la mercanc\u00eda antes de la apertura al p\u00fablico. Implementamos un sistema propio, en constante desarrollo, que nos ha posicionado como empresa de referencia en esta actividad en Europa.\" \/>\n<meta property=\"og:url\" content=\"https:\/\/tw-group.com\/pt-pt\/in-night-delivery\/\" \/>\n<meta property=\"og:site_name\" content=\"TW Group\" \/>\n<meta property=\"article:modified_time\" content=\"2023-03-14T11:46:02+00:00\" \/>\n<meta property=\"og:image\" content=\"https:\/\/tw-group.com\/wp-content\/uploads\/2023\/02\/Night_Delivery.jpg\" \/>\n<meta name=\"twitter:card\" content=\"summary_large_image\" \/>\n<script type=\"application\/ld+json\" class=\"yoast-schema-graph\">{\"@context\":\"https:\\\/\\\/schema.org\",\"@graph\":[{\"@type\":\"WebPage\",\"@id\":\"https:\\\/\\\/tw-group.com\\\/pt-pt\\\/in-night-delivery\\\/\",\"url\":\"https:\\\/\\\/tw-group.com\\\/pt-pt\\\/in-night-delivery\\\/\",\"name\":\"Pioneros en la distribuci\u00f3n nocturna en Europa - TW Group\",\"isPartOf\":{\"@id\":\"https:\\\/\\\/tw-group.com\\\/pt-pt\\\/#website\"},\"primaryImageOfPage\":{\"@id\":\"https:\\\/\\\/tw-group.com\\\/pt-pt\\\/in-night-delivery\\\/#primaryimage\"},\"image\":{\"@id\":\"https:\\\/\\\/tw-group.com\\\/pt-pt\\\/in-night-delivery\\\/#primaryimage\"},\"thumbnailUrl\":\"https:\\\/\\\/tw-group.com\\\/wp-content\\\/uploads\\\/2023\\\/02\\\/Night_Delivery.jpg\",\"datePublished\":\"2023-01-09T15:36:42+00:00\",\"dateModified\":\"2023-03-14T11:46:02+00:00\",\"description\":\"La log\u00edstica nocturna permite obtener entregas fiables y seguras, reducir costes y disponer de la mercanc\u00eda antes de la apertura al p\u00fablico. Implementamos un sistema propio, en constante desarrollo, que nos ha posicionado como empresa de referencia en esta actividad en Europa.\",\"breadcrumb\":{\"@id\":\"https:\\\/\\\/tw-group.com\\\/pt-pt\\\/in-night-delivery\\\/#breadcrumb\"},\"inLanguage\":\"pt-PT\",\"potentialAction\":[{\"@type\":\"ReadAction\",\"target\":[\"https:\\\/\\\/tw-group.com\\\/pt-pt\\\/in-night-delivery\\\/\"]}]},{\"@type\":\"ImageObject\",\"inLanguage\":\"pt-PT\",\"@id\":\"https:\\\/\\\/tw-group.com\\\/pt-pt\\\/in-night-delivery\\\/#primaryimage\",\"url\":\"https:\\\/\\\/tw-group.com\\\/wp-content\\\/uploads\\\/2023\\\/02\\\/Night_Delivery.jpg\",\"contentUrl\":\"https:\\\/\\\/tw-group.com\\\/wp-content\\\/uploads\\\/2023\\\/02\\\/Night_Delivery.jpg\"},{\"@type\":\"BreadcrumbList\",\"@id\":\"https:\\\/\\\/tw-group.com\\\/pt-pt\\\/in-night-delivery\\\/#breadcrumb\",\"itemListElement\":[{\"@type\":\"ListItem\",\"position\":1,\"name\":\"Portada\",\"item\":\"https:\\\/\\\/tw-group.com\\\/pt-pt\\\/?lang=pt-pt\"},{\"@type\":\"ListItem\",\"position\":2,\"name\":\"In Night Delivery\"}]},{\"@type\":\"WebSite\",\"@id\":\"https:\\\/\\\/tw-group.com\\\/pt-pt\\\/#website\",\"url\":\"https:\\\/\\\/tw-group.com\\\/pt-pt\\\/\",\"name\":\"TW Group\",\"description\":\"\",\"potentialAction\":[{\"@type\":\"SearchAction\",\"target\":{\"@type\":\"EntryPoint\",\"urlTemplate\":\"https:\\\/\\\/tw-group.com\\\/pt-pt\\\/?s={search_term_string}\"},\"query-input\":{\"@type\":\"PropertyValueSpecification\",\"valueRequired\":true,\"valueName\":\"search_term_string\"}}],\"inLanguage\":\"pt-PT\"}]}<\/script>\n<!-- \/ Yoast SEO plugin. -->","yoast_head_json":{"title":"Pioneros en la distribuci\u00f3n nocturna en Europa - TW Group","description":"La log\u00edstica nocturna permite obtener entregas fiables y seguras, reducir costes y disponer de la mercanc\u00eda antes de la apertura al p\u00fablico. Implementamos un sistema propio, en constante desarrollo, que nos ha posicionado como empresa de referencia en esta actividad en Europa.","robots":{"index":"index","follow":"follow","max-snippet":"max-snippet:-1","max-image-preview":"max-image-preview:large","max-video-preview":"max-video-preview:-1"},"canonical":"https:\/\/tw-group.com\/pt-pt\/in-night-delivery\/","og_locale":"pt_PT","og_type":"article","og_title":"Pioneros en la distribuci\u00f3n nocturna en Europa - TW Group","og_description":"La log\u00edstica nocturna permite obtener entregas fiables y seguras, reducir costes y disponer de la mercanc\u00eda antes de la apertura al p\u00fablico. Implementamos un sistema propio, en constante desarrollo, que nos ha posicionado como empresa de referencia en esta actividad en Europa.","og_url":"https:\/\/tw-group.com\/pt-pt\/in-night-delivery\/","og_site_name":"TW Group","article_modified_time":"2023-03-14T11:46:02+00:00","og_image":[{"url":"https:\/\/tw-group.com\/wp-content\/uploads\/2023\/02\/Night_Delivery.jpg","type":"","width":"","height":""}],"twitter_card":"summary_large_image","schema":{"@context":"https:\/\/schema.org","@graph":[{"@type":"WebPage","@id":"https:\/\/tw-group.com\/pt-pt\/in-night-delivery\/","url":"https:\/\/tw-group.com\/pt-pt\/in-night-delivery\/","name":"Pioneros en la distribuci\u00f3n nocturna en Europa - TW Group","isPartOf":{"@id":"https:\/\/tw-group.com\/pt-pt\/#website"},"primaryImageOfPage":{"@id":"https:\/\/tw-group.com\/pt-pt\/in-night-delivery\/#primaryimage"},"image":{"@id":"https:\/\/tw-group.com\/pt-pt\/in-night-delivery\/#primaryimage"},"thumbnailUrl":"https:\/\/tw-group.com\/wp-content\/uploads\/2023\/02\/Night_Delivery.jpg","datePublished":"2023-01-09T15:36:42+00:00","dateModified":"2023-03-14T11:46:02+00:00","description":"La log\u00edstica nocturna permite obtener entregas fiables y seguras, reducir costes y disponer de la mercanc\u00eda antes de la apertura al p\u00fablico. Implementamos un sistema propio, en constante desarrollo, que nos ha posicionado como empresa de referencia en esta actividad en Europa.","breadcrumb":{"@id":"https:\/\/tw-group.com\/pt-pt\/in-night-delivery\/#breadcrumb"},"inLanguage":"pt-PT","potentialAction":[{"@type":"ReadAction","target":["https:\/\/tw-group.com\/pt-pt\/in-night-delivery\/"]}]},{"@type":"ImageObject","inLanguage":"pt-PT","@id":"https:\/\/tw-group.com\/pt-pt\/in-night-delivery\/#primaryimage","url":"https:\/\/tw-group.com\/wp-content\/uploads\/2023\/02\/Night_Delivery.jpg","contentUrl":"https:\/\/tw-group.com\/wp-content\/uploads\/2023\/02\/Night_Delivery.jpg"},{"@type":"BreadcrumbList","@id":"https:\/\/tw-group.com\/pt-pt\/in-night-delivery\/#breadcrumb","itemListElement":[{"@type":"ListItem","position":1,"name":"Portada","item":"https:\/\/tw-group.com\/pt-pt\/?lang=pt-pt"},{"@type":"ListItem","position":2,"name":"In Night Delivery"}]},{"@type":"WebSite","@id":"https:\/\/tw-group.com\/pt-pt\/#website","url":"https:\/\/tw-group.com\/pt-pt\/","name":"TW Group","description":"","potentialAction":[{"@type":"SearchAction","target":{"@type":"EntryPoint","urlTemplate":"https:\/\/tw-group.com\/pt-pt\/?s={search_term_string}"},"query-input":{"@type":"PropertyValueSpecification","valueRequired":true,"valueName":"search_term_string"}}],"inLanguage":"pt-PT"}]}},"_links":{"self":[{"href":"https:\/\/tw-group.com\/pt-pt\/wp-json\/wp\/v2\/pages\/22307","targetHints":{"allow":["GET"]}}],"collection":[{"href":"https:\/\/tw-group.com\/pt-pt\/wp-json\/wp\/v2\/pages"}],"about":[{"href":"https:\/\/tw-group.com\/pt-pt\/wp-json\/wp\/v2\/types\/page"}],"author":[{"embeddable":true,"href":"https:\/\/tw-group.com\/pt-pt\/wp-json\/wp\/v2\/users\/1"}],"replies":[{"embeddable":true,"href":"https:\/\/tw-group.com\/pt-pt\/wp-json\/wp\/v2\/comments?post=22307"}],"version-history":[{"count":0,"href":"https:\/\/tw-group.com\/pt-pt\/wp-json\/wp\/v2\/pages\/22307\/revisions"}],"wp:attachment":[{"href":"https:\/\/tw-group.com\/pt-pt\/wp-json\/wp\/v2\/media?parent=22307"}],"curies":[{"name":"wp","href":"https:\/\/api.w.org\/{rel}","templated":true}]}}