{"id":22300,"date":"2023-01-09T17:05:41","date_gmt":"2023-01-09T16:05:41","guid":{"rendered":"https:\/\/tw-group.com\/evolucion-y-valores\/"},"modified":"2023-07-28T08:30:15","modified_gmt":"2023-07-28T06:30:15","slug":"evolucao-e-valores","status":"publish","type":"page","link":"https:\/\/tw-group.com\/pt-pt\/evolucao-e-valores\/","title":{"rendered":"Evolu\u00e7\u00e3o e valores"},"content":{"rendered":"\t\t<div data-elementor-type=\"wp-page\" data-elementor-id=\"22300\" class=\"elementor elementor-22300 elementor-16361\" data-elementor-post-type=\"page\">\n\t\t\t\t\t\t<section class=\"elementor-section elementor-top-section elementor-element elementor-element-43e09f45 elementor-section-boxed elementor-section-height-default elementor-section-height-default qodef-elementor-content-no\" data-id=\"43e09f45\" data-element_type=\"section\" data-e-type=\"section\">\n\t\t\t\t\t\t<div class=\"elementor-container elementor-column-gap-default\">\n\t\t\t\t\t<div class=\"elementor-column elementor-col-50 elementor-top-column elementor-element elementor-element-58e84684\" data-id=\"58e84684\" data-element_type=\"column\" data-e-type=\"column\">\n\t\t\t<div class=\"elementor-widget-wrap elementor-element-populated\">\n\t\t\t\t\t\t<div class=\"elementor-element elementor-element-d72560e elementor-widget elementor-widget-video\" data-id=\"d72560e\" data-element_type=\"widget\" data-e-type=\"widget\" data-settings=\"{&quot;video_type&quot;:&quot;hosted&quot;,&quot;controls&quot;:&quot;yes&quot;}\" data-widget_type=\"video.default\">\n\t\t\t\t<div class=\"elementor-widget-container\">\n\t\t\t\t\t\t\t<div class=\"e-hosted-video elementor-wrapper elementor-open-inline\">\n\t\t\t\t\t<video class=\"elementor-video\" src=\"https:\/\/tw-group.com\/video\/TWG_values_EN.mp4\" controls=\"\" preload=\"metadata\" controlsList=\"nodownload\"><\/video>\n\t\t\t\t<\/div>\n\t\t\t\t\t\t<\/div>\n\t\t\t\t<\/div>\n\t\t\t\t\t<\/div>\n\t\t<\/div>\n\t\t\t\t<div class=\"elementor-column elementor-col-50 elementor-top-column elementor-element elementor-element-29398686\" data-id=\"29398686\" data-element_type=\"column\" data-e-type=\"column\">\n\t\t\t<div class=\"elementor-widget-wrap elementor-element-populated\">\n\t\t\t\t\t\t<div class=\"elementor-element elementor-element-57bfd777 elementor-widget elementor-widget-globefarer_core_divided_image_info\" data-id=\"57bfd777\" data-element_type=\"widget\" data-e-type=\"widget\" data-widget_type=\"globefarer_core_divided_image_info.default\">\n\t\t\t\t<div class=\"elementor-widget-container\">\n\t\t\t\t\t<div class=\"qodef-shortcode qodef-m  qodef-divided-image-info qodef-layout--image-left qodef-separator--on qodef-vertically-centered--on qodef-breakpoint--1024 qodef-appear-animation--no \">\n\t<div class=\"qodef-m-content\" style=\"margin-top: 0px;padding-left: 4%\">\n\t\t\t<h2 itemprop=\"name\" class=\"qodef-m-title\" style=\"margin-bottom: 29px\">\n\tEvolu\u00edmos consigo\t<\/h2>\n\t<p class=\"qodef-m-text\" >\n\t\tTruck&amp;Wheel - TW Group, \u00e9 uma organiza\u00e7\u00e3o internacional estabelecida no sector da log\u00edstica e dos transportes (TW Logistics) e na produ\u00e7\u00e3o de componentes autom\u00f3veis (TW Automotive).\t<\/p>\n\t<a class=\"qodef-shortcode qodef-m qodef-m-button qodef-button qodef-layout--textual  qodef-html--link\" href=\"\/boa-governacao\/?lang=pt-pt\" target=\"_blank\"  >\t\t\t<span class=\"qodef-m-button-icon\"><svg class=\"qodef-svg--plus\" xmlns=\"http:\/\/www.w3.org\/2000\/svg\" xmlns:xlink=\"http:\/\/www.w3.org\/1999\/xlink\" width=\"14\" height=\"14\" viewBox=\"0 0 14 14\"><path class=\"qodef-m-horizontal\" d=\"M0,0H14V2H0Z\" transform=\"translate(0 6)\" \/><path class=\"qodef-m-vertical\" d=\"M0,0H2V14H0Z\" transform=\"translate(6)\" \/><\/svg><\/span>\t\t\t\t<span class=\"qodef-m-button-text\">Leia mais<br \/> sobre a TW Logistics<\/span>\t<\/a><\/div>\n<\/div>\n\t\t\t\t<\/div>\n\t\t\t\t<\/div>\n\t\t\t\t\t<\/div>\n\t\t<\/div>\n\t\t\t\t\t<\/div>\n\t\t<\/section>\n\t\t\t\t<section class=\"elementor-section elementor-top-section elementor-element elementor-element-5faa3d23 qodef-elementor-content-grid elementor-section-full_width elementor-section-height-default elementor-section-height-default\" data-id=\"5faa3d23\" data-element_type=\"section\" data-e-type=\"section\">\n\t\t\t\t\t\t<div class=\"elementor-container elementor-column-gap-no\">\n\t\t\t\t\t<div class=\"elementor-column elementor-col-100 elementor-top-column elementor-element elementor-element-1e731441\" data-id=\"1e731441\" data-element_type=\"column\" data-e-type=\"column\">\n\t\t\t<div class=\"elementor-widget-wrap elementor-element-populated\">\n\t\t\t\t\t\t<div class=\"elementor-element elementor-element-7953ae11 elementor-widget elementor-widget-globefarer_core_accordion_info\" data-id=\"7953ae11\" data-element_type=\"widget\" data-e-type=\"widget\" data-widget_type=\"globefarer_core_accordion_info.default\">\n\t\t\t\t<div class=\"elementor-widget-container\">\n\t\t\t\t\t<div class=\"qodef-shortcode qodef-m  qodef-accordion-info qodef-behavior--accordion qodef-layout--extended-compact \">\n\t<div class=\"qodef-m-heading\">\n\t\t<h6 class=\"qodef-m-heading-title\">\n\t\tConstitui\u00e7\u00e3o em 1998\t<\/h6>\n<\/div>\n\t<div class=\"qodef-accordion-info-inner\">\n\t\t\t\t\t\t\t\t\t\t\t\t\t<div class=\"qodef-m-navigation\">\n\t\t<h4 class=\"qodef-m-title\">\n\t\tTruck&amp;Wheel-TW Group\t<\/h4>\n\t<p class=\"qodef-m-tagline\">\n\t\tFoi fundada em 1998 por um grupo de profissionais com uma vasta experi\u00eancia no sector da log\u00edstica.\t<\/p>\n<div class=\"qodef-m-mark\">\n\t<svg class=\"qodef-svg--plus\" xmlns=\"http:\/\/www.w3.org\/2000\/svg\" xmlns:xlink=\"http:\/\/www.w3.org\/1999\/xlink\" width=\"14\" height=\"14\" viewBox=\"0 0 14 14\"><path class=\"qodef-m-horizontal\" d=\"M0,0H14V2H0Z\" transform=\"translate(0 6)\" \/><path class=\"qodef-m-vertical\" d=\"M0,0H2V14H0Z\" transform=\"translate(6)\" \/><\/svg><\/div>\n<\/div>\n<div class=\"qodef-m-content\">\n\t\t<p class=\"qodef-m-text\">\n\t\tNasceu oferecendo um servi\u00e7o personalizado e de qualidade de transporte, armazenamento e distribui\u00e7\u00e3o de mercadorias.\t<\/p>\n<\/div>\n\t\t\t\t\t\t\t\t\t\t\t<div class=\"qodef-m-navigation\">\n\t\t<h4 class=\"qodef-m-title\">\n\t\tPioneiro na distribui\u00e7\u00e3o nocturna\t<\/h4>\n\t<p class=\"qodef-m-tagline\">\n\t\tEm 2000, tornou-se o l\u00edder na distribui\u00e7\u00e3o nocturna de pe\u00e7as sobresselentes para autom\u00f3veis em Espanha. \t<\/p>\n<div class=\"qodef-m-mark\">\n\t<svg class=\"qodef-svg--plus\" xmlns=\"http:\/\/www.w3.org\/2000\/svg\" xmlns:xlink=\"http:\/\/www.w3.org\/1999\/xlink\" width=\"14\" height=\"14\" viewBox=\"0 0 14 14\"><path class=\"qodef-m-horizontal\" d=\"M0,0H14V2H0Z\" transform=\"translate(0 6)\" \/><path class=\"qodef-m-vertical\" d=\"M0,0H2V14H0Z\" transform=\"translate(6)\" \/><\/svg><\/div>\n<\/div>\n<div class=\"qodef-m-content\">\n\t\t<p class=\"qodef-m-text\">\n\t\tDesenvolve um sistema propriet\u00e1rio para a entrega de mercadorias nas instala\u00e7\u00f5es do cliente quando estas s\u00e3o fechadas.\t<\/p>\n<\/div>\n\t\t\t\t\t\t\t\t\t\t\t<div class=\"qodef-m-navigation\">\n\t\t<h4 class=\"qodef-m-title\">\n\t\tCrescimento como Operador Log\u00edstico Global\t<\/h4>\n\t<p class=\"qodef-m-tagline\">\n\t\tNos primeiros dez anos, foi consolidada por produtos, sectores e com uma extensa rede log\u00edstica e de distribui\u00e7\u00e3o em Espanha, Portugal, Fran\u00e7a e Alemanha. \t<\/p>\n<div class=\"qodef-m-mark\">\n\t<svg class=\"qodef-svg--plus\" xmlns=\"http:\/\/www.w3.org\/2000\/svg\" xmlns:xlink=\"http:\/\/www.w3.org\/1999\/xlink\" width=\"14\" height=\"14\" viewBox=\"0 0 14 14\"><path class=\"qodef-m-horizontal\" d=\"M0,0H14V2H0Z\" transform=\"translate(0 6)\" \/><path class=\"qodef-m-vertical\" d=\"M0,0H2V14H0Z\" transform=\"translate(6)\" \/><\/svg><\/div>\n<\/div>\n<div class=\"qodef-m-content\">\n\t\t<p class=\"qodef-m-text\">\n\t\tEsta extensa rede, inova\u00e7\u00e3o tecnol\u00f3gica constante e resultados posicionam o grupo como uma refer\u00eancia no sector da Log\u00edstica e dos Transportes na Europa.\t<\/p>\n<\/div>\n\t\t\t\t\t\t\t\t\t\t\t<div class=\"qodef-m-navigation\">\n\t\t<h4 class=\"qodef-m-title\">\n\t\tNova actividade e presen\u00e7a internacional\t<\/h4>\n\t<p class=\"qodef-m-tagline\">\n\t\tEm 2015, o grupo diversificou a sua actividade, formando duas divis\u00f5es:\t<\/p>\n<div class=\"qodef-m-mark\">\n\t<svg class=\"qodef-svg--plus\" xmlns=\"http:\/\/www.w3.org\/2000\/svg\" xmlns:xlink=\"http:\/\/www.w3.org\/1999\/xlink\" width=\"14\" height=\"14\" viewBox=\"0 0 14 14\"><path class=\"qodef-m-horizontal\" d=\"M0,0H14V2H0Z\" transform=\"translate(0 6)\" \/><path class=\"qodef-m-vertical\" d=\"M0,0H2V14H0Z\" transform=\"translate(6)\" \/><\/svg><\/div>\n<\/div>\n<div class=\"qodef-m-content\">\n\t\t<p class=\"qodef-m-text\">\n\t\tTW Logistics: a partir do legado original do grupo como Operador Log\u00edstico Global.\nTW Automotive: fornecedor de n\u00edvel 1 que produz e entrega em sequ\u00eancia componentes para marcas autom\u00f3veis de primeira qualidade no M\u00e9xico.\n\t<\/p>\n<\/div>\n\t\t\t\t\t\t\t\t\t\t\t<div class=\"qodef-m-navigation\">\n\t\t<h4 class=\"qodef-m-title\">\n\t\tPresente e futuro\t<\/h4>\n\t<p class=\"qodef-m-tagline\">\n\t\tActualmente, esta empresa multinacional de log\u00edstica e autom\u00f3vel tem 5 f\u00e1bricas de produ\u00e7\u00e3o altamente robotizadas no M\u00e9xico, EUA e Alemanha, bem como 42 centros log\u00edsticos em Espanha, Fran\u00e7a, Portugal, Reino Unido e Su\u00e9cia.\t<\/p>\n<div class=\"qodef-m-mark\">\n\t<svg class=\"qodef-svg--plus\" xmlns=\"http:\/\/www.w3.org\/2000\/svg\" xmlns:xlink=\"http:\/\/www.w3.org\/1999\/xlink\" width=\"14\" height=\"14\" viewBox=\"0 0 14 14\"><path class=\"qodef-m-horizontal\" d=\"M0,0H14V2H0Z\" transform=\"translate(0 6)\" \/><path class=\"qodef-m-vertical\" d=\"M0,0H2V14H0Z\" transform=\"translate(6)\" \/><\/svg><\/div>\n<\/div>\n<div class=\"qodef-m-content\">\n\t\t<p class=\"qodef-m-text\">\n\t\tMais importante ainda, \u00e9 composto por mais de 3.000 profissionais que d\u00e3o vida a esta hist\u00f3ria, olhando para o futuro.\t<\/p>\n<\/div>\n\t\t\t\t\t\t<\/div>\n<\/div>\n\t\t\t\t<\/div>\n\t\t\t\t<\/div>\n\t\t\t\t\t<\/div>\n\t\t<\/div>\n\t\t\t\t\t<\/div>\n\t\t<\/section>\n\t\t\t\t<\/div>\n\t\t","protected":false},"excerpt":{"rendered":"<p>https:\/\/tw-group.com\/video\/TWG_values_EN.mp4 Evolu\u00edmos consigo Truck&amp;Wheel &#8211; TW Group, \u00e9 uma organiza\u00e7\u00e3o internacional estabelecida no sector da log\u00edstica e dos transportes (TW Logistics) e na produ\u00e7\u00e3o de componentes autom\u00f3veis (TW Automotive). Leia mais sobre a TW Logistics Constitui\u00e7\u00e3o em 1998 Truck&amp;Wheel-TW Group Foi fundada em 1998 por um grupo de profissionais com uma vasta experi\u00eancia no sector [&hellip;]<\/p>\n","protected":false},"author":1,"featured_media":23663,"parent":0,"menu_order":0,"comment_status":"closed","ping_status":"closed","template":"page-full-width.php","meta":{"footnotes":""},"class_list":["post-22300","page","type-page","status-publish","has-post-thumbnail","hentry"],"yoast_head":"<!-- This site is optimized with the Yoast SEO plugin v27.3 - https:\/\/yoast.com\/product\/yoast-seo-wordpress\/ -->\n<title>Evoluci\u00f3n TW Group - TW Group -TW Automotive<\/title>\n<meta name=\"description\" content=\"Fue fundada en 1998 por un grupo de profesionales con amplia experiencia en el sector de la log\u00edstica. Actualmente, esta multinacional de log\u00edstica y automoci\u00f3n, cuenta con 5 plantas de producci\u00f3n altamente robotizadas en M\u00e9xico, USA y Alemania; adem\u00e1s de 42 hubs log\u00edsticos en Espa\u00f1a, Francia, Portugal, UK y Suecia. M\u00e1s de 3000 profesionales que dan vida a esta historia, mirando hacia el futuro.\" \/>\n<meta name=\"robots\" content=\"index, follow, max-snippet:-1, max-image-preview:large, max-video-preview:-1\" \/>\n<link rel=\"canonical\" href=\"https:\/\/tw-group.com\/pt-pt\/evolucao-e-valores\/\" \/>\n<meta property=\"og:locale\" content=\"pt_PT\" \/>\n<meta property=\"og:type\" content=\"article\" \/>\n<meta property=\"og:title\" content=\"Evoluci\u00f3n TW Group - TW Group -TW Automotive\" \/>\n<meta property=\"og:description\" content=\"Fue fundada en 1998 por un grupo de profesionales con amplia experiencia en el sector de la log\u00edstica. Actualmente, esta multinacional de log\u00edstica y automoci\u00f3n, cuenta con 5 plantas de producci\u00f3n altamente robotizadas en M\u00e9xico, USA y Alemania; adem\u00e1s de 42 hubs log\u00edsticos en Espa\u00f1a, Francia, Portugal, UK y Suecia. M\u00e1s de 3000 profesionales que dan vida a esta historia, mirando hacia el futuro.\" \/>\n<meta property=\"og:url\" content=\"https:\/\/tw-group.com\/pt-pt\/evolucao-e-valores\/\" \/>\n<meta property=\"og:site_name\" content=\"TW Group\" \/>\n<meta property=\"article:modified_time\" content=\"2023-07-28T06:30:15+00:00\" \/>\n<meta property=\"og:image\" content=\"https:\/\/tw-group.com\/wp-content\/uploads\/2023\/03\/TW_Group.jpg\" \/>\n\t<meta property=\"og:image:width\" content=\"2560\" \/>\n\t<meta property=\"og:image:height\" content=\"1065\" \/>\n\t<meta property=\"og:image:type\" content=\"image\/jpeg\" \/>\n<meta name=\"twitter:card\" content=\"summary_large_image\" \/>\n<script type=\"application\/ld+json\" class=\"yoast-schema-graph\">{\"@context\":\"https:\\\/\\\/schema.org\",\"@graph\":[{\"@type\":\"WebPage\",\"@id\":\"https:\\\/\\\/tw-group.com\\\/pt-pt\\\/evolucao-e-valores\\\/\",\"url\":\"https:\\\/\\\/tw-group.com\\\/pt-pt\\\/evolucao-e-valores\\\/\",\"name\":\"Evoluci\u00f3n TW Group - TW Group -TW Automotive\",\"isPartOf\":{\"@id\":\"https:\\\/\\\/tw-group.com\\\/pt-pt\\\/#website\"},\"primaryImageOfPage\":{\"@id\":\"https:\\\/\\\/tw-group.com\\\/pt-pt\\\/evolucao-e-valores\\\/#primaryimage\"},\"image\":{\"@id\":\"https:\\\/\\\/tw-group.com\\\/pt-pt\\\/evolucao-e-valores\\\/#primaryimage\"},\"thumbnailUrl\":\"https:\\\/\\\/tw-group.com\\\/wp-content\\\/uploads\\\/2023\\\/03\\\/TW_Group.jpg\",\"datePublished\":\"2023-01-09T16:05:41+00:00\",\"dateModified\":\"2023-07-28T06:30:15+00:00\",\"description\":\"Fue fundada en 1998 por un grupo de profesionales con amplia experiencia en el sector de la log\u00edstica. Actualmente, esta multinacional de log\u00edstica y automoci\u00f3n, cuenta con 5 plantas de producci\u00f3n altamente robotizadas en M\u00e9xico, USA y Alemania; adem\u00e1s de 42 hubs log\u00edsticos en Espa\u00f1a, Francia, Portugal, UK y Suecia. M\u00e1s de 3000 profesionales que dan vida a esta historia, mirando hacia el futuro.\",\"breadcrumb\":{\"@id\":\"https:\\\/\\\/tw-group.com\\\/pt-pt\\\/evolucao-e-valores\\\/#breadcrumb\"},\"inLanguage\":\"pt-PT\",\"potentialAction\":[{\"@type\":\"ReadAction\",\"target\":[\"https:\\\/\\\/tw-group.com\\\/pt-pt\\\/evolucao-e-valores\\\/\"]}]},{\"@type\":\"ImageObject\",\"inLanguage\":\"pt-PT\",\"@id\":\"https:\\\/\\\/tw-group.com\\\/pt-pt\\\/evolucao-e-valores\\\/#primaryimage\",\"url\":\"https:\\\/\\\/tw-group.com\\\/wp-content\\\/uploads\\\/2023\\\/03\\\/TW_Group.jpg\",\"contentUrl\":\"https:\\\/\\\/tw-group.com\\\/wp-content\\\/uploads\\\/2023\\\/03\\\/TW_Group.jpg\",\"width\":2560,\"height\":1065,\"caption\":\"abstract world map digital texture pattern technology innovation concept background eps 10 vector\"},{\"@type\":\"BreadcrumbList\",\"@id\":\"https:\\\/\\\/tw-group.com\\\/pt-pt\\\/evolucao-e-valores\\\/#breadcrumb\",\"itemListElement\":[{\"@type\":\"ListItem\",\"position\":1,\"name\":\"Portada\",\"item\":\"https:\\\/\\\/tw-group.com\\\/pt-pt\\\/?lang=pt-pt\"},{\"@type\":\"ListItem\",\"position\":2,\"name\":\"Evolu\u00e7\u00e3o e valores\"}]},{\"@type\":\"WebSite\",\"@id\":\"https:\\\/\\\/tw-group.com\\\/pt-pt\\\/#website\",\"url\":\"https:\\\/\\\/tw-group.com\\\/pt-pt\\\/\",\"name\":\"TW Group\",\"description\":\"\",\"potentialAction\":[{\"@type\":\"SearchAction\",\"target\":{\"@type\":\"EntryPoint\",\"urlTemplate\":\"https:\\\/\\\/tw-group.com\\\/pt-pt\\\/?s={search_term_string}\"},\"query-input\":{\"@type\":\"PropertyValueSpecification\",\"valueRequired\":true,\"valueName\":\"search_term_string\"}}],\"inLanguage\":\"pt-PT\"}]}<\/script>\n<!-- \/ Yoast SEO plugin. -->","yoast_head_json":{"title":"Evoluci\u00f3n TW Group - TW Group -TW Automotive","description":"Fue fundada en 1998 por un grupo de profesionales con amplia experiencia en el sector de la log\u00edstica. Actualmente, esta multinacional de log\u00edstica y automoci\u00f3n, cuenta con 5 plantas de producci\u00f3n altamente robotizadas en M\u00e9xico, USA y Alemania; adem\u00e1s de 42 hubs log\u00edsticos en Espa\u00f1a, Francia, Portugal, UK y Suecia. M\u00e1s de 3000 profesionales que dan vida a esta historia, mirando hacia el futuro.","robots":{"index":"index","follow":"follow","max-snippet":"max-snippet:-1","max-image-preview":"max-image-preview:large","max-video-preview":"max-video-preview:-1"},"canonical":"https:\/\/tw-group.com\/pt-pt\/evolucao-e-valores\/","og_locale":"pt_PT","og_type":"article","og_title":"Evoluci\u00f3n TW Group - TW Group -TW Automotive","og_description":"Fue fundada en 1998 por un grupo de profesionales con amplia experiencia en el sector de la log\u00edstica. Actualmente, esta multinacional de log\u00edstica y automoci\u00f3n, cuenta con 5 plantas de producci\u00f3n altamente robotizadas en M\u00e9xico, USA y Alemania; adem\u00e1s de 42 hubs log\u00edsticos en Espa\u00f1a, Francia, Portugal, UK y Suecia. M\u00e1s de 3000 profesionales que dan vida a esta historia, mirando hacia el futuro.","og_url":"https:\/\/tw-group.com\/pt-pt\/evolucao-e-valores\/","og_site_name":"TW Group","article_modified_time":"2023-07-28T06:30:15+00:00","og_image":[{"width":2560,"height":1065,"url":"https:\/\/tw-group.com\/wp-content\/uploads\/2023\/03\/TW_Group.jpg","type":"image\/jpeg"}],"twitter_card":"summary_large_image","schema":{"@context":"https:\/\/schema.org","@graph":[{"@type":"WebPage","@id":"https:\/\/tw-group.com\/pt-pt\/evolucao-e-valores\/","url":"https:\/\/tw-group.com\/pt-pt\/evolucao-e-valores\/","name":"Evoluci\u00f3n TW Group - TW Group -TW Automotive","isPartOf":{"@id":"https:\/\/tw-group.com\/pt-pt\/#website"},"primaryImageOfPage":{"@id":"https:\/\/tw-group.com\/pt-pt\/evolucao-e-valores\/#primaryimage"},"image":{"@id":"https:\/\/tw-group.com\/pt-pt\/evolucao-e-valores\/#primaryimage"},"thumbnailUrl":"https:\/\/tw-group.com\/wp-content\/uploads\/2023\/03\/TW_Group.jpg","datePublished":"2023-01-09T16:05:41+00:00","dateModified":"2023-07-28T06:30:15+00:00","description":"Fue fundada en 1998 por un grupo de profesionales con amplia experiencia en el sector de la log\u00edstica. Actualmente, esta multinacional de log\u00edstica y automoci\u00f3n, cuenta con 5 plantas de producci\u00f3n altamente robotizadas en M\u00e9xico, USA y Alemania; adem\u00e1s de 42 hubs log\u00edsticos en Espa\u00f1a, Francia, Portugal, UK y Suecia. M\u00e1s de 3000 profesionales que dan vida a esta historia, mirando hacia el futuro.","breadcrumb":{"@id":"https:\/\/tw-group.com\/pt-pt\/evolucao-e-valores\/#breadcrumb"},"inLanguage":"pt-PT","potentialAction":[{"@type":"ReadAction","target":["https:\/\/tw-group.com\/pt-pt\/evolucao-e-valores\/"]}]},{"@type":"ImageObject","inLanguage":"pt-PT","@id":"https:\/\/tw-group.com\/pt-pt\/evolucao-e-valores\/#primaryimage","url":"https:\/\/tw-group.com\/wp-content\/uploads\/2023\/03\/TW_Group.jpg","contentUrl":"https:\/\/tw-group.com\/wp-content\/uploads\/2023\/03\/TW_Group.jpg","width":2560,"height":1065,"caption":"abstract world map digital texture pattern technology innovation concept background eps 10 vector"},{"@type":"BreadcrumbList","@id":"https:\/\/tw-group.com\/pt-pt\/evolucao-e-valores\/#breadcrumb","itemListElement":[{"@type":"ListItem","position":1,"name":"Portada","item":"https:\/\/tw-group.com\/pt-pt\/?lang=pt-pt"},{"@type":"ListItem","position":2,"name":"Evolu\u00e7\u00e3o e valores"}]},{"@type":"WebSite","@id":"https:\/\/tw-group.com\/pt-pt\/#website","url":"https:\/\/tw-group.com\/pt-pt\/","name":"TW Group","description":"","potentialAction":[{"@type":"SearchAction","target":{"@type":"EntryPoint","urlTemplate":"https:\/\/tw-group.com\/pt-pt\/?s={search_term_string}"},"query-input":{"@type":"PropertyValueSpecification","valueRequired":true,"valueName":"search_term_string"}}],"inLanguage":"pt-PT"}]}},"_links":{"self":[{"href":"https:\/\/tw-group.com\/pt-pt\/wp-json\/wp\/v2\/pages\/22300","targetHints":{"allow":["GET"]}}],"collection":[{"href":"https:\/\/tw-group.com\/pt-pt\/wp-json\/wp\/v2\/pages"}],"about":[{"href":"https:\/\/tw-group.com\/pt-pt\/wp-json\/wp\/v2\/types\/page"}],"author":[{"embeddable":true,"href":"https:\/\/tw-group.com\/pt-pt\/wp-json\/wp\/v2\/users\/1"}],"replies":[{"embeddable":true,"href":"https:\/\/tw-group.com\/pt-pt\/wp-json\/wp\/v2\/comments?post=22300"}],"version-history":[{"count":0,"href":"https:\/\/tw-group.com\/pt-pt\/wp-json\/wp\/v2\/pages\/22300\/revisions"}],"wp:featuredmedia":[{"embeddable":true,"href":"https:\/\/tw-group.com\/pt-pt\/wp-json\/wp\/v2\/media\/23663"}],"wp:attachment":[{"href":"https:\/\/tw-group.com\/pt-pt\/wp-json\/wp\/v2\/media?parent=22300"}],"curies":[{"name":"wp","href":"https:\/\/api.w.org\/{rel}","templated":true}]}}