{"id":22299,"date":"2023-01-09T16:40:53","date_gmt":"2023-01-09T15:40:53","guid":{"rendered":"https:\/\/tw-group.com\/ecommerce\/"},"modified":"2023-03-13T21:17:29","modified_gmt":"2023-03-13T20:17:29","slug":"ecommerce","status":"publish","type":"page","link":"https:\/\/tw-group.com\/pt-pt\/ecommerce\/","title":{"rendered":"eCommerce"},"content":{"rendered":"\t\t<div data-elementor-type=\"wp-page\" data-elementor-id=\"22299\" class=\"elementor elementor-22299 elementor-16324\" data-elementor-post-type=\"page\">\n\t\t\t\t\t\t<section class=\"elementor-section elementor-top-section elementor-element elementor-element-8c49986 elementor-section-full_width qodef-elementor-content-grid elementor-section-height-default elementor-section-height-default\" data-id=\"8c49986\" data-element_type=\"section\" data-e-type=\"section\" data-settings=\"{&quot;background_background&quot;:&quot;classic&quot;}\">\n\t\t\t\t\t\t<div class=\"elementor-container elementor-column-gap-no\">\n\t\t\t\t\t<div class=\"elementor-column elementor-col-100 elementor-top-column elementor-element elementor-element-294e3b1\" data-id=\"294e3b1\" data-element_type=\"column\" data-e-type=\"column\">\n\t\t\t<div class=\"elementor-widget-wrap elementor-element-populated\">\n\t\t\t\t\t\t<div class=\"elementor-element elementor-element-1768436 elementor-widget elementor-widget-globefarer_core_divided_image_info\" data-id=\"1768436\" data-element_type=\"widget\" data-e-type=\"widget\" data-widget_type=\"globefarer_core_divided_image_info.default\">\n\t\t\t\t<div class=\"elementor-widget-container\">\n\t\t\t\t\t<div class=\"qodef-shortcode qodef-m  qodef-divided-image-info qodef-layout--image-left qodef-separator--on qodef-vertically-centered--on qodef-breakpoint--1024 qodef-appear-animation--no \">\n\t\t<div class=\"qodef-m-image\" style=\"width: 51.5%;padding-right: 3%\">\n\t\t<img fetchpriority=\"high\" decoding=\"async\" width=\"800\" height=\"425\" src=\"https:\/\/tw-group.com\/wp-content\/uploads\/2023\/02\/TW-Logistics-eCommerce.jpg\" class=\"attachment-full size-full\" alt=\"TW Logistics eCommerce\" srcset=\"https:\/\/tw-group.com\/wp-content\/uploads\/2023\/02\/TW-Logistics-eCommerce.jpg 800w, https:\/\/tw-group.com\/wp-content\/uploads\/2023\/02\/TW-Logistics-eCommerce-300x159.jpg 300w, https:\/\/tw-group.com\/wp-content\/uploads\/2023\/02\/TW-Logistics-eCommerce-768x408.jpg 768w\" sizes=\"(max-width: 800px) 100vw, 800px\" \/>\t<\/div>\n<div class=\"qodef-m-content\" style=\"margin-top: 0px;padding-left: 4%\">\n\t\t\t<h2 itemprop=\"name\" class=\"qodef-m-title\" style=\"margin-bottom: 29px\">\n\tDeixe nas nossas m\u00e3os\t<\/h2>\n\t<p class=\"qodef-m-text\" >\n\t\tDo transporte ao armazenamento, passando pela gest\u00e3o de invent\u00e1rio, a prepara\u00e7\u00e3o de encomendas, a entrega de \u00faltima milha e as devolu\u00e7\u00f5es.  Desenvolvemos projetos \u00e0 medida para neg\u00f3cio de com\u00e9rcio eletr\u00f3nico, da gest\u00e3o das entradas, armazenamento espec\u00edfico, um picking e packing que se adapte ao modelo de neg\u00f3cio do cliente e uma entrega com o tempo de tr\u00e2nsito especificado por ele.\t<\/p>\n\t<a class=\"qodef-shortcode qodef-m qodef-m-button qodef-button qodef-layout--textual  qodef-html--link\" href=\"\/3pl\/?lang=pt-pt\" target=\"_self\"  >\t\t\t<span class=\"qodef-m-button-icon\"><svg class=\"qodef-svg--plus\" xmlns=\"http:\/\/www.w3.org\/2000\/svg\" xmlns:xlink=\"http:\/\/www.w3.org\/1999\/xlink\" width=\"14\" height=\"14\" viewBox=\"0 0 14 14\"><path class=\"qodef-m-horizontal\" d=\"M0,0H14V2H0Z\" transform=\"translate(0 6)\" \/><path class=\"qodef-m-vertical\" d=\"M0,0H2V14H0Z\" transform=\"translate(6)\" \/><\/svg><\/span>\t\t\t\t<span class=\"qodef-m-button-text\">Ver 3PL<br \/><\/span>\t<\/a><\/div>\n<\/div>\n\t\t\t\t<\/div>\n\t\t\t\t<\/div>\n\t\t\t\t\t<\/div>\n\t\t<\/div>\n\t\t\t\t\t<\/div>\n\t\t<\/section>\n\t\t\t\t<section class=\"elementor-section elementor-top-section elementor-element elementor-element-4775f94 qodef-elementor-content-grid elementor-section-full_width elementor-section-height-default elementor-section-height-default\" data-id=\"4775f94\" data-element_type=\"section\" data-e-type=\"section\">\n\t\t\t\t\t\t<div class=\"elementor-container elementor-column-gap-no\">\n\t\t\t\t\t<div class=\"elementor-column elementor-col-100 elementor-top-column elementor-element elementor-element-b200820\" data-id=\"b200820\" data-element_type=\"column\" data-e-type=\"column\">\n\t\t\t<div class=\"elementor-widget-wrap elementor-element-populated\">\n\t\t\t\t\t\t<div class=\"elementor-element elementor-element-072a0fe elementor-widget elementor-widget-globefarer_core_accordion_info\" data-id=\"072a0fe\" data-element_type=\"widget\" data-e-type=\"widget\" data-widget_type=\"globefarer_core_accordion_info.default\">\n\t\t\t\t<div class=\"elementor-widget-container\">\n\t\t\t\t\t<div class=\"qodef-shortcode qodef-m  qodef-accordion-info qodef-behavior--accordion qodef-layout--extended-compact \">\n\t<div class=\"qodef-m-heading\">\n\t<\/div>\n\t<div class=\"qodef-accordion-info-inner\">\n\t\t\t\t\t\t\t\t\t\t\t\t\t<div class=\"qodef-m-navigation\">\n\t\t<h4 class=\"qodef-m-title\">\n\t\tServi\u00e7os de log\u00edstica e armazenamento\t<\/h4>\n\t<p class=\"qodef-m-tagline\">\n\t\tPropomos numerosas solu\u00e7\u00f5es de armazenamento e manipula\u00e7\u00e3o.\t<\/p>\n<div class=\"qodef-m-mark\">\n\t<svg class=\"qodef-svg--plus\" xmlns=\"http:\/\/www.w3.org\/2000\/svg\" xmlns:xlink=\"http:\/\/www.w3.org\/1999\/xlink\" width=\"14\" height=\"14\" viewBox=\"0 0 14 14\"><path class=\"qodef-m-horizontal\" d=\"M0,0H14V2H0Z\" transform=\"translate(0 6)\" \/><path class=\"qodef-m-vertical\" d=\"M0,0H2V14H0Z\" transform=\"translate(6)\" \/><\/svg><\/div>\n<\/div>\n<div class=\"qodef-m-content\">\n\t\t<p class=\"qodef-m-text\">\n\t\tOs nossos processos foram concebidos para ajudar a implementar e escalar rapidamente o seu neg\u00f3cio, quer precise de um armaz\u00e9m num \u00fanico mercado ou em v\u00e1rias localiza\u00e7\u00f5es dentro da nossa rede global.\t<\/p>\n<\/div>\n\t\t\t\t\t\t\t\t\t\t\t<div class=\"qodef-m-navigation\">\n\t\t<h4 class=\"qodef-m-title\">\n\t\t\u00daltima milha\t<\/h4>\n\t<p class=\"qodef-m-tagline\">\n\t\tUma rede consolidada de entregas expresso, noturnas e em fim de semana.\t<\/p>\n<div class=\"qodef-m-mark\">\n\t<svg class=\"qodef-svg--plus\" xmlns=\"http:\/\/www.w3.org\/2000\/svg\" xmlns:xlink=\"http:\/\/www.w3.org\/1999\/xlink\" width=\"14\" height=\"14\" viewBox=\"0 0 14 14\"><path class=\"qodef-m-horizontal\" d=\"M0,0H14V2H0Z\" transform=\"translate(0 6)\" \/><path class=\"qodef-m-vertical\" d=\"M0,0H2V14H0Z\" transform=\"translate(6)\" \/><\/svg><\/div>\n<\/div>\n<div class=\"qodef-m-content\">\n\t<\/div>\n\t\t\t\t\t\t\t\t\t\t\t<div class=\"qodef-m-navigation\">\n\t\t<h4 class=\"qodef-m-title\">\n\t\tFrota de ve\u00edculos sustent\u00e1veis \t<\/h4>\n\t<p class=\"qodef-m-tagline\">\n\t\tContamos com uma frota de ve\u00edculos 100% el\u00e9tricos.\t<\/p>\n<div class=\"qodef-m-mark\">\n\t<svg class=\"qodef-svg--plus\" xmlns=\"http:\/\/www.w3.org\/2000\/svg\" xmlns:xlink=\"http:\/\/www.w3.org\/1999\/xlink\" width=\"14\" height=\"14\" viewBox=\"0 0 14 14\"><path class=\"qodef-m-horizontal\" d=\"M0,0H14V2H0Z\" transform=\"translate(0 6)\" \/><path class=\"qodef-m-vertical\" d=\"M0,0H2V14H0Z\" transform=\"translate(6)\" \/><\/svg><\/div>\n<\/div>\n<div class=\"qodef-m-content\">\n\t\t<p class=\"qodef-m-text\">\n\t\tQue inclui carros, camionetas, com carro\u00e7aria e motos.\t<\/p>\n<\/div>\n\t\t\t\t\t\t\t\t\t\t\t<div class=\"qodef-m-navigation\">\n\t\t<h4 class=\"qodef-m-title\">\n\t\tProfissionais comprometidos com a entrega ao cliente final\t<\/h4>\n\t<p class=\"qodef-m-tagline\">\n\t\tCom um protocolo definido para que a entrega ocorra de forma controlada e sem incidentes.\t<\/p>\n<div class=\"qodef-m-mark\">\n\t<svg class=\"qodef-svg--plus\" xmlns=\"http:\/\/www.w3.org\/2000\/svg\" xmlns:xlink=\"http:\/\/www.w3.org\/1999\/xlink\" width=\"14\" height=\"14\" viewBox=\"0 0 14 14\"><path class=\"qodef-m-horizontal\" d=\"M0,0H14V2H0Z\" transform=\"translate(0 6)\" \/><path class=\"qodef-m-vertical\" d=\"M0,0H2V14H0Z\" transform=\"translate(6)\" \/><\/svg><\/div>\n<\/div>\n<div class=\"qodef-m-content\">\n\t<\/div>\n\t\t\t\t\t\t\t\t\t\t\t<div class=\"qodef-m-navigation\">\n\t\t<h4 class=\"qodef-m-title\">\n\t\tGest\u00e3o das devolu\u00e7\u00f5es\t<\/h4>\n\t<p class=\"qodef-m-tagline\">\n\t\tRece\u00e7\u00e3o local, classifica\u00e7\u00e3o e consolida\u00e7\u00e3o e gest\u00e3o de compras repetidas.\t<\/p>\n<div class=\"qodef-m-mark\">\n\t<svg class=\"qodef-svg--plus\" xmlns=\"http:\/\/www.w3.org\/2000\/svg\" xmlns:xlink=\"http:\/\/www.w3.org\/1999\/xlink\" width=\"14\" height=\"14\" viewBox=\"0 0 14 14\"><path class=\"qodef-m-horizontal\" d=\"M0,0H14V2H0Z\" transform=\"translate(0 6)\" \/><path class=\"qodef-m-vertical\" d=\"M0,0H2V14H0Z\" transform=\"translate(6)\" \/><\/svg><\/div>\n<\/div>\n<div class=\"qodef-m-content\">\n\t<\/div>\n\t\t\t\t\t\t\t\t\t\t\t<div class=\"qodef-m-navigation\">\n\t\t<h4 class=\"qodef-m-title\">\n\t\tAcompanhamento\t<\/h4>\n\t<p class=\"qodef-m-tagline\">\n\t\tA nossa tecnologia oferece controlo sobre o seu envio.\t<\/p>\n<div class=\"qodef-m-mark\">\n\t<svg class=\"qodef-svg--plus\" xmlns=\"http:\/\/www.w3.org\/2000\/svg\" xmlns:xlink=\"http:\/\/www.w3.org\/1999\/xlink\" width=\"14\" height=\"14\" viewBox=\"0 0 14 14\"><path class=\"qodef-m-horizontal\" d=\"M0,0H14V2H0Z\" transform=\"translate(0 6)\" \/><path class=\"qodef-m-vertical\" d=\"M0,0H2V14H0Z\" transform=\"translate(6)\" \/><\/svg><\/div>\n<\/div>\n<div class=\"qodef-m-content\">\n\t\t<p class=\"qodef-m-text\">\n\t\tAn\u00e1lise para otimizar os processos e ter visibilidade permanente do mesmo.\t<\/p>\n<\/div>\n\t\t\t\t\t\t<\/div>\n<\/div>\n\t\t\t\t<\/div>\n\t\t\t\t<\/div>\n\t\t\t\t\t<\/div>\n\t\t<\/div>\n\t\t\t\t\t<\/div>\n\t\t<\/section>\n\t\t\t\t<section class=\"elementor-section elementor-top-section elementor-element elementor-element-c12f439 elementor-section-full_width elementor-section-height-default elementor-section-height-default qodef-elementor-content-no\" data-id=\"c12f439\" data-element_type=\"section\" data-e-type=\"section\">\n\t\t\t\t\t\t<div class=\"elementor-container elementor-column-gap-no\">\n\t\t\t\t\t<div class=\"elementor-column elementor-col-100 elementor-top-column elementor-element elementor-element-26afc5d\" data-id=\"26afc5d\" data-element_type=\"column\" data-e-type=\"column\">\n\t\t\t<div class=\"elementor-widget-wrap elementor-element-populated\">\n\t\t\t\t\t\t<div class=\"elementor-element elementor-element-a3a8068 elementor-widget elementor-widget-image\" data-id=\"a3a8068\" data-element_type=\"widget\" data-e-type=\"widget\" data-widget_type=\"image.default\">\n\t\t\t\t<div class=\"elementor-widget-container\">\n\t\t\t\t\t\t\t\t\t\t\t\t\t\t\t<img decoding=\"async\" width=\"2560\" height=\"1000\" src=\"https:\/\/tw-group.com\/wp-content\/uploads\/2023\/02\/eCommerce-1.jpg\" class=\"attachment-full size-full wp-image-22208\" alt=\"\" srcset=\"https:\/\/tw-group.com\/wp-content\/uploads\/2023\/02\/eCommerce-1.jpg 2560w, https:\/\/tw-group.com\/wp-content\/uploads\/2023\/02\/eCommerce-1-300x117.jpg 300w, https:\/\/tw-group.com\/wp-content\/uploads\/2023\/02\/eCommerce-1-1024x400.jpg 1024w, https:\/\/tw-group.com\/wp-content\/uploads\/2023\/02\/eCommerce-1-768x300.jpg 768w, https:\/\/tw-group.com\/wp-content\/uploads\/2023\/02\/eCommerce-1-1536x600.jpg 1536w, https:\/\/tw-group.com\/wp-content\/uploads\/2023\/02\/eCommerce-1-2048x800.jpg 2048w\" sizes=\"(max-width: 2560px) 100vw, 2560px\" \/>\t\t\t\t\t\t\t\t\t\t\t\t\t\t\t<\/div>\n\t\t\t\t<\/div>\n\t\t\t\t\t<\/div>\n\t\t<\/div>\n\t\t\t\t\t<\/div>\n\t\t<\/section>\n\t\t\t\t<\/div>\n\t\t","protected":false},"excerpt":{"rendered":"<p>Deixe nas nossas m\u00e3os Do transporte ao armazenamento, passando pela gest\u00e3o de invent\u00e1rio, a prepara\u00e7\u00e3o de encomendas, a entrega de \u00faltima milha e as devolu\u00e7\u00f5es. Desenvolvemos projetos \u00e0 medida para neg\u00f3cio de com\u00e9rcio eletr\u00f3nico, da gest\u00e3o das entradas, armazenamento espec\u00edfico, um picking e packing que se adapte ao modelo de neg\u00f3cio do cliente e uma [&hellip;]<\/p>\n","protected":false},"author":1,"featured_media":0,"parent":0,"menu_order":0,"comment_status":"closed","ping_status":"closed","template":"page-full-width.php","meta":{"footnotes":""},"class_list":["post-22299","page","type-page","status-publish","hentry"],"yoast_head":"<!-- This site is optimized with the Yoast SEO plugin v27.3 - https:\/\/yoast.com\/product\/yoast-seo-wordpress\/ -->\n<title>eCommerce a medida - TW Group<\/title>\n<meta name=\"description\" content=\"Desde el transporte hasta el almacenaje espec\u00edfico, un picking y packing adaptado al modelo de negocio del cliente, gesti\u00f3n de entradas, inventario, preparaci\u00f3n de pedidos, entrega de \u00faltima milla con tiempo de tr\u00e1nsito espec\u00edfico y devoluciones.\" \/>\n<meta name=\"robots\" content=\"index, follow, max-snippet:-1, max-image-preview:large, max-video-preview:-1\" \/>\n<link rel=\"canonical\" href=\"https:\/\/tw-group.com\/pt-pt\/ecommerce\/\" \/>\n<meta property=\"og:locale\" content=\"pt_PT\" \/>\n<meta property=\"og:type\" content=\"article\" \/>\n<meta property=\"og:title\" content=\"eCommerce a medida - TW Group\" \/>\n<meta property=\"og:description\" content=\"Desde el transporte hasta el almacenaje espec\u00edfico, un picking y packing adaptado al modelo de negocio del cliente, gesti\u00f3n de entradas, inventario, preparaci\u00f3n de pedidos, entrega de \u00faltima milla con tiempo de tr\u00e1nsito espec\u00edfico y devoluciones.\" \/>\n<meta property=\"og:url\" content=\"https:\/\/tw-group.com\/pt-pt\/ecommerce\/\" \/>\n<meta property=\"og:site_name\" content=\"TW Group\" \/>\n<meta property=\"article:modified_time\" content=\"2023-03-13T20:17:29+00:00\" \/>\n<meta property=\"og:image\" content=\"https:\/\/tw-group.com\/wp-content\/uploads\/2023\/02\/TW-Logistics-eCommerce.jpg\" \/>\n<meta name=\"twitter:card\" content=\"summary_large_image\" \/>\n<script type=\"application\/ld+json\" class=\"yoast-schema-graph\">{\"@context\":\"https:\\\/\\\/schema.org\",\"@graph\":[{\"@type\":\"WebPage\",\"@id\":\"https:\\\/\\\/tw-group.com\\\/pt-pt\\\/ecommerce\\\/\",\"url\":\"https:\\\/\\\/tw-group.com\\\/pt-pt\\\/ecommerce\\\/\",\"name\":\"eCommerce a medida - TW Group\",\"isPartOf\":{\"@id\":\"https:\\\/\\\/tw-group.com\\\/pt-pt\\\/#website\"},\"primaryImageOfPage\":{\"@id\":\"https:\\\/\\\/tw-group.com\\\/pt-pt\\\/ecommerce\\\/#primaryimage\"},\"image\":{\"@id\":\"https:\\\/\\\/tw-group.com\\\/pt-pt\\\/ecommerce\\\/#primaryimage\"},\"thumbnailUrl\":\"https:\\\/\\\/tw-group.com\\\/wp-content\\\/uploads\\\/2023\\\/02\\\/TW-Logistics-eCommerce.jpg\",\"datePublished\":\"2023-01-09T15:40:53+00:00\",\"dateModified\":\"2023-03-13T20:17:29+00:00\",\"description\":\"Desde el transporte hasta el almacenaje espec\u00edfico, un picking y packing adaptado al modelo de negocio del cliente, gesti\u00f3n de entradas, inventario, preparaci\u00f3n de pedidos, entrega de \u00faltima milla con tiempo de tr\u00e1nsito espec\u00edfico y devoluciones.\",\"breadcrumb\":{\"@id\":\"https:\\\/\\\/tw-group.com\\\/pt-pt\\\/ecommerce\\\/#breadcrumb\"},\"inLanguage\":\"pt-PT\",\"potentialAction\":[{\"@type\":\"ReadAction\",\"target\":[\"https:\\\/\\\/tw-group.com\\\/pt-pt\\\/ecommerce\\\/\"]}]},{\"@type\":\"ImageObject\",\"inLanguage\":\"pt-PT\",\"@id\":\"https:\\\/\\\/tw-group.com\\\/pt-pt\\\/ecommerce\\\/#primaryimage\",\"url\":\"https:\\\/\\\/tw-group.com\\\/wp-content\\\/uploads\\\/2023\\\/02\\\/TW-Logistics-eCommerce.jpg\",\"contentUrl\":\"https:\\\/\\\/tw-group.com\\\/wp-content\\\/uploads\\\/2023\\\/02\\\/TW-Logistics-eCommerce.jpg\"},{\"@type\":\"BreadcrumbList\",\"@id\":\"https:\\\/\\\/tw-group.com\\\/pt-pt\\\/ecommerce\\\/#breadcrumb\",\"itemListElement\":[{\"@type\":\"ListItem\",\"position\":1,\"name\":\"Portada\",\"item\":\"https:\\\/\\\/tw-group.com\\\/pt-pt\\\/?lang=pt-pt\"},{\"@type\":\"ListItem\",\"position\":2,\"name\":\"eCommerce\"}]},{\"@type\":\"WebSite\",\"@id\":\"https:\\\/\\\/tw-group.com\\\/pt-pt\\\/#website\",\"url\":\"https:\\\/\\\/tw-group.com\\\/pt-pt\\\/\",\"name\":\"TW Group\",\"description\":\"\",\"potentialAction\":[{\"@type\":\"SearchAction\",\"target\":{\"@type\":\"EntryPoint\",\"urlTemplate\":\"https:\\\/\\\/tw-group.com\\\/pt-pt\\\/?s={search_term_string}\"},\"query-input\":{\"@type\":\"PropertyValueSpecification\",\"valueRequired\":true,\"valueName\":\"search_term_string\"}}],\"inLanguage\":\"pt-PT\"}]}<\/script>\n<!-- \/ Yoast SEO plugin. -->","yoast_head_json":{"title":"eCommerce a medida - TW Group","description":"Desde el transporte hasta el almacenaje espec\u00edfico, un picking y packing adaptado al modelo de negocio del cliente, gesti\u00f3n de entradas, inventario, preparaci\u00f3n de pedidos, entrega de \u00faltima milla con tiempo de tr\u00e1nsito espec\u00edfico y devoluciones.","robots":{"index":"index","follow":"follow","max-snippet":"max-snippet:-1","max-image-preview":"max-image-preview:large","max-video-preview":"max-video-preview:-1"},"canonical":"https:\/\/tw-group.com\/pt-pt\/ecommerce\/","og_locale":"pt_PT","og_type":"article","og_title":"eCommerce a medida - TW Group","og_description":"Desde el transporte hasta el almacenaje espec\u00edfico, un picking y packing adaptado al modelo de negocio del cliente, gesti\u00f3n de entradas, inventario, preparaci\u00f3n de pedidos, entrega de \u00faltima milla con tiempo de tr\u00e1nsito espec\u00edfico y devoluciones.","og_url":"https:\/\/tw-group.com\/pt-pt\/ecommerce\/","og_site_name":"TW Group","article_modified_time":"2023-03-13T20:17:29+00:00","og_image":[{"url":"https:\/\/tw-group.com\/wp-content\/uploads\/2023\/02\/TW-Logistics-eCommerce.jpg","type":"","width":"","height":""}],"twitter_card":"summary_large_image","schema":{"@context":"https:\/\/schema.org","@graph":[{"@type":"WebPage","@id":"https:\/\/tw-group.com\/pt-pt\/ecommerce\/","url":"https:\/\/tw-group.com\/pt-pt\/ecommerce\/","name":"eCommerce a medida - TW Group","isPartOf":{"@id":"https:\/\/tw-group.com\/pt-pt\/#website"},"primaryImageOfPage":{"@id":"https:\/\/tw-group.com\/pt-pt\/ecommerce\/#primaryimage"},"image":{"@id":"https:\/\/tw-group.com\/pt-pt\/ecommerce\/#primaryimage"},"thumbnailUrl":"https:\/\/tw-group.com\/wp-content\/uploads\/2023\/02\/TW-Logistics-eCommerce.jpg","datePublished":"2023-01-09T15:40:53+00:00","dateModified":"2023-03-13T20:17:29+00:00","description":"Desde el transporte hasta el almacenaje espec\u00edfico, un picking y packing adaptado al modelo de negocio del cliente, gesti\u00f3n de entradas, inventario, preparaci\u00f3n de pedidos, entrega de \u00faltima milla con tiempo de tr\u00e1nsito espec\u00edfico y devoluciones.","breadcrumb":{"@id":"https:\/\/tw-group.com\/pt-pt\/ecommerce\/#breadcrumb"},"inLanguage":"pt-PT","potentialAction":[{"@type":"ReadAction","target":["https:\/\/tw-group.com\/pt-pt\/ecommerce\/"]}]},{"@type":"ImageObject","inLanguage":"pt-PT","@id":"https:\/\/tw-group.com\/pt-pt\/ecommerce\/#primaryimage","url":"https:\/\/tw-group.com\/wp-content\/uploads\/2023\/02\/TW-Logistics-eCommerce.jpg","contentUrl":"https:\/\/tw-group.com\/wp-content\/uploads\/2023\/02\/TW-Logistics-eCommerce.jpg"},{"@type":"BreadcrumbList","@id":"https:\/\/tw-group.com\/pt-pt\/ecommerce\/#breadcrumb","itemListElement":[{"@type":"ListItem","position":1,"name":"Portada","item":"https:\/\/tw-group.com\/pt-pt\/?lang=pt-pt"},{"@type":"ListItem","position":2,"name":"eCommerce"}]},{"@type":"WebSite","@id":"https:\/\/tw-group.com\/pt-pt\/#website","url":"https:\/\/tw-group.com\/pt-pt\/","name":"TW Group","description":"","potentialAction":[{"@type":"SearchAction","target":{"@type":"EntryPoint","urlTemplate":"https:\/\/tw-group.com\/pt-pt\/?s={search_term_string}"},"query-input":{"@type":"PropertyValueSpecification","valueRequired":true,"valueName":"search_term_string"}}],"inLanguage":"pt-PT"}]}},"_links":{"self":[{"href":"https:\/\/tw-group.com\/pt-pt\/wp-json\/wp\/v2\/pages\/22299","targetHints":{"allow":["GET"]}}],"collection":[{"href":"https:\/\/tw-group.com\/pt-pt\/wp-json\/wp\/v2\/pages"}],"about":[{"href":"https:\/\/tw-group.com\/pt-pt\/wp-json\/wp\/v2\/types\/page"}],"author":[{"embeddable":true,"href":"https:\/\/tw-group.com\/pt-pt\/wp-json\/wp\/v2\/users\/1"}],"replies":[{"embeddable":true,"href":"https:\/\/tw-group.com\/pt-pt\/wp-json\/wp\/v2\/comments?post=22299"}],"version-history":[{"count":0,"href":"https:\/\/tw-group.com\/pt-pt\/wp-json\/wp\/v2\/pages\/22299\/revisions"}],"wp:attachment":[{"href":"https:\/\/tw-group.com\/pt-pt\/wp-json\/wp\/v2\/media?parent=22299"}],"curies":[{"name":"wp","href":"https:\/\/api.w.org\/{rel}","templated":true}]}}