{"id":22294,"date":"2023-01-09T16:19:01","date_gmt":"2023-01-09T15:19:01","guid":{"rendered":"https:\/\/tw-group.com\/contacto\/"},"modified":"2023-05-11T08:34:23","modified_gmt":"2023-05-11T06:34:23","slug":"contacto","status":"publish","type":"page","link":"https:\/\/tw-group.com\/pt-pt\/contacto\/","title":{"rendered":"Contacto"},"content":{"rendered":"\t\t<div data-elementor-type=\"wp-page\" data-elementor-id=\"22294\" class=\"elementor elementor-22294 elementor-16305\" data-elementor-post-type=\"page\">\n\t\t\t\t\t\t<section class=\"elementor-section elementor-top-section elementor-element elementor-element-d3db1c5 elementor-section-full_width qodef-elementor-content-grid elementor-section-height-default elementor-section-height-default\" data-id=\"d3db1c5\" data-element_type=\"section\" data-e-type=\"section\">\n\t\t\t\t\t\t<div class=\"elementor-container elementor-column-gap-no\">\n\t\t\t\t\t<div class=\"elementor-column elementor-col-50 elementor-top-column elementor-element elementor-element-425ca96\" data-id=\"425ca96\" data-element_type=\"column\" data-e-type=\"column\">\n\t\t\t<div class=\"elementor-widget-wrap elementor-element-populated\">\n\t\t\t\t\t\t<div class=\"elementor-element elementor-element-5b573d8 elementor-widget elementor-widget-globefarer_core_section_title\" data-id=\"5b573d8\" data-element_type=\"widget\" data-e-type=\"widget\" data-widget_type=\"globefarer_core_section_title.default\">\n\t\t\t\t<div class=\"elementor-widget-container\">\n\t\t\t\t\t<div class=\"qodef-shortcode qodef-m  qodef-section-title qodef-alignment--left   qodef-appear-animation--no\">\n\t\t\t<h2 class=\"qodef-m-title\" >\n\t\t\t\t\tLigue-se a n\u00f3s\t\t\t<\/h2>\n\t\t<p class=\"qodef-m-text\" style=\"margin-top: 27px\">Se desejar enviar-nos as suas perguntas ou sugest\u00f5es, por favor preencha este formul\u00e1rio. Responderemos o mais rapidamente poss\u00edvel.<\/p>\n\t<\/div>\n\t\t\t\t<\/div>\n\t\t\t\t<\/div>\n\t\t\t\t\t<\/div>\n\t\t<\/div>\n\t\t\t\t<div class=\"elementor-column elementor-col-50 elementor-top-column elementor-element elementor-element-ca1997c\" data-id=\"ca1997c\" data-element_type=\"column\" data-e-type=\"column\">\n\t\t\t<div class=\"elementor-widget-wrap elementor-element-populated\">\n\t\t\t\t\t\t<div class=\"elementor-element elementor-element-69db32f elementor-widget elementor-widget-wp-widget-globefarer_core_contact_form_7\" data-id=\"69db32f\" data-element_type=\"widget\" data-e-type=\"widget\" data-widget_type=\"wp-widget-globefarer_core_contact_form_7.default\">\n\t\t\t\t<div class=\"elementor-widget-container\">\n\t\t\t\t\t\t\t\t<div class=\"qodef-contact-form-7\">\n\t\t\t\t\n<div class=\"wpcf7 no-js\" id=\"wpcf7-f22842-o1\" lang=\"es-ES\" dir=\"ltr\" data-wpcf7-id=\"22842\">\n<div class=\"screen-reader-response\"><p role=\"status\" aria-live=\"polite\" aria-atomic=\"true\"><\/p> <ul><\/ul><\/div>\n<form action=\"\/pt-pt\/wp-json\/wp\/v2\/pages\/22294#wpcf7-f22842-o1\" method=\"post\" class=\"wpcf7-form init\" aria-label=\"Formulario de contacto\" novalidate=\"novalidate\" data-status=\"init\">\n<fieldset class=\"hidden-fields-container\"><input type=\"hidden\" name=\"_wpcf7\" value=\"22842\" \/><input type=\"hidden\" name=\"_wpcf7_version\" value=\"6.1.5\" \/><input type=\"hidden\" name=\"_wpcf7_locale\" value=\"es_ES\" \/><input type=\"hidden\" name=\"_wpcf7_unit_tag\" value=\"wpcf7-f22842-o1\" \/><input type=\"hidden\" name=\"_wpcf7_container_post\" value=\"0\" \/><input type=\"hidden\" name=\"_wpcf7_posted_data_hash\" value=\"\" \/>\n<\/fieldset>\n<div class=\"row\">\n\t<div class=\"col-md-6\">\n                <div class=\"wrap-field\">\n                    <label class=\"col-sm-3\">Contacte con nosotros: *<\/label>\n                    <div class=\"col-sm-9\">\n                         <span class=\"wpcf7-form-control-wrap\" data-name=\"your-recipient\"><select class=\"wpcf7-form-control wpcf7-select\" aria-invalid=\"false\" name=\"your-recipient\"><option value=\"Administra\u00e7\u00e3o\">Administra\u00e7\u00e3o<\/option><option value=\"Comercial\">Comercial<\/option><option value=\"Outros\">Outros<\/option><\/select><\/span>\n                    <\/div>\n                <\/div>\n<div class=\"qodef-m-input-holder\"><label><span class=\"qodef-m-input-label\">Nome<\/span><span class=\"wpcf7-form-control-wrap\" data-name=\"nombre\"><input size=\"40\" maxlength=\"400\" class=\"wpcf7-form-control wpcf7-text wpcf7-validates-as-required\" aria-required=\"true\" aria-invalid=\"false\" value=\"\" type=\"text\" name=\"nombre\" \/><\/span><\/label><\/div>\n<div class=\"qodef-m-input-holder\"><label><span class=\"qodef-m-input-label\">Apelido<\/span><span class=\"wpcf7-form-control-wrap\" data-name=\"apellidos\"><input size=\"40\" maxlength=\"400\" class=\"wpcf7-form-control wpcf7-text wpcf7-validates-as-required\" aria-required=\"true\" aria-invalid=\"false\" value=\"\" type=\"text\" name=\"apellidos\" \/><\/span><\/label><\/div>\n<div class=\"qodef-m-input-holder\"><label><span class=\"qodef-m-input-label\">Empresa<\/span><span class=\"wpcf7-form-control-wrap\" data-name=\"empresa\"><input size=\"40\" maxlength=\"400\" class=\"wpcf7-form-control wpcf7-text wpcf7-validates-as-required\" aria-required=\"true\" aria-invalid=\"false\" value=\"\" type=\"text\" name=\"empresa\" \/><\/span><\/label><\/div>\n<div class=\"qodef-m-input-holder\"><label><span class=\"qodef-m-input-label\">Cargo<\/span><span class=\"wpcf7-form-control-wrap\" data-name=\"cargo\"><input size=\"40\" maxlength=\"400\" class=\"wpcf7-form-control wpcf7-text wpcf7-validates-as-required\" aria-required=\"true\" aria-invalid=\"false\" value=\"\" type=\"text\" name=\"cargo\" \/><\/span><\/label><\/div>\n<div class=\"qodef-m-input-holder\"><label><span class=\"qodef-m-input-label\">Email<\/span><span class=\"wpcf7-form-control-wrap\" data-name=\"email\"><input size=\"40\" maxlength=\"400\" class=\"wpcf7-form-control wpcf7-email wpcf7-validates-as-required wpcf7-text wpcf7-validates-as-email\" aria-required=\"true\" aria-invalid=\"false\" value=\"\" type=\"email\" name=\"email\" \/><\/span><\/label><\/div>\n<div class=\"qodef-m-input-holder\"><label><span class=\"qodef-m-input-label\">Telefone<\/span><span class=\"wpcf7-form-control-wrap\" data-name=\"telefono\"><input size=\"40\" maxlength=\"400\" class=\"wpcf7-form-control wpcf7-tel wpcf7-validates-as-required wpcf7-text wpcf7-validates-as-tel\" aria-required=\"true\" aria-invalid=\"false\" value=\"\" type=\"tel\" name=\"telefono\" \/><\/span><\/label><\/div>\n<div class=\"qodef-m-input-holder\"><label><span class=\"qodef-m-input-label\">Pa\u00eds<\/span><span class=\"wpcf7-form-control-wrap\" data-name=\"pais\"><input size=\"40\" maxlength=\"400\" class=\"wpcf7-form-control wpcf7-text wpcf7-validates-as-required\" aria-required=\"true\" aria-invalid=\"false\" value=\"\" type=\"text\" name=\"pais\" \/><\/span><\/label><\/div>\n<div class=\"qodef-m-input-holder\"><label><span class=\"qodef-m-input-label\">Coment\u00e1rio<\/span><span class=\"wpcf7-form-control-wrap\" data-name=\"comentario\"><textarea cols=\"40\" rows=\"5\" maxlength=\"2000\" class=\"wpcf7-form-control wpcf7-textarea\" aria-invalid=\"false\" name=\"comentario\"><\/textarea><\/span><\/label><\/div>\n<div class=\"qodef-m-input-holder\">\n\t\t\t<div class=\"class=\"qodef-m-input-label\"><span class=\"wpcf7-form-control-wrap\" data-name=\"acceptance\"><span class=\"wpcf7-form-control wpcf7-acceptance\"><span class=\"wpcf7-list-item\"><input type=\"checkbox\" name=\"acceptance\" value=\"1\" class=\"aceptar\" aria-invalid=\"false\" \/><\/span><\/span><\/span> Aceito o <a href=\"https:\/\/tw-group.com\/pt-pt\/politica-de-privacidade-de-formularios-de-contato\/\">Termos e Condi\u00e7\u00f5es.<\/a> <\/div>\n\t\t<\/div>\n<div class=\"qodef-m-input-holder\"><br>Introduzir o seguinte c\u00f3digo: <input type=\"hidden\" name=\"_wpcf7_captcha_challenge_captcha-778\" value=\"783399096\" \/><img decoding=\"async\" class=\"wpcf7-form-control wpcf7-captchac wpcf7-captcha-captcha-778\" width=\"84\" height=\"28\" alt=\"captcha\" src=\"https:\/\/tw-group.com\/wp-content\/uploads\/wpcf7_captcha\/783399096.png\" \/>\n<span class=\"wpcf7-form-control-wrap\" data-name=\"captcha-778\"><input size=\"4\" maxlength=\"4\" class=\"wpcf7-form-control wpcf7-captchar\" autocomplete=\"off\" aria-invalid=\"false\" value=\"\" type=\"text\" name=\"captcha-778\" \/><\/span><\/div>\n<div class=\"qodef-m-input-holder\">Queira fornecer-nos o m\u00e1ximo de informa\u00e7\u00e3o poss\u00edvel sobre o seu pedido, para que possamos responder-lhe o mais eficientemente poss\u00edvel.<\/div>\n<div class=\"qodef-m-input-buttons\">\n<button class=\"wpcf7-form-control wpcf7-submit qodef-button qodef-size--normal qodef-layout--filled qodef-m\" type=\"submit\"><span class=\"qodef-m-button-icon\"><svg class=\"qodef-svg--plus\" xmlns=\"http:\/\/www.w3.org\/2000\/svg\" xmlns:xlink=\"http:\/\/www.w3.org\/1999\/xlink\" width=\"14\" height=\"14\" viewBox=\"0 0 14 14\"><path class=\"qodef-m-horizontal\" d=\"M0,0H14V2H0Z\" transform=\"translate(0 6)\" \/><path class=\"qodef-m-vertical\" d=\"M0,0H2V14H0Z\" transform=\"translate(6)\" \/><\/svg><\/span><span class=\"qodef-m-button-text\">Enviar<\/span><\/button><\/div>\n<\/div><input type='hidden' class='wpcf7-pum' value='{\"closepopup\":false,\"closedelay\":0,\"openpopup\":false,\"openpopup_id\":0}' \/><div class=\"wpcf7-response-output\" aria-hidden=\"true\"><\/div>\n<\/form>\n<\/div>\n\t\t\t<\/div>\n\t\t\t\t\t\t\t<\/div>\n\t\t\t\t<\/div>\n\t\t\t\t\t<\/div>\n\t\t<\/div>\n\t\t\t\t\t<\/div>\n\t\t<\/section>\n\t\t\t\t<\/div>\n\t\t","protected":false},"excerpt":{"rendered":"<p>Ligue-se a n\u00f3s Se desejar enviar-nos as suas perguntas ou sugest\u00f5es, por favor preencha este formul\u00e1rio. Responderemos o mais rapidamente poss\u00edvel.<\/p>\n","protected":false},"author":1,"featured_media":22194,"parent":0,"menu_order":0,"comment_status":"closed","ping_status":"closed","template":"page-full-width.php","meta":{"footnotes":""},"class_list":["post-22294","page","type-page","status-publish","has-post-thumbnail","hentry"],"yoast_head":"<!-- This site is optimized with the Yoast SEO plugin v27.3 - https:\/\/yoast.com\/product\/yoast-seo-wordpress\/ -->\n<title>Contacto - TW Group<\/title>\n<meta name=\"robots\" content=\"index, follow, max-snippet:-1, max-image-preview:large, max-video-preview:-1\" \/>\n<link rel=\"canonical\" href=\"https:\/\/tw-group.com\/pt-pt\/contacto\/\" \/>\n<meta property=\"og:locale\" content=\"pt_PT\" \/>\n<meta property=\"og:type\" content=\"article\" \/>\n<meta property=\"og:title\" content=\"Contacto - TW Group\" \/>\n<meta property=\"og:description\" content=\"Ligue-se a n\u00f3s Se desejar enviar-nos as suas perguntas ou sugest\u00f5es, por favor preencha este formul\u00e1rio. Responderemos o mais rapidamente poss\u00edvel.\" \/>\n<meta property=\"og:url\" content=\"https:\/\/tw-group.com\/pt-pt\/contacto\/\" \/>\n<meta property=\"og:site_name\" content=\"TW Group\" \/>\n<meta property=\"article:modified_time\" content=\"2023-05-11T06:34:23+00:00\" \/>\n<meta name=\"twitter:card\" content=\"summary_large_image\" \/>\n<script type=\"application\/ld+json\" class=\"yoast-schema-graph\">{\"@context\":\"https:\\\/\\\/schema.org\",\"@graph\":[{\"@type\":\"WebPage\",\"@id\":\"https:\\\/\\\/tw-group.com\\\/pt-pt\\\/contacto\\\/\",\"url\":\"https:\\\/\\\/tw-group.com\\\/pt-pt\\\/contacto\\\/\",\"name\":\"Contacto - TW Group\",\"isPartOf\":{\"@id\":\"https:\\\/\\\/tw-group.com\\\/pt-pt\\\/#website\"},\"primaryImageOfPage\":{\"@id\":\"https:\\\/\\\/tw-group.com\\\/pt-pt\\\/contacto\\\/#primaryimage\"},\"image\":{\"@id\":\"https:\\\/\\\/tw-group.com\\\/pt-pt\\\/contacto\\\/#primaryimage\"},\"thumbnailUrl\":\"https:\\\/\\\/tw-group.com\\\/wp-content\\\/uploads\\\/2023\\\/02\\\/TW-Logistics-conectividad.jpg\",\"datePublished\":\"2023-01-09T15:19:01+00:00\",\"dateModified\":\"2023-05-11T06:34:23+00:00\",\"breadcrumb\":{\"@id\":\"https:\\\/\\\/tw-group.com\\\/pt-pt\\\/contacto\\\/#breadcrumb\"},\"inLanguage\":\"pt-PT\",\"potentialAction\":[{\"@type\":\"ReadAction\",\"target\":[\"https:\\\/\\\/tw-group.com\\\/pt-pt\\\/contacto\\\/\"]}]},{\"@type\":\"ImageObject\",\"inLanguage\":\"pt-PT\",\"@id\":\"https:\\\/\\\/tw-group.com\\\/pt-pt\\\/contacto\\\/#primaryimage\",\"url\":\"https:\\\/\\\/tw-group.com\\\/wp-content\\\/uploads\\\/2023\\\/02\\\/TW-Logistics-conectividad.jpg\",\"contentUrl\":\"https:\\\/\\\/tw-group.com\\\/wp-content\\\/uploads\\\/2023\\\/02\\\/TW-Logistics-conectividad.jpg\",\"width\":2560,\"height\":1067},{\"@type\":\"BreadcrumbList\",\"@id\":\"https:\\\/\\\/tw-group.com\\\/pt-pt\\\/contacto\\\/#breadcrumb\",\"itemListElement\":[{\"@type\":\"ListItem\",\"position\":1,\"name\":\"Portada\",\"item\":\"https:\\\/\\\/tw-group.com\\\/pt-pt\\\/?lang=pt-pt\"},{\"@type\":\"ListItem\",\"position\":2,\"name\":\"Contacto\"}]},{\"@type\":\"WebSite\",\"@id\":\"https:\\\/\\\/tw-group.com\\\/pt-pt\\\/#website\",\"url\":\"https:\\\/\\\/tw-group.com\\\/pt-pt\\\/\",\"name\":\"TW Group\",\"description\":\"\",\"potentialAction\":[{\"@type\":\"SearchAction\",\"target\":{\"@type\":\"EntryPoint\",\"urlTemplate\":\"https:\\\/\\\/tw-group.com\\\/pt-pt\\\/?s={search_term_string}\"},\"query-input\":{\"@type\":\"PropertyValueSpecification\",\"valueRequired\":true,\"valueName\":\"search_term_string\"}}],\"inLanguage\":\"pt-PT\"}]}<\/script>\n<!-- \/ Yoast SEO plugin. -->","yoast_head_json":{"title":"Contacto - TW Group","robots":{"index":"index","follow":"follow","max-snippet":"max-snippet:-1","max-image-preview":"max-image-preview:large","max-video-preview":"max-video-preview:-1"},"canonical":"https:\/\/tw-group.com\/pt-pt\/contacto\/","og_locale":"pt_PT","og_type":"article","og_title":"Contacto - TW Group","og_description":"Ligue-se a n\u00f3s Se desejar enviar-nos as suas perguntas ou sugest\u00f5es, por favor preencha este formul\u00e1rio. Responderemos o mais rapidamente poss\u00edvel.","og_url":"https:\/\/tw-group.com\/pt-pt\/contacto\/","og_site_name":"TW Group","article_modified_time":"2023-05-11T06:34:23+00:00","twitter_card":"summary_large_image","schema":{"@context":"https:\/\/schema.org","@graph":[{"@type":"WebPage","@id":"https:\/\/tw-group.com\/pt-pt\/contacto\/","url":"https:\/\/tw-group.com\/pt-pt\/contacto\/","name":"Contacto - TW Group","isPartOf":{"@id":"https:\/\/tw-group.com\/pt-pt\/#website"},"primaryImageOfPage":{"@id":"https:\/\/tw-group.com\/pt-pt\/contacto\/#primaryimage"},"image":{"@id":"https:\/\/tw-group.com\/pt-pt\/contacto\/#primaryimage"},"thumbnailUrl":"https:\/\/tw-group.com\/wp-content\/uploads\/2023\/02\/TW-Logistics-conectividad.jpg","datePublished":"2023-01-09T15:19:01+00:00","dateModified":"2023-05-11T06:34:23+00:00","breadcrumb":{"@id":"https:\/\/tw-group.com\/pt-pt\/contacto\/#breadcrumb"},"inLanguage":"pt-PT","potentialAction":[{"@type":"ReadAction","target":["https:\/\/tw-group.com\/pt-pt\/contacto\/"]}]},{"@type":"ImageObject","inLanguage":"pt-PT","@id":"https:\/\/tw-group.com\/pt-pt\/contacto\/#primaryimage","url":"https:\/\/tw-group.com\/wp-content\/uploads\/2023\/02\/TW-Logistics-conectividad.jpg","contentUrl":"https:\/\/tw-group.com\/wp-content\/uploads\/2023\/02\/TW-Logistics-conectividad.jpg","width":2560,"height":1067},{"@type":"BreadcrumbList","@id":"https:\/\/tw-group.com\/pt-pt\/contacto\/#breadcrumb","itemListElement":[{"@type":"ListItem","position":1,"name":"Portada","item":"https:\/\/tw-group.com\/pt-pt\/?lang=pt-pt"},{"@type":"ListItem","position":2,"name":"Contacto"}]},{"@type":"WebSite","@id":"https:\/\/tw-group.com\/pt-pt\/#website","url":"https:\/\/tw-group.com\/pt-pt\/","name":"TW Group","description":"","potentialAction":[{"@type":"SearchAction","target":{"@type":"EntryPoint","urlTemplate":"https:\/\/tw-group.com\/pt-pt\/?s={search_term_string}"},"query-input":{"@type":"PropertyValueSpecification","valueRequired":true,"valueName":"search_term_string"}}],"inLanguage":"pt-PT"}]}},"_links":{"self":[{"href":"https:\/\/tw-group.com\/pt-pt\/wp-json\/wp\/v2\/pages\/22294","targetHints":{"allow":["GET"]}}],"collection":[{"href":"https:\/\/tw-group.com\/pt-pt\/wp-json\/wp\/v2\/pages"}],"about":[{"href":"https:\/\/tw-group.com\/pt-pt\/wp-json\/wp\/v2\/types\/page"}],"author":[{"embeddable":true,"href":"https:\/\/tw-group.com\/pt-pt\/wp-json\/wp\/v2\/users\/1"}],"replies":[{"embeddable":true,"href":"https:\/\/tw-group.com\/pt-pt\/wp-json\/wp\/v2\/comments?post=22294"}],"version-history":[{"count":0,"href":"https:\/\/tw-group.com\/pt-pt\/wp-json\/wp\/v2\/pages\/22294\/revisions"}],"wp:featuredmedia":[{"embeddable":true,"href":"https:\/\/tw-group.com\/pt-pt\/wp-json\/wp\/v2\/media\/22194"}],"wp:attachment":[{"href":"https:\/\/tw-group.com\/pt-pt\/wp-json\/wp\/v2\/media?parent=22294"}],"curies":[{"name":"wp","href":"https:\/\/api.w.org\/{rel}","templated":true}]}}