{"id":21355,"date":"2023-01-26T08:19:40","date_gmt":"2023-01-26T07:19:40","guid":{"rendered":"https:\/\/tw-group.com\/sectores\/"},"modified":"2025-01-21T10:16:26","modified_gmt":"2025-01-21T09:16:26","slug":"secteurs","status":"publish","type":"page","link":"https:\/\/tw-group.com\/fr\/secteurs\/","title":{"rendered":"Prestataire logistique flexible pour tous les secteurs"},"content":{"rendered":"\t\t<div data-elementor-type=\"wp-page\" data-elementor-id=\"21355\" class=\"elementor elementor-21355 elementor-16942\" data-elementor-post-type=\"page\">\n\t\t\t\t\t\t<section class=\"elementor-section elementor-top-section elementor-element elementor-element-7fc3498 elementor-section-full_width qodef-elementor-content-grid elementor-section-height-default elementor-section-height-default\" data-id=\"7fc3498\" data-element_type=\"section\" data-e-type=\"section\" data-settings=\"{&quot;background_background&quot;:&quot;classic&quot;}\">\n\t\t\t\t\t\t<div class=\"elementor-container elementor-column-gap-no\">\n\t\t\t\t\t<div class=\"elementor-column elementor-col-100 elementor-top-column elementor-element elementor-element-81c4909\" data-id=\"81c4909\" data-element_type=\"column\" data-e-type=\"column\">\n\t\t\t<div class=\"elementor-widget-wrap elementor-element-populated\">\n\t\t\t\t\t\t<div class=\"elementor-element elementor-element-6aa73b2 elementor-widget elementor-widget-globefarer_core_divided_image_info\" data-id=\"6aa73b2\" data-element_type=\"widget\" data-e-type=\"widget\" data-widget_type=\"globefarer_core_divided_image_info.default\">\n\t\t\t\t<div class=\"elementor-widget-container\">\n\t\t\t\t\t<div class=\"qodef-shortcode qodef-m  qodef-divided-image-info qodef-layout--image-left qodef-separator--on qodef-vertically-centered--on qodef-breakpoint--1024 qodef-appear-animation--no \">\n\t\t<div class=\"qodef-m-image\" style=\"width: 51.5%;padding-right: 3%\">\n\t\t<img fetchpriority=\"high\" decoding=\"async\" width=\"800\" height=\"425\" src=\"https:\/\/tw-group.com\/wp-content\/uploads\/2023\/02\/TW-Logistics-sectores-S.jpg\" class=\"attachment-full size-full\" alt=\"\" srcset=\"https:\/\/tw-group.com\/wp-content\/uploads\/2023\/02\/TW-Logistics-sectores-S.jpg 800w, https:\/\/tw-group.com\/wp-content\/uploads\/2023\/02\/TW-Logistics-sectores-S-300x159.jpg 300w, https:\/\/tw-group.com\/wp-content\/uploads\/2023\/02\/TW-Logistics-sectores-S-768x408.jpg 768w\" sizes=\"(max-width: 800px) 100vw, 800px\" \/>\t<\/div>\n<div class=\"qodef-m-content\" style=\"margin-top: 0px;padding-left: 4%\">\n\t\t\t<h2 itemprop=\"name\" class=\"qodef-m-title\" style=\"margin-bottom: 29px\">\n\tPartenaire strat\u00e9gique expert en secteurs complexes\t<\/h2>\n\t<p class=\"qodef-m-text\" >\n\t\tNotre expertise, technologie et exp\u00e9rience sont le gage d\u2019une cha\u00eene logistique s\u00fbre, fiable, efficace et rentable.\t<\/p>\n\t<a class=\"qodef-shortcode qodef-m qodef-m-button qodef-button qodef-layout--textual  qodef-html--link\" href=\"\/pourquoi-nous-choisir\/?lang=fr\" target=\"_self\"  >\t\t\t<span class=\"qodef-m-button-icon\"><svg class=\"qodef-svg--plus\" xmlns=\"http:\/\/www.w3.org\/2000\/svg\" xmlns:xlink=\"http:\/\/www.w3.org\/1999\/xlink\" width=\"14\" height=\"14\" viewBox=\"0 0 14 14\"><path class=\"qodef-m-horizontal\" d=\"M0,0H14V2H0Z\" transform=\"translate(0 6)\" \/><path class=\"qodef-m-vertical\" d=\"M0,0H2V14H0Z\" transform=\"translate(6)\" \/><\/svg><\/span>\t\t\t\t<span class=\"qodef-m-button-text\">Mission, vision<br \/> et valeurs<\/span>\t<\/a><\/div>\n<\/div>\n\t\t\t\t<\/div>\n\t\t\t\t<\/div>\n\t\t\t\t\t<\/div>\n\t\t<\/div>\n\t\t\t\t\t<\/div>\n\t\t<\/section>\n\t\t\t\t<section class=\"elementor-section elementor-top-section elementor-element elementor-element-9871d4a qodef-elementor-content-grid elementor-section-full_width elementor-section-height-default elementor-section-height-default\" data-id=\"9871d4a\" data-element_type=\"section\" data-e-type=\"section\">\n\t\t\t\t\t\t<div class=\"elementor-container elementor-column-gap-no\">\n\t\t\t\t\t<div class=\"elementor-column elementor-col-100 elementor-top-column elementor-element elementor-element-7df958a\" data-id=\"7df958a\" data-element_type=\"column\" data-e-type=\"column\">\n\t\t\t<div class=\"elementor-widget-wrap elementor-element-populated\">\n\t\t\t\t\t\t<div class=\"elementor-element elementor-element-b7df92a elementor-widget elementor-widget-globefarer_core_accordion_info\" data-id=\"b7df92a\" data-element_type=\"widget\" data-e-type=\"widget\" data-widget_type=\"globefarer_core_accordion_info.default\">\n\t\t\t\t<div class=\"elementor-widget-container\">\n\t\t\t\t\t<div class=\"qodef-shortcode qodef-m  qodef-accordion-info qodef-behavior--accordion qodef-layout--extended-compact \">\n\t<div class=\"qodef-m-heading\">\n\t<\/div>\n\t<div class=\"qodef-accordion-info-inner\">\n\t\t\t\t\t\t\t\t\t\t\t\t\t<div class=\"qodef-m-navigation\">\n\t\t<h4 class=\"qodef-m-title\">\n\t\tAutomobile\t<\/h4>\n\t<p class=\"qodef-m-tagline\">\n\t\tNous sommes leaders en livraison nocturne et transport JIT et JIS.\t<\/p>\n<div class=\"qodef-m-mark\">\n\t<svg class=\"qodef-svg--plus\" xmlns=\"http:\/\/www.w3.org\/2000\/svg\" xmlns:xlink=\"http:\/\/www.w3.org\/1999\/xlink\" width=\"14\" height=\"14\" viewBox=\"0 0 14 14\"><path class=\"qodef-m-horizontal\" d=\"M0,0H14V2H0Z\" transform=\"translate(0 6)\" \/><path class=\"qodef-m-vertical\" d=\"M0,0H2V14H0Z\" transform=\"translate(6)\" \/><\/svg><\/div>\n<\/div>\n<div class=\"qodef-m-content\">\n\t\t<p class=\"qodef-m-text\">\n\t\tApr\u00e8s 25 ans consacr\u00e9s aux pi\u00e8ces de rechange automobile, nous sommes actuellement partenaires de grands fabricants, qui nous confient la distribution exclusive de leurs pi\u00e8ces dans diff\u00e9rents pays du monde.\t<\/p>\n<\/div>\n\t\t\t\t\t\t\t\t\t\t\t<div class=\"qodef-m-navigation\">\n\t\t<h4 class=\"qodef-m-title\">\n\t\tRetail et mode\t<\/h4>\n\t<p class=\"qodef-m-tagline\">\n\t\tLivraison sans surveillance, flexibilit\u00e9 dans les jours de livraison et les changements d&#039;itin\u00e9raire, adaptation du logiciel et du format de facturation. Un mod\u00e8le international, applicable \u00e0 tout pays d&#039;Europe.\t<\/p>\n<div class=\"qodef-m-mark\">\n\t<svg class=\"qodef-svg--plus\" xmlns=\"http:\/\/www.w3.org\/2000\/svg\" xmlns:xlink=\"http:\/\/www.w3.org\/1999\/xlink\" width=\"14\" height=\"14\" viewBox=\"0 0 14 14\"><path class=\"qodef-m-horizontal\" d=\"M0,0H14V2H0Z\" transform=\"translate(0 6)\" \/><path class=\"qodef-m-vertical\" d=\"M0,0H2V14H0Z\" transform=\"translate(6)\" \/><\/svg><\/div>\n<\/div>\n<div class=\"qodef-m-content\">\n\t\t<p class=\"qodef-m-text\">\n\t\tTransport, livraison et logistique adapt\u00e9s \u00e0 ce secteur, en plus d\u2019une grande vari\u00e9t\u00e9 de services \u00e0 valeur ajout\u00e9e comme la gestion des commandes, la gestion optimale multicanale, la livraison prioritaire et la logistique inverse. Nous pouvons ainsi d\u00e9ployer la solution optimale pour chaque client ou projet.. La gestion de la logistique sur les march\u00e9s de d\u00e9tail n\u00e9cessite des cha\u00eenes d&#039;approvisionnement r\u00e9actives, avec une technologie qui aide les \u00e9quipes \u00e0 prendre des d\u00e9cisions face \u00e0 une demande urgente. Les produits qui sont vendus de fa\u00e7on r\u00e9guli\u00e8re tout au long de l&#039;ann\u00e9e n\u00e9cessitent un mod\u00e8le de cha\u00eene d&#039;approvisionnement diff\u00e9rent de celui des articles saisonniers \u00e0 courte dur\u00e9e de conservation.  Notre leadership dans la distribution de nuit a fait de nous un partenaire de confiance pour les grands groupes internationaux. \n\t<\/p>\n<\/div>\n\t\t\t\t\t\t\t\t\t\t\t<div class=\"qodef-m-navigation\">\n\t\t<h4 class=\"qodef-m-title\">\n\t\tAliments et boissons\t<\/h4>\n\t<p class=\"qodef-m-tagline\">\n\t\tNous sommes experts en stockage et manipulation adapt\u00e9s \u00e0 chaque produit et marchandise.\t<\/p>\n<div class=\"qodef-m-mark\">\n\t<svg class=\"qodef-svg--plus\" xmlns=\"http:\/\/www.w3.org\/2000\/svg\" xmlns:xlink=\"http:\/\/www.w3.org\/1999\/xlink\" width=\"14\" height=\"14\" viewBox=\"0 0 14 14\"><path class=\"qodef-m-horizontal\" d=\"M0,0H14V2H0Z\" transform=\"translate(0 6)\" \/><path class=\"qodef-m-vertical\" d=\"M0,0H2V14H0Z\" transform=\"translate(6)\" \/><\/svg><\/div>\n<\/div>\n<div class=\"qodef-m-content\">\n\t\t<p class=\"qodef-m-text\">\n\t\tNous sommes fiers de ces d\u00e9cennies d\u2019exp\u00e9rience, qui ont demand\u00e9 le respect des r\u00e9glementations sp\u00e9cifiques en mati\u00e8re de gestion des produits de la cat\u00e9gorie Aliments et boissons dans nos entrep\u00f4ts. Notre technologie avanc\u00e9e nous offre une visibilit\u00e9 et un contr\u00f4le pr\u00e9cis tout au long des processus : suivi des stocks, pr\u00e9paration des commandes, retrait des produits, suivi des codes, groupement, emballage...\t<\/p>\n<\/div>\n\t\t\t\t\t\t\t\t\t\t\t<div class=\"qodef-m-navigation\">\n\t\t<h4 class=\"qodef-m-title\">\n\t\tHydrocarbures et produits chimiques\t<\/h4>\n\t<p class=\"qodef-m-tagline\">\n\t\tNous faisons la diff\u00e9rence en adaptant le processus et le dispositif op\u00e9rationnel aux demandes ou aux besoins du client, avec une personnification totale\t<\/p>\n<div class=\"qodef-m-mark\">\n\t<svg class=\"qodef-svg--plus\" xmlns=\"http:\/\/www.w3.org\/2000\/svg\" xmlns:xlink=\"http:\/\/www.w3.org\/1999\/xlink\" width=\"14\" height=\"14\" viewBox=\"0 0 14 14\"><path class=\"qodef-m-horizontal\" d=\"M0,0H14V2H0Z\" transform=\"translate(0 6)\" \/><path class=\"qodef-m-vertical\" d=\"M0,0H2V14H0Z\" transform=\"translate(6)\" \/><\/svg><\/div>\n<\/div>\n<div class=\"qodef-m-content\">\n\t\t<p class=\"qodef-m-text\">\n\t\tSoulignons \u00e9galement notre exp\u00e9rience et nos r\u00e9sultats probants aux fils des ans dans la manipulation et le transport de produits dangereux, avec la mise en place d\u2019importantes mesures de s\u00e9curit\u00e9 et le respect permanent des exigences r\u00e9glementaires.\t<\/p>\n<\/div>\n\t\t\t\t\t\t\t\t\t\t\t<div class=\"qodef-m-navigation\">\n\t\t<h4 class=\"qodef-m-title\">\n\t\tIndustrie et autres\t<\/h4>\n\t<p class=\"qodef-m-tagline\">\n\t\tNous offrons des solutions innovantes et une technologie avanc\u00e9e pour le transport de tous les produits, quels que soient leur poids et leur taille.\t<\/p>\n<div class=\"qodef-m-mark\">\n\t<svg class=\"qodef-svg--plus\" xmlns=\"http:\/\/www.w3.org\/2000\/svg\" xmlns:xlink=\"http:\/\/www.w3.org\/1999\/xlink\" width=\"14\" height=\"14\" viewBox=\"0 0 14 14\"><path class=\"qodef-m-horizontal\" d=\"M0,0H14V2H0Z\" transform=\"translate(0 6)\" \/><path class=\"qodef-m-vertical\" d=\"M0,0H2V14H0Z\" transform=\"translate(6)\" \/><\/svg><\/div>\n<\/div>\n<div class=\"qodef-m-content\">\n\t\t<p class=\"qodef-m-text\">\n\t\tDans le cadre de notre pari pour la flexibilit\u00e9 du service, nous adaptons nos entrep\u00f4ts pour stocker et g\u00e9rer des produits aux caract\u00e9ristiques tr\u00e8s diff\u00e9rentes, en plus d\u2019offrir des services sp\u00e9ciaux comme le soutien \u00e0 la fabrication.\t<\/p>\n<\/div>\n\t\t\t\t\t\t<\/div>\n<\/div>\n\t\t\t\t<\/div>\n\t\t\t\t<\/div>\n\t\t\t\t\t<\/div>\n\t\t<\/div>\n\t\t\t\t\t<\/div>\n\t\t<\/section>\n\t\t\t\t<section class=\"elementor-section elementor-top-section elementor-element elementor-element-45c1549 elementor-section-full_width elementor-section-height-default elementor-section-height-default qodef-elementor-content-no\" data-id=\"45c1549\" data-element_type=\"section\" data-e-type=\"section\">\n\t\t\t\t\t\t<div class=\"elementor-container elementor-column-gap-no\">\n\t\t\t\t\t<div class=\"elementor-column elementor-col-100 elementor-top-column elementor-element elementor-element-aa7ce85\" data-id=\"aa7ce85\" data-element_type=\"column\" data-e-type=\"column\">\n\t\t\t<div class=\"elementor-widget-wrap elementor-element-populated\">\n\t\t\t\t\t\t<div class=\"elementor-element elementor-element-f4ae5ac elementor-widget elementor-widget-image\" data-id=\"f4ae5ac\" data-element_type=\"widget\" data-e-type=\"widget\" data-widget_type=\"image.default\">\n\t\t\t\t<div class=\"elementor-widget-container\">\n\t\t\t\t\t\t\t\t\t\t\t\t\t\t\t<img decoding=\"async\" width=\"2560\" height=\"999\" src=\"https:\/\/tw-group.com\/wp-content\/uploads\/2023\/02\/TW-Logistics-sectores.jpg\" class=\"attachment-full size-full wp-image-21161\" alt=\"\" srcset=\"https:\/\/tw-group.com\/wp-content\/uploads\/2023\/02\/TW-Logistics-sectores.jpg 2560w, https:\/\/tw-group.com\/wp-content\/uploads\/2023\/02\/TW-Logistics-sectores-300x117.jpg 300w, https:\/\/tw-group.com\/wp-content\/uploads\/2023\/02\/TW-Logistics-sectores-1024x400.jpg 1024w, https:\/\/tw-group.com\/wp-content\/uploads\/2023\/02\/TW-Logistics-sectores-768x300.jpg 768w, https:\/\/tw-group.com\/wp-content\/uploads\/2023\/02\/TW-Logistics-sectores-1536x599.jpg 1536w, https:\/\/tw-group.com\/wp-content\/uploads\/2023\/02\/TW-Logistics-sectores-2048x799.jpg 2048w\" sizes=\"(max-width: 2560px) 100vw, 2560px\" \/>\t\t\t\t\t\t\t\t\t\t\t\t\t\t\t<\/div>\n\t\t\t\t<\/div>\n\t\t\t\t\t<\/div>\n\t\t<\/div>\n\t\t\t\t\t<\/div>\n\t\t<\/section>\n\t\t\t\t<section class=\"elementor-section elementor-top-section elementor-element elementor-element-449d2a4 elementor-section-boxed elementor-section-height-default elementor-section-height-default qodef-elementor-content-no\" data-id=\"449d2a4\" data-element_type=\"section\" data-e-type=\"section\">\n\t\t\t\t\t\t<div class=\"elementor-container elementor-column-gap-default\">\n\t\t\t\t\t<div class=\"elementor-column elementor-col-100 elementor-top-column elementor-element elementor-element-504ead7\" data-id=\"504ead7\" data-element_type=\"column\" data-e-type=\"column\">\n\t\t\t<div class=\"elementor-widget-wrap elementor-element-populated\">\n\t\t\t\t\t\t<div class=\"elementor-element elementor-element-1b8319b elementor-widget elementor-widget-spacer\" data-id=\"1b8319b\" data-element_type=\"widget\" data-e-type=\"widget\" data-widget_type=\"spacer.default\">\n\t\t\t\t<div class=\"elementor-widget-container\">\n\t\t\t\t\t\t\t<div class=\"elementor-spacer\">\n\t\t\t<div class=\"elementor-spacer-inner\"><\/div>\n\t\t<\/div>\n\t\t\t\t\t\t<\/div>\n\t\t\t\t<\/div>\n\t\t\t\t\t<\/div>\n\t\t<\/div>\n\t\t\t\t\t<\/div>\n\t\t<\/section>\n\t\t\t\t<section class=\"elementor-section elementor-top-section elementor-element elementor-element-3bde1cf elementor-section-boxed elementor-section-height-default elementor-section-height-default qodef-elementor-content-no\" data-id=\"3bde1cf\" data-element_type=\"section\" data-e-type=\"section\" data-settings=\"{&quot;background_background&quot;:&quot;classic&quot;}\">\n\t\t\t\t\t\t<div class=\"elementor-container elementor-column-gap-default\">\n\t\t\t\t\t<div class=\"elementor-column elementor-col-100 elementor-top-column elementor-element elementor-element-fc72a93\" data-id=\"fc72a93\" data-element_type=\"column\" data-e-type=\"column\">\n\t\t\t<div class=\"elementor-widget-wrap elementor-element-populated\">\n\t\t\t\t\t\t<div class=\"elementor-element elementor-element-c9866a1 eael-infobox-content-align--center eael-infobox-icon-bg-shape-none eael-infobox-icon-hover-bg-shape-none elementor-widget elementor-widget-eael-info-box\" data-id=\"c9866a1\" data-element_type=\"widget\" data-e-type=\"widget\" data-widget_type=\"eael-info-box.default\">\n\t\t\t\t<div class=\"elementor-widget-container\">\n\t\t\t\t\t        <div class=\"eael-infobox icon-on-top\">\n\t            <div class=\"infobox-icon eael-icon-only\">\n\n            \n                            <div class=\"infobox-icon-wrap\">\n                    <i aria-hidden=\"true\" class=\"far fa-envelope\"><\/i>                <\/div>\n            \n            \n        <\/div>\n            <div class=\"infobox-content eael-icon-only\">\n                    <div class=\"infobox-title-section\">\n                <h2 class=\"title\">Pr\u00eat \u00e0 optimiser votre logistique ?<\/h2>            <\/div>\n            <div><p>\u00c9crivez-nous d\u00e8s aujourd&rsquo;hui et d\u00e9couvrez comment nous pouvons vous aider.<\/p><h5>\u2709\ufe0f <a href=\"mailto:contactowebgroup@tw-group.com\"><span>contactowebgroup@tw-group.com<\/span><\/a><\/h5><\/div>        <\/div>\n            <\/div>\n\n\t\t\t\t\t\t<\/div>\n\t\t\t\t<\/div>\n\t\t\t\t\t<\/div>\n\t\t<\/div>\n\t\t\t\t\t<\/div>\n\t\t<\/section>\n\t\t\t\t<\/div>\n\t\t","protected":false},"excerpt":{"rendered":"<p>Partenaire strat\u00e9gique expert en secteurs complexes Notre expertise, technologie et exp\u00e9rience sont le gage d\u2019une cha\u00eene logistique s\u00fbre, fiable, efficace et rentable. Mission, vision et valeurs Automobile Nous sommes leaders en livraison nocturne et transport JIT et JIS. Apr\u00e8s 25 ans consacr\u00e9s aux pi\u00e8ces de rechange automobile, nous sommes actuellement partenaires de grands fabricants, qui [&hellip;]<\/p>\n","protected":false},"author":1,"featured_media":21659,"parent":0,"menu_order":0,"comment_status":"closed","ping_status":"closed","template":"page-full-width.php","meta":{"footnotes":""},"class_list":["post-21355","page","type-page","status-publish","has-post-thumbnail","hentry"],"yoast_head":"<!-- This site is optimized with the Yoast SEO plugin v27.3 - https:\/\/yoast.com\/product\/yoast-seo-wordpress\/ -->\n<title>Partenaire strat\u00e9gique expert en projets complexes - TW Logistics<\/title>\n<meta name=\"description\" content=\"Notre expertise, technologie et exp\u00e9rience sont le gage d\u2019une cha\u00eene logistique s\u00fbre, fiable, efficace et rentable.\" \/>\n<meta name=\"robots\" content=\"index, follow, max-snippet:-1, max-image-preview:large, max-video-preview:-1\" \/>\n<link rel=\"canonical\" href=\"https:\/\/tw-group.com\/fr\/secteurs\/\" \/>\n<meta property=\"og:locale\" content=\"fr_FR\" \/>\n<meta property=\"og:type\" content=\"article\" \/>\n<meta property=\"og:title\" content=\"Partenaire strat\u00e9gique expert en projets complexes - TW Logistics\" \/>\n<meta property=\"og:description\" content=\"Notre expertise, technologie et exp\u00e9rience sont le gage d\u2019une cha\u00eene logistique s\u00fbre, fiable, efficace et rentable.\" \/>\n<meta property=\"og:url\" content=\"https:\/\/tw-group.com\/fr\/secteurs\/\" \/>\n<meta property=\"og:site_name\" content=\"TW Group\" \/>\n<meta property=\"article:modified_time\" content=\"2025-01-21T09:16:26+00:00\" \/>\n<meta property=\"og:image\" content=\"https:\/\/tw-group.com\/wp-content\/uploads\/2023\/03\/Logistica_segura.jpg\" \/>\n\t<meta property=\"og:image:width\" content=\"900\" \/>\n\t<meta property=\"og:image:height\" content=\"640\" \/>\n\t<meta property=\"og:image:type\" content=\"image\/jpeg\" \/>\n<meta name=\"twitter:card\" content=\"summary_large_image\" \/>\n<script type=\"application\/ld+json\" class=\"yoast-schema-graph\">{\"@context\":\"https:\\\/\\\/schema.org\",\"@graph\":[{\"@type\":\"WebPage\",\"@id\":\"https:\\\/\\\/tw-group.com\\\/fr\\\/secteurs\\\/\",\"url\":\"https:\\\/\\\/tw-group.com\\\/fr\\\/secteurs\\\/\",\"name\":\"Partenaire strat\u00e9gique expert en projets complexes - TW Logistics\",\"isPartOf\":{\"@id\":\"https:\\\/\\\/tw-group.com\\\/fr\\\/#website\"},\"primaryImageOfPage\":{\"@id\":\"https:\\\/\\\/tw-group.com\\\/fr\\\/secteurs\\\/#primaryimage\"},\"image\":{\"@id\":\"https:\\\/\\\/tw-group.com\\\/fr\\\/secteurs\\\/#primaryimage\"},\"thumbnailUrl\":\"https:\\\/\\\/tw-group.com\\\/wp-content\\\/uploads\\\/2023\\\/03\\\/Logistica_segura.jpg\",\"datePublished\":\"2023-01-26T07:19:40+00:00\",\"dateModified\":\"2025-01-21T09:16:26+00:00\",\"description\":\"Notre expertise, technologie et exp\u00e9rience sont le gage d\u2019une cha\u00eene logistique s\u00fbre, fiable, efficace et rentable.\",\"breadcrumb\":{\"@id\":\"https:\\\/\\\/tw-group.com\\\/fr\\\/secteurs\\\/#breadcrumb\"},\"inLanguage\":\"fr-FR\",\"potentialAction\":[{\"@type\":\"ReadAction\",\"target\":[\"https:\\\/\\\/tw-group.com\\\/fr\\\/secteurs\\\/\"]}]},{\"@type\":\"ImageObject\",\"inLanguage\":\"fr-FR\",\"@id\":\"https:\\\/\\\/tw-group.com\\\/fr\\\/secteurs\\\/#primaryimage\",\"url\":\"https:\\\/\\\/tw-group.com\\\/wp-content\\\/uploads\\\/2023\\\/03\\\/Logistica_segura.jpg\",\"contentUrl\":\"https:\\\/\\\/tw-group.com\\\/wp-content\\\/uploads\\\/2023\\\/03\\\/Logistica_segura.jpg\",\"width\":900,\"height\":640},{\"@type\":\"BreadcrumbList\",\"@id\":\"https:\\\/\\\/tw-group.com\\\/fr\\\/secteurs\\\/#breadcrumb\",\"itemListElement\":[{\"@type\":\"ListItem\",\"position\":1,\"name\":\"Portada\",\"item\":\"https:\\\/\\\/tw-group.com\\\/fr\\\/\"},{\"@type\":\"ListItem\",\"position\":2,\"name\":\"Prestataire logistique flexible pour tous les secteurs\"}]},{\"@type\":\"WebSite\",\"@id\":\"https:\\\/\\\/tw-group.com\\\/fr\\\/#website\",\"url\":\"https:\\\/\\\/tw-group.com\\\/fr\\\/\",\"name\":\"TW Group\",\"description\":\"\",\"potentialAction\":[{\"@type\":\"SearchAction\",\"target\":{\"@type\":\"EntryPoint\",\"urlTemplate\":\"https:\\\/\\\/tw-group.com\\\/fr\\\/?s={search_term_string}\"},\"query-input\":{\"@type\":\"PropertyValueSpecification\",\"valueRequired\":true,\"valueName\":\"search_term_string\"}}],\"inLanguage\":\"fr-FR\"}]}<\/script>\n<!-- \/ Yoast SEO plugin. -->","yoast_head_json":{"title":"Partenaire strat\u00e9gique expert en projets complexes - TW Logistics","description":"Notre expertise, technologie et exp\u00e9rience sont le gage d\u2019une cha\u00eene logistique s\u00fbre, fiable, efficace et rentable.","robots":{"index":"index","follow":"follow","max-snippet":"max-snippet:-1","max-image-preview":"max-image-preview:large","max-video-preview":"max-video-preview:-1"},"canonical":"https:\/\/tw-group.com\/fr\/secteurs\/","og_locale":"fr_FR","og_type":"article","og_title":"Partenaire strat\u00e9gique expert en projets complexes - TW Logistics","og_description":"Notre expertise, technologie et exp\u00e9rience sont le gage d\u2019une cha\u00eene logistique s\u00fbre, fiable, efficace et rentable.","og_url":"https:\/\/tw-group.com\/fr\/secteurs\/","og_site_name":"TW Group","article_modified_time":"2025-01-21T09:16:26+00:00","og_image":[{"width":900,"height":640,"url":"https:\/\/tw-group.com\/wp-content\/uploads\/2023\/03\/Logistica_segura.jpg","type":"image\/jpeg"}],"twitter_card":"summary_large_image","schema":{"@context":"https:\/\/schema.org","@graph":[{"@type":"WebPage","@id":"https:\/\/tw-group.com\/fr\/secteurs\/","url":"https:\/\/tw-group.com\/fr\/secteurs\/","name":"Partenaire strat\u00e9gique expert en projets complexes - TW Logistics","isPartOf":{"@id":"https:\/\/tw-group.com\/fr\/#website"},"primaryImageOfPage":{"@id":"https:\/\/tw-group.com\/fr\/secteurs\/#primaryimage"},"image":{"@id":"https:\/\/tw-group.com\/fr\/secteurs\/#primaryimage"},"thumbnailUrl":"https:\/\/tw-group.com\/wp-content\/uploads\/2023\/03\/Logistica_segura.jpg","datePublished":"2023-01-26T07:19:40+00:00","dateModified":"2025-01-21T09:16:26+00:00","description":"Notre expertise, technologie et exp\u00e9rience sont le gage d\u2019une cha\u00eene logistique s\u00fbre, fiable, efficace et rentable.","breadcrumb":{"@id":"https:\/\/tw-group.com\/fr\/secteurs\/#breadcrumb"},"inLanguage":"fr-FR","potentialAction":[{"@type":"ReadAction","target":["https:\/\/tw-group.com\/fr\/secteurs\/"]}]},{"@type":"ImageObject","inLanguage":"fr-FR","@id":"https:\/\/tw-group.com\/fr\/secteurs\/#primaryimage","url":"https:\/\/tw-group.com\/wp-content\/uploads\/2023\/03\/Logistica_segura.jpg","contentUrl":"https:\/\/tw-group.com\/wp-content\/uploads\/2023\/03\/Logistica_segura.jpg","width":900,"height":640},{"@type":"BreadcrumbList","@id":"https:\/\/tw-group.com\/fr\/secteurs\/#breadcrumb","itemListElement":[{"@type":"ListItem","position":1,"name":"Portada","item":"https:\/\/tw-group.com\/fr\/"},{"@type":"ListItem","position":2,"name":"Prestataire logistique flexible pour tous les secteurs"}]},{"@type":"WebSite","@id":"https:\/\/tw-group.com\/fr\/#website","url":"https:\/\/tw-group.com\/fr\/","name":"TW Group","description":"","potentialAction":[{"@type":"SearchAction","target":{"@type":"EntryPoint","urlTemplate":"https:\/\/tw-group.com\/fr\/?s={search_term_string}"},"query-input":{"@type":"PropertyValueSpecification","valueRequired":true,"valueName":"search_term_string"}}],"inLanguage":"fr-FR"}]}},"_links":{"self":[{"href":"https:\/\/tw-group.com\/fr\/wp-json\/wp\/v2\/pages\/21355","targetHints":{"allow":["GET"]}}],"collection":[{"href":"https:\/\/tw-group.com\/fr\/wp-json\/wp\/v2\/pages"}],"about":[{"href":"https:\/\/tw-group.com\/fr\/wp-json\/wp\/v2\/types\/page"}],"author":[{"embeddable":true,"href":"https:\/\/tw-group.com\/fr\/wp-json\/wp\/v2\/users\/1"}],"replies":[{"embeddable":true,"href":"https:\/\/tw-group.com\/fr\/wp-json\/wp\/v2\/comments?post=21355"}],"version-history":[{"count":0,"href":"https:\/\/tw-group.com\/fr\/wp-json\/wp\/v2\/pages\/21355\/revisions"}],"wp:featuredmedia":[{"embeddable":true,"href":"https:\/\/tw-group.com\/fr\/wp-json\/wp\/v2\/media\/21659"}],"wp:attachment":[{"href":"https:\/\/tw-group.com\/fr\/wp-json\/wp\/v2\/media?parent=21355"}],"curies":[{"name":"wp","href":"https:\/\/api.w.org\/{rel}","templated":true}]}}