{"id":21353,"date":"2023-01-09T16:05:17","date_gmt":"2023-01-09T15:05:17","guid":{"rendered":"https:\/\/tw-group.com\/por-que-elegirnos\/"},"modified":"2024-12-19T12:11:44","modified_gmt":"2024-12-19T11:11:44","slug":"pourquoi-nous-choisir","status":"publish","type":"page","link":"https:\/\/tw-group.com\/fr\/pourquoi-nous-choisir\/","title":{"rendered":"Pourquoi nous choisir comme prestataire logistique?"},"content":{"rendered":"\t\t<div data-elementor-type=\"wp-page\" data-elementor-id=\"21353\" class=\"elementor elementor-21353 elementor-16280\" data-elementor-post-type=\"page\">\n\t\t\t\t\t\t<section class=\"elementor-section elementor-top-section elementor-element elementor-element-7adebf78 elementor-section-boxed elementor-section-height-default elementor-section-height-default qodef-elementor-content-no\" data-id=\"7adebf78\" data-element_type=\"section\" data-e-type=\"section\">\n\t\t\t\t\t\t<div class=\"elementor-container elementor-column-gap-default\">\n\t\t\t\t\t<div class=\"elementor-column elementor-col-50 elementor-top-column elementor-element elementor-element-744f869a\" data-id=\"744f869a\" data-element_type=\"column\" data-e-type=\"column\">\n\t\t\t<div class=\"elementor-widget-wrap elementor-element-populated\">\n\t\t\t\t\t\t<div class=\"elementor-element elementor-element-b528510 elementor-widget elementor-widget-video\" data-id=\"b528510\" data-element_type=\"widget\" data-e-type=\"widget\" data-settings=\"{&quot;video_type&quot;:&quot;hosted&quot;,&quot;start&quot;:1,&quot;controls&quot;:&quot;yes&quot;}\" data-widget_type=\"video.default\">\n\t\t\t\t<div class=\"elementor-widget-container\">\n\t\t\t\t\t\t\t<div class=\"e-hosted-video elementor-wrapper elementor-open-inline\">\n\t\t\t\t\t<video class=\"elementor-video\" src=\"https:\/\/tw-group.com\/video\/TWL_Values.mp4#t=1\" controls=\"\" preload=\"metadata\" controlsList=\"nodownload\"><\/video>\n\t\t\t\t<\/div>\n\t\t\t\t\t\t<\/div>\n\t\t\t\t<\/div>\n\t\t\t\t\t<\/div>\n\t\t<\/div>\n\t\t\t\t<div class=\"elementor-column elementor-col-50 elementor-top-column elementor-element elementor-element-5e904087\" data-id=\"5e904087\" data-element_type=\"column\" data-e-type=\"column\">\n\t\t\t<div class=\"elementor-widget-wrap elementor-element-populated\">\n\t\t\t\t\t\t<div class=\"elementor-element elementor-element-33b63cd3 elementor-widget elementor-widget-globefarer_core_divided_image_info\" data-id=\"33b63cd3\" data-element_type=\"widget\" data-e-type=\"widget\" data-widget_type=\"globefarer_core_divided_image_info.default\">\n\t\t\t\t<div class=\"elementor-widget-container\">\n\t\t\t\t\t<div class=\"qodef-shortcode qodef-m  qodef-divided-image-info qodef-layout--image-left qodef-separator--on qodef-vertically-centered--on qodef-breakpoint--1024 qodef-appear-animation--no \">\n\t<div class=\"qodef-m-content\" style=\"margin-top: 0px;padding-left: 4%\">\n\t\t\t<h2 itemprop=\"name\" class=\"qodef-m-title\" style=\"margin-bottom: 29px\">\n\tUne multinationale  qui mise sur la proximit\u00e9\t<\/h2>\n\t<p class=\"qodef-m-text\" >\n\t\tNous mettons tout en \u0153uvre pour que nos clients nous fassent confiance en tant que partenaire logistique fiable. Nous concevons notre travail comme un service \u00e0 la soci\u00e9t\u00e9 et aux entreprises, avec la MISSION d&#039;optimiser et de maintenir le flux de la cha\u00eene d&#039;approvisionnement. Avec la VISION d&#039;atteindre tous les nouveaux pays et coins qu&#039;un client demande. Avec l&#039;objectif de CONTINUER \u00e0 connecter le monde en s&#039;appuyant sur nos ressources et notre technologie.\t<\/p>\n\t<a class=\"qodef-shortcode qodef-m qodef-m-button qodef-button qodef-layout--textual  qodef-html--link\" href=\"\/multimodal\/?lang=fr\" target=\"_self\"  >\t\t\t<span class=\"qodef-m-button-icon\"><svg class=\"qodef-svg--plus\" xmlns=\"http:\/\/www.w3.org\/2000\/svg\" xmlns:xlink=\"http:\/\/www.w3.org\/1999\/xlink\" width=\"14\" height=\"14\" viewBox=\"0 0 14 14\"><path class=\"qodef-m-horizontal\" d=\"M0,0H14V2H0Z\" transform=\"translate(0 6)\" \/><path class=\"qodef-m-vertical\" d=\"M0,0H2V14H0Z\" transform=\"translate(6)\" \/><\/svg><\/span>\t\t\t\t<span class=\"qodef-m-button-text\">Voir plus<br \/> sur les services<\/span>\t<\/a><\/div>\n<\/div>\n\t\t\t\t<\/div>\n\t\t\t\t<\/div>\n\t\t\t\t\t<\/div>\n\t\t<\/div>\n\t\t\t\t\t<\/div>\n\t\t<\/section>\n\t\t\t\t<section class=\"elementor-section elementor-top-section elementor-element elementor-element-94ae9d9 qodef-elementor-content-grid elementor-section-full_width elementor-section-height-default elementor-section-height-default\" data-id=\"94ae9d9\" data-element_type=\"section\" data-e-type=\"section\">\n\t\t\t\t\t\t<div class=\"elementor-container elementor-column-gap-no\">\n\t\t\t\t\t<div class=\"elementor-column elementor-col-100 elementor-top-column elementor-element elementor-element-4de569e\" data-id=\"4de569e\" data-element_type=\"column\" data-e-type=\"column\">\n\t\t\t<div class=\"elementor-widget-wrap elementor-element-populated\">\n\t\t\t\t\t\t<div class=\"elementor-element elementor-element-283d77e elementor-widget elementor-widget-globefarer_core_accordion_info\" data-id=\"283d77e\" data-element_type=\"widget\" data-e-type=\"widget\" data-widget_type=\"globefarer_core_accordion_info.default\">\n\t\t\t\t<div class=\"elementor-widget-container\">\n\t\t\t\t\t<div class=\"qodef-shortcode qodef-m  qodef-accordion-info qodef-behavior--accordion qodef-layout--extended-compact \">\n\t<div class=\"qodef-m-heading\">\n\t\t<h6 class=\"qodef-m-heading-title\">\n\t\tLes cl\u00e9s du succ\u00e8s\t<\/h6>\n<\/div>\n\t<div class=\"qodef-accordion-info-inner\">\n\t\t\t\t\t\t\t\t\t\t\t\t\t<div class=\"qodef-m-navigation\">\n\t\t<h4 class=\"qodef-m-title\">\n\t\tUne culture internationale\t<\/h4>\n\t<p class=\"qodef-m-tagline\">\n\t\tNous accompagnons nos clients partout o\u00f9 ils ont besoin de nous.\t<\/p>\n<div class=\"qodef-m-mark\">\n\t<svg class=\"qodef-svg--plus\" xmlns=\"http:\/\/www.w3.org\/2000\/svg\" xmlns:xlink=\"http:\/\/www.w3.org\/1999\/xlink\" width=\"14\" height=\"14\" viewBox=\"0 0 14 14\"><path class=\"qodef-m-horizontal\" d=\"M0,0H14V2H0Z\" transform=\"translate(0 6)\" \/><path class=\"qodef-m-vertical\" d=\"M0,0H2V14H0Z\" transform=\"translate(6)\" \/><\/svg><\/div>\n<\/div>\n<div class=\"qodef-m-content\">\n\t\t<p class=\"qodef-m-text\">\n\t\tNous d\u00e9veloppons nos projets dans diff\u00e9rents pays du monde, en nous adaptant toujours aux besoins du client.\t<\/p>\n<\/div>\n\t\t\t\t\t\t\t\t\t\t\t<div class=\"qodef-m-navigation\">\n\t\t<h4 class=\"qodef-m-title\">\n\t\tUn horizon de possibilit\u00e9s\t<\/h4>\n\t<p class=\"qodef-m-tagline\">\n\t\tTransport terrestre, maritime et a\u00e9rien.\t<\/p>\n<div class=\"qodef-m-mark\">\n\t<svg class=\"qodef-svg--plus\" xmlns=\"http:\/\/www.w3.org\/2000\/svg\" xmlns:xlink=\"http:\/\/www.w3.org\/1999\/xlink\" width=\"14\" height=\"14\" viewBox=\"0 0 14 14\"><path class=\"qodef-m-horizontal\" d=\"M0,0H14V2H0Z\" transform=\"translate(0 6)\" \/><path class=\"qodef-m-vertical\" d=\"M0,0H2V14H0Z\" transform=\"translate(6)\" \/><\/svg><\/div>\n<\/div>\n<div class=\"qodef-m-content\">\n\t\t<p class=\"qodef-m-text\">\n\t\tR\u00e9seau de distribution, e-commerce, lead logistics, service apr\u00e8s-vente, entrep\u00f4ts intelligents, logistique inverse, optimisation de la cha\u00eene d\u2019approvisionnement et autres services \u00e0 valeur ajout\u00e9e. Solutions flexibles et sur mesure pour tout type de chargements et exigences du client.\t<\/p>\n<\/div>\n\t\t\t\t\t\t\t\t\t\t\t<div class=\"qodef-m-navigation\">\n\t\t<h4 class=\"qodef-m-title\">\n\t\tNotre m\u00e9thode de travail\t<\/h4>\n\t<p class=\"qodef-m-tagline\">\n\t\tDe l\u2019excellence op\u00e9rationnelle dans les processus et propositions d\u2019am\u00e9lioration continue\t<\/p>\n<div class=\"qodef-m-mark\">\n\t<svg class=\"qodef-svg--plus\" xmlns=\"http:\/\/www.w3.org\/2000\/svg\" xmlns:xlink=\"http:\/\/www.w3.org\/1999\/xlink\" width=\"14\" height=\"14\" viewBox=\"0 0 14 14\"><path class=\"qodef-m-horizontal\" d=\"M0,0H14V2H0Z\" transform=\"translate(0 6)\" \/><path class=\"qodef-m-vertical\" d=\"M0,0H2V14H0Z\" transform=\"translate(6)\" \/><\/svg><\/div>\n<\/div>\n<div class=\"qodef-m-content\">\n\t\t<p class=\"qodef-m-text\">\n\t\tDe la fiabilit\u00e9 et de la productivit\u00e9 pour augmenter la comp\u00e9titivit\u00e9 de nos clients et \u00eatre capables de nous adapter \u00e0 un march\u00e9 en constante \u00e9volution.\t<\/p>\n<\/div>\n\t\t\t\t\t\t\t\t\t\t\t<div class=\"qodef-m-navigation\">\n\t\t<h4 class=\"qodef-m-title\">\n\t\tTechnologie sp\u00e9cialis\u00e9e in-house\t<\/h4>\n\t<p class=\"qodef-m-tagline\">\n\t\tNotre \u00e9quipe informatique est sp\u00e9cialis\u00e9e depuis plus de 25 ans dans l&#039;exploitation des technologies au service du secteur de la logistique.\t<\/p>\n<div class=\"qodef-m-mark\">\n\t<svg class=\"qodef-svg--plus\" xmlns=\"http:\/\/www.w3.org\/2000\/svg\" xmlns:xlink=\"http:\/\/www.w3.org\/1999\/xlink\" width=\"14\" height=\"14\" viewBox=\"0 0 14 14\"><path class=\"qodef-m-horizontal\" d=\"M0,0H14V2H0Z\" transform=\"translate(0 6)\" \/><path class=\"qodef-m-vertical\" d=\"M0,0H2V14H0Z\" transform=\"translate(6)\" \/><\/svg><\/div>\n<\/div>\n<div class=\"qodef-m-content\">\n\t\t<p class=\"qodef-m-text\">\n\t\tD&#039;excellents r\u00e9sultats dans le d\u00e9veloppement sur mesure de syst\u00e8mes de gestion d&#039;entrep\u00f4t et d&#039;automatisation d&#039;usine. Nous investissons dans l&#039;innovation pour am\u00e9liorer la productivit\u00e9, r\u00e9duire les co\u00fbts et minimiser le risque d&#039;erreurs.\t<\/p>\n<\/div>\n\t\t\t\t\t\t\t\t\t\t\t<div class=\"qodef-m-navigation\">\n\t\t<h4 class=\"qodef-m-title\">\n\t\tNotre engagement\t<\/h4>\n\t<p class=\"qodef-m-tagline\">\n\t\tFiable et transparent.\t<\/p>\n<div class=\"qodef-m-mark\">\n\t<svg class=\"qodef-svg--plus\" xmlns=\"http:\/\/www.w3.org\/2000\/svg\" xmlns:xlink=\"http:\/\/www.w3.org\/1999\/xlink\" width=\"14\" height=\"14\" viewBox=\"0 0 14 14\"><path class=\"qodef-m-horizontal\" d=\"M0,0H14V2H0Z\" transform=\"translate(0 6)\" \/><path class=\"qodef-m-vertical\" d=\"M0,0H2V14H0Z\" transform=\"translate(6)\" \/><\/svg><\/div>\n<\/div>\n<div class=\"qodef-m-content\">\n\t\t<p class=\"qodef-m-text\">\n\t\tNous garantissons la fiabilit\u00e9 de la qualit\u00e9, la transparence et la tra\u00e7abilit\u00e9 maximale de nos livraisons.\t<\/p>\n<\/div>\n\t\t\t\t\t\t\t\t\t\t\t<div class=\"qodef-m-navigation\">\n\t\t<h4 class=\"qodef-m-title\">\n\t\tNotre solidit\u00e9\t<\/h4>\n\t<p class=\"qodef-m-tagline\">\n\t\tTW Group\t<\/p>\n<div class=\"qodef-m-mark\">\n\t<svg class=\"qodef-svg--plus\" xmlns=\"http:\/\/www.w3.org\/2000\/svg\" xmlns:xlink=\"http:\/\/www.w3.org\/1999\/xlink\" width=\"14\" height=\"14\" viewBox=\"0 0 14 14\"><path class=\"qodef-m-horizontal\" d=\"M0,0H14V2H0Z\" transform=\"translate(0 6)\" \/><path class=\"qodef-m-vertical\" d=\"M0,0H2V14H0Z\" transform=\"translate(6)\" \/><\/svg><\/div>\n<\/div>\n<div class=\"qodef-m-content\">\n\t\t<p class=\"qodef-m-text\">\n\t\tUne organisation consolid\u00e9e \u00e0 la solidit\u00e9 financi\u00e8re d\u00e9montr\u00e9e et \u00e0 l\u2019\u00e9volution strat\u00e9gique stable, ce qui nous permet de consolider des relations \u00e0 long terme avec nos clients.\t<\/p>\n<\/div>\n\t\t\t\t\t\t<\/div>\n<\/div>\n\t\t\t\t<\/div>\n\t\t\t\t<\/div>\n\t\t\t\t\t<\/div>\n\t\t<\/div>\n\t\t\t\t\t<\/div>\n\t\t<\/section>\n\t\t\t\t<section class=\"elementor-section elementor-top-section elementor-element elementor-element-45c1549 elementor-section-full_width elementor-section-height-default elementor-section-height-default qodef-elementor-content-no\" data-id=\"45c1549\" data-element_type=\"section\" data-e-type=\"section\">\n\t\t\t\t\t\t<div class=\"elementor-container elementor-column-gap-no\">\n\t\t\t\t\t<div class=\"elementor-column elementor-col-100 elementor-top-column elementor-element elementor-element-aa7ce85\" data-id=\"aa7ce85\" data-element_type=\"column\" data-e-type=\"column\">\n\t\t\t<div class=\"elementor-widget-wrap elementor-element-populated\">\n\t\t\t\t\t\t<div class=\"elementor-element elementor-element-bcfbeda elementor-widget elementor-widget-image\" data-id=\"bcfbeda\" data-element_type=\"widget\" data-e-type=\"widget\" data-widget_type=\"image.default\">\n\t\t\t\t<div class=\"elementor-widget-container\">\n\t\t\t\t\t\t\t\t\t\t\t\t\t\t\t<img fetchpriority=\"high\" decoding=\"async\" width=\"2560\" height=\"1000\" src=\"https:\/\/tw-group.com\/wp-content\/uploads\/2023\/02\/TW-Loistics-por-que-2.jpg\" class=\"attachment-full size-full wp-image-21162\" alt=\"\" srcset=\"https:\/\/tw-group.com\/wp-content\/uploads\/2023\/02\/TW-Loistics-por-que-2.jpg 2560w, https:\/\/tw-group.com\/wp-content\/uploads\/2023\/02\/TW-Loistics-por-que-2-300x117.jpg 300w, https:\/\/tw-group.com\/wp-content\/uploads\/2023\/02\/TW-Loistics-por-que-2-1024x400.jpg 1024w, https:\/\/tw-group.com\/wp-content\/uploads\/2023\/02\/TW-Loistics-por-que-2-768x300.jpg 768w, https:\/\/tw-group.com\/wp-content\/uploads\/2023\/02\/TW-Loistics-por-que-2-1536x600.jpg 1536w, https:\/\/tw-group.com\/wp-content\/uploads\/2023\/02\/TW-Loistics-por-que-2-2048x800.jpg 2048w\" sizes=\"(max-width: 2560px) 100vw, 2560px\" \/>\t\t\t\t\t\t\t\t\t\t\t\t\t\t\t<\/div>\n\t\t\t\t<\/div>\n\t\t\t\t\t<\/div>\n\t\t<\/div>\n\t\t\t\t\t<\/div>\n\t\t<\/section>\n\t\t\t\t<section class=\"elementor-section elementor-top-section elementor-element elementor-element-549b20e elementor-section-boxed elementor-section-height-default elementor-section-height-default qodef-elementor-content-no\" data-id=\"549b20e\" data-element_type=\"section\" data-e-type=\"section\">\n\t\t\t\t\t\t<div class=\"elementor-container elementor-column-gap-default\">\n\t\t\t\t\t<div class=\"elementor-column elementor-col-100 elementor-top-column elementor-element elementor-element-eaccb2d\" data-id=\"eaccb2d\" data-element_type=\"column\" data-e-type=\"column\">\n\t\t\t<div class=\"elementor-widget-wrap elementor-element-populated\">\n\t\t\t\t\t\t<div class=\"elementor-element elementor-element-da213d3 elementor-widget elementor-widget-spacer\" data-id=\"da213d3\" data-element_type=\"widget\" data-e-type=\"widget\" data-widget_type=\"spacer.default\">\n\t\t\t\t<div class=\"elementor-widget-container\">\n\t\t\t\t\t\t\t<div class=\"elementor-spacer\">\n\t\t\t<div class=\"elementor-spacer-inner\"><\/div>\n\t\t<\/div>\n\t\t\t\t\t\t<\/div>\n\t\t\t\t<\/div>\n\t\t\t\t\t<\/div>\n\t\t<\/div>\n\t\t\t\t\t<\/div>\n\t\t<\/section>\n\t\t\t\t<section class=\"elementor-section elementor-top-section elementor-element elementor-element-80d2cf6 elementor-section-boxed elementor-section-height-default elementor-section-height-default qodef-elementor-content-no\" data-id=\"80d2cf6\" data-element_type=\"section\" data-e-type=\"section\" data-settings=\"{&quot;background_background&quot;:&quot;classic&quot;}\">\n\t\t\t\t\t\t<div class=\"elementor-container elementor-column-gap-default\">\n\t\t\t\t\t<div class=\"elementor-column elementor-col-100 elementor-top-column elementor-element elementor-element-d4628f7\" data-id=\"d4628f7\" data-element_type=\"column\" data-e-type=\"column\">\n\t\t\t<div class=\"elementor-widget-wrap elementor-element-populated\">\n\t\t\t\t\t\t<div class=\"elementor-element elementor-element-3b0478d eael-infobox-content-align--center eael-infobox-icon-bg-shape-none eael-infobox-icon-hover-bg-shape-none elementor-widget elementor-widget-eael-info-box\" data-id=\"3b0478d\" data-element_type=\"widget\" data-e-type=\"widget\" data-widget_type=\"eael-info-box.default\">\n\t\t\t\t<div class=\"elementor-widget-container\">\n\t\t\t\t\t        <div class=\"eael-infobox icon-on-top\">\n\t            <div class=\"infobox-icon eael-icon-only\">\n\n            \n                            <div class=\"infobox-icon-wrap\">\n                    <i aria-hidden=\"true\" class=\"far fa-envelope\"><\/i>                <\/div>\n            \n            \n        <\/div>\n            <div class=\"infobox-content eael-icon-only\">\n                    <div class=\"infobox-title-section\">\n                <h2 class=\"title\">Pr\u00eat \u00e0 optimiser votre logistique ?<\/h2>            <\/div>\n            <div><p>\u00c9crivez-nous d\u00e8s aujourd&rsquo;hui et d\u00e9couvrez comment nous pouvons vous aider.<\/p><h5>\u2709\ufe0f\u00a0 <a href=\"mailto:comunicacion@tw-group.com\">comunicacion@tw-group.com<\/a><\/h5><\/div>        <\/div>\n            <\/div>\n\n\t\t\t\t\t\t<\/div>\n\t\t\t\t<\/div>\n\t\t\t\t\t<\/div>\n\t\t<\/div>\n\t\t\t\t\t<\/div>\n\t\t<\/section>\n\t\t\t\t<\/div>\n\t\t","protected":false},"excerpt":{"rendered":"<p>https:\/\/tw-group.com\/video\/TWL_Values.mp4#t=1 Une multinationale qui mise sur la proximit\u00e9 Nous mettons tout en \u0153uvre pour que nos clients nous fassent confiance en tant que partenaire logistique fiable. Nous concevons notre travail comme un service \u00e0 la soci\u00e9t\u00e9 et aux entreprises, avec la MISSION d&#039;optimiser et de maintenir le flux de la cha\u00eene d&#039;approvisionnement. Avec la VISION [&hellip;]<\/p>\n","protected":false},"author":1,"featured_media":21719,"parent":0,"menu_order":0,"comment_status":"closed","ping_status":"closed","template":"page-full-width.php","meta":{"footnotes":""},"class_list":["post-21353","page","type-page","status-publish","has-post-thumbnail","hentry"],"yoast_head":"<!-- This site is optimized with the Yoast SEO plugin v27.3 - https:\/\/yoast.com\/product\/yoast-seo-wordpress\/ -->\n<title>Pourquoi nous choisir comme prestataire logistique? - TW Logistics<\/title>\n<meta name=\"description\" content=\"Nous cherchons \u00e0 \u00eatre le partenaire logistique de confiance, en optimisant le flux de la cha\u00eene d&#039;approvisionnement pour servir la soci\u00e9t\u00e9 et les entreprises\" \/>\n<meta name=\"robots\" content=\"index, follow, max-snippet:-1, max-image-preview:large, max-video-preview:-1\" \/>\n<link rel=\"canonical\" href=\"https:\/\/tw-group.com\/fr\/pourquoi-nous-choisir\/\" \/>\n<meta property=\"og:locale\" content=\"fr_FR\" \/>\n<meta property=\"og:type\" content=\"article\" \/>\n<meta property=\"og:title\" content=\"Pourquoi nous choisir comme prestataire logistique? - TW Logistics\" \/>\n<meta property=\"og:description\" content=\"Nous cherchons \u00e0 \u00eatre le partenaire logistique de confiance, en optimisant le flux de la cha\u00eene d&#039;approvisionnement pour servir la soci\u00e9t\u00e9 et les entreprises\" \/>\n<meta property=\"og:url\" content=\"https:\/\/tw-group.com\/fr\/pourquoi-nous-choisir\/\" \/>\n<meta property=\"og:site_name\" content=\"TW Group\" \/>\n<meta property=\"article:modified_time\" content=\"2024-12-19T11:11:44+00:00\" \/>\n<meta property=\"og:image\" content=\"https:\/\/tw-group.com\/wp-content\/uploads\/2023\/03\/TW_Logistics.png\" \/>\n\t<meta property=\"og:image:width\" content=\"900\" \/>\n\t<meta property=\"og:image:height\" content=\"640\" \/>\n\t<meta property=\"og:image:type\" content=\"image\/png\" \/>\n<meta name=\"twitter:card\" content=\"summary_large_image\" \/>\n<script type=\"application\/ld+json\" class=\"yoast-schema-graph\">{\"@context\":\"https:\\\/\\\/schema.org\",\"@graph\":[{\"@type\":\"WebPage\",\"@id\":\"https:\\\/\\\/tw-group.com\\\/fr\\\/pourquoi-nous-choisir\\\/\",\"url\":\"https:\\\/\\\/tw-group.com\\\/fr\\\/pourquoi-nous-choisir\\\/\",\"name\":\"Pourquoi nous choisir comme prestataire logistique? - TW Logistics\",\"isPartOf\":{\"@id\":\"https:\\\/\\\/tw-group.com\\\/fr\\\/#website\"},\"primaryImageOfPage\":{\"@id\":\"https:\\\/\\\/tw-group.com\\\/fr\\\/pourquoi-nous-choisir\\\/#primaryimage\"},\"image\":{\"@id\":\"https:\\\/\\\/tw-group.com\\\/fr\\\/pourquoi-nous-choisir\\\/#primaryimage\"},\"thumbnailUrl\":\"https:\\\/\\\/tw-group.com\\\/wp-content\\\/uploads\\\/2023\\\/03\\\/TW_Logistics.png\",\"datePublished\":\"2023-01-09T15:05:17+00:00\",\"dateModified\":\"2024-12-19T11:11:44+00:00\",\"description\":\"Nous cherchons \u00e0 \u00eatre le partenaire logistique de confiance, en optimisant le flux de la cha\u00eene d'approvisionnement pour servir la soci\u00e9t\u00e9 et les entreprises\",\"breadcrumb\":{\"@id\":\"https:\\\/\\\/tw-group.com\\\/fr\\\/pourquoi-nous-choisir\\\/#breadcrumb\"},\"inLanguage\":\"fr-FR\",\"potentialAction\":[{\"@type\":\"ReadAction\",\"target\":[\"https:\\\/\\\/tw-group.com\\\/fr\\\/pourquoi-nous-choisir\\\/\"]}]},{\"@type\":\"ImageObject\",\"inLanguage\":\"fr-FR\",\"@id\":\"https:\\\/\\\/tw-group.com\\\/fr\\\/pourquoi-nous-choisir\\\/#primaryimage\",\"url\":\"https:\\\/\\\/tw-group.com\\\/wp-content\\\/uploads\\\/2023\\\/03\\\/TW_Logistics.png\",\"contentUrl\":\"https:\\\/\\\/tw-group.com\\\/wp-content\\\/uploads\\\/2023\\\/03\\\/TW_Logistics.png\",\"width\":900,\"height\":640},{\"@type\":\"BreadcrumbList\",\"@id\":\"https:\\\/\\\/tw-group.com\\\/fr\\\/pourquoi-nous-choisir\\\/#breadcrumb\",\"itemListElement\":[{\"@type\":\"ListItem\",\"position\":1,\"name\":\"Portada\",\"item\":\"https:\\\/\\\/tw-group.com\\\/fr\\\/\"},{\"@type\":\"ListItem\",\"position\":2,\"name\":\"Pourquoi nous choisir comme prestataire logistique?\"}]},{\"@type\":\"WebSite\",\"@id\":\"https:\\\/\\\/tw-group.com\\\/fr\\\/#website\",\"url\":\"https:\\\/\\\/tw-group.com\\\/fr\\\/\",\"name\":\"TW Group\",\"description\":\"\",\"potentialAction\":[{\"@type\":\"SearchAction\",\"target\":{\"@type\":\"EntryPoint\",\"urlTemplate\":\"https:\\\/\\\/tw-group.com\\\/fr\\\/?s={search_term_string}\"},\"query-input\":{\"@type\":\"PropertyValueSpecification\",\"valueRequired\":true,\"valueName\":\"search_term_string\"}}],\"inLanguage\":\"fr-FR\"}]}<\/script>\n<!-- \/ Yoast SEO plugin. -->","yoast_head_json":{"title":"Pourquoi nous choisir comme prestataire logistique? - TW Logistics","description":"Nous cherchons \u00e0 \u00eatre le partenaire logistique de confiance, en optimisant le flux de la cha\u00eene d'approvisionnement pour servir la soci\u00e9t\u00e9 et les entreprises","robots":{"index":"index","follow":"follow","max-snippet":"max-snippet:-1","max-image-preview":"max-image-preview:large","max-video-preview":"max-video-preview:-1"},"canonical":"https:\/\/tw-group.com\/fr\/pourquoi-nous-choisir\/","og_locale":"fr_FR","og_type":"article","og_title":"Pourquoi nous choisir comme prestataire logistique? - TW Logistics","og_description":"Nous cherchons \u00e0 \u00eatre le partenaire logistique de confiance, en optimisant le flux de la cha\u00eene d'approvisionnement pour servir la soci\u00e9t\u00e9 et les entreprises","og_url":"https:\/\/tw-group.com\/fr\/pourquoi-nous-choisir\/","og_site_name":"TW Group","article_modified_time":"2024-12-19T11:11:44+00:00","og_image":[{"width":900,"height":640,"url":"https:\/\/tw-group.com\/wp-content\/uploads\/2023\/03\/TW_Logistics.png","type":"image\/png"}],"twitter_card":"summary_large_image","schema":{"@context":"https:\/\/schema.org","@graph":[{"@type":"WebPage","@id":"https:\/\/tw-group.com\/fr\/pourquoi-nous-choisir\/","url":"https:\/\/tw-group.com\/fr\/pourquoi-nous-choisir\/","name":"Pourquoi nous choisir comme prestataire logistique? - TW Logistics","isPartOf":{"@id":"https:\/\/tw-group.com\/fr\/#website"},"primaryImageOfPage":{"@id":"https:\/\/tw-group.com\/fr\/pourquoi-nous-choisir\/#primaryimage"},"image":{"@id":"https:\/\/tw-group.com\/fr\/pourquoi-nous-choisir\/#primaryimage"},"thumbnailUrl":"https:\/\/tw-group.com\/wp-content\/uploads\/2023\/03\/TW_Logistics.png","datePublished":"2023-01-09T15:05:17+00:00","dateModified":"2024-12-19T11:11:44+00:00","description":"Nous cherchons \u00e0 \u00eatre le partenaire logistique de confiance, en optimisant le flux de la cha\u00eene d'approvisionnement pour servir la soci\u00e9t\u00e9 et les entreprises","breadcrumb":{"@id":"https:\/\/tw-group.com\/fr\/pourquoi-nous-choisir\/#breadcrumb"},"inLanguage":"fr-FR","potentialAction":[{"@type":"ReadAction","target":["https:\/\/tw-group.com\/fr\/pourquoi-nous-choisir\/"]}]},{"@type":"ImageObject","inLanguage":"fr-FR","@id":"https:\/\/tw-group.com\/fr\/pourquoi-nous-choisir\/#primaryimage","url":"https:\/\/tw-group.com\/wp-content\/uploads\/2023\/03\/TW_Logistics.png","contentUrl":"https:\/\/tw-group.com\/wp-content\/uploads\/2023\/03\/TW_Logistics.png","width":900,"height":640},{"@type":"BreadcrumbList","@id":"https:\/\/tw-group.com\/fr\/pourquoi-nous-choisir\/#breadcrumb","itemListElement":[{"@type":"ListItem","position":1,"name":"Portada","item":"https:\/\/tw-group.com\/fr\/"},{"@type":"ListItem","position":2,"name":"Pourquoi nous choisir comme prestataire logistique?"}]},{"@type":"WebSite","@id":"https:\/\/tw-group.com\/fr\/#website","url":"https:\/\/tw-group.com\/fr\/","name":"TW Group","description":"","potentialAction":[{"@type":"SearchAction","target":{"@type":"EntryPoint","urlTemplate":"https:\/\/tw-group.com\/fr\/?s={search_term_string}"},"query-input":{"@type":"PropertyValueSpecification","valueRequired":true,"valueName":"search_term_string"}}],"inLanguage":"fr-FR"}]}},"_links":{"self":[{"href":"https:\/\/tw-group.com\/fr\/wp-json\/wp\/v2\/pages\/21353","targetHints":{"allow":["GET"]}}],"collection":[{"href":"https:\/\/tw-group.com\/fr\/wp-json\/wp\/v2\/pages"}],"about":[{"href":"https:\/\/tw-group.com\/fr\/wp-json\/wp\/v2\/types\/page"}],"author":[{"embeddable":true,"href":"https:\/\/tw-group.com\/fr\/wp-json\/wp\/v2\/users\/1"}],"replies":[{"embeddable":true,"href":"https:\/\/tw-group.com\/fr\/wp-json\/wp\/v2\/comments?post=21353"}],"version-history":[{"count":0,"href":"https:\/\/tw-group.com\/fr\/wp-json\/wp\/v2\/pages\/21353\/revisions"}],"wp:featuredmedia":[{"embeddable":true,"href":"https:\/\/tw-group.com\/fr\/wp-json\/wp\/v2\/media\/21719"}],"wp:attachment":[{"href":"https:\/\/tw-group.com\/fr\/wp-json\/wp\/v2\/media?parent=21353"}],"curies":[{"name":"wp","href":"https:\/\/api.w.org\/{rel}","templated":true}]}}