{"id":21345,"date":"2023-01-09T16:43:24","date_gmt":"2023-01-09T15:43:24","guid":{"rendered":"https:\/\/tw-group.com\/multimodal\/"},"modified":"2025-01-21T11:45:30","modified_gmt":"2025-01-21T10:45:30","slug":"multimodal","status":"publish","type":"page","link":"https:\/\/tw-group.com\/fr\/multimodal\/","title":{"rendered":"Solution strat\u00e9gique multimodal"},"content":{"rendered":"\t\t<div data-elementor-type=\"wp-page\" data-elementor-id=\"21345\" class=\"elementor elementor-21345 elementor-16330\" data-elementor-post-type=\"page\">\n\t\t\t\t\t\t<section class=\"elementor-section elementor-top-section elementor-element elementor-element-f857aba elementor-section-full_width qodef-elementor-content-grid elementor-section-height-default elementor-section-height-default\" data-id=\"f857aba\" data-element_type=\"section\" data-e-type=\"section\" data-settings=\"{&quot;background_background&quot;:&quot;classic&quot;}\">\n\t\t\t\t\t\t<div class=\"elementor-container elementor-column-gap-no\">\n\t\t\t\t\t<div class=\"elementor-column elementor-col-100 elementor-top-column elementor-element elementor-element-bc07873\" data-id=\"bc07873\" data-element_type=\"column\" data-e-type=\"column\">\n\t\t\t<div class=\"elementor-widget-wrap elementor-element-populated\">\n\t\t\t\t\t\t<div class=\"elementor-element elementor-element-d8937b3 elementor-widget elementor-widget-globefarer_core_divided_image_info\" data-id=\"d8937b3\" data-element_type=\"widget\" data-e-type=\"widget\" data-widget_type=\"globefarer_core_divided_image_info.default\">\n\t\t\t\t<div class=\"elementor-widget-container\">\n\t\t\t\t\t<div class=\"qodef-shortcode qodef-m  qodef-divided-image-info qodef-layout--image-left qodef-separator--on qodef-vertically-centered--on qodef-breakpoint--1024 qodef-appear-animation--no \">\n\t\t<div class=\"qodef-m-image\" style=\"width: 51.5%;padding-right: 3%\">\n\t\t<img fetchpriority=\"high\" decoding=\"async\" width=\"800\" height=\"425\" src=\"https:\/\/tw-group.com\/wp-content\/uploads\/2023\/02\/TW-Logistics-conectividad2.jpg\" class=\"attachment-full size-full\" alt=\"TW Logistics digital\" srcset=\"https:\/\/tw-group.com\/wp-content\/uploads\/2023\/02\/TW-Logistics-conectividad2.jpg 800w, https:\/\/tw-group.com\/wp-content\/uploads\/2023\/02\/TW-Logistics-conectividad2-300x159.jpg 300w, https:\/\/tw-group.com\/wp-content\/uploads\/2023\/02\/TW-Logistics-conectividad2-768x408.jpg 768w\" sizes=\"(max-width: 800px) 100vw, 800px\" \/>\t<\/div>\n<div class=\"qodef-m-content\" style=\"margin-top: 0px;padding-left: 4%\">\n\t\t\t<h2 itemprop=\"name\" class=\"qodef-m-title\" style=\"margin-bottom: 29px\">\n\tLe monde entre vos mains\t<\/h2>\n\t<p class=\"qodef-m-text\" >\n\t\tNous offrons des solutions strat\u00e9giques multimodales alliant transport terrestre, a\u00e9rien et\/ou maritime, compl\u00e9t\u00e9s par la livraison expresse ou du dernier kilom\u00e8tre. Il s&#039;agit de satisfaire la totalit\u00e9 du processus logistique, du d\u00e9part de la marchandise \u00e0 sa livraison n\u2019importe o\u00f9 dans le monde.\t<\/p>\n\t<a class=\"qodef-shortcode qodef-m qodef-m-button qodef-button qodef-layout--textual  qodef-html--link\" href=\"\/connectivite\/?lang=fr\" target=\"_self\"  >\t\t\t<span class=\"qodef-m-button-icon\"><svg class=\"qodef-svg--plus\" xmlns=\"http:\/\/www.w3.org\/2000\/svg\" xmlns:xlink=\"http:\/\/www.w3.org\/1999\/xlink\" width=\"14\" height=\"14\" viewBox=\"0 0 14 14\"><path class=\"qodef-m-horizontal\" d=\"M0,0H14V2H0Z\" transform=\"translate(0 6)\" \/><path class=\"qodef-m-vertical\" d=\"M0,0H2V14H0Z\" transform=\"translate(6)\" \/><\/svg><\/span>\t\t\t\t<span class=\"qodef-m-button-text\">Voir les<br \/> solutions de connectivit\u00e9<\/span>\t<\/a><\/div>\n<\/div>\n\t\t\t\t<\/div>\n\t\t\t\t<\/div>\n\t\t\t\t\t<\/div>\n\t\t<\/div>\n\t\t\t\t\t<\/div>\n\t\t<\/section>\n\t\t\t\t<section class=\"elementor-section elementor-top-section elementor-element elementor-element-a4d24fe qodef-elementor-content-grid elementor-section-full_width elementor-section-height-default elementor-section-height-default\" data-id=\"a4d24fe\" data-element_type=\"section\" data-e-type=\"section\">\n\t\t\t\t\t\t<div class=\"elementor-container elementor-column-gap-no\">\n\t\t\t\t\t<div class=\"elementor-column elementor-col-100 elementor-top-column elementor-element elementor-element-59ed0b3\" data-id=\"59ed0b3\" data-element_type=\"column\" data-e-type=\"column\">\n\t\t\t<div class=\"elementor-widget-wrap elementor-element-populated\">\n\t\t\t\t\t\t<div class=\"elementor-element elementor-element-30ad199 elementor-widget elementor-widget-globefarer_core_accordion_info\" data-id=\"30ad199\" data-element_type=\"widget\" data-e-type=\"widget\" data-widget_type=\"globefarer_core_accordion_info.default\">\n\t\t\t\t<div class=\"elementor-widget-container\">\n\t\t\t\t\t<div class=\"qodef-shortcode qodef-m  qodef-accordion-info qodef-behavior--accordion qodef-layout--extended-compact \">\n\t<div class=\"qodef-m-heading\">\n\t<\/div>\n\t<div class=\"qodef-accordion-info-inner\">\n\t\t\t\t\t\t\t\t\t\t\t\t\t<div class=\"qodef-m-navigation\">\n\t\t<h4 class=\"qodef-m-title\">\n\t\tAvantages\t<\/h4>\n\t<p class=\"qodef-m-tagline\">\n\t\tNos points forts:\t<\/p>\n<div class=\"qodef-m-mark\">\n\t<svg class=\"qodef-svg--plus\" xmlns=\"http:\/\/www.w3.org\/2000\/svg\" xmlns:xlink=\"http:\/\/www.w3.org\/1999\/xlink\" width=\"14\" height=\"14\" viewBox=\"0 0 14 14\"><path class=\"qodef-m-horizontal\" d=\"M0,0H14V2H0Z\" transform=\"translate(0 6)\" \/><path class=\"qodef-m-vertical\" d=\"M0,0H2V14H0Z\" transform=\"translate(6)\" \/><\/svg><\/div>\n<\/div>\n<div class=\"qodef-m-content\">\n\t\t<p class=\"qodef-m-text\">\n\t\tFlexibilit\u00e9 : l\u2019utilisation de plusieurs moyens de transport offre une meilleure adaptation aux besoins du client et aux caract\u00e9ristiques du chargement. \/\/\nR\u00e9duction des co\u00fbts : nous optimisons les avantages de chaque moyen de transport pour r\u00e9duire les co\u00fbts g\u00e9n\u00e9raux. \/\/\nDavantage d\u2019efficacit\u00e9 dans la cha\u00eene d\u2019approvisionnement : am\u00e9lioration de la coordination entre les diff\u00e9rents moyens de transport et de l\u2019efficacit\u00e9 de la cha\u00eene d\u2019approvisionnement sur les grandes distances. Avec \u00e0 l&#039;arriv\u00e9e, une livraison plus rapide et s\u00fbre des marchandises. \/\/\nR\u00e9duction de l\u2019impact sur l\u2019environnement : l\u2019impact sur l\u2019environnement est moindre que dans le cas du transport unimodal. En effet, des moyens de transport plus efficaces du point de vue \u00e9nerg\u00e9tique peuvent \u00eatre utilis\u00e9s en accord avec les caract\u00e9ristiques du chargement et de la distance \u00e0 parcourir. \/\/\nEt nous offrons \u00e9galement les services compl\u00e9mentaires propres du 3PL.\t<\/p>\n<\/div>\n\t\t\t\t\t\t\t\t\t\t\t<div class=\"qodef-m-navigation\">\n\t\t<h4 class=\"qodef-m-title\">\n\t\tServices compl\u00e9mentaires\t<\/h4>\n\t<p class=\"qodef-m-tagline\">\n\t\tNous en soulignons quatre principaux:\t<\/p>\n<div class=\"qodef-m-mark\">\n\t<svg class=\"qodef-svg--plus\" xmlns=\"http:\/\/www.w3.org\/2000\/svg\" xmlns:xlink=\"http:\/\/www.w3.org\/1999\/xlink\" width=\"14\" height=\"14\" viewBox=\"0 0 14 14\"><path class=\"qodef-m-horizontal\" d=\"M0,0H14V2H0Z\" transform=\"translate(0 6)\" \/><path class=\"qodef-m-vertical\" d=\"M0,0H2V14H0Z\" transform=\"translate(6)\" \/><\/svg><\/div>\n<\/div>\n<div class=\"qodef-m-content\">\n\t\t<p class=\"qodef-m-text\">\n\t\tDouanes \/\/ Transport de marchandises dans un environnement et \u00e0 une temp\u00e9rature contr\u00f4l\u00e9s \/\/ Entreposage et logistique \/\/ LTL.\t<\/p>\n<\/div>\n\t\t\t\t\t\t\t\t\t\t\t<div class=\"qodef-m-navigation\">\n\t\t<h4 class=\"qodef-m-title\">\n\t\tConnectivit\u00e9\t<\/h4>\n\t<p class=\"qodef-m-tagline\">\n\t\tTechnologie in-house\t<\/p>\n<div class=\"qodef-m-mark\">\n\t<svg class=\"qodef-svg--plus\" xmlns=\"http:\/\/www.w3.org\/2000\/svg\" xmlns:xlink=\"http:\/\/www.w3.org\/1999\/xlink\" width=\"14\" height=\"14\" viewBox=\"0 0 14 14\"><path class=\"qodef-m-horizontal\" d=\"M0,0H14V2H0Z\" transform=\"translate(0 6)\" \/><path class=\"qodef-m-vertical\" d=\"M0,0H2V14H0Z\" transform=\"translate(6)\" \/><\/svg><\/div>\n<\/div>\n<div class=\"qodef-m-content\">\n\t\t<p class=\"qodef-m-text\">\n\t\tLes solutions multimodales sont g\u00e9r\u00e9es via notre plateforme technologique, qui effectue un suivi du chargement en temps r\u00e9el, de l\u2019origine \u00e0 la destination finale.\t<\/p>\n<\/div>\n\t\t\t\t\t\t<\/div>\n<\/div>\n\t\t\t\t<\/div>\n\t\t\t\t<\/div>\n\t\t\t\t\t<\/div>\n\t\t<\/div>\n\t\t\t\t\t<\/div>\n\t\t<\/section>\n\t\t\t\t<section class=\"elementor-section elementor-top-section elementor-element elementor-element-68ad685 qodef-elementor-content-grid elementor-hidden-desktop elementor-hidden-tablet elementor-hidden-mobile elementor-section-boxed elementor-section-height-default elementor-section-height-default\" data-id=\"68ad685\" data-element_type=\"section\" data-e-type=\"section\">\n\t\t\t\t\t\t<div class=\"elementor-container elementor-column-gap-custom\">\n\t\t\t\t\t<div class=\"elementor-column elementor-col-100 elementor-top-column elementor-element elementor-element-b8930be\" data-id=\"b8930be\" data-element_type=\"column\" data-e-type=\"column\">\n\t\t\t<div class=\"elementor-widget-wrap elementor-element-populated\">\n\t\t\t\t\t\t<div class=\"elementor-element elementor-element-52f2d90 elementor-tabs-alignment-center elementor-tabs-view-horizontal elementor-widget elementor-widget-tabs\" data-id=\"52f2d90\" data-element_type=\"widget\" data-e-type=\"widget\" data-widget_type=\"tabs.default\">\n\t\t\t\t<div class=\"elementor-widget-container\">\n\t\t\t\t\t\t\t<div class=\"elementor-tabs\">\n\t\t\t<div class=\"elementor-tabs-wrapper\" role=\"tablist\" >\n\t\t\t\t\t\t\t\t\t<div id=\"elementor-tab-title-8691\" class=\"elementor-tab-title elementor-tab-desktop-title\" aria-selected=\"true\" data-tab=\"1\" role=\"tab\" tabindex=\"0\" aria-controls=\"elementor-tab-content-8691\" aria-expanded=\"false\">Ventajas<\/div>\n\t\t\t\t\t\t\t\t\t<div id=\"elementor-tab-title-8692\" class=\"elementor-tab-title elementor-tab-desktop-title\" aria-selected=\"false\" data-tab=\"2\" role=\"tab\" tabindex=\"-1\" aria-controls=\"elementor-tab-content-8692\" aria-expanded=\"false\">Servicios complementarios<\/div>\n\t\t\t\t\t\t\t\t\t<div id=\"elementor-tab-title-8693\" class=\"elementor-tab-title elementor-tab-desktop-title\" aria-selected=\"false\" data-tab=\"3\" role=\"tab\" tabindex=\"-1\" aria-controls=\"elementor-tab-content-8693\" aria-expanded=\"false\">Conectividad<\/div>\n\t\t\t\t\t\t\t<\/div>\n\t\t\t<div class=\"elementor-tabs-content-wrapper\" role=\"tablist\" aria-orientation=\"vertical\">\n\t\t\t\t\t\t\t\t\t<div class=\"elementor-tab-title elementor-tab-mobile-title\" aria-selected=\"true\" data-tab=\"1\" role=\"tab\" tabindex=\"0\" aria-controls=\"elementor-tab-content-8691\" aria-expanded=\"false\">Ventajas<\/div>\n\t\t\t\t\t<div id=\"elementor-tab-content-8691\" class=\"elementor-tab-content elementor-clearfix\" data-tab=\"1\" role=\"tabpanel\" aria-labelledby=\"elementor-tab-title-8691\" tabindex=\"0\" hidden=\"false\"><ul><li>Flexibilidad: al utilizar varios medios de transporte, se pueden adaptar mejor a las necesidades del cliente y a las caracter\u00edsticas de la carga.<\/li><li>Reducci\u00f3n de costes: optimizamos las ventajas de cada medio de transporte para reducir los costes generales.<\/li><li>Mayor eficiencia en la cadena de suministro: permite una mejor coordinaci\u00f3n entre los diferentes medios de transporte y una mayor eficiencia en la cadena de suministro en largas distancias. Esto se traduce en una entrega m\u00e1s r\u00e1pida y segura de la mercanc\u00eda.<\/li><li>Menor impacto ambiental: tiene menos impacto ambiental que el transporte por un solo medio, ya que se pueden utilizar medios de transporte m\u00e1s eficientes desde el punto de vista energ\u00e9tico en funci\u00f3n de las caracter\u00edsticas de la carga y la distancia a recorrer.<\/li><li>Adem\u00e1s ofrecemos los servicios complementarias de 3PL.<\/li><\/ul><\/div>\n\t\t\t\t\t\t\t\t\t<div class=\"elementor-tab-title elementor-tab-mobile-title\" aria-selected=\"false\" data-tab=\"2\" role=\"tab\" tabindex=\"-1\" aria-controls=\"elementor-tab-content-8692\" aria-expanded=\"false\">Servicios complementarios<\/div>\n\t\t\t\t\t<div id=\"elementor-tab-content-8692\" class=\"elementor-tab-content elementor-clearfix\" data-tab=\"2\" role=\"tabpanel\" aria-labelledby=\"elementor-tab-title-8692\" tabindex=\"0\" hidden=\"hidden\"><ul><li><a href=\"https:\/\/tw-group.com\/forwarding\/\">Aduanas<\/a>.<\/li><li><a href=\"https:\/\/tw-group.com\/ftl\/\">Transporte de mercanc\u00edas en ambiente y temperatura controlada<\/a>.<\/li><li><a href=\"https:\/\/tw-group.com\/3pl\/\">Almacenaje y log\u00edstica<\/a>.<\/li><li><a href=\"https:\/\/tw-group.com\/ltl\/\">LTL<\/a>.<\/li><\/ul><\/div>\n\t\t\t\t\t\t\t\t\t<div class=\"elementor-tab-title elementor-tab-mobile-title\" aria-selected=\"false\" data-tab=\"3\" role=\"tab\" tabindex=\"-1\" aria-controls=\"elementor-tab-content-8693\" aria-expanded=\"false\">Conectividad<\/div>\n\t\t\t\t\t<div id=\"elementor-tab-content-8693\" class=\"elementor-tab-content elementor-clearfix\" data-tab=\"3\" role=\"tabpanel\" aria-labelledby=\"elementor-tab-title-8693\" tabindex=\"0\" hidden=\"hidden\"><p>Las soluciones multimodales se gestionan a trav\u00e9s de nuestra plataforma tecnol\u00f3gica, que realiza un seguimiento de la carga en tiempo real desde el origen hasta el destino final.<\/p><\/div>\n\t\t\t\t\t\t\t<\/div>\n\t\t<\/div>\n\t\t\t\t\t\t<\/div>\n\t\t\t\t<\/div>\n\t\t\t\t\t<\/div>\n\t\t<\/div>\n\t\t\t\t\t<\/div>\n\t\t<\/section>\n\t\t\t\t<section class=\"elementor-section elementor-top-section elementor-element elementor-element-1124aa4 elementor-section-full_width elementor-section-height-default elementor-section-height-default qodef-elementor-content-no\" data-id=\"1124aa4\" data-element_type=\"section\" data-e-type=\"section\">\n\t\t\t\t\t\t<div class=\"elementor-container elementor-column-gap-no\">\n\t\t\t\t\t<div class=\"elementor-column elementor-col-100 elementor-top-column elementor-element elementor-element-5c31083\" data-id=\"5c31083\" data-element_type=\"column\" data-e-type=\"column\">\n\t\t\t<div class=\"elementor-widget-wrap elementor-element-populated\">\n\t\t\t\t\t\t<div class=\"elementor-element elementor-element-63b99c5 elementor-widget elementor-widget-image\" data-id=\"63b99c5\" data-element_type=\"widget\" data-e-type=\"widget\" data-widget_type=\"image.default\">\n\t\t\t\t<div class=\"elementor-widget-container\">\n\t\t\t\t\t\t\t\t\t\t\t\t\t\t\t<img decoding=\"async\" width=\"2560\" height=\"1000\" src=\"https:\/\/tw-group.com\/wp-content\/uploads\/2023\/02\/SERVICIOS-MULTIMODAL-FOOTER.jpg\" class=\"attachment-full size-full wp-image-21137\" alt=\"\" srcset=\"https:\/\/tw-group.com\/wp-content\/uploads\/2023\/02\/SERVICIOS-MULTIMODAL-FOOTER.jpg 2560w, https:\/\/tw-group.com\/wp-content\/uploads\/2023\/02\/SERVICIOS-MULTIMODAL-FOOTER-300x117.jpg 300w, https:\/\/tw-group.com\/wp-content\/uploads\/2023\/02\/SERVICIOS-MULTIMODAL-FOOTER-1024x400.jpg 1024w, https:\/\/tw-group.com\/wp-content\/uploads\/2023\/02\/SERVICIOS-MULTIMODAL-FOOTER-768x300.jpg 768w, https:\/\/tw-group.com\/wp-content\/uploads\/2023\/02\/SERVICIOS-MULTIMODAL-FOOTER-1536x600.jpg 1536w, https:\/\/tw-group.com\/wp-content\/uploads\/2023\/02\/SERVICIOS-MULTIMODAL-FOOTER-2048x800.jpg 2048w\" sizes=\"(max-width: 2560px) 100vw, 2560px\" \/>\t\t\t\t\t\t\t\t\t\t\t\t\t\t\t<\/div>\n\t\t\t\t<\/div>\n\t\t\t\t\t<\/div>\n\t\t<\/div>\n\t\t\t\t\t<\/div>\n\t\t<\/section>\n\t\t\t\t<section class=\"elementor-section elementor-top-section elementor-element elementor-element-cadf29a elementor-section-boxed elementor-section-height-default elementor-section-height-default qodef-elementor-content-no\" data-id=\"cadf29a\" data-element_type=\"section\" data-e-type=\"section\">\n\t\t\t\t\t\t<div class=\"elementor-container elementor-column-gap-default\">\n\t\t\t\t\t<div class=\"elementor-column elementor-col-100 elementor-top-column elementor-element elementor-element-1877c1c\" data-id=\"1877c1c\" data-element_type=\"column\" data-e-type=\"column\">\n\t\t\t<div class=\"elementor-widget-wrap elementor-element-populated\">\n\t\t\t\t\t\t<div class=\"elementor-element elementor-element-110bfe5 elementor-widget elementor-widget-spacer\" data-id=\"110bfe5\" data-element_type=\"widget\" data-e-type=\"widget\" data-widget_type=\"spacer.default\">\n\t\t\t\t<div class=\"elementor-widget-container\">\n\t\t\t\t\t\t\t<div class=\"elementor-spacer\">\n\t\t\t<div class=\"elementor-spacer-inner\"><\/div>\n\t\t<\/div>\n\t\t\t\t\t\t<\/div>\n\t\t\t\t<\/div>\n\t\t\t\t\t<\/div>\n\t\t<\/div>\n\t\t\t\t\t<\/div>\n\t\t<\/section>\n\t\t\t\t<section class=\"elementor-section elementor-top-section elementor-element elementor-element-a8fdd32 elementor-section-boxed elementor-section-height-default elementor-section-height-default qodef-elementor-content-no\" data-id=\"a8fdd32\" data-element_type=\"section\" data-e-type=\"section\" data-settings=\"{&quot;background_background&quot;:&quot;classic&quot;}\">\n\t\t\t\t\t\t<div class=\"elementor-container elementor-column-gap-default\">\n\t\t\t\t\t<div class=\"elementor-column elementor-col-100 elementor-top-column elementor-element elementor-element-dcff9ab\" data-id=\"dcff9ab\" data-element_type=\"column\" data-e-type=\"column\">\n\t\t\t<div class=\"elementor-widget-wrap elementor-element-populated\">\n\t\t\t\t\t\t<div class=\"elementor-element elementor-element-a98a53b eael-infobox-content-align--center eael-infobox-icon-bg-shape-none eael-infobox-icon-hover-bg-shape-none elementor-widget elementor-widget-eael-info-box\" data-id=\"a98a53b\" data-element_type=\"widget\" data-e-type=\"widget\" data-widget_type=\"eael-info-box.default\">\n\t\t\t\t<div class=\"elementor-widget-container\">\n\t\t\t\t\t        <div class=\"eael-infobox icon-on-top\">\n\t            <div class=\"infobox-icon eael-icon-only\">\n\n            \n                            <div class=\"infobox-icon-wrap\">\n                    <i aria-hidden=\"true\" class=\"far fa-envelope\"><\/i>                <\/div>\n            \n            \n        <\/div>\n            <div class=\"infobox-content eael-icon-only\">\n                    <div class=\"infobox-title-section\">\n                <h2 class=\"title\">Pr\u00eat \u00e0 optimiser votre logistique ?<\/h2>            <\/div>\n            <div><p>\u00c9crivez-nous d\u00e8s aujourd&rsquo;hui et d\u00e9couvrez comment nous pouvons vous aider.<\/p><h5>\u2709\ufe0f <a href=\"mailto:contactowebgroup@tw-group.com\"><span>contactowebgroup@tw-group.com<\/span><\/a><\/h5><\/div>        <\/div>\n            <\/div>\n\n\t\t\t\t\t\t<\/div>\n\t\t\t\t<\/div>\n\t\t\t\t\t<\/div>\n\t\t<\/div>\n\t\t\t\t\t<\/div>\n\t\t<\/section>\n\t\t\t\t<\/div>\n\t\t","protected":false},"excerpt":{"rendered":"<p>Le monde entre vos mains Nous offrons des solutions strat\u00e9giques multimodales alliant transport terrestre, a\u00e9rien et\/ou maritime, compl\u00e9t\u00e9s par la livraison expresse ou du dernier kilom\u00e8tre. Il s&#039;agit de satisfaire la totalit\u00e9 du processus logistique, du d\u00e9part de la marchandise \u00e0 sa livraison n\u2019importe o\u00f9 dans le monde. Voir les solutions de connectivit\u00e9 Avantages Nos [&hellip;]<\/p>\n","protected":false},"author":1,"featured_media":22257,"parent":0,"menu_order":0,"comment_status":"closed","ping_status":"closed","template":"page-full-width.php","meta":{"footnotes":""},"class_list":["post-21345","page","type-page","status-publish","has-post-thumbnail","hentry"],"yoast_head":"<!-- This site is optimized with the Yoast SEO plugin v27.3 - https:\/\/yoast.com\/product\/yoast-seo-wordpress\/ -->\n<title>Solution strat\u00e9gique multimodal - TW Logistics<\/title>\n<meta name=\"description\" content=\"Solutions multimodales qui combinent transport terrestre, a\u00e9rien et maritime avec livraison express, couvrant tout le processus logistique\" \/>\n<meta name=\"robots\" content=\"index, follow, max-snippet:-1, max-image-preview:large, max-video-preview:-1\" \/>\n<link rel=\"canonical\" href=\"https:\/\/tw-group.com\/fr\/multimodal\/\" \/>\n<meta property=\"og:locale\" content=\"fr_FR\" \/>\n<meta property=\"og:type\" content=\"article\" \/>\n<meta property=\"og:title\" content=\"Solution strat\u00e9gique multimodal - TW Logistics\" \/>\n<meta property=\"og:description\" content=\"Solutions multimodales qui combinent transport terrestre, a\u00e9rien et maritime avec livraison express, couvrant tout le processus logistique\" \/>\n<meta property=\"og:url\" content=\"https:\/\/tw-group.com\/fr\/multimodal\/\" \/>\n<meta property=\"og:site_name\" content=\"TW Group\" \/>\n<meta property=\"article:modified_time\" content=\"2025-01-21T10:45:30+00:00\" \/>\n<meta property=\"og:image\" content=\"https:\/\/tw-group.com\/wp-content\/uploads\/2023\/03\/Servicios_multimodal.png\" \/>\n\t<meta property=\"og:image:width\" content=\"900\" \/>\n\t<meta property=\"og:image:height\" content=\"640\" \/>\n\t<meta property=\"og:image:type\" content=\"image\/png\" \/>\n<meta name=\"twitter:card\" content=\"summary_large_image\" \/>\n<script type=\"application\/ld+json\" class=\"yoast-schema-graph\">{\"@context\":\"https:\\\/\\\/schema.org\",\"@graph\":[{\"@type\":\"WebPage\",\"@id\":\"https:\\\/\\\/tw-group.com\\\/fr\\\/multimodal\\\/\",\"url\":\"https:\\\/\\\/tw-group.com\\\/fr\\\/multimodal\\\/\",\"name\":\"Solution strat\u00e9gique multimodal - TW Logistics\",\"isPartOf\":{\"@id\":\"https:\\\/\\\/tw-group.com\\\/fr\\\/#website\"},\"primaryImageOfPage\":{\"@id\":\"https:\\\/\\\/tw-group.com\\\/fr\\\/multimodal\\\/#primaryimage\"},\"image\":{\"@id\":\"https:\\\/\\\/tw-group.com\\\/fr\\\/multimodal\\\/#primaryimage\"},\"thumbnailUrl\":\"https:\\\/\\\/tw-group.com\\\/wp-content\\\/uploads\\\/2023\\\/03\\\/Servicios_multimodal.png\",\"datePublished\":\"2023-01-09T15:43:24+00:00\",\"dateModified\":\"2025-01-21T10:45:30+00:00\",\"description\":\"Solutions multimodales qui combinent transport terrestre, a\u00e9rien et maritime avec livraison express, couvrant tout le processus logistique\",\"breadcrumb\":{\"@id\":\"https:\\\/\\\/tw-group.com\\\/fr\\\/multimodal\\\/#breadcrumb\"},\"inLanguage\":\"fr-FR\",\"potentialAction\":[{\"@type\":\"ReadAction\",\"target\":[\"https:\\\/\\\/tw-group.com\\\/fr\\\/multimodal\\\/\"]}]},{\"@type\":\"ImageObject\",\"inLanguage\":\"fr-FR\",\"@id\":\"https:\\\/\\\/tw-group.com\\\/fr\\\/multimodal\\\/#primaryimage\",\"url\":\"https:\\\/\\\/tw-group.com\\\/wp-content\\\/uploads\\\/2023\\\/03\\\/Servicios_multimodal.png\",\"contentUrl\":\"https:\\\/\\\/tw-group.com\\\/wp-content\\\/uploads\\\/2023\\\/03\\\/Servicios_multimodal.png\",\"width\":900,\"height\":640},{\"@type\":\"BreadcrumbList\",\"@id\":\"https:\\\/\\\/tw-group.com\\\/fr\\\/multimodal\\\/#breadcrumb\",\"itemListElement\":[{\"@type\":\"ListItem\",\"position\":1,\"name\":\"Portada\",\"item\":\"https:\\\/\\\/tw-group.com\\\/fr\\\/\"},{\"@type\":\"ListItem\",\"position\":2,\"name\":\"Solution strat\u00e9gique multimodal\"}]},{\"@type\":\"WebSite\",\"@id\":\"https:\\\/\\\/tw-group.com\\\/fr\\\/#website\",\"url\":\"https:\\\/\\\/tw-group.com\\\/fr\\\/\",\"name\":\"TW Group\",\"description\":\"\",\"potentialAction\":[{\"@type\":\"SearchAction\",\"target\":{\"@type\":\"EntryPoint\",\"urlTemplate\":\"https:\\\/\\\/tw-group.com\\\/fr\\\/?s={search_term_string}\"},\"query-input\":{\"@type\":\"PropertyValueSpecification\",\"valueRequired\":true,\"valueName\":\"search_term_string\"}}],\"inLanguage\":\"fr-FR\"}]}<\/script>\n<!-- \/ Yoast SEO plugin. -->","yoast_head_json":{"title":"Solution strat\u00e9gique multimodal - TW Logistics","description":"Solutions multimodales qui combinent transport terrestre, a\u00e9rien et maritime avec livraison express, couvrant tout le processus logistique","robots":{"index":"index","follow":"follow","max-snippet":"max-snippet:-1","max-image-preview":"max-image-preview:large","max-video-preview":"max-video-preview:-1"},"canonical":"https:\/\/tw-group.com\/fr\/multimodal\/","og_locale":"fr_FR","og_type":"article","og_title":"Solution strat\u00e9gique multimodal - TW Logistics","og_description":"Solutions multimodales qui combinent transport terrestre, a\u00e9rien et maritime avec livraison express, couvrant tout le processus logistique","og_url":"https:\/\/tw-group.com\/fr\/multimodal\/","og_site_name":"TW Group","article_modified_time":"2025-01-21T10:45:30+00:00","og_image":[{"width":900,"height":640,"url":"https:\/\/tw-group.com\/wp-content\/uploads\/2023\/03\/Servicios_multimodal.png","type":"image\/png"}],"twitter_card":"summary_large_image","schema":{"@context":"https:\/\/schema.org","@graph":[{"@type":"WebPage","@id":"https:\/\/tw-group.com\/fr\/multimodal\/","url":"https:\/\/tw-group.com\/fr\/multimodal\/","name":"Solution strat\u00e9gique multimodal - TW Logistics","isPartOf":{"@id":"https:\/\/tw-group.com\/fr\/#website"},"primaryImageOfPage":{"@id":"https:\/\/tw-group.com\/fr\/multimodal\/#primaryimage"},"image":{"@id":"https:\/\/tw-group.com\/fr\/multimodal\/#primaryimage"},"thumbnailUrl":"https:\/\/tw-group.com\/wp-content\/uploads\/2023\/03\/Servicios_multimodal.png","datePublished":"2023-01-09T15:43:24+00:00","dateModified":"2025-01-21T10:45:30+00:00","description":"Solutions multimodales qui combinent transport terrestre, a\u00e9rien et maritime avec livraison express, couvrant tout le processus logistique","breadcrumb":{"@id":"https:\/\/tw-group.com\/fr\/multimodal\/#breadcrumb"},"inLanguage":"fr-FR","potentialAction":[{"@type":"ReadAction","target":["https:\/\/tw-group.com\/fr\/multimodal\/"]}]},{"@type":"ImageObject","inLanguage":"fr-FR","@id":"https:\/\/tw-group.com\/fr\/multimodal\/#primaryimage","url":"https:\/\/tw-group.com\/wp-content\/uploads\/2023\/03\/Servicios_multimodal.png","contentUrl":"https:\/\/tw-group.com\/wp-content\/uploads\/2023\/03\/Servicios_multimodal.png","width":900,"height":640},{"@type":"BreadcrumbList","@id":"https:\/\/tw-group.com\/fr\/multimodal\/#breadcrumb","itemListElement":[{"@type":"ListItem","position":1,"name":"Portada","item":"https:\/\/tw-group.com\/fr\/"},{"@type":"ListItem","position":2,"name":"Solution strat\u00e9gique multimodal"}]},{"@type":"WebSite","@id":"https:\/\/tw-group.com\/fr\/#website","url":"https:\/\/tw-group.com\/fr\/","name":"TW Group","description":"","potentialAction":[{"@type":"SearchAction","target":{"@type":"EntryPoint","urlTemplate":"https:\/\/tw-group.com\/fr\/?s={search_term_string}"},"query-input":{"@type":"PropertyValueSpecification","valueRequired":true,"valueName":"search_term_string"}}],"inLanguage":"fr-FR"}]}},"_links":{"self":[{"href":"https:\/\/tw-group.com\/fr\/wp-json\/wp\/v2\/pages\/21345","targetHints":{"allow":["GET"]}}],"collection":[{"href":"https:\/\/tw-group.com\/fr\/wp-json\/wp\/v2\/pages"}],"about":[{"href":"https:\/\/tw-group.com\/fr\/wp-json\/wp\/v2\/types\/page"}],"author":[{"embeddable":true,"href":"https:\/\/tw-group.com\/fr\/wp-json\/wp\/v2\/users\/1"}],"replies":[{"embeddable":true,"href":"https:\/\/tw-group.com\/fr\/wp-json\/wp\/v2\/comments?post=21345"}],"version-history":[{"count":0,"href":"https:\/\/tw-group.com\/fr\/wp-json\/wp\/v2\/pages\/21345\/revisions"}],"wp:featuredmedia":[{"embeddable":true,"href":"https:\/\/tw-group.com\/fr\/wp-json\/wp\/v2\/media\/22257"}],"wp:attachment":[{"href":"https:\/\/tw-group.com\/fr\/wp-json\/wp\/v2\/media?parent=21345"}],"curies":[{"name":"wp","href":"https:\/\/api.w.org\/{rel}","templated":true}]}}