{"id":21341,"date":"2023-01-09T16:36:42","date_gmt":"2023-01-09T15:36:42","guid":{"rendered":"https:\/\/tw-group.com\/in-night-delivery\/"},"modified":"2025-01-21T11:26:24","modified_gmt":"2025-01-21T10:26:24","slug":"in-night-delivery","status":"publish","type":"page","link":"https:\/\/tw-group.com\/fr\/in-night-delivery\/","title":{"rendered":"In night delivery &#8211; Livraison nocturne"},"content":{"rendered":"\t\t<div data-elementor-type=\"wp-page\" data-elementor-id=\"21341\" class=\"elementor elementor-21341 elementor-16320\" data-elementor-post-type=\"page\">\n\t\t\t\t\t\t<section class=\"elementor-section elementor-top-section elementor-element elementor-element-18655ec elementor-section-full_width qodef-elementor-content-grid elementor-section-height-default elementor-section-height-default\" data-id=\"18655ec\" data-element_type=\"section\" data-e-type=\"section\" data-settings=\"{&quot;background_background&quot;:&quot;classic&quot;}\">\n\t\t\t\t\t\t<div class=\"elementor-container elementor-column-gap-no\">\n\t\t\t\t\t<div class=\"elementor-column elementor-col-100 elementor-top-column elementor-element elementor-element-b6836a1\" data-id=\"b6836a1\" data-element_type=\"column\" data-e-type=\"column\">\n\t\t\t<div class=\"elementor-widget-wrap elementor-element-populated\">\n\t\t\t\t\t\t<div class=\"elementor-element elementor-element-7835ada elementor-widget elementor-widget-globefarer_core_divided_image_info\" data-id=\"7835ada\" data-element_type=\"widget\" data-e-type=\"widget\" data-widget_type=\"globefarer_core_divided_image_info.default\">\n\t\t\t\t<div class=\"elementor-widget-container\">\n\t\t\t\t\t<div class=\"qodef-shortcode qodef-m  qodef-divided-image-info qodef-layout--image-left qodef-separator--on qodef-vertically-centered--on qodef-breakpoint--1024 qodef-appear-animation--no \">\n\t\t<div class=\"qodef-m-image\" style=\"width: 51.5%;padding-right: 3%\">\n\t\t<img fetchpriority=\"high\" decoding=\"async\" width=\"800\" height=\"425\" src=\"https:\/\/tw-group.com\/wp-content\/uploads\/2023\/02\/Night_Delivery.jpg\" class=\"attachment-full size-full\" alt=\"\" srcset=\"https:\/\/tw-group.com\/wp-content\/uploads\/2023\/02\/Night_Delivery.jpg 800w, https:\/\/tw-group.com\/wp-content\/uploads\/2023\/02\/Night_Delivery-300x159.jpg 300w, https:\/\/tw-group.com\/wp-content\/uploads\/2023\/02\/Night_Delivery-768x408.jpg 768w\" sizes=\"(max-width: 800px) 100vw, 800px\" \/>\t<\/div>\n<div class=\"qodef-m-content\" style=\"margin-top: 0px;padding-left: 4%\">\n\t\t\t<h2 itemprop=\"name\" class=\"qodef-m-title\" style=\"margin-bottom: 29px\">\n\tNous sommes pionniers dans la livraison nocturne en Europe\t<\/h2>\n\t<p class=\"qodef-m-text\" >\n\t\tDepuis l\u2019an 2000, nous sommes leaders de la livraison nocturne de pi\u00e8ces de rechange automobiles, que nous avons ensuite \u00e9tendue au secteur retail. Gr\u00e2ce \u00e0 la mise en place de notre propre syst\u00e8me, en constant d\u00e9veloppement, nous nous sommes hiss\u00e9s au rang de r\u00e9f\u00e9rence pour cette activit\u00e9 en Europe.\t<\/p>\n\t<a class=\"qodef-shortcode qodef-m qodef-m-button qodef-button qodef-layout--textual  qodef-html--link\" href=\"\/secteurs\/?lang=fr\" target=\"_self\"  >\t\t\t<span class=\"qodef-m-button-icon\"><svg class=\"qodef-svg--plus\" xmlns=\"http:\/\/www.w3.org\/2000\/svg\" xmlns:xlink=\"http:\/\/www.w3.org\/1999\/xlink\" width=\"14\" height=\"14\" viewBox=\"0 0 14 14\"><path class=\"qodef-m-horizontal\" d=\"M0,0H14V2H0Z\" transform=\"translate(0 6)\" \/><path class=\"qodef-m-vertical\" d=\"M0,0H2V14H0Z\" transform=\"translate(6)\" \/><\/svg><\/span>\t\t\t\t<span class=\"qodef-m-button-text\">Secteurs d'activit\u00e9<br \/><\/span>\t<\/a><\/div>\n<\/div>\n\t\t\t\t<\/div>\n\t\t\t\t<\/div>\n\t\t\t\t\t<\/div>\n\t\t<\/div>\n\t\t\t\t\t<\/div>\n\t\t<\/section>\n\t\t\t\t<section class=\"elementor-section elementor-top-section elementor-element elementor-element-03a5f74 qodef-elementor-content-grid elementor-section-boxed elementor-section-height-default elementor-section-height-default\" data-id=\"03a5f74\" data-element_type=\"section\" data-e-type=\"section\">\n\t\t\t\t\t\t<div class=\"elementor-container elementor-column-gap-no\">\n\t\t\t\t\t<div class=\"elementor-column elementor-col-100 elementor-top-column elementor-element elementor-element-ad4da6b\" data-id=\"ad4da6b\" data-element_type=\"column\" data-e-type=\"column\">\n\t\t\t<div class=\"elementor-widget-wrap elementor-element-populated\">\n\t\t\t\t\t\t<div class=\"elementor-element elementor-element-eafa908 elementor-widget elementor-widget-globefarer_core_accordion_info\" data-id=\"eafa908\" data-element_type=\"widget\" data-e-type=\"widget\" data-widget_type=\"globefarer_core_accordion_info.default\">\n\t\t\t\t<div class=\"elementor-widget-container\">\n\t\t\t\t\t<div class=\"qodef-shortcode qodef-m  qodef-accordion-info qodef-behavior--accordion qodef-layout--extended-compact \">\n\t<div class=\"qodef-m-heading\">\n\t<\/div>\n\t<div class=\"qodef-accordion-info-inner\">\n\t\t\t\t\t\t\t\t\t\t\t\t\t<div class=\"qodef-m-navigation\">\n\t\t<h4 class=\"qodef-m-title\">\n\t\tCr\u00e9ateurs de solutions\t<\/h4>\n\t<p class=\"qodef-m-tagline\">\n\t\tLa logistique nocturne permet d\u2019obtenir des livraisons fiables et s\u00fbres, de r\u00e9duire les co\u00fbts et de disposer de la marchandise avant l\u2019ouverture au public.\t<\/p>\n<div class=\"qodef-m-mark\">\n\t<svg class=\"qodef-svg--plus\" xmlns=\"http:\/\/www.w3.org\/2000\/svg\" xmlns:xlink=\"http:\/\/www.w3.org\/1999\/xlink\" width=\"14\" height=\"14\" viewBox=\"0 0 14 14\"><path class=\"qodef-m-horizontal\" d=\"M0,0H14V2H0Z\" transform=\"translate(0 6)\" \/><path class=\"qodef-m-vertical\" d=\"M0,0H2V14H0Z\" transform=\"translate(6)\" \/><\/svg><\/div>\n<\/div>\n<div class=\"qodef-m-content\">\n\t\t<p class=\"qodef-m-text\">\n\t\t\u00c9vitant bruit et circulation, elle entra\u00eene un gain de temps et une baisse de la consommation d\u2019\u00e9nergie.\t<\/p>\n<\/div>\n\t\t\t\t\t\t\t\t\t\t\t<div class=\"qodef-m-navigation\">\n\t\t<h4 class=\"qodef-m-title\">\n\t\tTypes de livraison\t<\/h4>\n\t<p class=\"qodef-m-tagline\">\n\t\tLa livraison peut avoir lieu en pr\u00e9sence du personnel de nuit ou totalement en l\u2019absence.\t<\/p>\n<div class=\"qodef-m-mark\">\n\t<svg class=\"qodef-svg--plus\" xmlns=\"http:\/\/www.w3.org\/2000\/svg\" xmlns:xlink=\"http:\/\/www.w3.org\/1999\/xlink\" width=\"14\" height=\"14\" viewBox=\"0 0 14 14\"><path class=\"qodef-m-horizontal\" d=\"M0,0H14V2H0Z\" transform=\"translate(0 6)\" \/><path class=\"qodef-m-vertical\" d=\"M0,0H2V14H0Z\" transform=\"translate(6)\" \/><\/svg><\/div>\n<\/div>\n<div class=\"qodef-m-content\">\n\t\t<p class=\"qodef-m-text\">\n\t\tEt nous offrons des services suppl\u00e9mentaires \u00e0 la demande du client.\t<\/p>\n<\/div>\n\t\t\t\t\t\t\t\t\t\t\t<div class=\"qodef-m-navigation\">\n\t\t<h4 class=\"qodef-m-title\">\n\t\tTra\u00e7abilit\u00e9 et contact\t<\/h4>\n\t<p class=\"qodef-m-tagline\">\n\t\tLes transporteurs communiquent en temps r\u00e9el avec le syst\u00e8me d\u2019information, via des \u00e9quipements mobiles.\t<\/p>\n<div class=\"qodef-m-mark\">\n\t<svg class=\"qodef-svg--plus\" xmlns=\"http:\/\/www.w3.org\/2000\/svg\" xmlns:xlink=\"http:\/\/www.w3.org\/1999\/xlink\" width=\"14\" height=\"14\" viewBox=\"0 0 14 14\"><path class=\"qodef-m-horizontal\" d=\"M0,0H14V2H0Z\" transform=\"translate(0 6)\" \/><path class=\"qodef-m-vertical\" d=\"M0,0H2V14H0Z\" transform=\"translate(6)\" \/><\/svg><\/div>\n<\/div>\n<div class=\"qodef-m-content\">\n\t\t<p class=\"qodef-m-text\">\n\t\tOffrant ainsi au client des informations d\u00e9taill\u00e9es sur les op\u00e9rations.\t<\/p>\n<\/div>\n\t\t\t\t\t\t\t\t\t\t\t<div class=\"qodef-m-navigation\">\n\t\t<h4 class=\"qodef-m-title\">\n\t\tFlotte 100 % \u00e9lectrique\t<\/h4>\n\t<p class=\"qodef-m-tagline\">\n\t\tNous offrons une flotte de v\u00e9hicules vari\u00e9s.\t<\/p>\n<div class=\"qodef-m-mark\">\n\t<svg class=\"qodef-svg--plus\" xmlns=\"http:\/\/www.w3.org\/2000\/svg\" xmlns:xlink=\"http:\/\/www.w3.org\/1999\/xlink\" width=\"14\" height=\"14\" viewBox=\"0 0 14 14\"><path class=\"qodef-m-horizontal\" d=\"M0,0H14V2H0Z\" transform=\"translate(0 6)\" \/><path class=\"qodef-m-vertical\" d=\"M0,0H2V14H0Z\" transform=\"translate(6)\" \/><\/svg><\/div>\n<\/div>\n<div class=\"qodef-m-content\">\n\t\t<p class=\"qodef-m-text\">\n\t\tConsacr\u00e9s au transport du dernier kilom\u00e8tre : l\u00e9gers, t\u00f4l\u00e9s et rigides, avec notamment une flotte 100 % \u00e9lectrique.\t<\/p>\n<\/div>\n\t\t\t\t\t\t\t\t\t\t\t<div class=\"qodef-m-navigation\">\n\t\t<h4 class=\"qodef-m-title\">\n\t\tConfiance et fiabilit\u00e9\t<\/h4>\n\t<p class=\"qodef-m-tagline\">\n\t\tLa confiance du client est primordiale pour g\u00e9rer ces projets. \t<\/p>\n<div class=\"qodef-m-mark\">\n\t<svg class=\"qodef-svg--plus\" xmlns=\"http:\/\/www.w3.org\/2000\/svg\" xmlns:xlink=\"http:\/\/www.w3.org\/1999\/xlink\" width=\"14\" height=\"14\" viewBox=\"0 0 14 14\"><path class=\"qodef-m-horizontal\" d=\"M0,0H14V2H0Z\" transform=\"translate(0 6)\" \/><path class=\"qodef-m-vertical\" d=\"M0,0H2V14H0Z\" transform=\"translate(6)\" \/><\/svg><\/div>\n<\/div>\n<div class=\"qodef-m-content\">\n\t\t<p class=\"qodef-m-text\">\n\t\tCertains clients de TW Logistics sont depuis plus de 20 ans \u00e0 nos c\u00f4t\u00e9s, gr\u00e2ce \u00e0 notre fiabilit\u00e9 et \u00e0 notre philosophie d\u2019am\u00e9lioration continue.\t<\/p>\n<\/div>\n\t\t\t\t\t\t<\/div>\n<\/div>\n\t\t\t\t<\/div>\n\t\t\t\t<\/div>\n\t\t\t\t\t<\/div>\n\t\t<\/div>\n\t\t\t\t\t<\/div>\n\t\t<\/section>\n\t\t\t\t<section class=\"elementor-section elementor-top-section elementor-element elementor-element-80998c3 elementor-section-full_width elementor-section-height-default elementor-section-height-default qodef-elementor-content-no\" data-id=\"80998c3\" data-element_type=\"section\" data-e-type=\"section\">\n\t\t\t\t\t\t<div class=\"elementor-container elementor-column-gap-no\">\n\t\t\t\t\t<div class=\"elementor-column elementor-col-100 elementor-top-column elementor-element elementor-element-ca107af\" data-id=\"ca107af\" data-element_type=\"column\" data-e-type=\"column\">\n\t\t\t<div class=\"elementor-widget-wrap elementor-element-populated\">\n\t\t\t\t\t\t<div class=\"elementor-element elementor-element-4950bc0 elementor-widget elementor-widget-image\" data-id=\"4950bc0\" data-element_type=\"widget\" data-e-type=\"widget\" data-widget_type=\"image.default\">\n\t\t\t\t<div class=\"elementor-widget-container\">\n\t\t\t\t\t\t\t\t\t\t\t\t\t\t\t<img decoding=\"async\" width=\"2560\" height=\"1000\" src=\"https:\/\/tw-group.com\/wp-content\/uploads\/2023\/02\/SERVICIOS-NIGHTDELIVERY-FOOTER.jpg\" class=\"attachment-full size-full wp-image-21145\" alt=\"\" srcset=\"https:\/\/tw-group.com\/wp-content\/uploads\/2023\/02\/SERVICIOS-NIGHTDELIVERY-FOOTER.jpg 2560w, https:\/\/tw-group.com\/wp-content\/uploads\/2023\/02\/SERVICIOS-NIGHTDELIVERY-FOOTER-300x117.jpg 300w, https:\/\/tw-group.com\/wp-content\/uploads\/2023\/02\/SERVICIOS-NIGHTDELIVERY-FOOTER-1024x400.jpg 1024w, https:\/\/tw-group.com\/wp-content\/uploads\/2023\/02\/SERVICIOS-NIGHTDELIVERY-FOOTER-768x300.jpg 768w, https:\/\/tw-group.com\/wp-content\/uploads\/2023\/02\/SERVICIOS-NIGHTDELIVERY-FOOTER-1536x600.jpg 1536w, https:\/\/tw-group.com\/wp-content\/uploads\/2023\/02\/SERVICIOS-NIGHTDELIVERY-FOOTER-2048x800.jpg 2048w\" sizes=\"(max-width: 2560px) 100vw, 2560px\" \/>\t\t\t\t\t\t\t\t\t\t\t\t\t\t\t<\/div>\n\t\t\t\t<\/div>\n\t\t\t\t\t<\/div>\n\t\t<\/div>\n\t\t\t\t\t<\/div>\n\t\t<\/section>\n\t\t\t\t<section class=\"elementor-section elementor-top-section elementor-element elementor-element-139ca66 elementor-section-boxed elementor-section-height-default elementor-section-height-default qodef-elementor-content-no\" data-id=\"139ca66\" data-element_type=\"section\" data-e-type=\"section\">\n\t\t\t\t\t\t<div class=\"elementor-container elementor-column-gap-default\">\n\t\t\t\t\t<div class=\"elementor-column elementor-col-100 elementor-top-column elementor-element elementor-element-dcc063a\" data-id=\"dcc063a\" data-element_type=\"column\" data-e-type=\"column\">\n\t\t\t<div class=\"elementor-widget-wrap elementor-element-populated\">\n\t\t\t\t\t\t<div class=\"elementor-element elementor-element-62fcace elementor-widget elementor-widget-spacer\" data-id=\"62fcace\" data-element_type=\"widget\" data-e-type=\"widget\" data-widget_type=\"spacer.default\">\n\t\t\t\t<div class=\"elementor-widget-container\">\n\t\t\t\t\t\t\t<div class=\"elementor-spacer\">\n\t\t\t<div class=\"elementor-spacer-inner\"><\/div>\n\t\t<\/div>\n\t\t\t\t\t\t<\/div>\n\t\t\t\t<\/div>\n\t\t\t\t\t<\/div>\n\t\t<\/div>\n\t\t\t\t\t<\/div>\n\t\t<\/section>\n\t\t\t\t<section class=\"elementor-section elementor-top-section elementor-element elementor-element-e078c7b elementor-section-boxed elementor-section-height-default elementor-section-height-default qodef-elementor-content-no\" data-id=\"e078c7b\" data-element_type=\"section\" data-e-type=\"section\" data-settings=\"{&quot;background_background&quot;:&quot;classic&quot;}\">\n\t\t\t\t\t\t<div class=\"elementor-container elementor-column-gap-default\">\n\t\t\t\t\t<div class=\"elementor-column elementor-col-100 elementor-top-column elementor-element elementor-element-2e3df92\" data-id=\"2e3df92\" data-element_type=\"column\" data-e-type=\"column\">\n\t\t\t<div class=\"elementor-widget-wrap elementor-element-populated\">\n\t\t\t\t\t\t<div class=\"elementor-element elementor-element-c0d09e1 eael-infobox-content-align--center eael-infobox-icon-bg-shape-none eael-infobox-icon-hover-bg-shape-none elementor-widget elementor-widget-eael-info-box\" data-id=\"c0d09e1\" data-element_type=\"widget\" data-e-type=\"widget\" data-widget_type=\"eael-info-box.default\">\n\t\t\t\t<div class=\"elementor-widget-container\">\n\t\t\t\t\t        <div class=\"eael-infobox icon-on-top\">\n\t            <div class=\"infobox-icon eael-icon-only\">\n\n            \n                            <div class=\"infobox-icon-wrap\">\n                    <i aria-hidden=\"true\" class=\"far fa-envelope\"><\/i>                <\/div>\n            \n            \n        <\/div>\n            <div class=\"infobox-content eael-icon-only\">\n                    <div class=\"infobox-title-section\">\n                <h2 class=\"title\">Pr\u00eat \u00e0 optimiser votre logistique ?<\/h2>            <\/div>\n            <div><p>\u00c9crivez-nous d\u00e8s aujourd&rsquo;hui et d\u00e9couvrez comment nous pouvons vous aider.<\/p><h5>\u2709\ufe0f <a href=\"mailto:contactowebgroup@tw-group.com\"><span>contactowebgroup@tw-group.com<\/span><\/a><\/h5><\/div>        <\/div>\n            <\/div>\n\n\t\t\t\t\t\t<\/div>\n\t\t\t\t<\/div>\n\t\t\t\t\t<\/div>\n\t\t<\/div>\n\t\t\t\t\t<\/div>\n\t\t<\/section>\n\t\t\t\t<\/div>\n\t\t","protected":false},"excerpt":{"rendered":"<p>Nous sommes pionniers dans la livraison nocturne en Europe Depuis l\u2019an 2000, nous sommes leaders de la livraison nocturne de pi\u00e8ces de rechange automobiles, que nous avons ensuite \u00e9tendue au secteur retail. Gr\u00e2ce \u00e0 la mise en place de notre propre syst\u00e8me, en constant d\u00e9veloppement, nous nous sommes hiss\u00e9s au rang de r\u00e9f\u00e9rence pour cette [&hellip;]<\/p>\n","protected":false},"author":1,"featured_media":0,"parent":0,"menu_order":0,"comment_status":"closed","ping_status":"closed","template":"page-full-width.php","meta":{"footnotes":""},"class_list":["post-21341","page","type-page","status-publish","hentry"],"yoast_head":"<!-- This site is optimized with the Yoast SEO plugin v27.2 - https:\/\/yoast.com\/product\/yoast-seo-wordpress\/ -->\n<title>Pionniers dans la livraison nocturne - TW Logistics<\/title>\n<meta name=\"description\" content=\"La livraison nocturne assure des livraisons fiables, r\u00e9duit les co\u00fbts et garantit la disponibilit\u00e9 des marchandises avant l&#039;ouverture\" \/>\n<meta name=\"robots\" content=\"index, follow, max-snippet:-1, max-image-preview:large, max-video-preview:-1\" \/>\n<link rel=\"canonical\" href=\"https:\/\/tw-group.com\/fr\/in-night-delivery\/\" \/>\n<meta property=\"og:locale\" content=\"fr_FR\" \/>\n<meta property=\"og:type\" content=\"article\" \/>\n<meta property=\"og:title\" content=\"Pionniers dans la livraison nocturne - TW Logistics\" \/>\n<meta property=\"og:description\" content=\"La livraison nocturne assure des livraisons fiables, r\u00e9duit les co\u00fbts et garantit la disponibilit\u00e9 des marchandises avant l&#039;ouverture\" \/>\n<meta property=\"og:url\" content=\"https:\/\/tw-group.com\/fr\/in-night-delivery\/\" \/>\n<meta property=\"og:site_name\" content=\"TW Group\" \/>\n<meta property=\"article:modified_time\" content=\"2025-01-21T10:26:24+00:00\" \/>\n<meta property=\"og:image\" content=\"https:\/\/tw-group.com\/wp-content\/uploads\/2023\/02\/Night_Delivery.jpg\" \/>\n<meta name=\"twitter:card\" content=\"summary_large_image\" \/>\n<script type=\"application\/ld+json\" class=\"yoast-schema-graph\">{\"@context\":\"https:\/\/schema.org\",\"@graph\":[{\"@type\":\"WebPage\",\"@id\":\"https:\/\/tw-group.com\/fr\/in-night-delivery\/\",\"url\":\"https:\/\/tw-group.com\/fr\/in-night-delivery\/\",\"name\":\"Pionniers dans la livraison nocturne - TW Logistics\",\"isPartOf\":{\"@id\":\"https:\/\/tw-group.com\/fr\/#website\"},\"primaryImageOfPage\":{\"@id\":\"https:\/\/tw-group.com\/fr\/in-night-delivery\/#primaryimage\"},\"image\":{\"@id\":\"https:\/\/tw-group.com\/fr\/in-night-delivery\/#primaryimage\"},\"thumbnailUrl\":\"https:\/\/tw-group.com\/wp-content\/uploads\/2023\/02\/Night_Delivery.jpg\",\"datePublished\":\"2023-01-09T15:36:42+00:00\",\"dateModified\":\"2025-01-21T10:26:24+00:00\",\"description\":\"La livraison nocturne assure des livraisons fiables, r\u00e9duit les co\u00fbts et garantit la disponibilit\u00e9 des marchandises avant l'ouverture\",\"breadcrumb\":{\"@id\":\"https:\/\/tw-group.com\/fr\/in-night-delivery\/#breadcrumb\"},\"inLanguage\":\"fr-FR\",\"potentialAction\":[{\"@type\":\"ReadAction\",\"target\":[\"https:\/\/tw-group.com\/fr\/in-night-delivery\/\"]}]},{\"@type\":\"ImageObject\",\"inLanguage\":\"fr-FR\",\"@id\":\"https:\/\/tw-group.com\/fr\/in-night-delivery\/#primaryimage\",\"url\":\"https:\/\/tw-group.com\/wp-content\/uploads\/2023\/02\/Night_Delivery.jpg\",\"contentUrl\":\"https:\/\/tw-group.com\/wp-content\/uploads\/2023\/02\/Night_Delivery.jpg\"},{\"@type\":\"BreadcrumbList\",\"@id\":\"https:\/\/tw-group.com\/fr\/in-night-delivery\/#breadcrumb\",\"itemListElement\":[{\"@type\":\"ListItem\",\"position\":1,\"name\":\"Portada\",\"item\":\"https:\/\/tw-group.com\/fr\/\"},{\"@type\":\"ListItem\",\"position\":2,\"name\":\"In night delivery &#8211; Livraison nocturne\"}]},{\"@type\":\"WebSite\",\"@id\":\"https:\/\/tw-group.com\/fr\/#website\",\"url\":\"https:\/\/tw-group.com\/fr\/\",\"name\":\"TW Group\",\"description\":\"\",\"potentialAction\":[{\"@type\":\"SearchAction\",\"target\":{\"@type\":\"EntryPoint\",\"urlTemplate\":\"https:\/\/tw-group.com\/fr\/?s={search_term_string}\"},\"query-input\":{\"@type\":\"PropertyValueSpecification\",\"valueRequired\":true,\"valueName\":\"search_term_string\"}}],\"inLanguage\":\"fr-FR\"}]}<\/script>\n<!-- \/ Yoast SEO plugin. -->","yoast_head_json":{"title":"Pionniers dans la livraison nocturne - TW Logistics","description":"La livraison nocturne assure des livraisons fiables, r\u00e9duit les co\u00fbts et garantit la disponibilit\u00e9 des marchandises avant l'ouverture","robots":{"index":"index","follow":"follow","max-snippet":"max-snippet:-1","max-image-preview":"max-image-preview:large","max-video-preview":"max-video-preview:-1"},"canonical":"https:\/\/tw-group.com\/fr\/in-night-delivery\/","og_locale":"fr_FR","og_type":"article","og_title":"Pionniers dans la livraison nocturne - TW Logistics","og_description":"La livraison nocturne assure des livraisons fiables, r\u00e9duit les co\u00fbts et garantit la disponibilit\u00e9 des marchandises avant l'ouverture","og_url":"https:\/\/tw-group.com\/fr\/in-night-delivery\/","og_site_name":"TW Group","article_modified_time":"2025-01-21T10:26:24+00:00","og_image":[{"url":"https:\/\/tw-group.com\/wp-content\/uploads\/2023\/02\/Night_Delivery.jpg","type":"","width":"","height":""}],"twitter_card":"summary_large_image","schema":{"@context":"https:\/\/schema.org","@graph":[{"@type":"WebPage","@id":"https:\/\/tw-group.com\/fr\/in-night-delivery\/","url":"https:\/\/tw-group.com\/fr\/in-night-delivery\/","name":"Pionniers dans la livraison nocturne - TW Logistics","isPartOf":{"@id":"https:\/\/tw-group.com\/fr\/#website"},"primaryImageOfPage":{"@id":"https:\/\/tw-group.com\/fr\/in-night-delivery\/#primaryimage"},"image":{"@id":"https:\/\/tw-group.com\/fr\/in-night-delivery\/#primaryimage"},"thumbnailUrl":"https:\/\/tw-group.com\/wp-content\/uploads\/2023\/02\/Night_Delivery.jpg","datePublished":"2023-01-09T15:36:42+00:00","dateModified":"2025-01-21T10:26:24+00:00","description":"La livraison nocturne assure des livraisons fiables, r\u00e9duit les co\u00fbts et garantit la disponibilit\u00e9 des marchandises avant l'ouverture","breadcrumb":{"@id":"https:\/\/tw-group.com\/fr\/in-night-delivery\/#breadcrumb"},"inLanguage":"fr-FR","potentialAction":[{"@type":"ReadAction","target":["https:\/\/tw-group.com\/fr\/in-night-delivery\/"]}]},{"@type":"ImageObject","inLanguage":"fr-FR","@id":"https:\/\/tw-group.com\/fr\/in-night-delivery\/#primaryimage","url":"https:\/\/tw-group.com\/wp-content\/uploads\/2023\/02\/Night_Delivery.jpg","contentUrl":"https:\/\/tw-group.com\/wp-content\/uploads\/2023\/02\/Night_Delivery.jpg"},{"@type":"BreadcrumbList","@id":"https:\/\/tw-group.com\/fr\/in-night-delivery\/#breadcrumb","itemListElement":[{"@type":"ListItem","position":1,"name":"Portada","item":"https:\/\/tw-group.com\/fr\/"},{"@type":"ListItem","position":2,"name":"In night delivery &#8211; Livraison nocturne"}]},{"@type":"WebSite","@id":"https:\/\/tw-group.com\/fr\/#website","url":"https:\/\/tw-group.com\/fr\/","name":"TW Group","description":"","potentialAction":[{"@type":"SearchAction","target":{"@type":"EntryPoint","urlTemplate":"https:\/\/tw-group.com\/fr\/?s={search_term_string}"},"query-input":{"@type":"PropertyValueSpecification","valueRequired":true,"valueName":"search_term_string"}}],"inLanguage":"fr-FR"}]}},"_links":{"self":[{"href":"https:\/\/tw-group.com\/fr\/wp-json\/wp\/v2\/pages\/21341","targetHints":{"allow":["GET"]}}],"collection":[{"href":"https:\/\/tw-group.com\/fr\/wp-json\/wp\/v2\/pages"}],"about":[{"href":"https:\/\/tw-group.com\/fr\/wp-json\/wp\/v2\/types\/page"}],"author":[{"embeddable":true,"href":"https:\/\/tw-group.com\/fr\/wp-json\/wp\/v2\/users\/1"}],"replies":[{"embeddable":true,"href":"https:\/\/tw-group.com\/fr\/wp-json\/wp\/v2\/comments?post=21341"}],"version-history":[{"count":0,"href":"https:\/\/tw-group.com\/fr\/wp-json\/wp\/v2\/pages\/21341\/revisions"}],"wp:attachment":[{"href":"https:\/\/tw-group.com\/fr\/wp-json\/wp\/v2\/media?parent=21341"}],"curies":[{"name":"wp","href":"https:\/\/api.w.org\/{rel}","templated":true}]}}