{"id":21335,"date":"2023-01-09T17:05:41","date_gmt":"2023-01-09T16:05:41","guid":{"rendered":"https:\/\/tw-group.com\/evolucion-y-valores\/"},"modified":"2023-05-25T10:00:31","modified_gmt":"2023-05-25T08:00:31","slug":"evolution-et-valeurs","status":"publish","type":"page","link":"https:\/\/tw-group.com\/fr\/evolution-et-valeurs\/","title":{"rendered":"\u00c9volution et valeurs"},"content":{"rendered":"\t\t<div data-elementor-type=\"wp-page\" data-elementor-id=\"21335\" class=\"elementor elementor-21335 elementor-16361\" data-elementor-post-type=\"page\">\n\t\t\t\t\t\t<section class=\"elementor-section elementor-top-section elementor-element elementor-element-43e09f45 elementor-section-boxed elementor-section-height-default elementor-section-height-default qodef-elementor-content-no\" data-id=\"43e09f45\" data-element_type=\"section\" data-e-type=\"section\">\n\t\t\t\t\t\t<div class=\"elementor-container elementor-column-gap-default\">\n\t\t\t\t\t<div class=\"elementor-column elementor-col-50 elementor-top-column elementor-element elementor-element-58e84684\" data-id=\"58e84684\" data-element_type=\"column\" data-e-type=\"column\">\n\t\t\t<div class=\"elementor-widget-wrap elementor-element-populated\">\n\t\t\t\t\t\t<div class=\"elementor-element elementor-element-63c298e elementor-widget elementor-widget-video\" data-id=\"63c298e\" data-element_type=\"widget\" data-e-type=\"widget\" data-settings=\"{&quot;video_type&quot;:&quot;hosted&quot;,&quot;controls&quot;:&quot;yes&quot;}\" data-widget_type=\"video.default\">\n\t\t\t\t<div class=\"elementor-widget-container\">\n\t\t\t\t\t\t\t<div class=\"e-hosted-video elementor-wrapper elementor-open-inline\">\n\t\t\t\t\t<video class=\"elementor-video\" src=\"https:\/\/tw-group.com\/video\/TWG_values_EN.mp4\" controls=\"\" preload=\"metadata\" controlsList=\"nodownload\"><\/video>\n\t\t\t\t<\/div>\n\t\t\t\t\t\t<\/div>\n\t\t\t\t<\/div>\n\t\t\t\t\t<\/div>\n\t\t<\/div>\n\t\t\t\t<div class=\"elementor-column elementor-col-50 elementor-top-column elementor-element elementor-element-29398686\" data-id=\"29398686\" data-element_type=\"column\" data-e-type=\"column\">\n\t\t\t<div class=\"elementor-widget-wrap elementor-element-populated\">\n\t\t\t\t\t\t<div class=\"elementor-element elementor-element-57bfd777 elementor-widget elementor-widget-globefarer_core_divided_image_info\" data-id=\"57bfd777\" data-element_type=\"widget\" data-e-type=\"widget\" data-widget_type=\"globefarer_core_divided_image_info.default\">\n\t\t\t\t<div class=\"elementor-widget-container\">\n\t\t\t\t\t<div class=\"qodef-shortcode qodef-m  qodef-divided-image-info qodef-layout--image-left qodef-separator--on qodef-vertically-centered--on qodef-breakpoint--1024 qodef-appear-animation--no \">\n\t<div class=\"qodef-m-content\" style=\"margin-top: 0px;padding-left: 4%\">\n\t\t\t<h2 itemprop=\"name\" class=\"qodef-m-title\" style=\"margin-bottom: 29px\">\n\tNous grandissons ensemble\t<\/h2>\n\t<p class=\"qodef-m-text\" >\n\t\tTruck&amp;Wheel - TW Group est une organisation internationale consolid\u00e9e du secteur de la logistique et du transport (TW Logistics) et de la production de pi\u00e8ces automobiles (TW Automotive).\n\t<\/p>\n\t<a class=\"qodef-shortcode qodef-m qodef-m-button qodef-button qodef-layout--textual  qodef-html--link\" href=\"http:\/\/www.tw-group.com\/\" target=\"_blank\"  >\t\t\t<span class=\"qodef-m-button-icon\"><svg class=\"qodef-svg--plus\" xmlns=\"http:\/\/www.w3.org\/2000\/svg\" xmlns:xlink=\"http:\/\/www.w3.org\/1999\/xlink\" width=\"14\" height=\"14\" viewBox=\"0 0 14 14\"><path class=\"qodef-m-horizontal\" d=\"M0,0H14V2H0Z\" transform=\"translate(0 6)\" \/><path class=\"qodef-m-vertical\" d=\"M0,0H2V14H0Z\" transform=\"translate(6)\" \/><\/svg><\/span>\t\t\t\t<span class=\"qodef-m-button-text\">En savoir<br \/> plus sur TW Logistics <\/span>\t<\/a><\/div>\n<\/div>\n\t\t\t\t<\/div>\n\t\t\t\t<\/div>\n\t\t\t\t\t<\/div>\n\t\t<\/div>\n\t\t\t\t\t<\/div>\n\t\t<\/section>\n\t\t\t\t<section class=\"elementor-section elementor-top-section elementor-element elementor-element-5faa3d23 qodef-elementor-content-grid elementor-section-full_width elementor-section-height-default elementor-section-height-default\" data-id=\"5faa3d23\" data-element_type=\"section\" data-e-type=\"section\">\n\t\t\t\t\t\t<div class=\"elementor-container elementor-column-gap-no\">\n\t\t\t\t\t<div class=\"elementor-column elementor-col-100 elementor-top-column elementor-element elementor-element-1e731441\" data-id=\"1e731441\" data-element_type=\"column\" data-e-type=\"column\">\n\t\t\t<div class=\"elementor-widget-wrap elementor-element-populated\">\n\t\t\t\t\t\t<div class=\"elementor-element elementor-element-7953ae11 elementor-widget elementor-widget-globefarer_core_accordion_info\" data-id=\"7953ae11\" data-element_type=\"widget\" data-e-type=\"widget\" data-widget_type=\"globefarer_core_accordion_info.default\">\n\t\t\t\t<div class=\"elementor-widget-container\">\n\t\t\t\t\t<div class=\"qodef-shortcode qodef-m  qodef-accordion-info qodef-behavior--accordion qodef-layout--extended-compact \">\n\t<div class=\"qodef-m-heading\">\n\t\t<h6 class=\"qodef-m-heading-title\">\n\t\tN\u00e9e en 1998\t<\/h6>\n<\/div>\n\t<div class=\"qodef-accordion-info-inner\">\n\t\t\t\t\t\t\t\t\t\t\t\t\t<div class=\"qodef-m-navigation\">\n\t\t<h4 class=\"qodef-m-title\">\n\t\tTruck&amp;Wheel-TW Group\t<\/h4>\n\t<p class=\"qodef-m-tagline\">\n\t\tA \u00e9t\u00e9 fond\u00e9e en 1998 par un groupe de professionnels forts d\u2019une riche exp\u00e9rience dans le secteur de la logistique, \t<\/p>\n<div class=\"qodef-m-mark\">\n\t<svg class=\"qodef-svg--plus\" xmlns=\"http:\/\/www.w3.org\/2000\/svg\" xmlns:xlink=\"http:\/\/www.w3.org\/1999\/xlink\" width=\"14\" height=\"14\" viewBox=\"0 0 14 14\"><path class=\"qodef-m-horizontal\" d=\"M0,0H14V2H0Z\" transform=\"translate(0 6)\" \/><path class=\"qodef-m-vertical\" d=\"M0,0H2V14H0Z\" transform=\"translate(6)\" \/><\/svg><\/div>\n<\/div>\n<div class=\"qodef-m-content\">\n\t\t<p class=\"qodef-m-text\">\n\t\tcapables d\u2019offrir un service personnalis\u00e9 et de qualit\u00e9 pour le transport, le stockage et la livraison de marchandises. \t<\/p>\n<\/div>\n\t\t\t\t\t\t\t\t\t\t\t<div class=\"qodef-m-navigation\">\n\t\t<h4 class=\"qodef-m-title\">\n\t\tPionni\u00e8re dans la livraison nocturne\t<\/h4>\n\t<p class=\"qodef-m-tagline\">\n\t\tEntreprise leader en l\u2019an 2000 de la livraison nocturne de pi\u00e8ces de rechange en Espagne. \t<\/p>\n<div class=\"qodef-m-mark\">\n\t<svg class=\"qodef-svg--plus\" xmlns=\"http:\/\/www.w3.org\/2000\/svg\" xmlns:xlink=\"http:\/\/www.w3.org\/1999\/xlink\" width=\"14\" height=\"14\" viewBox=\"0 0 14 14\"><path class=\"qodef-m-horizontal\" d=\"M0,0H14V2H0Z\" transform=\"translate(0 6)\" \/><path class=\"qodef-m-vertical\" d=\"M0,0H2V14H0Z\" transform=\"translate(6)\" \/><\/svg><\/div>\n<\/div>\n<div class=\"qodef-m-content\">\n\t\t<p class=\"qodef-m-text\">\n\t\tElle a d\u00e9velopp\u00e9 son propre syst\u00e8me, qui permet la livraison de marchandises dans les installations du client pendant les heures de fermeture. \t<\/p>\n<\/div>\n\t\t\t\t\t\t\t\t\t\t\t<div class=\"qodef-m-navigation\">\n\t\t<h4 class=\"qodef-m-title\">\n\t\tD\u00e9veloppement en tant qu\u2019op\u00e9rateur logistique international\t<\/h4>\n\t<p class=\"qodef-m-tagline\">\n\t\tAu cours des dix premi\u00e8res ann\u00e9es, le groupe s\u2019est consolid\u00e9 par produits et secteurs, via un vaste r\u00e9seau logistique et de livraison en Espagne, au Portugal, en France et en Allemagne. \t<\/p>\n<div class=\"qodef-m-mark\">\n\t<svg class=\"qodef-svg--plus\" xmlns=\"http:\/\/www.w3.org\/2000\/svg\" xmlns:xlink=\"http:\/\/www.w3.org\/1999\/xlink\" width=\"14\" height=\"14\" viewBox=\"0 0 14 14\"><path class=\"qodef-m-horizontal\" d=\"M0,0H14V2H0Z\" transform=\"translate(0 6)\" \/><path class=\"qodef-m-vertical\" d=\"M0,0H2V14H0Z\" transform=\"translate(6)\" \/><\/svg><\/div>\n<\/div>\n<div class=\"qodef-m-content\">\n\t\t<p class=\"qodef-m-text\">\n\t\tGr\u00e2ce \u00e0 ce vaste r\u00e9seau, \u00e0 une innovation technologique constante et aux r\u00e9sultats obtenus, il fait figure de r\u00e9f\u00e9rence dans le secteur de la logistique et du transport en Europe.\t<\/p>\n<\/div>\n\t\t\t\t\t\t\t\t\t\t\t<div class=\"qodef-m-navigation\">\n\t\t<h4 class=\"qodef-m-title\">\n\t\tNotre activit\u00e9 et notre pr\u00e9sence \u00e0 l\u2019international\t<\/h4>\n\t<p class=\"qodef-m-tagline\">\n\t\tEn 2015, le groupe diversifie son activit\u00e9, via la cr\u00e9ation de deux branches :\t<\/p>\n<div class=\"qodef-m-mark\">\n\t<svg class=\"qodef-svg--plus\" xmlns=\"http:\/\/www.w3.org\/2000\/svg\" xmlns:xlink=\"http:\/\/www.w3.org\/1999\/xlink\" width=\"14\" height=\"14\" viewBox=\"0 0 14 14\"><path class=\"qodef-m-horizontal\" d=\"M0,0H14V2H0Z\" transform=\"translate(0 6)\" \/><path class=\"qodef-m-vertical\" d=\"M0,0H2V14H0Z\" transform=\"translate(6)\" \/><\/svg><\/div>\n<\/div>\n<div class=\"qodef-m-content\">\n\t\t<p class=\"qodef-m-text\">\n\t\tTW Logistics : qui d\u00e9veloppe l\u2019h\u00e9ritage original du groupe en tant qu\u2019op\u00e9rateur logistique international.\nTW Automotive : fournisseur Tier 1 produisant et livrant en s\u00e9quence des pi\u00e8ces pour des marques automobiles Premium au Mexique.\n\t<\/p>\n<\/div>\n\t\t\t\t\t\t\t\t\t\t\t<div class=\"qodef-m-navigation\">\n\t\t<h4 class=\"qodef-m-title\">\n\t\tPr\u00e9sent et futur\t<\/h4>\n\t<p class=\"qodef-m-tagline\">\n\t\t\u00c0 l\u2019heure actuelle, cette multinationale consacr\u00e9e \u00e0 la logistique et \u00e0 l\u2019automobile dispose de 5 sites de production hautement robotis\u00e9s au Mexique, aux \u00c9tats-Unis et en Allemagne, en plus de 42 plateformes logistiques en Espagne, en France, au Portugal, au Royaume-Uni et en Su\u00e8de. \t<\/p>\n<div class=\"qodef-m-mark\">\n\t<svg class=\"qodef-svg--plus\" xmlns=\"http:\/\/www.w3.org\/2000\/svg\" xmlns:xlink=\"http:\/\/www.w3.org\/1999\/xlink\" width=\"14\" height=\"14\" viewBox=\"0 0 14 14\"><path class=\"qodef-m-horizontal\" d=\"M0,0H14V2H0Z\" transform=\"translate(0 6)\" \/><path class=\"qodef-m-vertical\" d=\"M0,0H2V14H0Z\" transform=\"translate(6)\" \/><\/svg><\/div>\n<\/div>\n<div class=\"qodef-m-content\">\n\t\t<p class=\"qodef-m-text\">\n\t\tEt surtout, elle compte plus de 3.000 professionnels tourn\u00e9s vers l\u2019avenir, qui sont les v\u00e9ritables acteurs de cette histoire.\t<\/p>\n<\/div>\n\t\t\t\t\t\t<\/div>\n<\/div>\n\t\t\t\t<\/div>\n\t\t\t\t<\/div>\n\t\t\t\t\t<\/div>\n\t\t<\/div>\n\t\t\t\t\t<\/div>\n\t\t<\/section>\n\t\t\t\t<\/div>\n\t\t","protected":false},"excerpt":{"rendered":"<p>https:\/\/tw-group.com\/video\/TWG_values_EN.mp4 Nous grandissons ensemble Truck&amp;Wheel &#8211; TW Group est une organisation internationale consolid\u00e9e du secteur de la logistique et du transport (TW Logistics) et de la production de pi\u00e8ces automobiles (TW Automotive). En savoir plus sur TW Logistics N\u00e9e en 1998 Truck&amp;Wheel-TW Group A \u00e9t\u00e9 fond\u00e9e en 1998 par un groupe de professionnels forts d\u2019une [&hellip;]<\/p>\n","protected":false},"author":1,"featured_media":23662,"parent":0,"menu_order":0,"comment_status":"closed","ping_status":"closed","template":"page-full-width.php","meta":{"footnotes":""},"class_list":["post-21335","page","type-page","status-publish","has-post-thumbnail","hentry"],"yoast_head":"<!-- This site is optimized with the Yoast SEO plugin v27.3 - https:\/\/yoast.com\/product\/yoast-seo-wordpress\/ -->\n<title>\u00c9volution TW Group - TW Group -TW Automotive<\/title>\n<meta name=\"description\" content=\"Truck and Wheel a \u00e9t\u00e9 fond\u00e9e en 1998 par un groupe de professionnels poss\u00e9dant une vaste exp\u00e9rience dans le secteur de la logistique. Actuellement, cette multinationale de la logistique et de l&#039;automobile poss\u00e8de cinq usines de production hautement robotis\u00e9es au Mexique, aux \u00c9tats-Unis et en Allemagne, ainsi que 42 centres logistiques en Espagne, en France, au Portugal, au Royaume-Uni et en Su\u00e8de. Plus de 3 000 professionnels donnent vie \u00e0 cette histoire, tourn\u00e9e vers l&#039;avenir.\" \/>\n<meta name=\"robots\" content=\"index, follow, max-snippet:-1, max-image-preview:large, max-video-preview:-1\" \/>\n<link rel=\"canonical\" href=\"https:\/\/tw-group.com\/fr\/evolution-et-valeurs\/\" \/>\n<meta property=\"og:locale\" content=\"fr_FR\" \/>\n<meta property=\"og:type\" content=\"article\" \/>\n<meta property=\"og:title\" content=\"\u00c9volution TW Group - TW Group -TW Automotive\" \/>\n<meta property=\"og:description\" content=\"Truck and Wheel a \u00e9t\u00e9 fond\u00e9e en 1998 par un groupe de professionnels poss\u00e9dant une vaste exp\u00e9rience dans le secteur de la logistique. Actuellement, cette multinationale de la logistique et de l&#039;automobile poss\u00e8de cinq usines de production hautement robotis\u00e9es au Mexique, aux \u00c9tats-Unis et en Allemagne, ainsi que 42 centres logistiques en Espagne, en France, au Portugal, au Royaume-Uni et en Su\u00e8de. Plus de 3 000 professionnels donnent vie \u00e0 cette histoire, tourn\u00e9e vers l&#039;avenir.\" \/>\n<meta property=\"og:url\" content=\"https:\/\/tw-group.com\/fr\/evolution-et-valeurs\/\" \/>\n<meta property=\"og:site_name\" content=\"TW Group\" \/>\n<meta property=\"article:modified_time\" content=\"2023-05-25T08:00:31+00:00\" \/>\n<meta property=\"og:image\" content=\"https:\/\/tw-group.com\/wp-content\/uploads\/2023\/03\/TW_Group.jpg\" \/>\n\t<meta property=\"og:image:width\" content=\"2560\" \/>\n\t<meta property=\"og:image:height\" content=\"1065\" \/>\n\t<meta property=\"og:image:type\" content=\"image\/jpeg\" \/>\n<meta name=\"twitter:card\" content=\"summary_large_image\" \/>\n<script type=\"application\/ld+json\" class=\"yoast-schema-graph\">{\"@context\":\"https:\\\/\\\/schema.org\",\"@graph\":[{\"@type\":\"WebPage\",\"@id\":\"https:\\\/\\\/tw-group.com\\\/fr\\\/evolution-et-valeurs\\\/\",\"url\":\"https:\\\/\\\/tw-group.com\\\/fr\\\/evolution-et-valeurs\\\/\",\"name\":\"\u00c9volution TW Group - TW Group -TW Automotive\",\"isPartOf\":{\"@id\":\"https:\\\/\\\/tw-group.com\\\/fr\\\/#website\"},\"primaryImageOfPage\":{\"@id\":\"https:\\\/\\\/tw-group.com\\\/fr\\\/evolution-et-valeurs\\\/#primaryimage\"},\"image\":{\"@id\":\"https:\\\/\\\/tw-group.com\\\/fr\\\/evolution-et-valeurs\\\/#primaryimage\"},\"thumbnailUrl\":\"https:\\\/\\\/tw-group.com\\\/wp-content\\\/uploads\\\/2023\\\/03\\\/TW_Group.jpg\",\"datePublished\":\"2023-01-09T16:05:41+00:00\",\"dateModified\":\"2023-05-25T08:00:31+00:00\",\"description\":\"Truck and Wheel a \u00e9t\u00e9 fond\u00e9e en 1998 par un groupe de professionnels poss\u00e9dant une vaste exp\u00e9rience dans le secteur de la logistique. Actuellement, cette multinationale de la logistique et de l'automobile poss\u00e8de cinq usines de production hautement robotis\u00e9es au Mexique, aux \u00c9tats-Unis et en Allemagne, ainsi que 42 centres logistiques en Espagne, en France, au Portugal, au Royaume-Uni et en Su\u00e8de. Plus de 3 000 professionnels donnent vie \u00e0 cette histoire, tourn\u00e9e vers l'avenir.\",\"breadcrumb\":{\"@id\":\"https:\\\/\\\/tw-group.com\\\/fr\\\/evolution-et-valeurs\\\/#breadcrumb\"},\"inLanguage\":\"fr-FR\",\"potentialAction\":[{\"@type\":\"ReadAction\",\"target\":[\"https:\\\/\\\/tw-group.com\\\/fr\\\/evolution-et-valeurs\\\/\"]}]},{\"@type\":\"ImageObject\",\"inLanguage\":\"fr-FR\",\"@id\":\"https:\\\/\\\/tw-group.com\\\/fr\\\/evolution-et-valeurs\\\/#primaryimage\",\"url\":\"https:\\\/\\\/tw-group.com\\\/wp-content\\\/uploads\\\/2023\\\/03\\\/TW_Group.jpg\",\"contentUrl\":\"https:\\\/\\\/tw-group.com\\\/wp-content\\\/uploads\\\/2023\\\/03\\\/TW_Group.jpg\",\"width\":2560,\"height\":1065,\"caption\":\"abstract world map digital texture pattern technology innovation concept background eps 10 vector\"},{\"@type\":\"BreadcrumbList\",\"@id\":\"https:\\\/\\\/tw-group.com\\\/fr\\\/evolution-et-valeurs\\\/#breadcrumb\",\"itemListElement\":[{\"@type\":\"ListItem\",\"position\":1,\"name\":\"Portada\",\"item\":\"https:\\\/\\\/tw-group.com\\\/fr\\\/\"},{\"@type\":\"ListItem\",\"position\":2,\"name\":\"\u00c9volution et valeurs\"}]},{\"@type\":\"WebSite\",\"@id\":\"https:\\\/\\\/tw-group.com\\\/fr\\\/#website\",\"url\":\"https:\\\/\\\/tw-group.com\\\/fr\\\/\",\"name\":\"TW Group\",\"description\":\"\",\"potentialAction\":[{\"@type\":\"SearchAction\",\"target\":{\"@type\":\"EntryPoint\",\"urlTemplate\":\"https:\\\/\\\/tw-group.com\\\/fr\\\/?s={search_term_string}\"},\"query-input\":{\"@type\":\"PropertyValueSpecification\",\"valueRequired\":true,\"valueName\":\"search_term_string\"}}],\"inLanguage\":\"fr-FR\"}]}<\/script>\n<!-- \/ Yoast SEO plugin. -->","yoast_head_json":{"title":"\u00c9volution TW Group - TW Group -TW Automotive","description":"Truck and Wheel a \u00e9t\u00e9 fond\u00e9e en 1998 par un groupe de professionnels poss\u00e9dant une vaste exp\u00e9rience dans le secteur de la logistique. Actuellement, cette multinationale de la logistique et de l'automobile poss\u00e8de cinq usines de production hautement robotis\u00e9es au Mexique, aux \u00c9tats-Unis et en Allemagne, ainsi que 42 centres logistiques en Espagne, en France, au Portugal, au Royaume-Uni et en Su\u00e8de. Plus de 3 000 professionnels donnent vie \u00e0 cette histoire, tourn\u00e9e vers l'avenir.","robots":{"index":"index","follow":"follow","max-snippet":"max-snippet:-1","max-image-preview":"max-image-preview:large","max-video-preview":"max-video-preview:-1"},"canonical":"https:\/\/tw-group.com\/fr\/evolution-et-valeurs\/","og_locale":"fr_FR","og_type":"article","og_title":"\u00c9volution TW Group - TW Group -TW Automotive","og_description":"Truck and Wheel a \u00e9t\u00e9 fond\u00e9e en 1998 par un groupe de professionnels poss\u00e9dant une vaste exp\u00e9rience dans le secteur de la logistique. Actuellement, cette multinationale de la logistique et de l'automobile poss\u00e8de cinq usines de production hautement robotis\u00e9es au Mexique, aux \u00c9tats-Unis et en Allemagne, ainsi que 42 centres logistiques en Espagne, en France, au Portugal, au Royaume-Uni et en Su\u00e8de. Plus de 3 000 professionnels donnent vie \u00e0 cette histoire, tourn\u00e9e vers l'avenir.","og_url":"https:\/\/tw-group.com\/fr\/evolution-et-valeurs\/","og_site_name":"TW Group","article_modified_time":"2023-05-25T08:00:31+00:00","og_image":[{"width":2560,"height":1065,"url":"https:\/\/tw-group.com\/wp-content\/uploads\/2023\/03\/TW_Group.jpg","type":"image\/jpeg"}],"twitter_card":"summary_large_image","schema":{"@context":"https:\/\/schema.org","@graph":[{"@type":"WebPage","@id":"https:\/\/tw-group.com\/fr\/evolution-et-valeurs\/","url":"https:\/\/tw-group.com\/fr\/evolution-et-valeurs\/","name":"\u00c9volution TW Group - TW Group -TW Automotive","isPartOf":{"@id":"https:\/\/tw-group.com\/fr\/#website"},"primaryImageOfPage":{"@id":"https:\/\/tw-group.com\/fr\/evolution-et-valeurs\/#primaryimage"},"image":{"@id":"https:\/\/tw-group.com\/fr\/evolution-et-valeurs\/#primaryimage"},"thumbnailUrl":"https:\/\/tw-group.com\/wp-content\/uploads\/2023\/03\/TW_Group.jpg","datePublished":"2023-01-09T16:05:41+00:00","dateModified":"2023-05-25T08:00:31+00:00","description":"Truck and Wheel a \u00e9t\u00e9 fond\u00e9e en 1998 par un groupe de professionnels poss\u00e9dant une vaste exp\u00e9rience dans le secteur de la logistique. Actuellement, cette multinationale de la logistique et de l'automobile poss\u00e8de cinq usines de production hautement robotis\u00e9es au Mexique, aux \u00c9tats-Unis et en Allemagne, ainsi que 42 centres logistiques en Espagne, en France, au Portugal, au Royaume-Uni et en Su\u00e8de. Plus de 3 000 professionnels donnent vie \u00e0 cette histoire, tourn\u00e9e vers l'avenir.","breadcrumb":{"@id":"https:\/\/tw-group.com\/fr\/evolution-et-valeurs\/#breadcrumb"},"inLanguage":"fr-FR","potentialAction":[{"@type":"ReadAction","target":["https:\/\/tw-group.com\/fr\/evolution-et-valeurs\/"]}]},{"@type":"ImageObject","inLanguage":"fr-FR","@id":"https:\/\/tw-group.com\/fr\/evolution-et-valeurs\/#primaryimage","url":"https:\/\/tw-group.com\/wp-content\/uploads\/2023\/03\/TW_Group.jpg","contentUrl":"https:\/\/tw-group.com\/wp-content\/uploads\/2023\/03\/TW_Group.jpg","width":2560,"height":1065,"caption":"abstract world map digital texture pattern technology innovation concept background eps 10 vector"},{"@type":"BreadcrumbList","@id":"https:\/\/tw-group.com\/fr\/evolution-et-valeurs\/#breadcrumb","itemListElement":[{"@type":"ListItem","position":1,"name":"Portada","item":"https:\/\/tw-group.com\/fr\/"},{"@type":"ListItem","position":2,"name":"\u00c9volution et valeurs"}]},{"@type":"WebSite","@id":"https:\/\/tw-group.com\/fr\/#website","url":"https:\/\/tw-group.com\/fr\/","name":"TW Group","description":"","potentialAction":[{"@type":"SearchAction","target":{"@type":"EntryPoint","urlTemplate":"https:\/\/tw-group.com\/fr\/?s={search_term_string}"},"query-input":{"@type":"PropertyValueSpecification","valueRequired":true,"valueName":"search_term_string"}}],"inLanguage":"fr-FR"}]}},"_links":{"self":[{"href":"https:\/\/tw-group.com\/fr\/wp-json\/wp\/v2\/pages\/21335","targetHints":{"allow":["GET"]}}],"collection":[{"href":"https:\/\/tw-group.com\/fr\/wp-json\/wp\/v2\/pages"}],"about":[{"href":"https:\/\/tw-group.com\/fr\/wp-json\/wp\/v2\/types\/page"}],"author":[{"embeddable":true,"href":"https:\/\/tw-group.com\/fr\/wp-json\/wp\/v2\/users\/1"}],"replies":[{"embeddable":true,"href":"https:\/\/tw-group.com\/fr\/wp-json\/wp\/v2\/comments?post=21335"}],"version-history":[{"count":0,"href":"https:\/\/tw-group.com\/fr\/wp-json\/wp\/v2\/pages\/21335\/revisions"}],"wp:featuredmedia":[{"embeddable":true,"href":"https:\/\/tw-group.com\/fr\/wp-json\/wp\/v2\/media\/23662"}],"wp:attachment":[{"href":"https:\/\/tw-group.com\/fr\/wp-json\/wp\/v2\/media?parent=21335"}],"curies":[{"name":"wp","href":"https:\/\/api.w.org\/{rel}","templated":true}]}}