{"id":28928,"date":"2023-01-09T17:05:41","date_gmt":"2023-01-09T16:05:41","guid":{"rendered":"https:\/\/tw-group.com\/evolucion-y-valores\/"},"modified":"2023-08-04T11:58:01","modified_gmt":"2023-08-04T09:58:01","slug":"entwicklung-und-werte","status":"publish","type":"page","link":"https:\/\/tw-group.com\/de\/entwicklung-und-werte\/","title":{"rendered":"Entwicklung und Werte"},"content":{"rendered":"\t\t<div data-elementor-type=\"wp-page\" data-elementor-id=\"28928\" class=\"elementor elementor-28928 elementor-16361\" data-elementor-post-type=\"page\">\n\t\t\t\t\t\t<section class=\"elementor-section elementor-top-section elementor-element elementor-element-43e09f45 elementor-section-boxed elementor-section-height-default elementor-section-height-default qodef-elementor-content-no\" data-id=\"43e09f45\" data-element_type=\"section\" data-e-type=\"section\">\n\t\t\t\t\t\t<div class=\"elementor-container elementor-column-gap-default\">\n\t\t\t\t\t<div class=\"elementor-column elementor-col-50 elementor-top-column elementor-element elementor-element-58e84684\" data-id=\"58e84684\" data-element_type=\"column\" data-e-type=\"column\">\n\t\t\t<div class=\"elementor-widget-wrap elementor-element-populated\">\n\t\t\t\t\t\t<div class=\"elementor-element elementor-element-4c223625 elementor-widget elementor-widget-video\" data-id=\"4c223625\" data-element_type=\"widget\" data-e-type=\"widget\" data-settings=\"{&quot;video_type&quot;:&quot;hosted&quot;,&quot;controls&quot;:&quot;yes&quot;}\" data-widget_type=\"video.default\">\n\t\t\t\t<div class=\"elementor-widget-container\">\n\t\t\t\t\t\t\t<div class=\"e-hosted-video elementor-wrapper elementor-open-inline\">\n\t\t\t\t\t<video class=\"elementor-video\" src=\"https:\/\/tw-group.com\/video\/TWG_valores_ES.mp4\" controls=\"\" preload=\"metadata\" controlsList=\"nodownload\"><\/video>\n\t\t\t\t<\/div>\n\t\t\t\t\t\t<\/div>\n\t\t\t\t<\/div>\n\t\t\t\t\t<\/div>\n\t\t<\/div>\n\t\t\t\t<div class=\"elementor-column elementor-col-50 elementor-top-column elementor-element elementor-element-29398686\" data-id=\"29398686\" data-element_type=\"column\" data-e-type=\"column\">\n\t\t\t<div class=\"elementor-widget-wrap elementor-element-populated\">\n\t\t\t\t\t\t<div class=\"elementor-element elementor-element-57bfd777 elementor-widget elementor-widget-globefarer_core_divided_image_info\" data-id=\"57bfd777\" data-element_type=\"widget\" data-e-type=\"widget\" data-widget_type=\"globefarer_core_divided_image_info.default\">\n\t\t\t\t<div class=\"elementor-widget-container\">\n\t\t\t\t\t<div class=\"qodef-shortcode qodef-m  qodef-divided-image-info qodef-layout--image-left qodef-separator--on qodef-vertically-centered--on qodef-breakpoint--1024 qodef-appear-animation--no \">\n\t<div class=\"qodef-m-content\" style=\"margin-top: 0px;padding-left: 4%\">\n\t\t\t<h2 itemprop=\"name\" class=\"qodef-m-title\" style=\"margin-bottom: 29px\">\n\tWir entwickeln uns mit Ihnen\t<\/h2>\n\t<p class=\"qodef-m-text\" >\n\t\tDie Truck&amp;Wheel \u2013 TW Group ist ein konsolidiertes internationales Unternehmen in der Logistikbranche und im Transportwesen (TW Logistics) und dr\u00fcber hinaus ein Hersteller von Automobilkomponenten (TW Automotive).Die Positionierung des Unternehmens basiert auf vier Werten: ENGAGEMENT f\u00fcr den Erfolg unserer Kunden und kontinuierliche Verbesserung; WISSEN, spezialisiert auf die Sektoren, in denen wir t\u00e4tig sind, mit einem Engagement f\u00fcr Talente und Spitzentechnologie; FINANZIELLE UND STRATEGISCHE SOLIDARIT\u00c4T, mit einem Engagement f\u00fcr kontinuierliches und langfristiges Management; VERL\u00c4SSLICHKEIT durch unser Modell der Business Excellence.\t<\/p>\n\t<a class=\"qodef-shortcode qodef-m qodef-m-button qodef-button qodef-layout--textual  qodef-html--link\" href=\"\/gute-unternehmensfuehrung\/?lang=de\" target=\"_self\"  >\t\t\t<span class=\"qodef-m-button-icon\"><svg class=\"qodef-svg--plus\" xmlns=\"http:\/\/www.w3.org\/2000\/svg\" xmlns:xlink=\"http:\/\/www.w3.org\/1999\/xlink\" width=\"14\" height=\"14\" viewBox=\"0 0 14 14\"><path class=\"qodef-m-horizontal\" d=\"M0,0H14V2H0Z\" transform=\"translate(0 6)\" \/><path class=\"qodef-m-vertical\" d=\"M0,0H2V14H0Z\" transform=\"translate(6)\" \/><\/svg><\/span>\t\t\t\t<span class=\"qodef-m-button-text\">Siehe Unternehmensf\u00fchrung<br \/><\/span>\t<\/a><\/div>\n<\/div>\n\t\t\t\t<\/div>\n\t\t\t\t<\/div>\n\t\t\t\t\t<\/div>\n\t\t<\/div>\n\t\t\t\t\t<\/div>\n\t\t<\/section>\n\t\t\t\t<section class=\"elementor-section elementor-top-section elementor-element elementor-element-5faa3d23 qodef-elementor-content-grid elementor-section-full_width elementor-section-height-default elementor-section-height-default\" data-id=\"5faa3d23\" data-element_type=\"section\" data-e-type=\"section\">\n\t\t\t\t\t\t<div class=\"elementor-container elementor-column-gap-no\">\n\t\t\t\t\t<div class=\"elementor-column elementor-col-100 elementor-top-column elementor-element elementor-element-1e731441\" data-id=\"1e731441\" data-element_type=\"column\" data-e-type=\"column\">\n\t\t\t<div class=\"elementor-widget-wrap elementor-element-populated\">\n\t\t\t\t\t\t<div class=\"elementor-element elementor-element-7953ae11 elementor-widget elementor-widget-globefarer_core_accordion_info\" data-id=\"7953ae11\" data-element_type=\"widget\" data-e-type=\"widget\" data-widget_type=\"globefarer_core_accordion_info.default\">\n\t\t\t\t<div class=\"elementor-widget-container\">\n\t\t\t\t\t<div class=\"qodef-shortcode qodef-m  qodef-accordion-info qodef-behavior--accordion qodef-layout--extended-compact \">\n\t<div class=\"qodef-m-heading\">\n\t\t<h6 class=\"qodef-m-heading-title\">\n\t\t1998 gegr\u00fcndet\t<\/h6>\n<\/div>\n\t<div class=\"qodef-accordion-info-inner\">\n\t\t\t\t\t\t\t\t\t\t\t\t\t<div class=\"qodef-m-navigation\">\n\t\t<h4 class=\"qodef-m-title\">\n\t\tTruck&amp;Wheel-TW Group\t<\/h4>\n\t<p class=\"qodef-m-tagline\">\n\t\tEs wurde 1998 von einer Gruppe von Fachleuten mit umfassender Erfahrung im Logistiksektor gegr\u00fcndet.\t<\/p>\n<div class=\"qodef-m-mark\">\n\t<svg class=\"qodef-svg--plus\" xmlns=\"http:\/\/www.w3.org\/2000\/svg\" xmlns:xlink=\"http:\/\/www.w3.org\/1999\/xlink\" width=\"14\" height=\"14\" viewBox=\"0 0 14 14\"><path class=\"qodef-m-horizontal\" d=\"M0,0H14V2H0Z\" transform=\"translate(0 6)\" \/><path class=\"qodef-m-vertical\" d=\"M0,0H2V14H0Z\" transform=\"translate(6)\" \/><\/svg><\/div>\n<\/div>\n<div class=\"qodef-m-content\">\n\t\t<p class=\"qodef-m-text\">\n\t\tSie wurde gegr\u00fcndet, um einen personalisierten und qualitativ hochwertigen Service f\u00fcr den Transport, die Lagerung und die Verteilung von Waren anzubieten.\t<\/p>\n<\/div>\n\t\t\t\t\t\t\t\t\t\t\t<div class=\"qodef-m-navigation\">\n\t\t<h4 class=\"qodef-m-title\">\n\t\tPioniere im Nachtversand\t<\/h4>\n\t<p class=\"qodef-m-tagline\">\n\t\tIm Jahr 2000 Marktf\u00fchrer im Nachtversand von Autoersatzteilen in Spanien. \t<\/p>\n<div class=\"qodef-m-mark\">\n\t<svg class=\"qodef-svg--plus\" xmlns=\"http:\/\/www.w3.org\/2000\/svg\" xmlns:xlink=\"http:\/\/www.w3.org\/1999\/xlink\" width=\"14\" height=\"14\" viewBox=\"0 0 14 14\"><path class=\"qodef-m-horizontal\" d=\"M0,0H14V2H0Z\" transform=\"translate(0 6)\" \/><path class=\"qodef-m-vertical\" d=\"M0,0H2V14H0Z\" transform=\"translate(6)\" \/><\/svg><\/div>\n<\/div>\n<div class=\"qodef-m-content\">\n\t\t<p class=\"qodef-m-text\">\n\t\tEntwickelt ein eigenes System, damit die Auslieferung der Ware auch dann in den Betriebsst\u00e4tten der Kunden erfolgen kann, wenn sie geschlossen sind.\t<\/p>\n<\/div>\n\t\t\t\t\t\t\t\t\t\t\t<div class=\"qodef-m-navigation\">\n\t\t<h4 class=\"qodef-m-title\">\n\t\tWachstum als globales Logistikunternehmen\t<\/h4>\n\t<p class=\"qodef-m-tagline\">\n\t\tIn den ersten zehn Jahren konsolidierte sich das Unternehmen im Bereich verschiedener Produkte und Branchen und baute ein weitreichendes Logistik- und Vertriebsnetz in Spanien, Portugal, Frankreich und Deutschland auf. \t<\/p>\n<div class=\"qodef-m-mark\">\n\t<svg class=\"qodef-svg--plus\" xmlns=\"http:\/\/www.w3.org\/2000\/svg\" xmlns:xlink=\"http:\/\/www.w3.org\/1999\/xlink\" width=\"14\" height=\"14\" viewBox=\"0 0 14 14\"><path class=\"qodef-m-horizontal\" d=\"M0,0H14V2H0Z\" transform=\"translate(0 6)\" \/><path class=\"qodef-m-vertical\" d=\"M0,0H2V14H0Z\" transform=\"translate(6)\" \/><\/svg><\/div>\n<\/div>\n<div class=\"qodef-m-content\">\n\t\t<p class=\"qodef-m-text\">\n\t\tDieses weitreichende Netz, konstante technologische Innovationen und die positiven Ergebnisse machten das Unternehmen zu einer Referenz in der Logistik- und Transportbranche Europas.\t<\/p>\n<\/div>\n\t\t\t\t\t\t\t\t\t\t\t<div class=\"qodef-m-navigation\">\n\t\t<h4 class=\"qodef-m-title\">\n\t\tTW Automotive \t<\/h4>\n\t<p class=\"qodef-m-tagline\">\n\t\t2015 diversifiziert die Gruppe ihre Aktivit\u00e4t und bildet zwei Gesch\u00e4ftsbereiche:\t<\/p>\n<div class=\"qodef-m-mark\">\n\t<svg class=\"qodef-svg--plus\" xmlns=\"http:\/\/www.w3.org\/2000\/svg\" xmlns:xlink=\"http:\/\/www.w3.org\/1999\/xlink\" width=\"14\" height=\"14\" viewBox=\"0 0 14 14\"><path class=\"qodef-m-horizontal\" d=\"M0,0H14V2H0Z\" transform=\"translate(0 6)\" \/><path class=\"qodef-m-vertical\" d=\"M0,0H2V14H0Z\" transform=\"translate(6)\" \/><\/svg><\/div>\n<\/div>\n<div class=\"qodef-m-content\">\n\t\t<p class=\"qodef-m-text\">\n\t\tTW Logistics entwickelt sich auf der Grundlage des Erbes im urspr\u00fcnglichen T\u00e4tigkeitsfeld der Gruppe zu einem globalen Logistikunternehmen.\nTW Automotive produziert und liefert als Tier-1-Zulieferer just-in-Sequence Komponenten f\u00fcr Premium-Automobilmarken in Mexiko.\t<\/p>\n<\/div>\n\t\t\t\t\t\t\t\t\t\t\t<div class=\"qodef-m-navigation\">\n\t\t<h4 class=\"qodef-m-title\">\n\t\tGegenwart und Zukunft\t<\/h4>\n\t<p class=\"qodef-m-tagline\">\n\t\tGegenw\u00e4rtig betreibt das multinationale Unternehmen f\u00fcr Logistik und Automotive f\u00fcnf hochgradig robotisierte Werke in Mexiko, den USA und Deutschland. Dazu kommen 42 Logistikzentren in Spanien, Frankreich, Portugal, dem VK und Schweden. \t<\/p>\n<div class=\"qodef-m-mark\">\n\t<svg class=\"qodef-svg--plus\" xmlns=\"http:\/\/www.w3.org\/2000\/svg\" xmlns:xlink=\"http:\/\/www.w3.org\/1999\/xlink\" width=\"14\" height=\"14\" viewBox=\"0 0 14 14\"><path class=\"qodef-m-horizontal\" d=\"M0,0H14V2H0Z\" transform=\"translate(0 6)\" \/><path class=\"qodef-m-vertical\" d=\"M0,0H2V14H0Z\" transform=\"translate(6)\" \/><\/svg><\/div>\n<\/div>\n<div class=\"qodef-m-content\">\n\t\t<p class=\"qodef-m-text\">\n\t\tUnd das wichtigste von allem sind die 2.000 Mitarbeiter. Sie geben der Geschichte des Unternehmens Leben und sind seine Zukunft.\t<\/p>\n<\/div>\n\t\t\t\t\t\t<\/div>\n<\/div>\n\t\t\t\t<\/div>\n\t\t\t\t<\/div>\n\t\t\t\t\t<\/div>\n\t\t<\/div>\n\t\t\t\t\t<\/div>\n\t\t<\/section>\n\t\t\t\t<\/div>\n\t\t","protected":false},"excerpt":{"rendered":"<p>https:\/\/tw-group.com\/video\/TWG_valores_ES.mp4 Wir entwickeln uns mit Ihnen Die Truck&amp;Wheel \u2013 TW Group ist ein konsolidiertes internationales Unternehmen in der Logistikbranche und im Transportwesen (TW Logistics) und dr\u00fcber hinaus ein Hersteller von Automobilkomponenten (TW Automotive).Die Positionierung des Unternehmens basiert auf vier Werten: ENGAGEMENT f\u00fcr den Erfolg unserer Kunden und kontinuierliche Verbesserung; WISSEN, spezialisiert auf die Sektoren, in [&hellip;]<\/p>\n","protected":false},"author":1,"featured_media":28788,"parent":0,"menu_order":0,"comment_status":"closed","ping_status":"closed","template":"page-full-width.php","meta":{"footnotes":""},"class_list":["post-28928","page","type-page","status-publish","has-post-thumbnail","hentry"],"yoast_head":"<!-- This site is optimized with the Yoast SEO plugin v27.3 - https:\/\/yoast.com\/product\/yoast-seo-wordpress\/ -->\n<title>Entwicklung und Werte - TW Group<\/title>\n<meta name=\"robots\" content=\"index, follow, max-snippet:-1, max-image-preview:large, max-video-preview:-1\" \/>\n<link rel=\"canonical\" href=\"https:\/\/tw-group.com\/de\/entwicklung-und-werte\/\" \/>\n<meta property=\"og:locale\" content=\"de_DE\" \/>\n<meta property=\"og:type\" content=\"article\" \/>\n<meta property=\"og:title\" content=\"Entwicklung und Werte - TW Group\" \/>\n<meta property=\"og:description\" content=\"https:\/\/tw-group.com\/video\/TWG_valores_ES.mp4 Wir entwickeln uns mit Ihnen Die Truck&amp;Wheel \u2013 TW Group ist ein konsolidiertes internationales Unternehmen in der Logistikbranche und im Transportwesen (TW Logistics) und dr\u00fcber hinaus ein Hersteller von Automobilkomponenten (TW Automotive).Die Positionierung des Unternehmens basiert auf vier Werten: ENGAGEMENT f\u00fcr den Erfolg unserer Kunden und kontinuierliche Verbesserung; WISSEN, spezialisiert auf die Sektoren, in [&hellip;]\" \/>\n<meta property=\"og:url\" content=\"https:\/\/tw-group.com\/de\/entwicklung-und-werte\/\" \/>\n<meta property=\"og:site_name\" content=\"TW Group\" \/>\n<meta property=\"article:modified_time\" content=\"2023-08-04T09:58:01+00:00\" \/>\n<meta property=\"og:image\" content=\"https:\/\/tw-group.com\/wp-content\/uploads\/2023\/03\/TW_Group.jpg\" \/>\n\t<meta property=\"og:image:width\" content=\"2560\" \/>\n\t<meta property=\"og:image:height\" content=\"1065\" \/>\n\t<meta property=\"og:image:type\" content=\"image\/jpeg\" \/>\n<meta name=\"twitter:card\" content=\"summary_large_image\" \/>\n<script type=\"application\/ld+json\" class=\"yoast-schema-graph\">{\"@context\":\"https:\\\/\\\/schema.org\",\"@graph\":[{\"@type\":\"WebPage\",\"@id\":\"https:\\\/\\\/tw-group.com\\\/de\\\/entwicklung-und-werte\\\/\",\"url\":\"https:\\\/\\\/tw-group.com\\\/de\\\/entwicklung-und-werte\\\/\",\"name\":\"Entwicklung und Werte - TW Group\",\"isPartOf\":{\"@id\":\"https:\\\/\\\/tw-group.com\\\/de\\\/#website\"},\"primaryImageOfPage\":{\"@id\":\"https:\\\/\\\/tw-group.com\\\/de\\\/entwicklung-und-werte\\\/#primaryimage\"},\"image\":{\"@id\":\"https:\\\/\\\/tw-group.com\\\/de\\\/entwicklung-und-werte\\\/#primaryimage\"},\"thumbnailUrl\":\"https:\\\/\\\/tw-group.com\\\/wp-content\\\/uploads\\\/2023\\\/03\\\/TW_Group.jpg\",\"datePublished\":\"2023-01-09T16:05:41+00:00\",\"dateModified\":\"2023-08-04T09:58:01+00:00\",\"breadcrumb\":{\"@id\":\"https:\\\/\\\/tw-group.com\\\/de\\\/entwicklung-und-werte\\\/#breadcrumb\"},\"inLanguage\":\"de\",\"potentialAction\":[{\"@type\":\"ReadAction\",\"target\":[\"https:\\\/\\\/tw-group.com\\\/de\\\/entwicklung-und-werte\\\/\"]}]},{\"@type\":\"ImageObject\",\"inLanguage\":\"de\",\"@id\":\"https:\\\/\\\/tw-group.com\\\/de\\\/entwicklung-und-werte\\\/#primaryimage\",\"url\":\"https:\\\/\\\/tw-group.com\\\/wp-content\\\/uploads\\\/2023\\\/03\\\/TW_Group.jpg\",\"contentUrl\":\"https:\\\/\\\/tw-group.com\\\/wp-content\\\/uploads\\\/2023\\\/03\\\/TW_Group.jpg\",\"width\":2560,\"height\":1065,\"caption\":\"Arquitectura de marca\"},{\"@type\":\"BreadcrumbList\",\"@id\":\"https:\\\/\\\/tw-group.com\\\/de\\\/entwicklung-und-werte\\\/#breadcrumb\",\"itemListElement\":[{\"@type\":\"ListItem\",\"position\":1,\"name\":\"Portada\",\"item\":\"https:\\\/\\\/tw-group.com\\\/de\\\/\"},{\"@type\":\"ListItem\",\"position\":2,\"name\":\"Entwicklung und Werte\"}]},{\"@type\":\"WebSite\",\"@id\":\"https:\\\/\\\/tw-group.com\\\/de\\\/#website\",\"url\":\"https:\\\/\\\/tw-group.com\\\/de\\\/\",\"name\":\"TW Group\",\"description\":\"\",\"potentialAction\":[{\"@type\":\"SearchAction\",\"target\":{\"@type\":\"EntryPoint\",\"urlTemplate\":\"https:\\\/\\\/tw-group.com\\\/de\\\/?s={search_term_string}\"},\"query-input\":{\"@type\":\"PropertyValueSpecification\",\"valueRequired\":true,\"valueName\":\"search_term_string\"}}],\"inLanguage\":\"de\"}]}<\/script>\n<!-- \/ Yoast SEO plugin. -->","yoast_head_json":{"title":"Entwicklung und Werte - TW Group","robots":{"index":"index","follow":"follow","max-snippet":"max-snippet:-1","max-image-preview":"max-image-preview:large","max-video-preview":"max-video-preview:-1"},"canonical":"https:\/\/tw-group.com\/de\/entwicklung-und-werte\/","og_locale":"de_DE","og_type":"article","og_title":"Entwicklung und Werte - TW Group","og_description":"https:\/\/tw-group.com\/video\/TWG_valores_ES.mp4 Wir entwickeln uns mit Ihnen Die Truck&amp;Wheel \u2013 TW Group ist ein konsolidiertes internationales Unternehmen in der Logistikbranche und im Transportwesen (TW Logistics) und dr\u00fcber hinaus ein Hersteller von Automobilkomponenten (TW Automotive).Die Positionierung des Unternehmens basiert auf vier Werten: ENGAGEMENT f\u00fcr den Erfolg unserer Kunden und kontinuierliche Verbesserung; WISSEN, spezialisiert auf die Sektoren, in [&hellip;]","og_url":"https:\/\/tw-group.com\/de\/entwicklung-und-werte\/","og_site_name":"TW Group","article_modified_time":"2023-08-04T09:58:01+00:00","og_image":[{"width":2560,"height":1065,"url":"https:\/\/tw-group.com\/wp-content\/uploads\/2023\/03\/TW_Group.jpg","type":"image\/jpeg"}],"twitter_card":"summary_large_image","schema":{"@context":"https:\/\/schema.org","@graph":[{"@type":"WebPage","@id":"https:\/\/tw-group.com\/de\/entwicklung-und-werte\/","url":"https:\/\/tw-group.com\/de\/entwicklung-und-werte\/","name":"Entwicklung und Werte - TW Group","isPartOf":{"@id":"https:\/\/tw-group.com\/de\/#website"},"primaryImageOfPage":{"@id":"https:\/\/tw-group.com\/de\/entwicklung-und-werte\/#primaryimage"},"image":{"@id":"https:\/\/tw-group.com\/de\/entwicklung-und-werte\/#primaryimage"},"thumbnailUrl":"https:\/\/tw-group.com\/wp-content\/uploads\/2023\/03\/TW_Group.jpg","datePublished":"2023-01-09T16:05:41+00:00","dateModified":"2023-08-04T09:58:01+00:00","breadcrumb":{"@id":"https:\/\/tw-group.com\/de\/entwicklung-und-werte\/#breadcrumb"},"inLanguage":"de","potentialAction":[{"@type":"ReadAction","target":["https:\/\/tw-group.com\/de\/entwicklung-und-werte\/"]}]},{"@type":"ImageObject","inLanguage":"de","@id":"https:\/\/tw-group.com\/de\/entwicklung-und-werte\/#primaryimage","url":"https:\/\/tw-group.com\/wp-content\/uploads\/2023\/03\/TW_Group.jpg","contentUrl":"https:\/\/tw-group.com\/wp-content\/uploads\/2023\/03\/TW_Group.jpg","width":2560,"height":1065,"caption":"Arquitectura de marca"},{"@type":"BreadcrumbList","@id":"https:\/\/tw-group.com\/de\/entwicklung-und-werte\/#breadcrumb","itemListElement":[{"@type":"ListItem","position":1,"name":"Portada","item":"https:\/\/tw-group.com\/de\/"},{"@type":"ListItem","position":2,"name":"Entwicklung und Werte"}]},{"@type":"WebSite","@id":"https:\/\/tw-group.com\/de\/#website","url":"https:\/\/tw-group.com\/de\/","name":"TW Group","description":"","potentialAction":[{"@type":"SearchAction","target":{"@type":"EntryPoint","urlTemplate":"https:\/\/tw-group.com\/de\/?s={search_term_string}"},"query-input":{"@type":"PropertyValueSpecification","valueRequired":true,"valueName":"search_term_string"}}],"inLanguage":"de"}]}},"_links":{"self":[{"href":"https:\/\/tw-group.com\/de\/wp-json\/wp\/v2\/pages\/28928","targetHints":{"allow":["GET"]}}],"collection":[{"href":"https:\/\/tw-group.com\/de\/wp-json\/wp\/v2\/pages"}],"about":[{"href":"https:\/\/tw-group.com\/de\/wp-json\/wp\/v2\/types\/page"}],"author":[{"embeddable":true,"href":"https:\/\/tw-group.com\/de\/wp-json\/wp\/v2\/users\/1"}],"replies":[{"embeddable":true,"href":"https:\/\/tw-group.com\/de\/wp-json\/wp\/v2\/comments?post=28928"}],"version-history":[{"count":0,"href":"https:\/\/tw-group.com\/de\/wp-json\/wp\/v2\/pages\/28928\/revisions"}],"wp:featuredmedia":[{"embeddable":true,"href":"https:\/\/tw-group.com\/de\/wp-json\/wp\/v2\/media\/28788"}],"wp:attachment":[{"href":"https:\/\/tw-group.com\/de\/wp-json\/wp\/v2\/media?parent=28928"}],"curies":[{"name":"wp","href":"https:\/\/api.w.org\/{rel}","templated":true}]}}