{"id":28911,"date":"2023-01-09T16:40:53","date_gmt":"2023-01-09T15:40:53","guid":{"rendered":"https:\/\/tw-group.com\/ecommerce\/"},"modified":"2023-08-03T13:28:28","modified_gmt":"2023-08-03T11:28:28","slug":"ecommerce","status":"publish","type":"page","link":"https:\/\/tw-group.com\/de\/ecommerce\/","title":{"rendered":"eCommerce"},"content":{"rendered":"\t\t<div data-elementor-type=\"wp-page\" data-elementor-id=\"28911\" class=\"elementor elementor-28911 elementor-16324\" data-elementor-post-type=\"page\">\n\t\t\t\t\t\t<section class=\"elementor-section elementor-top-section elementor-element elementor-element-8c49986 elementor-section-full_width qodef-elementor-content-grid elementor-section-height-default elementor-section-height-default\" data-id=\"8c49986\" data-element_type=\"section\" data-e-type=\"section\" data-settings=\"{&quot;background_background&quot;:&quot;classic&quot;}\">\n\t\t\t\t\t\t<div class=\"elementor-container elementor-column-gap-no\">\n\t\t\t\t\t<div class=\"elementor-column elementor-col-100 elementor-top-column elementor-element elementor-element-294e3b1\" data-id=\"294e3b1\" data-element_type=\"column\" data-e-type=\"column\">\n\t\t\t<div class=\"elementor-widget-wrap elementor-element-populated\">\n\t\t\t\t\t\t<div class=\"elementor-element elementor-element-1768436 elementor-widget elementor-widget-globefarer_core_divided_image_info\" data-id=\"1768436\" data-element_type=\"widget\" data-e-type=\"widget\" data-widget_type=\"globefarer_core_divided_image_info.default\">\n\t\t\t\t<div class=\"elementor-widget-container\">\n\t\t\t\t\t<div class=\"qodef-shortcode qodef-m  qodef-divided-image-info qodef-layout--image-left qodef-separator--on qodef-vertically-centered--on qodef-breakpoint--1024 qodef-appear-animation--no \">\n\t\t<div class=\"qodef-m-image\" style=\"width: 51.5%;padding-right: 3%\">\n\t\t<img fetchpriority=\"high\" decoding=\"async\" width=\"800\" height=\"425\" src=\"https:\/\/tw-group.com\/wp-content\/uploads\/2023\/02\/TW-Logistics-eCommerce.jpg\" class=\"attachment-full size-full\" alt=\"TW Logistics eCommerce\" srcset=\"https:\/\/tw-group.com\/wp-content\/uploads\/2023\/02\/TW-Logistics-eCommerce.jpg 800w, https:\/\/tw-group.com\/wp-content\/uploads\/2023\/02\/TW-Logistics-eCommerce-300x159.jpg 300w, https:\/\/tw-group.com\/wp-content\/uploads\/2023\/02\/TW-Logistics-eCommerce-768x408.jpg 768w\" sizes=\"(max-width: 800px) 100vw, 800px\" \/>\t<\/div>\n<div class=\"qodef-m-content\" style=\"margin-top: 0px;padding-left: 4%\">\n\t\t\t<h2 itemprop=\"name\" class=\"qodef-m-title\" style=\"margin-bottom: 29px\">\n\t\u00dcberlassen Sie das uns!\t<\/h2>\n\t<p class=\"qodef-m-text\" >\n\t\tVom Transport \u00fcber die Lagerung, Lagerhaltung, Vorbereitung von Bestellungen und Last-Mile-Auslieferung bis hin zur R\u00fcckgabeabwicklung.  Wir entwickeln ma\u00dfgeschneiderte Projekte f\u00fcr jedes Einzelhandelsgesch\u00e4ft im e-Commerce, angefangenen beim Wareneingang und \u00fcber die produktgerechte Lagerung sowie den auf das Gesch\u00e4ftsmodell des Kunden abgestimmten Pick-and-Pack-Lieferservice bis hin zur termingerechten Auslieferung.\t<\/p>\n\t<a class=\"qodef-shortcode qodef-m qodef-m-button qodef-button qodef-layout--textual  qodef-html--link\" href=\"\/3pl\/?lang=de\" target=\"_self\"  >\t\t\t<span class=\"qodef-m-button-icon\"><svg class=\"qodef-svg--plus\" xmlns=\"http:\/\/www.w3.org\/2000\/svg\" xmlns:xlink=\"http:\/\/www.w3.org\/1999\/xlink\" width=\"14\" height=\"14\" viewBox=\"0 0 14 14\"><path class=\"qodef-m-horizontal\" d=\"M0,0H14V2H0Z\" transform=\"translate(0 6)\" \/><path class=\"qodef-m-vertical\" d=\"M0,0H2V14H0Z\" transform=\"translate(6)\" \/><\/svg><\/span>\t\t\t\t<span class=\"qodef-m-button-text\">Siehe 3PL<br \/><\/span>\t<\/a><\/div>\n<\/div>\n\t\t\t\t<\/div>\n\t\t\t\t<\/div>\n\t\t\t\t\t<\/div>\n\t\t<\/div>\n\t\t\t\t\t<\/div>\n\t\t<\/section>\n\t\t\t\t<section class=\"elementor-section elementor-top-section elementor-element elementor-element-4775f94 qodef-elementor-content-grid elementor-section-full_width elementor-section-height-default elementor-section-height-default\" data-id=\"4775f94\" data-element_type=\"section\" data-e-type=\"section\">\n\t\t\t\t\t\t<div class=\"elementor-container elementor-column-gap-no\">\n\t\t\t\t\t<div class=\"elementor-column elementor-col-100 elementor-top-column elementor-element elementor-element-b200820\" data-id=\"b200820\" data-element_type=\"column\" data-e-type=\"column\">\n\t\t\t<div class=\"elementor-widget-wrap elementor-element-populated\">\n\t\t\t\t\t\t<div class=\"elementor-element elementor-element-072a0fe elementor-widget elementor-widget-globefarer_core_accordion_info\" data-id=\"072a0fe\" data-element_type=\"widget\" data-e-type=\"widget\" data-widget_type=\"globefarer_core_accordion_info.default\">\n\t\t\t\t<div class=\"elementor-widget-container\">\n\t\t\t\t\t<div class=\"qodef-shortcode qodef-m  qodef-accordion-info qodef-behavior--accordion qodef-layout--extended-compact \">\n\t<div class=\"qodef-m-heading\">\n\t<\/div>\n\t<div class=\"qodef-accordion-info-inner\">\n\t\t\t\t\t\t\t\t\t\t\t\t\t<div class=\"qodef-m-navigation\">\n\t\t<h4 class=\"qodef-m-title\">\n\t\tLeistungen im Bereich Logistik und Lagerhaltung\t<\/h4>\n\t<p class=\"qodef-m-tagline\">\n\t\tWir bieten zahlreiche L\u00f6sungen f\u00fcr die Lagerung und das Handling. \t<\/p>\n<div class=\"qodef-m-mark\">\n\t<svg class=\"qodef-svg--plus\" xmlns=\"http:\/\/www.w3.org\/2000\/svg\" xmlns:xlink=\"http:\/\/www.w3.org\/1999\/xlink\" width=\"14\" height=\"14\" viewBox=\"0 0 14 14\"><path class=\"qodef-m-horizontal\" d=\"M0,0H14V2H0Z\" transform=\"translate(0 6)\" \/><path class=\"qodef-m-vertical\" d=\"M0,0H2V14H0Z\" transform=\"translate(6)\" \/><\/svg><\/div>\n<\/div>\n<div class=\"qodef-m-content\">\n\t\t<p class=\"qodef-m-text\">\n\t\tUnsere Prozesse sind darauf ausgerichtet, Sie bei der schnellen Implementierung und Skalierung Ihres Gesch\u00e4fts zu unterst\u00fctzen, unabh\u00e4ngig davon, ob Sie ein Lager in einem einzigen Markt oder an mehreren Standorten innerhalb unseres globalen Netzwerks ben\u00f6tige\t<\/p>\n<\/div>\n\t\t\t\t\t\t\t\t\t\t\t<div class=\"qodef-m-navigation\">\n\t\t<h4 class=\"qodef-m-title\">\n\t\tLast Mile\t<\/h4>\n\t<p class=\"qodef-m-tagline\">\n\t\tEin konsolidiertes Netz von Expresslieferdiensten, auch nachts und an Wochenenden.\t<\/p>\n<div class=\"qodef-m-mark\">\n\t<svg class=\"qodef-svg--plus\" xmlns=\"http:\/\/www.w3.org\/2000\/svg\" xmlns:xlink=\"http:\/\/www.w3.org\/1999\/xlink\" width=\"14\" height=\"14\" viewBox=\"0 0 14 14\"><path class=\"qodef-m-horizontal\" d=\"M0,0H14V2H0Z\" transform=\"translate(0 6)\" \/><path class=\"qodef-m-vertical\" d=\"M0,0H2V14H0Z\" transform=\"translate(6)\" \/><\/svg><\/div>\n<\/div>\n<div class=\"qodef-m-content\">\n\t<\/div>\n\t\t\t\t\t\t\t\t\t\t\t<div class=\"qodef-m-navigation\">\n\t\t<h4 class=\"qodef-m-title\">\n\t\tNachhaltiger Fuhrpark \t<\/h4>\n\t<p class=\"qodef-m-tagline\">\n\t\tWir haben eine Flotte von 100 % elektrischen Fahrzeugen.\t<\/p>\n<div class=\"qodef-m-mark\">\n\t<svg class=\"qodef-svg--plus\" xmlns=\"http:\/\/www.w3.org\/2000\/svg\" xmlns:xlink=\"http:\/\/www.w3.org\/1999\/xlink\" width=\"14\" height=\"14\" viewBox=\"0 0 14 14\"><path class=\"qodef-m-horizontal\" d=\"M0,0H14V2H0Z\" transform=\"translate(0 6)\" \/><path class=\"qodef-m-vertical\" d=\"M0,0H2V14H0Z\" transform=\"translate(6)\" \/><\/svg><\/div>\n<\/div>\n<div class=\"qodef-m-content\">\n\t\t<p class=\"qodef-m-text\">\n\t\tUmfasst Autos, Lieferwagen, Kleintransporter und Motorr\u00e4der.\t<\/p>\n<\/div>\n\t\t\t\t\t\t\t\t\t\t\t<div class=\"qodef-m-navigation\">\n\t\t<h4 class=\"qodef-m-title\">\n\t\tMitarbeiter, die sich f\u00fcr zuverl\u00e4ssige Lieferungen an den Endkunden engagieren\t<\/h4>\n\t<p class=\"qodef-m-tagline\">\n\t\tUnser Auslieferungsprotokoll gew\u00e4hrleistet Kontrolle und schlie\u00dft Fehlerquellen aus.\t<\/p>\n<div class=\"qodef-m-mark\">\n\t<svg class=\"qodef-svg--plus\" xmlns=\"http:\/\/www.w3.org\/2000\/svg\" xmlns:xlink=\"http:\/\/www.w3.org\/1999\/xlink\" width=\"14\" height=\"14\" viewBox=\"0 0 14 14\"><path class=\"qodef-m-horizontal\" d=\"M0,0H14V2H0Z\" transform=\"translate(0 6)\" \/><path class=\"qodef-m-vertical\" d=\"M0,0H2V14H0Z\" transform=\"translate(6)\" \/><\/svg><\/div>\n<\/div>\n<div class=\"qodef-m-content\">\n\t<\/div>\n\t\t\t\t\t\t\t\t\t\t\t<div class=\"qodef-m-navigation\">\n\t\t<h4 class=\"qodef-m-title\">\n\t\tRetourenmanagement\t<\/h4>\n\t<p class=\"qodef-m-tagline\">\n\t\tAnnahme vor Ort, Klassifizierung, Konsolidierung und Verwaltung wiederholter K\u00e4ufe.\t<\/p>\n<div class=\"qodef-m-mark\">\n\t<svg class=\"qodef-svg--plus\" xmlns=\"http:\/\/www.w3.org\/2000\/svg\" xmlns:xlink=\"http:\/\/www.w3.org\/1999\/xlink\" width=\"14\" height=\"14\" viewBox=\"0 0 14 14\"><path class=\"qodef-m-horizontal\" d=\"M0,0H14V2H0Z\" transform=\"translate(0 6)\" \/><path class=\"qodef-m-vertical\" d=\"M0,0H2V14H0Z\" transform=\"translate(6)\" \/><\/svg><\/div>\n<\/div>\n<div class=\"qodef-m-content\">\n\t<\/div>\n\t\t\t\t\t\t\t\t\t\t\t<div class=\"qodef-m-navigation\">\n\t\t<h4 class=\"qodef-m-title\">\n\t\tNachverfolgung\t<\/h4>\n\t<p class=\"qodef-m-tagline\">\n\t\tUnsere Technologie gibt uns und Ihnen die Kontrolle \u00fcber Ihre Sendungen.\t<\/p>\n<div class=\"qodef-m-mark\">\n\t<svg class=\"qodef-svg--plus\" xmlns=\"http:\/\/www.w3.org\/2000\/svg\" xmlns:xlink=\"http:\/\/www.w3.org\/1999\/xlink\" width=\"14\" height=\"14\" viewBox=\"0 0 14 14\"><path class=\"qodef-m-horizontal\" d=\"M0,0H14V2H0Z\" transform=\"translate(0 6)\" \/><path class=\"qodef-m-vertical\" d=\"M0,0H2V14H0Z\" transform=\"translate(6)\" \/><\/svg><\/div>\n<\/div>\n<div class=\"qodef-m-content\">\n\t\t<p class=\"qodef-m-text\">\n\t\tAuf der Grundlage detaillierter Analysen optimieren wir die Prozesse und haben kontinuierlich Einblick in sie.\t<\/p>\n<\/div>\n\t\t\t\t\t\t<\/div>\n<\/div>\n\t\t\t\t<\/div>\n\t\t\t\t<\/div>\n\t\t\t\t\t<\/div>\n\t\t<\/div>\n\t\t\t\t\t<\/div>\n\t\t<\/section>\n\t\t\t\t<section class=\"elementor-section elementor-top-section elementor-element elementor-element-c12f439 elementor-section-full_width elementor-section-height-default elementor-section-height-default qodef-elementor-content-no\" data-id=\"c12f439\" data-element_type=\"section\" data-e-type=\"section\">\n\t\t\t\t\t\t<div class=\"elementor-container elementor-column-gap-no\">\n\t\t\t\t\t<div class=\"elementor-column elementor-col-100 elementor-top-column elementor-element elementor-element-26afc5d\" data-id=\"26afc5d\" data-element_type=\"column\" data-e-type=\"column\">\n\t\t\t<div class=\"elementor-widget-wrap elementor-element-populated\">\n\t\t\t\t\t\t<div class=\"elementor-element elementor-element-a3a8068 elementor-widget elementor-widget-image\" data-id=\"a3a8068\" data-element_type=\"widget\" data-e-type=\"widget\" data-widget_type=\"image.default\">\n\t\t\t\t<div class=\"elementor-widget-container\">\n\t\t\t\t\t\t\t\t\t\t\t\t\t\t\t<img decoding=\"async\" width=\"2560\" height=\"1000\" src=\"https:\/\/tw-group.com\/wp-content\/uploads\/2023\/02\/eCommerce-1.jpg\" class=\"attachment-full size-full wp-image-28739\" alt=\"\" srcset=\"https:\/\/tw-group.com\/wp-content\/uploads\/2023\/02\/eCommerce-1.jpg 2560w, https:\/\/tw-group.com\/wp-content\/uploads\/2023\/02\/eCommerce-1-300x117.jpg 300w, https:\/\/tw-group.com\/wp-content\/uploads\/2023\/02\/eCommerce-1-1024x400.jpg 1024w, https:\/\/tw-group.com\/wp-content\/uploads\/2023\/02\/eCommerce-1-768x300.jpg 768w, https:\/\/tw-group.com\/wp-content\/uploads\/2023\/02\/eCommerce-1-1536x600.jpg 1536w, https:\/\/tw-group.com\/wp-content\/uploads\/2023\/02\/eCommerce-1-2048x800.jpg 2048w\" sizes=\"(max-width: 2560px) 100vw, 2560px\" \/>\t\t\t\t\t\t\t\t\t\t\t\t\t\t\t<\/div>\n\t\t\t\t<\/div>\n\t\t\t\t\t<\/div>\n\t\t<\/div>\n\t\t\t\t\t<\/div>\n\t\t<\/section>\n\t\t\t\t<\/div>\n\t\t","protected":false},"excerpt":{"rendered":"<p>\u00dcberlassen Sie das uns! Vom Transport \u00fcber die Lagerung, Lagerhaltung, Vorbereitung von Bestellungen und Last-Mile-Auslieferung bis hin zur R\u00fcckgabeabwicklung. Wir entwickeln ma\u00dfgeschneiderte Projekte f\u00fcr jedes Einzelhandelsgesch\u00e4ft im e-Commerce, angefangenen beim Wareneingang und \u00fcber die produktgerechte Lagerung sowie den auf das Gesch\u00e4ftsmodell des Kunden abgestimmten Pick-and-Pack-Lieferservice bis hin zur termingerechten Auslieferung. Siehe 3PL Leistungen im Bereich [&hellip;]<\/p>\n","protected":false},"author":1,"featured_media":0,"parent":0,"menu_order":0,"comment_status":"closed","ping_status":"closed","template":"page-full-width.php","meta":{"footnotes":""},"class_list":["post-28911","page","type-page","status-publish","hentry"],"yoast_head":"<!-- This site is optimized with the Yoast SEO plugin v27.3 - https:\/\/yoast.com\/product\/yoast-seo-wordpress\/ -->\n<title>eCommerce - TW Group<\/title>\n<meta name=\"description\" content=\"Desde el transporte hasta el almacenaje espec\u00edfico, un picking y packing adaptado al modelo de negocio del cliente, gesti\u00f3n de entradas, inventario, preparaci\u00f3n de pedidos, entrega de \u00faltima milla con tiempo de tr\u00e1nsito espec\u00edfico y devoluciones.\" \/>\n<meta name=\"robots\" content=\"index, follow, max-snippet:-1, max-image-preview:large, max-video-preview:-1\" \/>\n<link rel=\"canonical\" href=\"https:\/\/tw-group.com\/de\/ecommerce\/\" \/>\n<meta property=\"og:locale\" content=\"de_DE\" \/>\n<meta property=\"og:type\" content=\"article\" \/>\n<meta property=\"og:title\" content=\"eCommerce - TW Group\" \/>\n<meta property=\"og:description\" content=\"Desde el transporte hasta el almacenaje espec\u00edfico, un picking y packing adaptado al modelo de negocio del cliente, gesti\u00f3n de entradas, inventario, preparaci\u00f3n de pedidos, entrega de \u00faltima milla con tiempo de tr\u00e1nsito espec\u00edfico y devoluciones.\" \/>\n<meta property=\"og:url\" content=\"https:\/\/tw-group.com\/de\/ecommerce\/\" \/>\n<meta property=\"og:site_name\" content=\"TW Group\" \/>\n<meta property=\"article:modified_time\" content=\"2023-08-03T11:28:28+00:00\" \/>\n<meta property=\"og:image\" content=\"https:\/\/tw-group.com\/wp-content\/uploads\/2023\/02\/TW-Logistics-eCommerce.jpg\" \/>\n<meta name=\"twitter:card\" content=\"summary_large_image\" \/>\n<script type=\"application\/ld+json\" class=\"yoast-schema-graph\">{\"@context\":\"https:\\\/\\\/schema.org\",\"@graph\":[{\"@type\":\"WebPage\",\"@id\":\"https:\\\/\\\/tw-group.com\\\/de\\\/ecommerce\\\/\",\"url\":\"https:\\\/\\\/tw-group.com\\\/de\\\/ecommerce\\\/\",\"name\":\"eCommerce - TW Group\",\"isPartOf\":{\"@id\":\"https:\\\/\\\/tw-group.com\\\/de\\\/#website\"},\"primaryImageOfPage\":{\"@id\":\"https:\\\/\\\/tw-group.com\\\/de\\\/ecommerce\\\/#primaryimage\"},\"image\":{\"@id\":\"https:\\\/\\\/tw-group.com\\\/de\\\/ecommerce\\\/#primaryimage\"},\"thumbnailUrl\":\"https:\\\/\\\/tw-group.com\\\/wp-content\\\/uploads\\\/2023\\\/02\\\/TW-Logistics-eCommerce.jpg\",\"datePublished\":\"2023-01-09T15:40:53+00:00\",\"dateModified\":\"2023-08-03T11:28:28+00:00\",\"description\":\"Desde el transporte hasta el almacenaje espec\u00edfico, un picking y packing adaptado al modelo de negocio del cliente, gesti\u00f3n de entradas, inventario, preparaci\u00f3n de pedidos, entrega de \u00faltima milla con tiempo de tr\u00e1nsito espec\u00edfico y devoluciones.\",\"breadcrumb\":{\"@id\":\"https:\\\/\\\/tw-group.com\\\/de\\\/ecommerce\\\/#breadcrumb\"},\"inLanguage\":\"de\",\"potentialAction\":[{\"@type\":\"ReadAction\",\"target\":[\"https:\\\/\\\/tw-group.com\\\/de\\\/ecommerce\\\/\"]}]},{\"@type\":\"ImageObject\",\"inLanguage\":\"de\",\"@id\":\"https:\\\/\\\/tw-group.com\\\/de\\\/ecommerce\\\/#primaryimage\",\"url\":\"https:\\\/\\\/tw-group.com\\\/wp-content\\\/uploads\\\/2023\\\/02\\\/TW-Logistics-eCommerce.jpg\",\"contentUrl\":\"https:\\\/\\\/tw-group.com\\\/wp-content\\\/uploads\\\/2023\\\/02\\\/TW-Logistics-eCommerce.jpg\"},{\"@type\":\"BreadcrumbList\",\"@id\":\"https:\\\/\\\/tw-group.com\\\/de\\\/ecommerce\\\/#breadcrumb\",\"itemListElement\":[{\"@type\":\"ListItem\",\"position\":1,\"name\":\"Portada\",\"item\":\"https:\\\/\\\/tw-group.com\\\/de\\\/\"},{\"@type\":\"ListItem\",\"position\":2,\"name\":\"eCommerce\"}]},{\"@type\":\"WebSite\",\"@id\":\"https:\\\/\\\/tw-group.com\\\/de\\\/#website\",\"url\":\"https:\\\/\\\/tw-group.com\\\/de\\\/\",\"name\":\"TW Group\",\"description\":\"\",\"potentialAction\":[{\"@type\":\"SearchAction\",\"target\":{\"@type\":\"EntryPoint\",\"urlTemplate\":\"https:\\\/\\\/tw-group.com\\\/de\\\/?s={search_term_string}\"},\"query-input\":{\"@type\":\"PropertyValueSpecification\",\"valueRequired\":true,\"valueName\":\"search_term_string\"}}],\"inLanguage\":\"de\"}]}<\/script>\n<!-- \/ Yoast SEO plugin. -->","yoast_head_json":{"title":"eCommerce - TW Group","description":"Desde el transporte hasta el almacenaje espec\u00edfico, un picking y packing adaptado al modelo de negocio del cliente, gesti\u00f3n de entradas, inventario, preparaci\u00f3n de pedidos, entrega de \u00faltima milla con tiempo de tr\u00e1nsito espec\u00edfico y devoluciones.","robots":{"index":"index","follow":"follow","max-snippet":"max-snippet:-1","max-image-preview":"max-image-preview:large","max-video-preview":"max-video-preview:-1"},"canonical":"https:\/\/tw-group.com\/de\/ecommerce\/","og_locale":"de_DE","og_type":"article","og_title":"eCommerce - TW Group","og_description":"Desde el transporte hasta el almacenaje espec\u00edfico, un picking y packing adaptado al modelo de negocio del cliente, gesti\u00f3n de entradas, inventario, preparaci\u00f3n de pedidos, entrega de \u00faltima milla con tiempo de tr\u00e1nsito espec\u00edfico y devoluciones.","og_url":"https:\/\/tw-group.com\/de\/ecommerce\/","og_site_name":"TW Group","article_modified_time":"2023-08-03T11:28:28+00:00","og_image":[{"url":"https:\/\/tw-group.com\/wp-content\/uploads\/2023\/02\/TW-Logistics-eCommerce.jpg","type":"","width":"","height":""}],"twitter_card":"summary_large_image","schema":{"@context":"https:\/\/schema.org","@graph":[{"@type":"WebPage","@id":"https:\/\/tw-group.com\/de\/ecommerce\/","url":"https:\/\/tw-group.com\/de\/ecommerce\/","name":"eCommerce - TW Group","isPartOf":{"@id":"https:\/\/tw-group.com\/de\/#website"},"primaryImageOfPage":{"@id":"https:\/\/tw-group.com\/de\/ecommerce\/#primaryimage"},"image":{"@id":"https:\/\/tw-group.com\/de\/ecommerce\/#primaryimage"},"thumbnailUrl":"https:\/\/tw-group.com\/wp-content\/uploads\/2023\/02\/TW-Logistics-eCommerce.jpg","datePublished":"2023-01-09T15:40:53+00:00","dateModified":"2023-08-03T11:28:28+00:00","description":"Desde el transporte hasta el almacenaje espec\u00edfico, un picking y packing adaptado al modelo de negocio del cliente, gesti\u00f3n de entradas, inventario, preparaci\u00f3n de pedidos, entrega de \u00faltima milla con tiempo de tr\u00e1nsito espec\u00edfico y devoluciones.","breadcrumb":{"@id":"https:\/\/tw-group.com\/de\/ecommerce\/#breadcrumb"},"inLanguage":"de","potentialAction":[{"@type":"ReadAction","target":["https:\/\/tw-group.com\/de\/ecommerce\/"]}]},{"@type":"ImageObject","inLanguage":"de","@id":"https:\/\/tw-group.com\/de\/ecommerce\/#primaryimage","url":"https:\/\/tw-group.com\/wp-content\/uploads\/2023\/02\/TW-Logistics-eCommerce.jpg","contentUrl":"https:\/\/tw-group.com\/wp-content\/uploads\/2023\/02\/TW-Logistics-eCommerce.jpg"},{"@type":"BreadcrumbList","@id":"https:\/\/tw-group.com\/de\/ecommerce\/#breadcrumb","itemListElement":[{"@type":"ListItem","position":1,"name":"Portada","item":"https:\/\/tw-group.com\/de\/"},{"@type":"ListItem","position":2,"name":"eCommerce"}]},{"@type":"WebSite","@id":"https:\/\/tw-group.com\/de\/#website","url":"https:\/\/tw-group.com\/de\/","name":"TW Group","description":"","potentialAction":[{"@type":"SearchAction","target":{"@type":"EntryPoint","urlTemplate":"https:\/\/tw-group.com\/de\/?s={search_term_string}"},"query-input":{"@type":"PropertyValueSpecification","valueRequired":true,"valueName":"search_term_string"}}],"inLanguage":"de"}]}},"_links":{"self":[{"href":"https:\/\/tw-group.com\/de\/wp-json\/wp\/v2\/pages\/28911","targetHints":{"allow":["GET"]}}],"collection":[{"href":"https:\/\/tw-group.com\/de\/wp-json\/wp\/v2\/pages"}],"about":[{"href":"https:\/\/tw-group.com\/de\/wp-json\/wp\/v2\/types\/page"}],"author":[{"embeddable":true,"href":"https:\/\/tw-group.com\/de\/wp-json\/wp\/v2\/users\/1"}],"replies":[{"embeddable":true,"href":"https:\/\/tw-group.com\/de\/wp-json\/wp\/v2\/comments?post=28911"}],"version-history":[{"count":0,"href":"https:\/\/tw-group.com\/de\/wp-json\/wp\/v2\/pages\/28911\/revisions"}],"wp:attachment":[{"href":"https:\/\/tw-group.com\/de\/wp-json\/wp\/v2\/media?parent=28911"}],"curies":[{"name":"wp","href":"https:\/\/api.w.org\/{rel}","templated":true}]}}