{"id":28905,"date":"2023-01-09T16:36:09","date_gmt":"2023-01-09T15:36:09","guid":{"rendered":"https:\/\/tw-group.com\/ftl\/"},"modified":"2023-08-03T12:20:00","modified_gmt":"2023-08-03T10:20:00","slug":"ftl","status":"publish","type":"page","link":"https:\/\/tw-group.com\/de\/ftl\/","title":{"rendered":"FTL"},"content":{"rendered":"\t\t<div data-elementor-type=\"wp-page\" data-elementor-id=\"28905\" class=\"elementor elementor-28905 elementor-16318\" data-elementor-post-type=\"page\">\n\t\t\t\t\t\t<section class=\"elementor-section elementor-top-section elementor-element elementor-element-e211ca9 elementor-section-full_width qodef-elementor-content-grid elementor-section-height-default elementor-section-height-default\" data-id=\"e211ca9\" data-element_type=\"section\" data-e-type=\"section\" data-settings=\"{&quot;background_background&quot;:&quot;classic&quot;}\">\n\t\t\t\t\t\t<div class=\"elementor-container elementor-column-gap-no\">\n\t\t\t\t\t<div class=\"elementor-column elementor-col-100 elementor-top-column elementor-element elementor-element-23346dc\" data-id=\"23346dc\" data-element_type=\"column\" data-e-type=\"column\">\n\t\t\t<div class=\"elementor-widget-wrap elementor-element-populated\">\n\t\t\t\t\t\t<div class=\"elementor-element elementor-element-5b0d0d3 elementor-widget elementor-widget-globefarer_core_divided_image_info\" data-id=\"5b0d0d3\" data-element_type=\"widget\" data-e-type=\"widget\" data-widget_type=\"globefarer_core_divided_image_info.default\">\n\t\t\t\t<div class=\"elementor-widget-container\">\n\t\t\t\t\t<div class=\"qodef-shortcode qodef-m  qodef-divided-image-info qodef-layout--image-left qodef-separator--on qodef-vertically-centered--on qodef-breakpoint--1024 qodef-appear-animation--no \">\n\t\t<div class=\"qodef-m-image\" style=\"width: 51.5%;padding-right: 3%\">\n\t\t<img fetchpriority=\"high\" decoding=\"async\" width=\"1883\" height=\"1000\" src=\"https:\/\/tw-group.com\/wp-content\/uploads\/2023\/02\/TW-Logistics_Conduce_M.jpg\" class=\"attachment-full size-full\" alt=\"\" srcset=\"https:\/\/tw-group.com\/wp-content\/uploads\/2023\/02\/TW-Logistics_Conduce_M.jpg 1883w, https:\/\/tw-group.com\/wp-content\/uploads\/2023\/02\/TW-Logistics_Conduce_M-300x159.jpg 300w, https:\/\/tw-group.com\/wp-content\/uploads\/2023\/02\/TW-Logistics_Conduce_M-1024x544.jpg 1024w, https:\/\/tw-group.com\/wp-content\/uploads\/2023\/02\/TW-Logistics_Conduce_M-768x408.jpg 768w, https:\/\/tw-group.com\/wp-content\/uploads\/2023\/02\/TW-Logistics_Conduce_M-1536x816.jpg 1536w\" sizes=\"(max-width: 1883px) 100vw, 1883px\" \/>\t<\/div>\n<div class=\"qodef-m-content\" style=\"margin-top: 0px;padding-left: 4%\">\n\t\t\t<h2 itemprop=\"name\" class=\"qodef-m-title\" style=\"margin-bottom: 29px\">\n\tWohin geht die Fahrt?\t<\/h2>\n\t<p class=\"qodef-m-text\" >\n\t\tEine unserer Abteilungen ist auf den Transport von FTL- oder Komplettladungen spezialisiert, vom \u00f6rtlichen Transporten bis hin zu internationalen Zielen. TW bef\u00e4hrt mit mehr als 1.000 Fahrzeugen ganz Europa und Mexiko, und mit unserem Know-how richten wir bei Bedarf f\u00fcr unsere Kunden FTL-Logistiknetze in den L\u00e4ndern ein, die sie erreichen m\u00fcssen.\t<\/p>\n\t<a class=\"qodef-shortcode qodef-m qodef-m-button qodef-button qodef-layout--textual  qodef-html--link\" href=\"\/4pl\/?lang=de\" target=\"_self\"  >\t\t\t<span class=\"qodef-m-button-icon\"><svg class=\"qodef-svg--plus\" xmlns=\"http:\/\/www.w3.org\/2000\/svg\" xmlns:xlink=\"http:\/\/www.w3.org\/1999\/xlink\" width=\"14\" height=\"14\" viewBox=\"0 0 14 14\"><path class=\"qodef-m-horizontal\" d=\"M0,0H14V2H0Z\" transform=\"translate(0 6)\" \/><path class=\"qodef-m-vertical\" d=\"M0,0H2V14H0Z\" transform=\"translate(6)\" \/><\/svg><\/span>\t\t\t\t<span class=\"qodef-m-button-text\">Siehe 4PL<br \/><\/span>\t<\/a><\/div>\n<\/div>\n\t\t\t\t<\/div>\n\t\t\t\t<\/div>\n\t\t\t\t\t<\/div>\n\t\t<\/div>\n\t\t\t\t\t<\/div>\n\t\t<\/section>\n\t\t\t\t<section class=\"elementor-section elementor-top-section elementor-element elementor-element-fb3a7e0 qodef-elementor-content-grid elementor-section-full_width elementor-section-height-default elementor-section-height-default\" data-id=\"fb3a7e0\" data-element_type=\"section\" data-e-type=\"section\">\n\t\t\t\t\t\t<div class=\"elementor-container elementor-column-gap-no\">\n\t\t\t\t\t<div class=\"elementor-column elementor-col-100 elementor-top-column elementor-element elementor-element-e673d1a\" data-id=\"e673d1a\" data-element_type=\"column\" data-e-type=\"column\">\n\t\t\t<div class=\"elementor-widget-wrap elementor-element-populated\">\n\t\t\t\t\t\t<div class=\"elementor-element elementor-element-cd99c5a elementor-widget elementor-widget-globefarer_core_accordion_info\" data-id=\"cd99c5a\" data-element_type=\"widget\" data-e-type=\"widget\" data-widget_type=\"globefarer_core_accordion_info.default\">\n\t\t\t\t<div class=\"elementor-widget-container\">\n\t\t\t\t\t<div class=\"qodef-shortcode qodef-m  qodef-accordion-info qodef-behavior--accordion qodef-layout--extended-compact \">\n\t<div class=\"qodef-m-heading\">\n\t<\/div>\n\t<div class=\"qodef-accordion-info-inner\">\n\t\t\t\t\t\t\t\t\t\t\t\t\t<div class=\"qodef-m-navigation\">\n\t\t<h4 class=\"qodef-m-title\">\n\t\tKomplettladungen im Inland und ins Ausland\t<\/h4>\n\t<p class=\"qodef-m-tagline\">\n\t\tUnser Landtransportdienst f\u00fcr G\u00fcter jeder Art bietet flexible und schnelle Lieferungen auf internationaler Ebene. Wir gelangen auch in die abgelegensten Winkel Europas.\t<\/p>\n<div class=\"qodef-m-mark\">\n\t<svg class=\"qodef-svg--plus\" xmlns=\"http:\/\/www.w3.org\/2000\/svg\" xmlns:xlink=\"http:\/\/www.w3.org\/1999\/xlink\" width=\"14\" height=\"14\" viewBox=\"0 0 14 14\"><path class=\"qodef-m-horizontal\" d=\"M0,0H14V2H0Z\" transform=\"translate(0 6)\" \/><path class=\"qodef-m-vertical\" d=\"M0,0H2V14H0Z\" transform=\"translate(6)\" \/><\/svg><\/div>\n<\/div>\n<div class=\"qodef-m-content\">\n\t\t<p class=\"qodef-m-text\">\n\t\t\n\nWir bieten folgende Optionen und Vorteile:\n\nGPS-Tracking \u00fcber die gesamte Route hinweg.\nLastwagen f\u00fcr den \u00dcberma\u00dftransport oder f\u00fcr nichtstandardisierte Fracht.\nGefahrenguttransporte mit zertifizierten Fahrern. H\u00f6chste Sicherheitsstandards in jeder Phase der Transportlogistik.\nL\u00f6sungen f\u00fcr komplexe Transportanforderungen.\nIntermodaler Verkehr.\nJIS\/JIT: Wir sind seit \u00fcber 25 Jahren als Zulieferer f\u00fcr gro\u00dfe Automobilhersteller t\u00e4tig.\nLokale Kompetenz und Kundenn\u00e4he.\nErfahrenes Team f\u00fcr Verkehrslogistik. \nControl-Tower-Abteilung f\u00fcr globales Frachtmanagement und Routenoptimierung.\nFuhrpark mit gasbetriebenen und 100-prozentig elektrischen Fahrzeugen.\n\t<\/p>\n<\/div>\n\t\t\t\t\t\t\t\t\t\t\t<div class=\"qodef-m-navigation\">\n\t\t<h4 class=\"qodef-m-title\">\n\t\tTankwagen\t<\/h4>\n\t<p class=\"qodef-m-tagline\">\n\t\tUnsere Tankwagenflotte ist mit Aluminiumtanks ausgestattet und sie transportiert Treibstoffe und \u00d6le in ganz Europa. Die f\u00fchrenden internationalen Unternehmen der Chemieindustrie und Petrochemie vertrauen uns.\t<\/p>\n<div class=\"qodef-m-mark\">\n\t<svg class=\"qodef-svg--plus\" xmlns=\"http:\/\/www.w3.org\/2000\/svg\" xmlns:xlink=\"http:\/\/www.w3.org\/1999\/xlink\" width=\"14\" height=\"14\" viewBox=\"0 0 14 14\"><path class=\"qodef-m-horizontal\" d=\"M0,0H14V2H0Z\" transform=\"translate(0 6)\" \/><path class=\"qodef-m-vertical\" d=\"M0,0H2V14H0Z\" transform=\"translate(6)\" \/><\/svg><\/div>\n<\/div>\n<div class=\"qodef-m-content\">\n\t\t<p class=\"qodef-m-text\">\n\t\tVorteile und Leistungen:\n\nTeam aus Fachexperten mit hervorragenden Kenntnissen der geltenden Vorschriften.\nErfahrene Transporteure mit allen erforderlichen Zulassungen.\nStrenge Erf\u00fcllung aller Vorschriften und Einhaltung h\u00f6chster Sicherheitsstandards.\nEigene Technologie f\u00fcr Verplombung, Tracking und individuelle Prozessabwicklung.\nMit spezifischen Ma\u00dfnahmen garantieren wir eine schnelle, effiziente und nachhaltige Abwicklung unserer Leistungen.\n\t<\/p>\n<\/div>\n\t\t\t\t\t\t\t\t\t\t\t<div class=\"qodef-m-navigation\">\n\t\t<h4 class=\"qodef-m-title\">\n\t\tDedicated fleet\t<\/h4>\n\t<p class=\"qodef-m-tagline\">\n\t\tMit unserem Dedicated-Fleet-Service stellen wir dem Kunden zweckgebunden ein eigenes Team und die entsprechenden Transportfahrzeuge zur Verf\u00fcgung.\t<\/p>\n<div class=\"qodef-m-mark\">\n\t<svg class=\"qodef-svg--plus\" xmlns=\"http:\/\/www.w3.org\/2000\/svg\" xmlns:xlink=\"http:\/\/www.w3.org\/1999\/xlink\" width=\"14\" height=\"14\" viewBox=\"0 0 14 14\"><path class=\"qodef-m-horizontal\" d=\"M0,0H14V2H0Z\" transform=\"translate(0 6)\" \/><path class=\"qodef-m-vertical\" d=\"M0,0H2V14H0Z\" transform=\"translate(6)\" \/><\/svg><\/div>\n<\/div>\n<div class=\"qodef-m-content\">\n\t\t<p class=\"qodef-m-text\">\n\t\t\n\nVorteile:\n\nVorausschauende Planung von Fuhren und Transportmengen. Dadurch k\u00f6nnen unsere Spezialisten vorausschauend planen und die Betriebsmittel effizienter einsetzen. So bleiben die Transportkosten selbst dann unter Kontrolle, wenn der Bedarf steigt.\t<\/p>\n<\/div>\n\t\t\t\t\t\t\t\t\t\t\t<div class=\"qodef-m-navigation\">\n\t\t<h4 class=\"qodef-m-title\">\n\t\tK\u00fchltransporte\t<\/h4>\n\t<p class=\"qodef-m-tagline\">\n\t\tWir gew\u00e4hrleisten eine durchg\u00e4ngige K\u00fchlkette, also die Kontrolle der vorgeschriebenen K\u00fchltemperatur \u00fcber den gesamten Transport hinweg.\t<\/p>\n<div class=\"qodef-m-mark\">\n\t<svg class=\"qodef-svg--plus\" xmlns=\"http:\/\/www.w3.org\/2000\/svg\" xmlns:xlink=\"http:\/\/www.w3.org\/1999\/xlink\" width=\"14\" height=\"14\" viewBox=\"0 0 14 14\"><path class=\"qodef-m-horizontal\" d=\"M0,0H14V2H0Z\" transform=\"translate(0 6)\" \/><path class=\"qodef-m-vertical\" d=\"M0,0H2V14H0Z\" transform=\"translate(6)\" \/><\/svg><\/div>\n<\/div>\n<div class=\"qodef-m-content\">\n\t\t<p class=\"qodef-m-text\">\n\t\t\n\nJe nach dem zu transportierenden Gut halten wir die Frachttemperatur \u00fcber alle Phasen des Transports hinweg in einem vorgegebenen Bereich konstant, vom Moment der \u00dcbernahme der Fracht bis zur Auslieferung. So erreicht den Kunden seine Ware oder Fracht in perfektem Zustand. \t<\/p>\n<\/div>\n\t\t\t\t\t\t<\/div>\n<\/div>\n\t\t\t\t<\/div>\n\t\t\t\t<\/div>\n\t\t\t\t\t<\/div>\n\t\t<\/div>\n\t\t\t\t\t<\/div>\n\t\t<\/section>\n\t\t\t\t<section class=\"elementor-section elementor-top-section elementor-element elementor-element-bd08317 qodef-elementor-content-grid elementor-section-full_width elementor-hidden-desktop elementor-hidden-tablet elementor-hidden-mobile elementor-section-height-default elementor-section-height-default\" data-id=\"bd08317\" data-element_type=\"section\" data-e-type=\"section\">\n\t\t\t\t\t\t<div class=\"elementor-container elementor-column-gap-custom\">\n\t\t\t\t\t<div class=\"elementor-column elementor-col-100 elementor-top-column elementor-element elementor-element-10f6036\" data-id=\"10f6036\" data-element_type=\"column\" data-e-type=\"column\">\n\t\t\t<div class=\"elementor-widget-wrap elementor-element-populated\">\n\t\t\t\t\t\t<div class=\"elementor-element elementor-element-009fab5 elementor-tabs-alignment-center elementor-tabs-view-horizontal elementor-widget elementor-widget-tabs\" data-id=\"009fab5\" data-element_type=\"widget\" data-e-type=\"widget\" data-widget_type=\"tabs.default\">\n\t\t\t\t<div class=\"elementor-widget-container\">\n\t\t\t\t\t\t\t<div class=\"elementor-tabs\">\n\t\t\t<div class=\"elementor-tabs-wrapper\" role=\"tablist\" >\n\t\t\t\t\t\t\t\t\t<div id=\"elementor-tab-title-6541\" class=\"elementor-tab-title elementor-tab-desktop-title\" aria-selected=\"true\" data-tab=\"1\" role=\"tab\" tabindex=\"0\" aria-controls=\"elementor-tab-content-6541\" aria-expanded=\"false\">Carga completa nacional e internacional<\/div>\n\t\t\t\t\t\t\t\t\t<div id=\"elementor-tab-title-6542\" class=\"elementor-tab-title elementor-tab-desktop-title\" aria-selected=\"false\" data-tab=\"2\" role=\"tab\" tabindex=\"-1\" aria-controls=\"elementor-tab-content-6542\" aria-expanded=\"false\">Cisternas<\/div>\n\t\t\t\t\t\t\t\t\t<div id=\"elementor-tab-title-6543\" class=\"elementor-tab-title elementor-tab-desktop-title\" aria-selected=\"false\" data-tab=\"3\" role=\"tab\" tabindex=\"-1\" aria-controls=\"elementor-tab-content-6543\" aria-expanded=\"false\">Dedicated fleet<\/div>\n\t\t\t\t\t\t\t\t\t<div id=\"elementor-tab-title-6544\" class=\"elementor-tab-title elementor-tab-desktop-title\" aria-selected=\"false\" data-tab=\"4\" role=\"tab\" tabindex=\"-1\" aria-controls=\"elementor-tab-content-6544\" aria-expanded=\"false\">Transporte frigor\u00edfico<\/div>\n\t\t\t\t\t\t\t<\/div>\n\t\t\t<div class=\"elementor-tabs-content-wrapper\" role=\"tablist\" aria-orientation=\"vertical\">\n\t\t\t\t\t\t\t\t\t<div class=\"elementor-tab-title elementor-tab-mobile-title\" aria-selected=\"true\" data-tab=\"1\" role=\"tab\" tabindex=\"0\" aria-controls=\"elementor-tab-content-6541\" aria-expanded=\"false\">Carga completa nacional e internacional<\/div>\n\t\t\t\t\t<div id=\"elementor-tab-content-6541\" class=\"elementor-tab-content elementor-clearfix\" data-tab=\"1\" role=\"tabpanel\" aria-labelledby=\"elementor-tab-title-6541\" tabindex=\"0\" hidden=\"false\"><p>\u00a0<\/p><p>Ofrecemos un servicio de transporte terrestre de mercanc\u00edas flexible y r\u00e1pido a nivel nacional y con cobertura internacional, alcanzando las zonas m\u00e1s remotas de Europa.<\/p><p>Nuestras opciones y ventajas:<\/p><ul><li>Seguimiento GPS durante todo el trayecto.<\/li><li>Camiones equipados para el transporte de mercanc\u00eda sobredimensionada o no est\u00e1ndar.<\/li><li>Transporte de mercanc\u00eda peligrosa: conductores certificados. Comprometidos con la seguridad durante todas las fases de transporte.<\/li><li>Soluciones para casos complejos de transporte.<\/li><li>Transporte Intermodal.<\/li><li>JIS\/JIT: trabajamos desde hace m\u00e1s de 25 a\u00f1os como proveedor de grandes f\u00e1bricas de automoci\u00f3n.<\/li><li>Conocimiento local y proximidad con el cliente.<\/li><li>Equipo de tr\u00e1fico con amplia experiencia<\/li><li>Control Tower para flujos globales y optimizaci\u00f3n de rutas.<\/li><li>Flota de veh\u00edculos a gas y 100% el\u00e9ctricos.<\/li><\/ul><\/div>\n\t\t\t\t\t\t\t\t\t<div class=\"elementor-tab-title elementor-tab-mobile-title\" aria-selected=\"false\" data-tab=\"2\" role=\"tab\" tabindex=\"-1\" aria-controls=\"elementor-tab-content-6542\" aria-expanded=\"false\">Cisternas<\/div>\n\t\t\t\t\t<div id=\"elementor-tab-content-6542\" class=\"elementor-tab-content elementor-clearfix\" data-tab=\"2\" role=\"tabpanel\" aria-labelledby=\"elementor-tab-title-6542\" tabindex=\"0\" hidden=\"hidden\"><p>\u00a0<\/p><p>Disponemos de una flota de cisternas de aluminio para la distribuci\u00f3n y reparto de carburantes y aceites en todo Europa. Conf\u00edan en nosotros las principales empresas internacionales de la industria qu\u00edmica y petroqu\u00edmica.<\/p><p>Ventajas y servicios:<\/p><ul><li>Equipo de expertos especializado con gran conocimiento de la normativa.<\/li><li>Transportistas con experiencia y con todas las certificaciones necesarias<\/li><li>Cumplimiento de todas las estrictas normas y medidas de seguridad.<\/li><li>Tecnolog\u00eda propia de precintado, trazabilidad y personalizaci\u00f3n del proceso.<\/li><li>Implementamos medidas para garantizar que el servicio se desarrolla de forma r\u00e1pida, eficiente y sostenible.<\/li><\/ul><\/div>\n\t\t\t\t\t\t\t\t\t<div class=\"elementor-tab-title elementor-tab-mobile-title\" aria-selected=\"false\" data-tab=\"3\" role=\"tab\" tabindex=\"-1\" aria-controls=\"elementor-tab-content-6543\" aria-expanded=\"false\">Dedicated fleet<\/div>\n\t\t\t\t\t<div id=\"elementor-tab-content-6543\" class=\"elementor-tab-content elementor-clearfix\" data-tab=\"3\" role=\"tabpanel\" aria-labelledby=\"elementor-tab-title-6543\" tabindex=\"0\" hidden=\"hidden\"><p>\u00a0<\/p><p>Ofrecemos servicio &#8222;dedicated fleet&#8220;, un equipo de veh\u00edculos y unidades de transporte exclusivo para un solo cliente.<\/p><p>Ventajas:<\/p><p>Programaci\u00f3n del env\u00edo y vol\u00famenes con tiempo de antelaci\u00f3n. Esto permite a nuestros especialistas planificar de manera m\u00e1s efectiva y utilizar los activos de manera m\u00e1s eficiente, lo que ayuda \u00a0controlar los costes de transporte, incluso si aumenta la demanda.<\/p><\/div>\n\t\t\t\t\t\t\t\t\t<div class=\"elementor-tab-title elementor-tab-mobile-title\" aria-selected=\"false\" data-tab=\"4\" role=\"tab\" tabindex=\"-1\" aria-controls=\"elementor-tab-content-6544\" aria-expanded=\"false\">Transporte frigor\u00edfico<\/div>\n\t\t\t\t\t<div id=\"elementor-tab-content-6544\" class=\"elementor-tab-content elementor-clearfix\" data-tab=\"4\" role=\"tabpanel\" aria-labelledby=\"elementor-tab-title-6544\" tabindex=\"0\" hidden=\"hidden\"><p>\u00a0<\/p><p>Garantizamos el mantenimiento de la cadena de fr\u00edo durante el transporte de mercanc\u00edas a temperatura controlada.<\/p><p>Mantenemos la carga\u00a0dentro de unos rangos de temperatura especificados, en funci\u00f3n del producto a transportar, durante\u00a0todas las fases del transporte; desde el momento de la recogida hasta la entrega, para que el cliente reciba las mercanc\u00edas en perfecto estado.<\/p><\/div>\n\t\t\t\t\t\t\t<\/div>\n\t\t<\/div>\n\t\t\t\t\t\t<\/div>\n\t\t\t\t<\/div>\n\t\t\t\t\t<\/div>\n\t\t<\/div>\n\t\t\t\t\t<\/div>\n\t\t<\/section>\n\t\t\t\t<section class=\"elementor-section elementor-top-section elementor-element elementor-element-823e730 elementor-section-full_width elementor-section-height-default elementor-section-height-default qodef-elementor-content-no\" data-id=\"823e730\" data-element_type=\"section\" data-e-type=\"section\">\n\t\t\t\t\t\t<div class=\"elementor-container elementor-column-gap-no\">\n\t\t\t\t\t<div class=\"elementor-column elementor-col-100 elementor-top-column elementor-element elementor-element-665af4d\" data-id=\"665af4d\" data-element_type=\"column\" data-e-type=\"column\">\n\t\t\t<div class=\"elementor-widget-wrap elementor-element-populated\">\n\t\t\t\t\t\t<div class=\"elementor-element elementor-element-f0a3522 elementor-widget elementor-widget-image\" data-id=\"f0a3522\" data-element_type=\"widget\" data-e-type=\"widget\" data-widget_type=\"image.default\">\n\t\t\t\t<div class=\"elementor-widget-container\">\n\t\t\t\t\t\t\t\t\t\t\t\t\t\t\t<img decoding=\"async\" width=\"2560\" height=\"997\" src=\"https:\/\/tw-group.com\/wp-content\/uploads\/2023\/02\/TW-Logistics_LTL_L-1-scaled.jpg\" class=\"attachment-full size-full wp-image-28738\" alt=\"\" srcset=\"https:\/\/tw-group.com\/wp-content\/uploads\/2023\/02\/TW-Logistics_LTL_L-1-scaled.jpg 2560w, https:\/\/tw-group.com\/wp-content\/uploads\/2023\/02\/TW-Logistics_LTL_L-1-300x117.jpg 300w, https:\/\/tw-group.com\/wp-content\/uploads\/2023\/02\/TW-Logistics_LTL_L-1-1024x399.jpg 1024w, https:\/\/tw-group.com\/wp-content\/uploads\/2023\/02\/TW-Logistics_LTL_L-1-768x299.jpg 768w, https:\/\/tw-group.com\/wp-content\/uploads\/2023\/02\/TW-Logistics_LTL_L-1-1536x598.jpg 1536w, https:\/\/tw-group.com\/wp-content\/uploads\/2023\/02\/TW-Logistics_LTL_L-1-2048x798.jpg 2048w\" sizes=\"(max-width: 2560px) 100vw, 2560px\" \/>\t\t\t\t\t\t\t\t\t\t\t\t\t\t\t<\/div>\n\t\t\t\t<\/div>\n\t\t\t\t\t<\/div>\n\t\t<\/div>\n\t\t\t\t\t<\/div>\n\t\t<\/section>\n\t\t\t\t<\/div>\n\t\t","protected":false},"excerpt":{"rendered":"<p>Wohin geht die Fahrt? Eine unserer Abteilungen ist auf den Transport von FTL- oder Komplettladungen spezialisiert, vom \u00f6rtlichen Transporten bis hin zu internationalen Zielen. TW bef\u00e4hrt mit mehr als 1.000 Fahrzeugen ganz Europa und Mexiko, und mit unserem Know-how richten wir bei Bedarf f\u00fcr unsere Kunden FTL-Logistiknetze in den L\u00e4ndern ein, die sie erreichen m\u00fcssen. [&hellip;]<\/p>\n","protected":false},"author":1,"featured_media":28774,"parent":0,"menu_order":0,"comment_status":"closed","ping_status":"closed","template":"page-full-width.php","meta":{"footnotes":""},"class_list":["post-28905","page","type-page","status-publish","has-post-thumbnail","hentry"],"yoast_head":"<!-- This site is optimized with the Yoast SEO plugin v27.3 - https:\/\/yoast.com\/product\/yoast-seo-wordpress\/ -->\n<title>FTL - TW Group<\/title>\n<meta name=\"robots\" content=\"index, follow, max-snippet:-1, max-image-preview:large, max-video-preview:-1\" \/>\n<link rel=\"canonical\" href=\"https:\/\/tw-group.com\/de\/ftl\/\" \/>\n<meta property=\"og:locale\" content=\"de_DE\" \/>\n<meta property=\"og:type\" content=\"article\" \/>\n<meta property=\"og:title\" content=\"FTL - TW Group\" \/>\n<meta property=\"og:description\" content=\"Wohin geht die Fahrt? Eine unserer Abteilungen ist auf den Transport von FTL- oder Komplettladungen spezialisiert, vom \u00f6rtlichen Transporten bis hin zu internationalen Zielen. TW bef\u00e4hrt mit mehr als 1.000 Fahrzeugen ganz Europa und Mexiko, und mit unserem Know-how richten wir bei Bedarf f\u00fcr unsere Kunden FTL-Logistiknetze in den L\u00e4ndern ein, die sie erreichen m\u00fcssen. [&hellip;]\" \/>\n<meta property=\"og:url\" content=\"https:\/\/tw-group.com\/de\/ftl\/\" \/>\n<meta property=\"og:site_name\" content=\"TW Group\" \/>\n<meta property=\"article:modified_time\" content=\"2023-08-03T10:20:00+00:00\" \/>\n<meta property=\"og:image\" content=\"https:\/\/tw-group.com\/wp-content\/uploads\/2023\/03\/Carga_completa_internacional.png\" \/>\n\t<meta property=\"og:image:width\" content=\"900\" \/>\n\t<meta property=\"og:image:height\" content=\"640\" \/>\n\t<meta property=\"og:image:type\" content=\"image\/png\" \/>\n<meta name=\"twitter:card\" content=\"summary_large_image\" \/>\n<script type=\"application\/ld+json\" class=\"yoast-schema-graph\">{\"@context\":\"https:\\\/\\\/schema.org\",\"@graph\":[{\"@type\":\"WebPage\",\"@id\":\"https:\\\/\\\/tw-group.com\\\/de\\\/ftl\\\/\",\"url\":\"https:\\\/\\\/tw-group.com\\\/de\\\/ftl\\\/\",\"name\":\"FTL - TW Group\",\"isPartOf\":{\"@id\":\"https:\\\/\\\/tw-group.com\\\/de\\\/#website\"},\"primaryImageOfPage\":{\"@id\":\"https:\\\/\\\/tw-group.com\\\/de\\\/ftl\\\/#primaryimage\"},\"image\":{\"@id\":\"https:\\\/\\\/tw-group.com\\\/de\\\/ftl\\\/#primaryimage\"},\"thumbnailUrl\":\"https:\\\/\\\/tw-group.com\\\/wp-content\\\/uploads\\\/2023\\\/03\\\/Carga_completa_internacional.png\",\"datePublished\":\"2023-01-09T15:36:09+00:00\",\"dateModified\":\"2023-08-03T10:20:00+00:00\",\"breadcrumb\":{\"@id\":\"https:\\\/\\\/tw-group.com\\\/de\\\/ftl\\\/#breadcrumb\"},\"inLanguage\":\"de\",\"potentialAction\":[{\"@type\":\"ReadAction\",\"target\":[\"https:\\\/\\\/tw-group.com\\\/de\\\/ftl\\\/\"]}]},{\"@type\":\"ImageObject\",\"inLanguage\":\"de\",\"@id\":\"https:\\\/\\\/tw-group.com\\\/de\\\/ftl\\\/#primaryimage\",\"url\":\"https:\\\/\\\/tw-group.com\\\/wp-content\\\/uploads\\\/2023\\\/03\\\/Carga_completa_internacional.png\",\"contentUrl\":\"https:\\\/\\\/tw-group.com\\\/wp-content\\\/uploads\\\/2023\\\/03\\\/Carga_completa_internacional.png\",\"width\":900,\"height\":640},{\"@type\":\"BreadcrumbList\",\"@id\":\"https:\\\/\\\/tw-group.com\\\/de\\\/ftl\\\/#breadcrumb\",\"itemListElement\":[{\"@type\":\"ListItem\",\"position\":1,\"name\":\"Portada\",\"item\":\"https:\\\/\\\/tw-group.com\\\/de\\\/\"},{\"@type\":\"ListItem\",\"position\":2,\"name\":\"FTL\"}]},{\"@type\":\"WebSite\",\"@id\":\"https:\\\/\\\/tw-group.com\\\/de\\\/#website\",\"url\":\"https:\\\/\\\/tw-group.com\\\/de\\\/\",\"name\":\"TW Group\",\"description\":\"\",\"potentialAction\":[{\"@type\":\"SearchAction\",\"target\":{\"@type\":\"EntryPoint\",\"urlTemplate\":\"https:\\\/\\\/tw-group.com\\\/de\\\/?s={search_term_string}\"},\"query-input\":{\"@type\":\"PropertyValueSpecification\",\"valueRequired\":true,\"valueName\":\"search_term_string\"}}],\"inLanguage\":\"de\"}]}<\/script>\n<!-- \/ Yoast SEO plugin. -->","yoast_head_json":{"title":"FTL - TW Group","robots":{"index":"index","follow":"follow","max-snippet":"max-snippet:-1","max-image-preview":"max-image-preview:large","max-video-preview":"max-video-preview:-1"},"canonical":"https:\/\/tw-group.com\/de\/ftl\/","og_locale":"de_DE","og_type":"article","og_title":"FTL - TW Group","og_description":"Wohin geht die Fahrt? Eine unserer Abteilungen ist auf den Transport von FTL- oder Komplettladungen spezialisiert, vom \u00f6rtlichen Transporten bis hin zu internationalen Zielen. TW bef\u00e4hrt mit mehr als 1.000 Fahrzeugen ganz Europa und Mexiko, und mit unserem Know-how richten wir bei Bedarf f\u00fcr unsere Kunden FTL-Logistiknetze in den L\u00e4ndern ein, die sie erreichen m\u00fcssen. [&hellip;]","og_url":"https:\/\/tw-group.com\/de\/ftl\/","og_site_name":"TW Group","article_modified_time":"2023-08-03T10:20:00+00:00","og_image":[{"width":900,"height":640,"url":"https:\/\/tw-group.com\/wp-content\/uploads\/2023\/03\/Carga_completa_internacional.png","type":"image\/png"}],"twitter_card":"summary_large_image","schema":{"@context":"https:\/\/schema.org","@graph":[{"@type":"WebPage","@id":"https:\/\/tw-group.com\/de\/ftl\/","url":"https:\/\/tw-group.com\/de\/ftl\/","name":"FTL - TW Group","isPartOf":{"@id":"https:\/\/tw-group.com\/de\/#website"},"primaryImageOfPage":{"@id":"https:\/\/tw-group.com\/de\/ftl\/#primaryimage"},"image":{"@id":"https:\/\/tw-group.com\/de\/ftl\/#primaryimage"},"thumbnailUrl":"https:\/\/tw-group.com\/wp-content\/uploads\/2023\/03\/Carga_completa_internacional.png","datePublished":"2023-01-09T15:36:09+00:00","dateModified":"2023-08-03T10:20:00+00:00","breadcrumb":{"@id":"https:\/\/tw-group.com\/de\/ftl\/#breadcrumb"},"inLanguage":"de","potentialAction":[{"@type":"ReadAction","target":["https:\/\/tw-group.com\/de\/ftl\/"]}]},{"@type":"ImageObject","inLanguage":"de","@id":"https:\/\/tw-group.com\/de\/ftl\/#primaryimage","url":"https:\/\/tw-group.com\/wp-content\/uploads\/2023\/03\/Carga_completa_internacional.png","contentUrl":"https:\/\/tw-group.com\/wp-content\/uploads\/2023\/03\/Carga_completa_internacional.png","width":900,"height":640},{"@type":"BreadcrumbList","@id":"https:\/\/tw-group.com\/de\/ftl\/#breadcrumb","itemListElement":[{"@type":"ListItem","position":1,"name":"Portada","item":"https:\/\/tw-group.com\/de\/"},{"@type":"ListItem","position":2,"name":"FTL"}]},{"@type":"WebSite","@id":"https:\/\/tw-group.com\/de\/#website","url":"https:\/\/tw-group.com\/de\/","name":"TW Group","description":"","potentialAction":[{"@type":"SearchAction","target":{"@type":"EntryPoint","urlTemplate":"https:\/\/tw-group.com\/de\/?s={search_term_string}"},"query-input":{"@type":"PropertyValueSpecification","valueRequired":true,"valueName":"search_term_string"}}],"inLanguage":"de"}]}},"_links":{"self":[{"href":"https:\/\/tw-group.com\/de\/wp-json\/wp\/v2\/pages\/28905","targetHints":{"allow":["GET"]}}],"collection":[{"href":"https:\/\/tw-group.com\/de\/wp-json\/wp\/v2\/pages"}],"about":[{"href":"https:\/\/tw-group.com\/de\/wp-json\/wp\/v2\/types\/page"}],"author":[{"embeddable":true,"href":"https:\/\/tw-group.com\/de\/wp-json\/wp\/v2\/users\/1"}],"replies":[{"embeddable":true,"href":"https:\/\/tw-group.com\/de\/wp-json\/wp\/v2\/comments?post=28905"}],"version-history":[{"count":0,"href":"https:\/\/tw-group.com\/de\/wp-json\/wp\/v2\/pages\/28905\/revisions"}],"wp:featuredmedia":[{"embeddable":true,"href":"https:\/\/tw-group.com\/de\/wp-json\/wp\/v2\/media\/28774"}],"wp:attachment":[{"href":"https:\/\/tw-group.com\/de\/wp-json\/wp\/v2\/media?parent=28905"}],"curies":[{"name":"wp","href":"https:\/\/api.w.org\/{rel}","templated":true}]}}