{"id":28903,"date":"2023-01-09T16:35:18","date_gmt":"2023-01-09T15:35:18","guid":{"rendered":"https:\/\/tw-group.com\/4pl\/"},"modified":"2023-08-03T11:48:39","modified_gmt":"2023-08-03T09:48:39","slug":"4pl","status":"publish","type":"page","link":"https:\/\/tw-group.com\/de\/4pl\/","title":{"rendered":"4PL"},"content":{"rendered":"\t\t<div data-elementor-type=\"wp-page\" data-elementor-id=\"28903\" class=\"elementor elementor-28903 elementor-16316\" data-elementor-post-type=\"page\">\n\t\t\t\t\t\t<section class=\"elementor-section elementor-top-section elementor-element elementor-element-7fc3498 elementor-section-full_width qodef-elementor-content-grid elementor-section-height-default elementor-section-height-default\" data-id=\"7fc3498\" data-element_type=\"section\" data-e-type=\"section\" data-settings=\"{&quot;background_background&quot;:&quot;classic&quot;}\">\n\t\t\t\t\t\t<div class=\"elementor-container elementor-column-gap-no\">\n\t\t\t\t\t<div class=\"elementor-column elementor-col-100 elementor-top-column elementor-element elementor-element-81c4909\" data-id=\"81c4909\" data-element_type=\"column\" data-e-type=\"column\">\n\t\t\t<div class=\"elementor-widget-wrap elementor-element-populated\">\n\t\t\t\t\t\t<div class=\"elementor-element elementor-element-6aa73b2 elementor-widget elementor-widget-globefarer_core_divided_image_info\" data-id=\"6aa73b2\" data-element_type=\"widget\" data-e-type=\"widget\" data-widget_type=\"globefarer_core_divided_image_info.default\">\n\t\t\t\t<div class=\"elementor-widget-container\">\n\t\t\t\t\t<div class=\"qodef-shortcode qodef-m  qodef-divided-image-info qodef-layout--image-left qodef-separator--on qodef-vertically-centered--on qodef-breakpoint--1024 qodef-appear-animation--no \">\n\t\t<div class=\"qodef-m-image\" style=\"width: 51.5%;padding-right: 3%\">\n\t\t<img fetchpriority=\"high\" decoding=\"async\" width=\"800\" height=\"425\" src=\"https:\/\/tw-group.com\/wp-content\/uploads\/2023\/02\/SERVICIOS-4PL_S.jpg\" class=\"attachment-full size-full\" alt=\"\" srcset=\"https:\/\/tw-group.com\/wp-content\/uploads\/2023\/02\/SERVICIOS-4PL_S.jpg 800w, https:\/\/tw-group.com\/wp-content\/uploads\/2023\/02\/SERVICIOS-4PL_S-300x159.jpg 300w, https:\/\/tw-group.com\/wp-content\/uploads\/2023\/02\/SERVICIOS-4PL_S-768x408.jpg 768w\" sizes=\"(max-width: 800px) 100vw, 800px\" \/>\t<\/div>\n<div class=\"qodef-m-content\" style=\"margin-top: 0px;padding-left: 4%\">\n\t\t\t<h2 itemprop=\"name\" class=\"qodef-m-title\" style=\"margin-bottom: 29px\">\n\tWir optimieren die Lieferkette\t<\/h2>\n\t<p class=\"qodef-m-text\" >\n\t\tWir bieten f\u00fcr den Logistikbereich Beratung, Planungs- und Verwaltungsdienste, Lokalisierung und Unterst\u00fctzung bei der Integration neuer Technologien. Kontaktieren Sie unsere Abteilung f\u00fcr 4PL oder Lead Logistics. Sie arbeitet international und ist nach Branchen gegliedert.\t<\/p>\n\t<a class=\"qodef-shortcode qodef-m qodef-m-button qodef-button qodef-layout--textual  qodef-html--link\" href=\"\/ftl\/?lang=de\" target=\"_self\"  >\t\t\t<span class=\"qodef-m-button-icon\"><svg class=\"qodef-svg--plus\" xmlns=\"http:\/\/www.w3.org\/2000\/svg\" xmlns:xlink=\"http:\/\/www.w3.org\/1999\/xlink\" width=\"14\" height=\"14\" viewBox=\"0 0 14 14\"><path class=\"qodef-m-horizontal\" d=\"M0,0H14V2H0Z\" transform=\"translate(0 6)\" \/><path class=\"qodef-m-vertical\" d=\"M0,0H2V14H0Z\" transform=\"translate(6)\" \/><\/svg><\/span>\t\t\t\t<span class=\"qodef-m-button-text\">Siehe FTL<br \/><\/span>\t<\/a><\/div>\n<\/div>\n\t\t\t\t<\/div>\n\t\t\t\t<\/div>\n\t\t\t\t\t<\/div>\n\t\t<\/div>\n\t\t\t\t\t<\/div>\n\t\t<\/section>\n\t\t\t\t<section class=\"elementor-section elementor-top-section elementor-element elementor-element-94ae9d9 qodef-elementor-content-grid elementor-section-full_width elementor-section-height-default elementor-section-height-default\" data-id=\"94ae9d9\" data-element_type=\"section\" data-e-type=\"section\">\n\t\t\t\t\t\t<div class=\"elementor-container elementor-column-gap-no\">\n\t\t\t\t\t<div class=\"elementor-column elementor-col-100 elementor-top-column elementor-element elementor-element-4de569e\" data-id=\"4de569e\" data-element_type=\"column\" data-e-type=\"column\">\n\t\t\t<div class=\"elementor-widget-wrap elementor-element-populated\">\n\t\t\t\t\t\t<div class=\"elementor-element elementor-element-283d77e elementor-widget elementor-widget-globefarer_core_accordion_info\" data-id=\"283d77e\" data-element_type=\"widget\" data-e-type=\"widget\" data-widget_type=\"globefarer_core_accordion_info.default\">\n\t\t\t\t<div class=\"elementor-widget-container\">\n\t\t\t\t\t<div class=\"qodef-shortcode qodef-m  qodef-accordion-info qodef-behavior--accordion qodef-layout--extended-compact \">\n\t<div class=\"qodef-m-heading\">\n\t<\/div>\n\t<div class=\"qodef-accordion-info-inner\">\n\t\t\t\t\t\t\t\t\t\t\t\t\t<div class=\"qodef-m-navigation\">\n\t\t<h4 class=\"qodef-m-title\">\n\t\tDesign und Optimierung\t<\/h4>\n\t<p class=\"qodef-m-tagline\">\n\t\tWir \u00fcberwachen das Funktionieren der Lieferkette des Kunden. \t<\/p>\n<div class=\"qodef-m-mark\">\n\t<svg class=\"qodef-svg--plus\" xmlns=\"http:\/\/www.w3.org\/2000\/svg\" xmlns:xlink=\"http:\/\/www.w3.org\/1999\/xlink\" width=\"14\" height=\"14\" viewBox=\"0 0 14 14\"><path class=\"qodef-m-horizontal\" d=\"M0,0H14V2H0Z\" transform=\"translate(0 6)\" \/><path class=\"qodef-m-vertical\" d=\"M0,0H2V14H0Z\" transform=\"translate(6)\" \/><\/svg><\/div>\n<\/div>\n<div class=\"qodef-m-content\">\n\t\t<p class=\"qodef-m-text\">\n\t\tDank unserer Erfahrung und unserer technologischen Kapazit\u00e4t als globaler Logistikdienstleister entwickeln und optimieren wir die Effizienz bis zum Maximum.\t<\/p>\n<\/div>\n\t\t\t\t\t\t\t\t\t\t\t<div class=\"qodef-m-navigation\">\n\t\t<h4 class=\"qodef-m-title\">\n\t\tControl Tower \t<\/h4>\n\t<p class=\"qodef-m-tagline\">\n\t\tUnsere Teams der Abteilung Control Tower haben die Aufgabe, den Kunden jederzeit und \u00fcberall das zur Verf\u00fcgung zu stellen, was sie f\u00fcr ihre T\u00e4tigkeit brauchen. Dabei werden kontinuierlich die Zulieferungen optimiert, die Kosten gesenkt sowie die Effizienz und Zuverl\u00e4ssigkeit des Betriebs gesteigert.\t<\/p>\n<div class=\"qodef-m-mark\">\n\t<svg class=\"qodef-svg--plus\" xmlns=\"http:\/\/www.w3.org\/2000\/svg\" xmlns:xlink=\"http:\/\/www.w3.org\/1999\/xlink\" width=\"14\" height=\"14\" viewBox=\"0 0 14 14\"><path class=\"qodef-m-horizontal\" d=\"M0,0H14V2H0Z\" transform=\"translate(0 6)\" \/><path class=\"qodef-m-vertical\" d=\"M0,0H2V14H0Z\" transform=\"translate(6)\" \/><\/svg><\/div>\n<\/div>\n<div class=\"qodef-m-content\">\n\t\t<p class=\"qodef-m-text\">\n\t\tDabei sorgen wir f\u00fcr eine umfassende Integration des Kunden und seiner Systeme in unsere Prozesse.\t<\/p>\n<\/div>\n\t\t\t\t\t\t\t\t\t\t\t<div class=\"qodef-m-navigation\">\n\t\t<h4 class=\"qodef-m-title\">\n\t\tMaximale Transparenz\t<\/h4>\n\t<p class=\"qodef-m-tagline\">\n\t\tWir sorgen f\u00fcr uneingeschr\u00e4nkte Transparenz hinsichtlich aller Daten und Betriebsprozesse des Kunden. Es gibt bei uns keine Vorg\u00e4nge oder Prozesse, in die der Kunde keinen Einblick h\u00e4tte.\t<\/p>\n<div class=\"qodef-m-mark\">\n\t<svg class=\"qodef-svg--plus\" xmlns=\"http:\/\/www.w3.org\/2000\/svg\" xmlns:xlink=\"http:\/\/www.w3.org\/1999\/xlink\" width=\"14\" height=\"14\" viewBox=\"0 0 14 14\"><path class=\"qodef-m-horizontal\" d=\"M0,0H14V2H0Z\" transform=\"translate(0 6)\" \/><path class=\"qodef-m-vertical\" d=\"M0,0H2V14H0Z\" transform=\"translate(6)\" \/><\/svg><\/div>\n<\/div>\n<div class=\"qodef-m-content\">\n\t\t<p class=\"qodef-m-text\">\n\t\tMit unseren Business-Intelligence-Werkzeugen erstellen wir Berichte und Analysen zur Betriebst\u00e4tigkeit des Kunden.\t<\/p>\n<\/div>\n\t\t\t\t\t\t\t\t\t\t\t<div class=\"qodef-m-navigation\">\n\t\t<h4 class=\"qodef-m-title\">\n\t\tSpezialisierung nach Branchen\t<\/h4>\n\t<p class=\"qodef-m-tagline\">\n\t\tWir sind auf verschiedene Branchen spezialisiert. Auf der Grundlage unserer Erfahrung und unseres Know-hows analysieren wir die Anforderungen einer jeden Gesch\u00e4ftst\u00e4tigkeit, um die geeignetsten L\u00f6sungen f\u00fcr den Kunden zu entwickeln.\t<\/p>\n<div class=\"qodef-m-mark\">\n\t<svg class=\"qodef-svg--plus\" xmlns=\"http:\/\/www.w3.org\/2000\/svg\" xmlns:xlink=\"http:\/\/www.w3.org\/1999\/xlink\" width=\"14\" height=\"14\" viewBox=\"0 0 14 14\"><path class=\"qodef-m-horizontal\" d=\"M0,0H14V2H0Z\" transform=\"translate(0 6)\" \/><path class=\"qodef-m-vertical\" d=\"M0,0H2V14H0Z\" transform=\"translate(6)\" \/><\/svg><\/div>\n<\/div>\n<div class=\"qodef-m-content\">\n\t\t<p class=\"qodef-m-text\">\n\t\tDabei ber\u00fccksichtigen wir stets die globale sowie die in jedem Land f\u00fcr die betreffende Branche geltende Gesetzgebung auf ihrem aktuellen Stand.\t<\/p>\n<\/div>\n\t\t\t\t\t\t<\/div>\n<\/div>\n\t\t\t\t<\/div>\n\t\t\t\t<\/div>\n\t\t\t\t\t<\/div>\n\t\t<\/div>\n\t\t\t\t\t<\/div>\n\t\t<\/section>\n\t\t\t\t<section class=\"elementor-section elementor-top-section elementor-element elementor-element-45c1549 elementor-section-full_width elementor-section-height-default elementor-section-height-default qodef-elementor-content-no\" data-id=\"45c1549\" data-element_type=\"section\" data-e-type=\"section\">\n\t\t\t\t\t\t<div class=\"elementor-container elementor-column-gap-no\">\n\t\t\t\t\t<div class=\"elementor-column elementor-col-100 elementor-top-column elementor-element elementor-element-aa7ce85\" data-id=\"aa7ce85\" data-element_type=\"column\" data-e-type=\"column\">\n\t\t\t<div class=\"elementor-widget-wrap elementor-element-populated\">\n\t\t\t\t\t\t<div class=\"elementor-element elementor-element-59eef00 elementor-widget elementor-widget-image\" data-id=\"59eef00\" data-element_type=\"widget\" data-e-type=\"widget\" data-widget_type=\"image.default\">\n\t\t\t\t<div class=\"elementor-widget-container\">\n\t\t\t\t\t\t\t\t\t\t\t\t\t\t\t<img decoding=\"async\" width=\"2560\" height=\"1000\" src=\"https:\/\/tw-group.com\/wp-content\/uploads\/2023\/02\/SERVICIOS-4PL-FOOTER.jpg\" class=\"attachment-full size-full wp-image-28705\" alt=\"\" srcset=\"https:\/\/tw-group.com\/wp-content\/uploads\/2023\/02\/SERVICIOS-4PL-FOOTER.jpg 2560w, https:\/\/tw-group.com\/wp-content\/uploads\/2023\/02\/SERVICIOS-4PL-FOOTER-300x117.jpg 300w, https:\/\/tw-group.com\/wp-content\/uploads\/2023\/02\/SERVICIOS-4PL-FOOTER-1024x400.jpg 1024w, https:\/\/tw-group.com\/wp-content\/uploads\/2023\/02\/SERVICIOS-4PL-FOOTER-768x300.jpg 768w, https:\/\/tw-group.com\/wp-content\/uploads\/2023\/02\/SERVICIOS-4PL-FOOTER-1536x600.jpg 1536w, https:\/\/tw-group.com\/wp-content\/uploads\/2023\/02\/SERVICIOS-4PL-FOOTER-2048x800.jpg 2048w\" sizes=\"(max-width: 2560px) 100vw, 2560px\" \/>\t\t\t\t\t\t\t\t\t\t\t\t\t\t\t<\/div>\n\t\t\t\t<\/div>\n\t\t\t\t\t<\/div>\n\t\t<\/div>\n\t\t\t\t\t<\/div>\n\t\t<\/section>\n\t\t\t\t<\/div>\n\t\t","protected":false},"excerpt":{"rendered":"<p>Wir optimieren die Lieferkette Wir bieten f\u00fcr den Logistikbereich Beratung, Planungs- und Verwaltungsdienste, Lokalisierung und Unterst\u00fctzung bei der Integration neuer Technologien. Kontaktieren Sie unsere Abteilung f\u00fcr 4PL oder Lead Logistics. Sie arbeitet international und ist nach Branchen gegliedert. Siehe FTL Design und Optimierung Wir \u00fcberwachen das Funktionieren der Lieferkette des Kunden. Dank unserer Erfahrung und [&hellip;]<\/p>\n","protected":false},"author":1,"featured_media":28773,"parent":0,"menu_order":0,"comment_status":"closed","ping_status":"closed","template":"page-full-width.php","meta":{"footnotes":""},"class_list":["post-28903","page","type-page","status-publish","has-post-thumbnail","hentry"],"yoast_head":"<!-- This site is optimized with the Yoast SEO plugin v27.3 - https:\/\/yoast.com\/product\/yoast-seo-wordpress\/ -->\n<title>4PL - TW Group<\/title>\n<meta name=\"robots\" content=\"index, follow, max-snippet:-1, max-image-preview:large, max-video-preview:-1\" \/>\n<link rel=\"canonical\" href=\"https:\/\/tw-group.com\/de\/4pl\/\" \/>\n<meta property=\"og:locale\" content=\"de_DE\" \/>\n<meta property=\"og:type\" content=\"article\" \/>\n<meta property=\"og:title\" content=\"4PL - TW Group\" \/>\n<meta property=\"og:description\" content=\"Wir optimieren die Lieferkette Wir bieten f\u00fcr den Logistikbereich Beratung, Planungs- und Verwaltungsdienste, Lokalisierung und Unterst\u00fctzung bei der Integration neuer Technologien. Kontaktieren Sie unsere Abteilung f\u00fcr 4PL oder Lead Logistics. Sie arbeitet international und ist nach Branchen gegliedert. Siehe FTL Design und Optimierung Wir \u00fcberwachen das Funktionieren der Lieferkette des Kunden. Dank unserer Erfahrung und [&hellip;]\" \/>\n<meta property=\"og:url\" content=\"https:\/\/tw-group.com\/de\/4pl\/\" \/>\n<meta property=\"og:site_name\" content=\"TW Group\" \/>\n<meta property=\"article:modified_time\" content=\"2023-08-03T09:48:39+00:00\" \/>\n<meta property=\"og:image\" content=\"https:\/\/tw-group.com\/wp-content\/uploads\/2023\/03\/Optimizacion-cadena-de-suministro.png\" \/>\n\t<meta property=\"og:image:width\" content=\"900\" \/>\n\t<meta property=\"og:image:height\" content=\"640\" \/>\n\t<meta property=\"og:image:type\" content=\"image\/png\" \/>\n<meta name=\"twitter:card\" content=\"summary_large_image\" \/>\n<script type=\"application\/ld+json\" class=\"yoast-schema-graph\">{\"@context\":\"https:\\\/\\\/schema.org\",\"@graph\":[{\"@type\":\"WebPage\",\"@id\":\"https:\\\/\\\/tw-group.com\\\/de\\\/4pl\\\/\",\"url\":\"https:\\\/\\\/tw-group.com\\\/de\\\/4pl\\\/\",\"name\":\"4PL - TW Group\",\"isPartOf\":{\"@id\":\"https:\\\/\\\/tw-group.com\\\/de\\\/#website\"},\"primaryImageOfPage\":{\"@id\":\"https:\\\/\\\/tw-group.com\\\/de\\\/4pl\\\/#primaryimage\"},\"image\":{\"@id\":\"https:\\\/\\\/tw-group.com\\\/de\\\/4pl\\\/#primaryimage\"},\"thumbnailUrl\":\"https:\\\/\\\/tw-group.com\\\/wp-content\\\/uploads\\\/2023\\\/03\\\/Optimizacion-cadena-de-suministro.png\",\"datePublished\":\"2023-01-09T15:35:18+00:00\",\"dateModified\":\"2023-08-03T09:48:39+00:00\",\"breadcrumb\":{\"@id\":\"https:\\\/\\\/tw-group.com\\\/de\\\/4pl\\\/#breadcrumb\"},\"inLanguage\":\"de\",\"potentialAction\":[{\"@type\":\"ReadAction\",\"target\":[\"https:\\\/\\\/tw-group.com\\\/de\\\/4pl\\\/\"]}]},{\"@type\":\"ImageObject\",\"inLanguage\":\"de\",\"@id\":\"https:\\\/\\\/tw-group.com\\\/de\\\/4pl\\\/#primaryimage\",\"url\":\"https:\\\/\\\/tw-group.com\\\/wp-content\\\/uploads\\\/2023\\\/03\\\/Optimizacion-cadena-de-suministro.png\",\"contentUrl\":\"https:\\\/\\\/tw-group.com\\\/wp-content\\\/uploads\\\/2023\\\/03\\\/Optimizacion-cadena-de-suministro.png\",\"width\":900,\"height\":640},{\"@type\":\"BreadcrumbList\",\"@id\":\"https:\\\/\\\/tw-group.com\\\/de\\\/4pl\\\/#breadcrumb\",\"itemListElement\":[{\"@type\":\"ListItem\",\"position\":1,\"name\":\"Portada\",\"item\":\"https:\\\/\\\/tw-group.com\\\/de\\\/\"},{\"@type\":\"ListItem\",\"position\":2,\"name\":\"4PL\"}]},{\"@type\":\"WebSite\",\"@id\":\"https:\\\/\\\/tw-group.com\\\/de\\\/#website\",\"url\":\"https:\\\/\\\/tw-group.com\\\/de\\\/\",\"name\":\"TW Group\",\"description\":\"\",\"potentialAction\":[{\"@type\":\"SearchAction\",\"target\":{\"@type\":\"EntryPoint\",\"urlTemplate\":\"https:\\\/\\\/tw-group.com\\\/de\\\/?s={search_term_string}\"},\"query-input\":{\"@type\":\"PropertyValueSpecification\",\"valueRequired\":true,\"valueName\":\"search_term_string\"}}],\"inLanguage\":\"de\"}]}<\/script>\n<!-- \/ Yoast SEO plugin. -->","yoast_head_json":{"title":"4PL - TW Group","robots":{"index":"index","follow":"follow","max-snippet":"max-snippet:-1","max-image-preview":"max-image-preview:large","max-video-preview":"max-video-preview:-1"},"canonical":"https:\/\/tw-group.com\/de\/4pl\/","og_locale":"de_DE","og_type":"article","og_title":"4PL - TW Group","og_description":"Wir optimieren die Lieferkette Wir bieten f\u00fcr den Logistikbereich Beratung, Planungs- und Verwaltungsdienste, Lokalisierung und Unterst\u00fctzung bei der Integration neuer Technologien. Kontaktieren Sie unsere Abteilung f\u00fcr 4PL oder Lead Logistics. Sie arbeitet international und ist nach Branchen gegliedert. Siehe FTL Design und Optimierung Wir \u00fcberwachen das Funktionieren der Lieferkette des Kunden. Dank unserer Erfahrung und [&hellip;]","og_url":"https:\/\/tw-group.com\/de\/4pl\/","og_site_name":"TW Group","article_modified_time":"2023-08-03T09:48:39+00:00","og_image":[{"width":900,"height":640,"url":"https:\/\/tw-group.com\/wp-content\/uploads\/2023\/03\/Optimizacion-cadena-de-suministro.png","type":"image\/png"}],"twitter_card":"summary_large_image","schema":{"@context":"https:\/\/schema.org","@graph":[{"@type":"WebPage","@id":"https:\/\/tw-group.com\/de\/4pl\/","url":"https:\/\/tw-group.com\/de\/4pl\/","name":"4PL - TW Group","isPartOf":{"@id":"https:\/\/tw-group.com\/de\/#website"},"primaryImageOfPage":{"@id":"https:\/\/tw-group.com\/de\/4pl\/#primaryimage"},"image":{"@id":"https:\/\/tw-group.com\/de\/4pl\/#primaryimage"},"thumbnailUrl":"https:\/\/tw-group.com\/wp-content\/uploads\/2023\/03\/Optimizacion-cadena-de-suministro.png","datePublished":"2023-01-09T15:35:18+00:00","dateModified":"2023-08-03T09:48:39+00:00","breadcrumb":{"@id":"https:\/\/tw-group.com\/de\/4pl\/#breadcrumb"},"inLanguage":"de","potentialAction":[{"@type":"ReadAction","target":["https:\/\/tw-group.com\/de\/4pl\/"]}]},{"@type":"ImageObject","inLanguage":"de","@id":"https:\/\/tw-group.com\/de\/4pl\/#primaryimage","url":"https:\/\/tw-group.com\/wp-content\/uploads\/2023\/03\/Optimizacion-cadena-de-suministro.png","contentUrl":"https:\/\/tw-group.com\/wp-content\/uploads\/2023\/03\/Optimizacion-cadena-de-suministro.png","width":900,"height":640},{"@type":"BreadcrumbList","@id":"https:\/\/tw-group.com\/de\/4pl\/#breadcrumb","itemListElement":[{"@type":"ListItem","position":1,"name":"Portada","item":"https:\/\/tw-group.com\/de\/"},{"@type":"ListItem","position":2,"name":"4PL"}]},{"@type":"WebSite","@id":"https:\/\/tw-group.com\/de\/#website","url":"https:\/\/tw-group.com\/de\/","name":"TW Group","description":"","potentialAction":[{"@type":"SearchAction","target":{"@type":"EntryPoint","urlTemplate":"https:\/\/tw-group.com\/de\/?s={search_term_string}"},"query-input":{"@type":"PropertyValueSpecification","valueRequired":true,"valueName":"search_term_string"}}],"inLanguage":"de"}]}},"_links":{"self":[{"href":"https:\/\/tw-group.com\/de\/wp-json\/wp\/v2\/pages\/28903","targetHints":{"allow":["GET"]}}],"collection":[{"href":"https:\/\/tw-group.com\/de\/wp-json\/wp\/v2\/pages"}],"about":[{"href":"https:\/\/tw-group.com\/de\/wp-json\/wp\/v2\/types\/page"}],"author":[{"embeddable":true,"href":"https:\/\/tw-group.com\/de\/wp-json\/wp\/v2\/users\/1"}],"replies":[{"embeddable":true,"href":"https:\/\/tw-group.com\/de\/wp-json\/wp\/v2\/comments?post=28903"}],"version-history":[{"count":0,"href":"https:\/\/tw-group.com\/de\/wp-json\/wp\/v2\/pages\/28903\/revisions"}],"wp:featuredmedia":[{"embeddable":true,"href":"https:\/\/tw-group.com\/de\/wp-json\/wp\/v2\/media\/28773"}],"wp:attachment":[{"href":"https:\/\/tw-group.com\/de\/wp-json\/wp\/v2\/media?parent=28903"}],"curies":[{"name":"wp","href":"https:\/\/api.w.org\/{rel}","templated":true}]}}