{"id":28894,"date":"2023-01-09T16:05:17","date_gmt":"2023-01-09T15:05:17","guid":{"rendered":"https:\/\/tw-group.com\/por-que-elegirnos\/"},"modified":"2023-08-03T09:49:29","modified_gmt":"2023-08-03T07:49:29","slug":"was-dafuer-spricht-uns-zu-waehlen","status":"publish","type":"page","link":"https:\/\/tw-group.com\/de\/was-dafuer-spricht-uns-zu-waehlen\/","title":{"rendered":"Was daf\u00fcr spricht, uns zu w\u00e4hlen"},"content":{"rendered":"\t\t<div data-elementor-type=\"wp-page\" data-elementor-id=\"28894\" class=\"elementor elementor-28894 elementor-16280\" data-elementor-post-type=\"page\">\n\t\t\t\t\t\t<section class=\"elementor-section elementor-top-section elementor-element elementor-element-7adebf78 elementor-section-boxed elementor-section-height-default elementor-section-height-default qodef-elementor-content-no\" data-id=\"7adebf78\" data-element_type=\"section\" data-e-type=\"section\">\n\t\t\t\t\t\t<div class=\"elementor-container elementor-column-gap-default\">\n\t\t\t\t\t<div class=\"elementor-column elementor-col-50 elementor-top-column elementor-element elementor-element-744f869a\" data-id=\"744f869a\" data-element_type=\"column\" data-e-type=\"column\">\n\t\t\t<div class=\"elementor-widget-wrap elementor-element-populated\">\n\t\t\t\t\t\t<div class=\"elementor-element elementor-element-13335e43 elementor-widget elementor-widget-video\" data-id=\"13335e43\" data-element_type=\"widget\" data-e-type=\"widget\" data-settings=\"{&quot;video_type&quot;:&quot;hosted&quot;,&quot;start&quot;:1,&quot;controls&quot;:&quot;yes&quot;}\" data-widget_type=\"video.default\">\n\t\t\t\t<div class=\"elementor-widget-container\">\n\t\t\t\t\t\t\t<div class=\"e-hosted-video elementor-wrapper elementor-open-inline\">\n\t\t\t\t\t<video class=\"elementor-video\" src=\"https:\/\/tw-group.com\/video\/TWL_Valores.mp4#t=1\" controls=\"\" preload=\"metadata\" controlsList=\"nodownload\"><\/video>\n\t\t\t\t<\/div>\n\t\t\t\t\t\t<\/div>\n\t\t\t\t<\/div>\n\t\t\t\t\t<\/div>\n\t\t<\/div>\n\t\t\t\t<div class=\"elementor-column elementor-col-50 elementor-top-column elementor-element elementor-element-5e904087\" data-id=\"5e904087\" data-element_type=\"column\" data-e-type=\"column\">\n\t\t\t<div class=\"elementor-widget-wrap elementor-element-populated\">\n\t\t\t\t\t\t<div class=\"elementor-element elementor-element-33b63cd3 elementor-widget elementor-widget-globefarer_core_divided_image_info\" data-id=\"33b63cd3\" data-element_type=\"widget\" data-e-type=\"widget\" data-widget_type=\"globefarer_core_divided_image_info.default\">\n\t\t\t\t<div class=\"elementor-widget-container\">\n\t\t\t\t\t<div class=\"qodef-shortcode qodef-m  qodef-divided-image-info qodef-layout--image-left qodef-separator--on qodef-vertically-centered--on qodef-breakpoint--1024 qodef-appear-animation--no \">\n\t<div class=\"qodef-m-content\" style=\"margin-top: 0px;padding-left: 4%\">\n\t\t\t<h2 itemprop=\"name\" class=\"qodef-m-title\" style=\"margin-bottom: 29px\">\n\tEin multinationales Unternehmen sucht die N\u00e4he\t<\/h2>\n\t<p class=\"qodef-m-text\" >\n\t\tWir setzen alles daran, dass unsere Kunden uns als ihrem zuverl\u00e4ssigen Logistikpartner vertrauen. Wir verstehen unsere Arbeit als eine Dienstleistung f\u00fcr die Gesellschaft und die Unternehmen, mit der MISSION, den Fluss der Lieferkette zu optimieren und aufrechtzuerhalten. Mit der VISION, jedes neue Land und jede Ecke zu erreichen, die ein Kunde verlangt. Mit dem ZIEL, die Welt mit Hilfe unserer Ressourcen und Technologien weiter zu verbinden.\t<\/p>\n\t<a class=\"qodef-shortcode qodef-m qodef-m-button qodef-button qodef-layout--textual  qodef-html--link\" href=\"\/multimodal\/?lang=de\" target=\"_self\"  >\t\t\t<span class=\"qodef-m-button-icon\"><svg class=\"qodef-svg--plus\" xmlns=\"http:\/\/www.w3.org\/2000\/svg\" xmlns:xlink=\"http:\/\/www.w3.org\/1999\/xlink\" width=\"14\" height=\"14\" viewBox=\"0 0 14 14\"><path class=\"qodef-m-horizontal\" d=\"M0,0H14V2H0Z\" transform=\"translate(0 6)\" \/><path class=\"qodef-m-vertical\" d=\"M0,0H2V14H0Z\" transform=\"translate(6)\" \/><\/svg><\/span>\t\t\t\t<span class=\"qodef-m-button-text\">N\u00e4here Informationen<br \/> zu unseren Leistungen<\/span>\t<\/a><\/div>\n<\/div>\n\t\t\t\t<\/div>\n\t\t\t\t<\/div>\n\t\t\t\t\t<\/div>\n\t\t<\/div>\n\t\t\t\t\t<\/div>\n\t\t<\/section>\n\t\t\t\t<section class=\"elementor-section elementor-top-section elementor-element elementor-element-94ae9d9 qodef-elementor-content-grid elementor-section-full_width elementor-section-height-default elementor-section-height-default\" data-id=\"94ae9d9\" data-element_type=\"section\" data-e-type=\"section\">\n\t\t\t\t\t\t<div class=\"elementor-container elementor-column-gap-no\">\n\t\t\t\t\t<div class=\"elementor-column elementor-col-100 elementor-top-column elementor-element elementor-element-4de569e\" data-id=\"4de569e\" data-element_type=\"column\" data-e-type=\"column\">\n\t\t\t<div class=\"elementor-widget-wrap elementor-element-populated\">\n\t\t\t\t\t\t<div class=\"elementor-element elementor-element-283d77e elementor-widget elementor-widget-globefarer_core_accordion_info\" data-id=\"283d77e\" data-element_type=\"widget\" data-e-type=\"widget\" data-widget_type=\"globefarer_core_accordion_info.default\">\n\t\t\t\t<div class=\"elementor-widget-container\">\n\t\t\t\t\t<div class=\"qodef-shortcode qodef-m  qodef-accordion-info qodef-behavior--accordion qodef-layout--extended-compact \">\n\t<div class=\"qodef-m-heading\">\n\t\t<h6 class=\"qodef-m-heading-title\">\n\t\tSchl\u00fcssel zum Erfolg\t<\/h6>\n<\/div>\n\t<div class=\"qodef-accordion-info-inner\">\n\t\t\t\t\t\t\t\t\t\t\t\t\t<div class=\"qodef-m-navigation\">\n\t\t<h4 class=\"qodef-m-title\">\n\t\tInternationale Kultur\t<\/h4>\n\t<p class=\"qodef-m-tagline\">\n\t\tWir sind in der Lage, egal in welchem Land jedes Projekt zu entwickeln, \u00fcberall in der Welt.\t<\/p>\n<div class=\"qodef-m-mark\">\n\t<svg class=\"qodef-svg--plus\" xmlns=\"http:\/\/www.w3.org\/2000\/svg\" xmlns:xlink=\"http:\/\/www.w3.org\/1999\/xlink\" width=\"14\" height=\"14\" viewBox=\"0 0 14 14\"><path class=\"qodef-m-horizontal\" d=\"M0,0H14V2H0Z\" transform=\"translate(0 6)\" \/><path class=\"qodef-m-vertical\" d=\"M0,0H2V14H0Z\" transform=\"translate(6)\" \/><\/svg><\/div>\n<\/div>\n<div class=\"qodef-m-content\">\n\t\t<p class=\"qodef-m-text\">\n\t\tDenn wir passen uns stets an die Anforderungen des Kunden an, nicht umgekehrt.\t<\/p>\n<\/div>\n\t\t\t\t\t\t\t\t\t\t\t<div class=\"qodef-m-navigation\">\n\t\t<h4 class=\"qodef-m-title\">\n\t\tM\u00f6glichkeiten ohne Grenzen\t<\/h4>\n\t<p class=\"qodef-m-tagline\">\n\t\tTransporte zu Land, auf See und in der Luft.\t<\/p>\n<div class=\"qodef-m-mark\">\n\t<svg class=\"qodef-svg--plus\" xmlns=\"http:\/\/www.w3.org\/2000\/svg\" xmlns:xlink=\"http:\/\/www.w3.org\/1999\/xlink\" width=\"14\" height=\"14\" viewBox=\"0 0 14 14\"><path class=\"qodef-m-horizontal\" d=\"M0,0H14V2H0Z\" transform=\"translate(0 6)\" \/><path class=\"qodef-m-vertical\" d=\"M0,0H2V14H0Z\" transform=\"translate(6)\" \/><\/svg><\/div>\n<\/div>\n<div class=\"qodef-m-content\">\n\t\t<p class=\"qodef-m-text\">\n\t\tVertriebs- und Auslieferungsnetz, e-Commerce, Lead-Logistics, Kundendienst, intelligente Lagerhaltung, reverse Logistik, Lieferkettenoptimierung und weitere hochwertige, Mehrwert generierende Leistungen. Flexible und ma\u00dfgeschneiderte L\u00f6sungen f\u00fcr jede Art von Fracht und Kundenanforderungen.\t<\/p>\n<\/div>\n\t\t\t\t\t\t\t\t\t\t\t<div class=\"qodef-m-navigation\">\n\t\t<h4 class=\"qodef-m-title\">\n\t\tSo arbeiten wir\t<\/h4>\n\t<p class=\"qodef-m-tagline\">\n\t\tBetriebliche Exzellenz in allen Prozessen und kontinuierliche Verbesserungsinitiativen. \t<\/p>\n<div class=\"qodef-m-mark\">\n\t<svg class=\"qodef-svg--plus\" xmlns=\"http:\/\/www.w3.org\/2000\/svg\" xmlns:xlink=\"http:\/\/www.w3.org\/1999\/xlink\" width=\"14\" height=\"14\" viewBox=\"0 0 14 14\"><path class=\"qodef-m-horizontal\" d=\"M0,0H14V2H0Z\" transform=\"translate(0 6)\" \/><path class=\"qodef-m-vertical\" d=\"M0,0H2V14H0Z\" transform=\"translate(6)\" \/><\/svg><\/div>\n<\/div>\n<div class=\"qodef-m-content\">\n\t\t<p class=\"qodef-m-text\">\n\t\tZuverl\u00e4ssigkeit und Produktivit\u00e4t zur Steigerung der Wettbewerbsf\u00e4higkeit unserer Kunden, Agilit\u00e4t zur Anpassung an den kontinuierlichen Wandel der M\u00e4rkte von heute und unseres Gesch\u00e4fts.\t<\/p>\n<\/div>\n\t\t\t\t\t\t\t\t\t\t\t<div class=\"qodef-m-navigation\">\n\t\t<h4 class=\"qodef-m-title\">\n\t\tSpezielle Technologie, inhouse betrieben\t<\/h4>\n\t<p class=\"qodef-m-tagline\">\n\t\tUnser IT-Team ist seit mehr als 25 Jahren auf die optimale Nutzung von Technologien f\u00fcr die Logistikbranche spezialisiert.\t<\/p>\n<div class=\"qodef-m-mark\">\n\t<svg class=\"qodef-svg--plus\" xmlns=\"http:\/\/www.w3.org\/2000\/svg\" xmlns:xlink=\"http:\/\/www.w3.org\/1999\/xlink\" width=\"14\" height=\"14\" viewBox=\"0 0 14 14\"><path class=\"qodef-m-horizontal\" d=\"M0,0H14V2H0Z\" transform=\"translate(0 6)\" \/><path class=\"qodef-m-vertical\" d=\"M0,0H2V14H0Z\" transform=\"translate(6)\" \/><\/svg><\/div>\n<\/div>\n<div class=\"qodef-m-content\">\n\t\t<p class=\"qodef-m-text\">\n\t\tHervorragende Ergebnisse bei der ma\u00dfgeschneiderten Entwicklung von Lagerverwaltungssystemen und Anlagenautomatisierung. Wir investieren in Innovationen, um die Produktivit\u00e4t zu verbessern, Kosten zu senken und das Fehlerrisiko zu minimieren.\t<\/p>\n<\/div>\n\t\t\t\t\t\t\t\t\t\t\t<div class=\"qodef-m-navigation\">\n\t\t<h4 class=\"qodef-m-title\">\n\t\tSelbstverpflichtung\t<\/h4>\n\t<p class=\"qodef-m-tagline\">\n\t\tZuverl\u00e4ssig und transparent.\t<\/p>\n<div class=\"qodef-m-mark\">\n\t<svg class=\"qodef-svg--plus\" xmlns=\"http:\/\/www.w3.org\/2000\/svg\" xmlns:xlink=\"http:\/\/www.w3.org\/1999\/xlink\" width=\"14\" height=\"14\" viewBox=\"0 0 14 14\"><path class=\"qodef-m-horizontal\" d=\"M0,0H14V2H0Z\" transform=\"translate(0 6)\" \/><path class=\"qodef-m-vertical\" d=\"M0,0H2V14H0Z\" transform=\"translate(6)\" \/><\/svg><\/div>\n<\/div>\n<div class=\"qodef-m-content\">\n\t\t<p class=\"qodef-m-text\">\n\t\tWir garantieren zuverl\u00e4ssige Qualit\u00e4t, Transparenz und maximale R\u00fcckverfolgbarkeit unserer Lieferungen.\t<\/p>\n<\/div>\n\t\t\t\t\t\t\t\t\t\t\t<div class=\"qodef-m-navigation\">\n\t\t<h4 class=\"qodef-m-title\">\n\t\tSolidit\u00e4t \t<\/h4>\n\t<p class=\"qodef-m-tagline\">\n\t\tTW Group\t<\/p>\n<div class=\"qodef-m-mark\">\n\t<svg class=\"qodef-svg--plus\" xmlns=\"http:\/\/www.w3.org\/2000\/svg\" xmlns:xlink=\"http:\/\/www.w3.org\/1999\/xlink\" width=\"14\" height=\"14\" viewBox=\"0 0 14 14\"><path class=\"qodef-m-horizontal\" d=\"M0,0H14V2H0Z\" transform=\"translate(0 6)\" \/><path class=\"qodef-m-vertical\" d=\"M0,0H2V14H0Z\" transform=\"translate(6)\" \/><\/svg><\/div>\n<\/div>\n<div class=\"qodef-m-content\">\n\t\t<p class=\"qodef-m-text\">\n\t\tIst ein konsolidiertes Unternehmen mit erwiesener finanzieller Solvenz. Die kontinuierliche strategische Weiterentwicklung erm\u00f6glicht uns, die Beziehungen zu unseren Kunden langfristig zu festigen. \t<\/p>\n<\/div>\n\t\t\t\t\t\t<\/div>\n<\/div>\n\t\t\t\t<\/div>\n\t\t\t\t<\/div>\n\t\t\t\t\t<\/div>\n\t\t<\/div>\n\t\t\t\t\t<\/div>\n\t\t<\/section>\n\t\t\t\t<section class=\"elementor-section elementor-top-section elementor-element elementor-element-45c1549 elementor-section-full_width elementor-section-height-default elementor-section-height-default qodef-elementor-content-no\" data-id=\"45c1549\" data-element_type=\"section\" data-e-type=\"section\">\n\t\t\t\t\t\t<div class=\"elementor-container elementor-column-gap-no\">\n\t\t\t\t\t<div class=\"elementor-column elementor-col-100 elementor-top-column elementor-element elementor-element-aa7ce85\" data-id=\"aa7ce85\" data-element_type=\"column\" data-e-type=\"column\">\n\t\t\t<div class=\"elementor-widget-wrap elementor-element-populated\">\n\t\t\t\t\t\t<div class=\"elementor-element elementor-element-bcfbeda elementor-widget elementor-widget-image\" data-id=\"bcfbeda\" data-element_type=\"widget\" data-e-type=\"widget\" data-widget_type=\"image.default\">\n\t\t\t\t<div class=\"elementor-widget-container\">\n\t\t\t\t\t\t\t\t\t\t\t\t\t\t\t<img fetchpriority=\"high\" decoding=\"async\" width=\"2560\" height=\"1000\" src=\"https:\/\/tw-group.com\/wp-content\/uploads\/2023\/02\/TW-Loistics-por-que-2.jpg\" class=\"attachment-full size-full wp-image-28733\" alt=\"\" srcset=\"https:\/\/tw-group.com\/wp-content\/uploads\/2023\/02\/TW-Loistics-por-que-2.jpg 2560w, https:\/\/tw-group.com\/wp-content\/uploads\/2023\/02\/TW-Loistics-por-que-2-300x117.jpg 300w, https:\/\/tw-group.com\/wp-content\/uploads\/2023\/02\/TW-Loistics-por-que-2-1024x400.jpg 1024w, https:\/\/tw-group.com\/wp-content\/uploads\/2023\/02\/TW-Loistics-por-que-2-768x300.jpg 768w, https:\/\/tw-group.com\/wp-content\/uploads\/2023\/02\/TW-Loistics-por-que-2-1536x600.jpg 1536w, https:\/\/tw-group.com\/wp-content\/uploads\/2023\/02\/TW-Loistics-por-que-2-2048x800.jpg 2048w\" sizes=\"(max-width: 2560px) 100vw, 2560px\" \/>\t\t\t\t\t\t\t\t\t\t\t\t\t\t\t<\/div>\n\t\t\t\t<\/div>\n\t\t\t\t\t<\/div>\n\t\t<\/div>\n\t\t\t\t\t<\/div>\n\t\t<\/section>\n\t\t\t\t<\/div>\n\t\t","protected":false},"excerpt":{"rendered":"<p>https:\/\/tw-group.com\/video\/TWL_Valores.mp4#t=1 Ein multinationales Unternehmen sucht die N\u00e4he Wir setzen alles daran, dass unsere Kunden uns als ihrem zuverl\u00e4ssigen Logistikpartner vertrauen. Wir verstehen unsere Arbeit als eine Dienstleistung f\u00fcr die Gesellschaft und die Unternehmen, mit der MISSION, den Fluss der Lieferkette zu optimieren und aufrechtzuerhalten. Mit der VISION, jedes neue Land und jede Ecke zu erreichen, [&hellip;]<\/p>\n","protected":false},"author":1,"featured_media":28775,"parent":0,"menu_order":0,"comment_status":"closed","ping_status":"closed","template":"page-full-width.php","meta":{"footnotes":""},"class_list":["post-28894","page","type-page","status-publish","has-post-thumbnail","hentry"],"yoast_head":"<!-- This site is optimized with the Yoast SEO plugin v27.3 - https:\/\/yoast.com\/product\/yoast-seo-wordpress\/ -->\n<title>Was daf\u00fcr spricht, uns zu w\u00e4hlen - TW Group<\/title>\n<meta name=\"description\" content=\"Lo damos todo para que nuestros clientes conf\u00eden en nosotros como su partner fiable en log\u00edstica. Entendemos nuestra labor como un servicio a la sociedad y a las empresas, con la MISI\u00d3N de optimizar y mantener el flujo de la cadena de suministro. Con la VISI\u00d3N de llegar a cada nuevo pa\u00eds y rinc\u00f3n que demande un cliente. Con el PROP\u00d3SITO de seguir conectando el mundo apoyados en nuestros recursos y tecnolog\u00eda.\" \/>\n<meta name=\"robots\" content=\"index, follow, max-snippet:-1, max-image-preview:large, max-video-preview:-1\" \/>\n<link rel=\"canonical\" href=\"https:\/\/tw-group.com\/de\/was-dafuer-spricht-uns-zu-waehlen\/\" \/>\n<meta property=\"og:locale\" content=\"de_DE\" \/>\n<meta property=\"og:type\" content=\"article\" \/>\n<meta property=\"og:title\" content=\"Was daf\u00fcr spricht, uns zu w\u00e4hlen - TW Group\" \/>\n<meta property=\"og:description\" content=\"Lo damos todo para que nuestros clientes conf\u00eden en nosotros como su partner fiable en log\u00edstica. Entendemos nuestra labor como un servicio a la sociedad y a las empresas, con la MISI\u00d3N de optimizar y mantener el flujo de la cadena de suministro. Con la VISI\u00d3N de llegar a cada nuevo pa\u00eds y rinc\u00f3n que demande un cliente. Con el PROP\u00d3SITO de seguir conectando el mundo apoyados en nuestros recursos y tecnolog\u00eda.\" \/>\n<meta property=\"og:url\" content=\"https:\/\/tw-group.com\/de\/was-dafuer-spricht-uns-zu-waehlen\/\" \/>\n<meta property=\"og:site_name\" content=\"TW Group\" \/>\n<meta property=\"article:modified_time\" content=\"2023-08-03T07:49:29+00:00\" \/>\n<meta property=\"og:image\" content=\"https:\/\/tw-group.com\/wp-content\/uploads\/2023\/03\/TW_Logistics.png\" \/>\n\t<meta property=\"og:image:width\" content=\"900\" \/>\n\t<meta property=\"og:image:height\" content=\"640\" \/>\n\t<meta property=\"og:image:type\" content=\"image\/png\" \/>\n<meta name=\"twitter:card\" content=\"summary_large_image\" \/>\n<script type=\"application\/ld+json\" class=\"yoast-schema-graph\">{\"@context\":\"https:\\\/\\\/schema.org\",\"@graph\":[{\"@type\":\"WebPage\",\"@id\":\"https:\\\/\\\/tw-group.com\\\/de\\\/was-dafuer-spricht-uns-zu-waehlen\\\/\",\"url\":\"https:\\\/\\\/tw-group.com\\\/de\\\/was-dafuer-spricht-uns-zu-waehlen\\\/\",\"name\":\"Was daf\u00fcr spricht, uns zu w\u00e4hlen - TW Group\",\"isPartOf\":{\"@id\":\"https:\\\/\\\/tw-group.com\\\/de\\\/#website\"},\"primaryImageOfPage\":{\"@id\":\"https:\\\/\\\/tw-group.com\\\/de\\\/was-dafuer-spricht-uns-zu-waehlen\\\/#primaryimage\"},\"image\":{\"@id\":\"https:\\\/\\\/tw-group.com\\\/de\\\/was-dafuer-spricht-uns-zu-waehlen\\\/#primaryimage\"},\"thumbnailUrl\":\"https:\\\/\\\/tw-group.com\\\/wp-content\\\/uploads\\\/2023\\\/03\\\/TW_Logistics.png\",\"datePublished\":\"2023-01-09T15:05:17+00:00\",\"dateModified\":\"2023-08-03T07:49:29+00:00\",\"description\":\"Lo damos todo para que nuestros clientes conf\u00eden en nosotros como su partner fiable en log\u00edstica. Entendemos nuestra labor como un servicio a la sociedad y a las empresas, con la MISI\u00d3N de optimizar y mantener el flujo de la cadena de suministro. Con la VISI\u00d3N de llegar a cada nuevo pa\u00eds y rinc\u00f3n que demande un cliente. Con el PROP\u00d3SITO de seguir conectando el mundo apoyados en nuestros recursos y tecnolog\u00eda.\",\"breadcrumb\":{\"@id\":\"https:\\\/\\\/tw-group.com\\\/de\\\/was-dafuer-spricht-uns-zu-waehlen\\\/#breadcrumb\"},\"inLanguage\":\"de\",\"potentialAction\":[{\"@type\":\"ReadAction\",\"target\":[\"https:\\\/\\\/tw-group.com\\\/de\\\/was-dafuer-spricht-uns-zu-waehlen\\\/\"]}]},{\"@type\":\"ImageObject\",\"inLanguage\":\"de\",\"@id\":\"https:\\\/\\\/tw-group.com\\\/de\\\/was-dafuer-spricht-uns-zu-waehlen\\\/#primaryimage\",\"url\":\"https:\\\/\\\/tw-group.com\\\/wp-content\\\/uploads\\\/2023\\\/03\\\/TW_Logistics.png\",\"contentUrl\":\"https:\\\/\\\/tw-group.com\\\/wp-content\\\/uploads\\\/2023\\\/03\\\/TW_Logistics.png\",\"width\":900,\"height\":640},{\"@type\":\"BreadcrumbList\",\"@id\":\"https:\\\/\\\/tw-group.com\\\/de\\\/was-dafuer-spricht-uns-zu-waehlen\\\/#breadcrumb\",\"itemListElement\":[{\"@type\":\"ListItem\",\"position\":1,\"name\":\"Portada\",\"item\":\"https:\\\/\\\/tw-group.com\\\/de\\\/\"},{\"@type\":\"ListItem\",\"position\":2,\"name\":\"Was daf\u00fcr spricht, uns zu w\u00e4hlen\"}]},{\"@type\":\"WebSite\",\"@id\":\"https:\\\/\\\/tw-group.com\\\/de\\\/#website\",\"url\":\"https:\\\/\\\/tw-group.com\\\/de\\\/\",\"name\":\"TW Group\",\"description\":\"\",\"potentialAction\":[{\"@type\":\"SearchAction\",\"target\":{\"@type\":\"EntryPoint\",\"urlTemplate\":\"https:\\\/\\\/tw-group.com\\\/de\\\/?s={search_term_string}\"},\"query-input\":{\"@type\":\"PropertyValueSpecification\",\"valueRequired\":true,\"valueName\":\"search_term_string\"}}],\"inLanguage\":\"de\"}]}<\/script>\n<!-- \/ Yoast SEO plugin. -->","yoast_head_json":{"title":"Was daf\u00fcr spricht, uns zu w\u00e4hlen - TW Group","description":"Lo damos todo para que nuestros clientes conf\u00eden en nosotros como su partner fiable en log\u00edstica. Entendemos nuestra labor como un servicio a la sociedad y a las empresas, con la MISI\u00d3N de optimizar y mantener el flujo de la cadena de suministro. Con la VISI\u00d3N de llegar a cada nuevo pa\u00eds y rinc\u00f3n que demande un cliente. Con el PROP\u00d3SITO de seguir conectando el mundo apoyados en nuestros recursos y tecnolog\u00eda.","robots":{"index":"index","follow":"follow","max-snippet":"max-snippet:-1","max-image-preview":"max-image-preview:large","max-video-preview":"max-video-preview:-1"},"canonical":"https:\/\/tw-group.com\/de\/was-dafuer-spricht-uns-zu-waehlen\/","og_locale":"de_DE","og_type":"article","og_title":"Was daf\u00fcr spricht, uns zu w\u00e4hlen - TW Group","og_description":"Lo damos todo para que nuestros clientes conf\u00eden en nosotros como su partner fiable en log\u00edstica. Entendemos nuestra labor como un servicio a la sociedad y a las empresas, con la MISI\u00d3N de optimizar y mantener el flujo de la cadena de suministro. Con la VISI\u00d3N de llegar a cada nuevo pa\u00eds y rinc\u00f3n que demande un cliente. Con el PROP\u00d3SITO de seguir conectando el mundo apoyados en nuestros recursos y tecnolog\u00eda.","og_url":"https:\/\/tw-group.com\/de\/was-dafuer-spricht-uns-zu-waehlen\/","og_site_name":"TW Group","article_modified_time":"2023-08-03T07:49:29+00:00","og_image":[{"width":900,"height":640,"url":"https:\/\/tw-group.com\/wp-content\/uploads\/2023\/03\/TW_Logistics.png","type":"image\/png"}],"twitter_card":"summary_large_image","schema":{"@context":"https:\/\/schema.org","@graph":[{"@type":"WebPage","@id":"https:\/\/tw-group.com\/de\/was-dafuer-spricht-uns-zu-waehlen\/","url":"https:\/\/tw-group.com\/de\/was-dafuer-spricht-uns-zu-waehlen\/","name":"Was daf\u00fcr spricht, uns zu w\u00e4hlen - TW Group","isPartOf":{"@id":"https:\/\/tw-group.com\/de\/#website"},"primaryImageOfPage":{"@id":"https:\/\/tw-group.com\/de\/was-dafuer-spricht-uns-zu-waehlen\/#primaryimage"},"image":{"@id":"https:\/\/tw-group.com\/de\/was-dafuer-spricht-uns-zu-waehlen\/#primaryimage"},"thumbnailUrl":"https:\/\/tw-group.com\/wp-content\/uploads\/2023\/03\/TW_Logistics.png","datePublished":"2023-01-09T15:05:17+00:00","dateModified":"2023-08-03T07:49:29+00:00","description":"Lo damos todo para que nuestros clientes conf\u00eden en nosotros como su partner fiable en log\u00edstica. Entendemos nuestra labor como un servicio a la sociedad y a las empresas, con la MISI\u00d3N de optimizar y mantener el flujo de la cadena de suministro. Con la VISI\u00d3N de llegar a cada nuevo pa\u00eds y rinc\u00f3n que demande un cliente. Con el PROP\u00d3SITO de seguir conectando el mundo apoyados en nuestros recursos y tecnolog\u00eda.","breadcrumb":{"@id":"https:\/\/tw-group.com\/de\/was-dafuer-spricht-uns-zu-waehlen\/#breadcrumb"},"inLanguage":"de","potentialAction":[{"@type":"ReadAction","target":["https:\/\/tw-group.com\/de\/was-dafuer-spricht-uns-zu-waehlen\/"]}]},{"@type":"ImageObject","inLanguage":"de","@id":"https:\/\/tw-group.com\/de\/was-dafuer-spricht-uns-zu-waehlen\/#primaryimage","url":"https:\/\/tw-group.com\/wp-content\/uploads\/2023\/03\/TW_Logistics.png","contentUrl":"https:\/\/tw-group.com\/wp-content\/uploads\/2023\/03\/TW_Logistics.png","width":900,"height":640},{"@type":"BreadcrumbList","@id":"https:\/\/tw-group.com\/de\/was-dafuer-spricht-uns-zu-waehlen\/#breadcrumb","itemListElement":[{"@type":"ListItem","position":1,"name":"Portada","item":"https:\/\/tw-group.com\/de\/"},{"@type":"ListItem","position":2,"name":"Was daf\u00fcr spricht, uns zu w\u00e4hlen"}]},{"@type":"WebSite","@id":"https:\/\/tw-group.com\/de\/#website","url":"https:\/\/tw-group.com\/de\/","name":"TW Group","description":"","potentialAction":[{"@type":"SearchAction","target":{"@type":"EntryPoint","urlTemplate":"https:\/\/tw-group.com\/de\/?s={search_term_string}"},"query-input":{"@type":"PropertyValueSpecification","valueRequired":true,"valueName":"search_term_string"}}],"inLanguage":"de"}]}},"_links":{"self":[{"href":"https:\/\/tw-group.com\/de\/wp-json\/wp\/v2\/pages\/28894","targetHints":{"allow":["GET"]}}],"collection":[{"href":"https:\/\/tw-group.com\/de\/wp-json\/wp\/v2\/pages"}],"about":[{"href":"https:\/\/tw-group.com\/de\/wp-json\/wp\/v2\/types\/page"}],"author":[{"embeddable":true,"href":"https:\/\/tw-group.com\/de\/wp-json\/wp\/v2\/users\/1"}],"replies":[{"embeddable":true,"href":"https:\/\/tw-group.com\/de\/wp-json\/wp\/v2\/comments?post=28894"}],"version-history":[{"count":0,"href":"https:\/\/tw-group.com\/de\/wp-json\/wp\/v2\/pages\/28894\/revisions"}],"wp:featuredmedia":[{"embeddable":true,"href":"https:\/\/tw-group.com\/de\/wp-json\/wp\/v2\/media\/28775"}],"wp:attachment":[{"href":"https:\/\/tw-group.com\/de\/wp-json\/wp\/v2\/media?parent=28894"}],"curies":[{"name":"wp","href":"https:\/\/api.w.org\/{rel}","templated":true}]}}